{"id":15390,"date":"2025-05-29T13:30:51","date_gmt":"2025-05-29T10:30:51","guid":{"rendered":"https:\/\/www.fmsdocumentation.com\/izbornik-dogadaja\/izmjene-popisa-dogadaja\/"},"modified":"2025-05-29T13:30:51","modified_gmt":"2025-05-29T10:30:51","slug":"izmjene-popisa-dogadaja","status":"publish","type":"page","link":"https:\/\/www.fmsdocumentation.com\/hr\/izbornik-dogadaja\/izmjene-popisa-dogadaja\/","title":{"rendered":"Izmjene popisa doga\u0111aja"},"content":{"rendered":"<p>Popis svih doga\u0111aja nalazi se odmah ispod gumba \u201e+ Novi doga\u0111aj\u201d.<\/p>\n<p><a href=\"https:\/\/www.fmsdocumentation.com\/wp-content\/uploads\/2018\/05\/113.png\"><img loading=\"lazy\" decoding=\"async\" class=\"alignnone size-full wp-image-5055\" src=\"https:\/\/www.fmsdocumentation.com\/wp-content\/uploads\/2018\/05\/113.png\" alt=\"\" width=\"420\" height=\"457\" srcset=\"https:\/\/www.fmsdocumentation.com\/wp-content\/uploads\/2018\/05\/113.png 420w, https:\/\/www.fmsdocumentation.com\/wp-content\/uploads\/2018\/05\/113-276x300.png 276w\" sizes=\"auto, (max-width: 420px) 100vw, 420px\" \/><\/a><\/p>\n<p>Popis doga\u0111aja automatski se formatira abecednim redom. Prisutna je traka za pretra\u017eivanje, popis doga\u0111aja automatski se a\u017eurira sa svakim unesenim simbolom. Mo\u017ee se primijeniti filtar vrste doga\u0111aja kako bi se olak\u0161alo pretra\u017eivanje doga\u0111aja. Za primjenu filtra korisnik mora kliknuti polje \u201ePrika\u017ei doga\u0111aje\u201d, \u0161to \u0107e otvoriti padaju\u0107i popis svih dostupnih vrsta doga\u0111aja. Trenutno odabrana vrsta bit \u0107e istaknuta tamnijom nijansom sive i ozna\u010dena plavom trakom s desne strane vrste doga\u0111aja. Dostupne su sljede\u0107e vrste:     <\/p>\n<ul>\n<li><strong>Sve<\/strong> \u2013 prikazuje sve doga\u0111aje;<\/li>\n<li><strong>Ulaz<\/strong> \u2013 prikazuje doga\u0111aje koji se pokre\u0107u promjenom ulazne vrijednosti;<\/li>\n<li><strong>Paljenje<\/strong> \u2013 prikazuje doga\u0111aje koji su pokrenuti promjenom statusa paljenja;<\/li>\n<li><strong>Geozona<\/strong> \u2013 prikazuje doga\u0111aje koji se pokre\u0107u ulaskom\/izlaskom iz geozone;<\/li>\n<li><strong>Brzina<\/strong> \u2013 prikazuje doga\u0111aje koji se aktiviraju prekora\u010denjem konfiguriranog ograni\u010denja brzine;<\/li>\n<li><strong>Vrijeme i udaljenost<\/strong> \u2013 prikazuje doga\u0111aje koji se aktiviraju putovanjem odre\u0111ene udaljenosti tijekom odre\u0111enog vremenskog razdoblja;<\/li>\n<li><strong>Mije\u0161ano<\/strong> \u2013 prikazuje doga\u0111aje koje pokre\u0107e vi\u0161e od jednog uvjeta.<\/li>\n<\/ul>\n<p>Klikom na \u017eeljenu vrstu automatski \u0107e se a\u017eurirati popis i prikazat \u0107e se samo doga\u0111aji odabrane vrste. Svaka vrsta doga\u0111aja ima svoju ikonu za brzo prepoznavanje razli\u010ditih vrsta doga\u0111aja. <\/p>\n<p><a href=\"https:\/\/www.fmsdocumentation.com\/wp-content\/uploads\/2018\/08\/114.png\"><img loading=\"lazy\" decoding=\"async\" class=\"alignnone size-full wp-image-5803\" src=\"https:\/\/www.fmsdocumentation.com\/wp-content\/uploads\/2018\/08\/114.png\" alt=\"\" width=\"361\" height=\"322\" srcset=\"https:\/\/www.fmsdocumentation.com\/wp-content\/uploads\/2018\/08\/114.png 361w, https:\/\/www.fmsdocumentation.com\/wp-content\/uploads\/2018\/08\/114-300x268.png 300w\" sizes=\"auto, (max-width: 361px) 100vw, 361px\" \/><\/a><\/p>\n<p>Aktivni doga\u0111aji imaju plave ikone, dok onemogu\u0107eni doga\u0111aji imaju sive ikone.<\/p>\n<p><a href=\"https:\/\/www.fmsdocumentation.com\/wp-content\/uploads\/2018\/03\/328.png\"><img loading=\"lazy\" decoding=\"async\" class=\"alignnone size-full wp-image-4494\" src=\"https:\/\/www.fmsdocumentation.com\/wp-content\/uploads\/2018\/03\/328.png\" alt=\"\" width=\"352\" height=\"281\" srcset=\"https:\/\/www.fmsdocumentation.com\/wp-content\/uploads\/2018\/03\/328.png 352w, https:\/\/www.fmsdocumentation.com\/wp-content\/uploads\/2018\/03\/328-300x239.png 300w\" sizes=\"auto, (max-width: 352px) 100vw, 352px\" \/><\/a><\/p>\n<p>Klikom na bilo koji doga\u0111aj otvorit \u0107e se plo\u010da s detaljima tog doga\u0111aja. Ova plo\u010da prikazat \u0107e sve informacije unesene prilikom stvaranja ovog doga\u0111aja. Prvi parametar je \u201eStatus doga\u0111aja\u201d &#8211; ova kliza\u010dica omogu\u0107uje aktiviranje ili onemogu\u0107avanje ovog doga\u0111aja, postavka se automatski sprema nakon bilo kakve promjene. Sve ostalo su standardne informacije. Osim toga, u ovoj plo\u010di korisnik mo\u017ee dodijeliti ovaj doga\u0111aj vozilima. Da bi to u\u010dinio, korisnik mora kliknuti gumb \u201e+\u201d pored polja \u201eVozila\u201d.     <\/p>\n<p><a href=\"https:\/\/www.fmsdocumentation.com\/wp-content\/uploads\/2018\/05\/116.png\"><img loading=\"lazy\" decoding=\"async\" class=\"alignnone size-full wp-image-5056\" src=\"https:\/\/www.fmsdocumentation.com\/wp-content\/uploads\/2018\/05\/116.png\" alt=\"\" width=\"720\" height=\"889\" srcset=\"https:\/\/www.fmsdocumentation.com\/wp-content\/uploads\/2018\/05\/116.png 720w, https:\/\/www.fmsdocumentation.com\/wp-content\/uploads\/2018\/05\/116-243x300.png 243w\" sizes=\"auto, (max-width: 720px) 100vw, 720px\" \/><\/a><\/p>\n<p>Ovim \u0107e se otvoriti popis za odabir vozila sa svim vozilima i njihovim grupama. Da bi odabrao vozilo\/grupu, korisnik mora ozna\u010diti potvrdni okvir pored njega. Pojedina\u010dna vozila mogu se odabrati iz grupe klikom na znak plus pored njega. Ozna\u010davanjem potvrdnog okvira pored \u201eOdaberi sve grupe\u201d odabrat \u0107e se\/poni\u0161titi odabir svih grupa i njihovih vozila. Prisutna je traka za pretra\u017eivanje, popis se automatski a\u017eurira sa svakim unesenim simbolom. Klikom na gumb \u201ePrika\u017ei neodabrano\u201d filtrirat \u0107e se popis i pro\u0161iriti sve grupe kako bi se prikazala samo neodabrana vozila.     <\/p>\n<p>Nakon bilo kakve izmjene potrebno je kliknuti gumb \u201ePrimijeni\u201d, ina\u010de se promjene ne\u0107e spremiti. Za otkazivanje bilo kakvih promjena korisnik mora kliknuti gumb \u201eOtka\u017ei\u201d ili jednostavno kliknuti izvan prozora za odabir vozila.<br \/>\n<p class=\"note\">Bilje\u0161ka<br \/>\n Ako je vozilo na popisu sivo, to zna\u010di da vozilo ne podr\u017eava parametar potreban za ovaj doga\u0111aj. Sivo vozilo ne\u0107e biti dostupno za odabir. <\/p><\/p>\n<p><a href=\"https:\/\/www.fmsdocumentation.com\/wp-content\/uploads\/2018\/12\/117-1.png\"><img loading=\"lazy\" decoding=\"async\" class=\"alignnone size-full wp-image-6711\" src=\"https:\/\/www.fmsdocumentation.com\/wp-content\/uploads\/2018\/12\/117-1.png\" alt=\"\" width=\"750\" height=\"571\" srcset=\"https:\/\/www.fmsdocumentation.com\/wp-content\/uploads\/2018\/12\/117-1.png 750w, https:\/\/www.fmsdocumentation.com\/wp-content\/uploads\/2018\/12\/117-1-300x228.png 300w\" sizes=\"auto, (max-width: 750px) 100vw, 750px\" \/><\/a><\/p>\n<p>Za ure\u0111ivanje ostalih podataka za ovaj doga\u0111aj potrebno je kliknuti gumb \u201eUredi\u201d. Otvorit \u0107e se isti prozor kao i \u201eStvori novi doga\u0111aj\u201d. To je opisano u prethodnom odjeljku (\u201e<a href=\"https:\/\/www.fmsdocumentation.com\/events-menu\/create-new-event\/\">Stvori novi doga\u0111aj<\/a>\u201d). Nakon bilo kakvih izmjena potrebno je kliknuti gumb \u201eA\u017euriraj\u201d, ina\u010de se promjene ne\u0107e spremiti.   <\/p>\n<p><a href=\"https:\/\/www.fmsdocumentation.com\/wp-content\/uploads\/2018\/03\/118.png\"><img loading=\"lazy\" decoding=\"async\" class=\"alignnone size-full wp-image-4496\" src=\"https:\/\/www.fmsdocumentation.com\/wp-content\/uploads\/2018\/03\/118.png\" alt=\"\" width=\"850\" height=\"759\" srcset=\"https:\/\/www.fmsdocumentation.com\/wp-content\/uploads\/2018\/03\/118.png 850w, https:\/\/www.fmsdocumentation.com\/wp-content\/uploads\/2018\/03\/118-300x268.png 300w, https:\/\/www.fmsdocumentation.com\/wp-content\/uploads\/2018\/03\/118-768x686.png 768w\" sizes=\"auto, (max-width: 850px) 100vw, 850px\" \/><\/a><\/p>\n<p>Ako korisnik ne \u017eeli spremiti napravljene promjene, mora kliknuti gumb \u201eZatvori\u201d ili jednostavno kliknuti bilo gdje izvan prozora \u201eUredi doga\u0111aj\u201d.<\/p>\n<hr>\n<p><div class=\"alignleft\"><a href=\"https:\/\/www.fmsdocumentation.com\/hr\/izbornik-dogadaja\/stvori-novi-dogadaj\/\" title=\"Stvori novi doga\u0111aj\"><span class=\"arrow\">\u2039 &nbsp <\/span> Stvori novi doga\u0111aj <\/a><\/div> <div class=\"alignright\"><a href=\"https:\/\/www.fmsdocumentation.com\/hr\/izbornik-rutiranje-i-zadaci\/\" title=\"Izbornik Rutiranje i zadaci\">Izbornik Rutiranje i zadaci <span class=\"arrow\"> &nbsp\u203a <\/span> <\/a><\/div><\/p>\n","protected":false},"excerpt":{"rendered":"<p>Popis svih doga\u0111aja nalazi se odmah ispod gumba \u201e+ Novi doga\u0111aj\u201d. Popis doga\u0111aja automatski se formatira abecednim redom. Prisutna je traka za pretra\u017eivanje, popis doga\u0111aja automatski se a\u017eurira sa svakim unesenim simbolom. Mo\u017ee se primijeniti filtar vrste doga\u0111aja kako bi se olak\u0161alo pretra\u017eivanje doga\u0111aja. Za primjenu filtra korisnik mora kliknuti polje \u201ePrika\u017ei doga\u0111aje\u201d, \u0161to \u0107e &hellip; <a href=\"https:\/\/www.fmsdocumentation.com\/hr\/izbornik-dogadaja\/izmjene-popisa-dogadaja\/\" class=\"more-link\">Continue reading <span class=\"screen-reader-text\">Izmjene popisa doga\u0111aja<\/span><\/a><\/p>\n","protected":false},"author":1,"featured_media":0,"parent":15328,"menu_order":2,"comment_status":"closed","ping_status":"closed","template":"","meta":{"footnotes":""},"class_list":["post-15390","page","type-page","status-publish","hentry"],"_links":{"self":[{"href":"https:\/\/www.fmsdocumentation.com\/hr\/wp-json\/wp\/v2\/pages\/15390","targetHints":{"allow":["GET"]}}],"collection":[{"href":"https:\/\/www.fmsdocumentation.com\/hr\/wp-json\/wp\/v2\/pages"}],"about":[{"href":"https:\/\/www.fmsdocumentation.com\/hr\/wp-json\/wp\/v2\/types\/page"}],"author":[{"embeddable":true,"href":"https:\/\/www.fmsdocumentation.com\/hr\/wp-json\/wp\/v2\/users\/1"}],"replies":[{"embeddable":true,"href":"https:\/\/www.fmsdocumentation.com\/hr\/wp-json\/wp\/v2\/comments?post=15390"}],"version-history":[{"count":0,"href":"https:\/\/www.fmsdocumentation.com\/hr\/wp-json\/wp\/v2\/pages\/15390\/revisions"}],"up":[{"embeddable":true,"href":"https:\/\/www.fmsdocumentation.com\/hr\/wp-json\/wp\/v2\/pages\/15328"}],"wp:attachment":[{"href":"https:\/\/www.fmsdocumentation.com\/hr\/wp-json\/wp\/v2\/media?parent=15390"}],"curies":[{"name":"wp","href":"https:\/\/api.w.org\/{rel}","templated":true}]}}