{"id":15430,"date":"2025-06-10T11:33:44","date_gmt":"2025-06-10T08:33:44","guid":{"rendered":"https:\/\/www.fmsdocumentation.com\/izbornik-vozaca\/popis-vozaca\/"},"modified":"2025-06-10T11:33:44","modified_gmt":"2025-06-10T08:33:44","slug":"popis-vozaca","status":"publish","type":"page","link":"https:\/\/www.fmsdocumentation.com\/hr\/izbornik-vozaca\/popis-vozaca\/","title":{"rendered":"Popis voza\u010da"},"content":{"rendered":"<p>Klikom na odgovaraju\u0107u ikonu u navigacijskoj plo\u010di otvorit \u0107e se plo\u010da s upravlja\u010dkim programima s popisom svih postoje\u0107ih upravlja\u010dkih programa za trenutnog web korisnika. Prisutna je traka za pretra\u017eivanje za brzo pretra\u017eivanje upravlja\u010dkih programa, a popis se automatski a\u017eurira sa svakim unesenim slovom.<br \/>\n<p class=\"note\">Sustav za upravljanje voznim parkom koristi ugra\u0111eni alat za automatizirano stvaranje i dodjeljivanje voza\u010da. Ovaj alat automatski stvara nove voza\u010de s registriranih voza\u010dkih kartica ili iButton ID-ova. Za jedan primljeni ID stvara se samo jedan voza\u010d (alat ne\u0107e stvoriti novog voza\u010da ako se ista kartica ili iButton koristi iznova i iznova). Alat koristi ime voza\u010da s kartice ili iButton ID kao ime voza\u010da. Osim toga, sustav automatski dodjeljuje voza\u010da objektu s kojeg je primljeno o\u010ditanje. Ova funkcija opisana je u sljede\u0107em odjeljku \u201e<a href=\"https:\/\/www.fmsdocumentation.com\/drivers-menu\/drivers-management\/\">Upravljanje voza\u010dima<\/a>\u201d.     <\/p><\/p>\n<p>Voza\u010di su sortirani abecednim redom. Lijevo od imena voza\u010da nalazi se sivi krug s inicijalima voza\u010da unutar njega, \u0161to je napravljeno kako bi se lak\u0161e kretalo kroz popis voza\u010da. Ako voza\u010d ima dodijeljeno vozilo, ono \u0107e biti prikazano sivo ispod imena voza\u010da, ako nije dodijeljeno vozilo, bit \u0107e ozna\u010deno kao \u201eVozilo nije dodijeljeno\u201d.  <\/p>\n<p><a href=\"https:\/\/www.fmsdocumentation.com\/wp-content\/uploads\/2017\/04\/55.png\"><img loading=\"lazy\" decoding=\"async\" class=\"alignnone wp-image-116 size-full\" src=\"https:\/\/www.fmsdocumentation.com\/wp-content\/uploads\/2017\/04\/55.png\" alt=\"\" width=\"343\" height=\"142\" srcset=\"https:\/\/www.fmsdocumentation.com\/wp-content\/uploads\/2017\/04\/55.png 343w, https:\/\/www.fmsdocumentation.com\/wp-content\/uploads\/2017\/04\/55-300x124.png 300w\" sizes=\"auto, (max-width: 343px) 100vw, 343px\" \/><\/a><\/p>\n<p>Popis voza\u010da mo\u017ee se filtrirati prema tri kriterija, a to su:<\/p>\n<ul>\n<li>Prika\u017ei sve;<\/li>\n<li>S dodjelom;<\/li>\n<li>Bez dodjele;<\/li>\n<li>Automatski kreirano.<\/li>\n<\/ul>\n<p>Za promjenu filtra korisnik mora kliknuti polje \u201ePrika\u017ei upravlja\u010dke programe\u201d koje \u0107e otvoriti padaju\u0107i popis filtera. Na ovom popisu odaberite \u017eeljeni filter. Trenutno odabrani filter bit \u0107e ozna\u010den blago tamnom nijansom sive i plavom trakom desno od naziva filtera.  <\/p>\n<p><a href=\"https:\/\/www.fmsdocumentation.com\/wp-content\/uploads\/2017\/04\/56-1.png\"><img loading=\"lazy\" decoding=\"async\" class=\"alignnone wp-image-738 size-full\" src=\"https:\/\/www.fmsdocumentation.com\/wp-content\/uploads\/2017\/04\/56-1.png\" alt=\"\" width=\"397\" height=\"223\" srcset=\"https:\/\/www.fmsdocumentation.com\/wp-content\/uploads\/2017\/04\/56-1.png 397w, https:\/\/www.fmsdocumentation.com\/wp-content\/uploads\/2017\/04\/56-1-300x169.png 300w\" sizes=\"auto, (max-width: 397px) 100vw, 397px\" \/><\/a><\/p>\n<p><p class=\"note\">Bilje\u0161ka<br \/>\n Osim standardnih statusa dodijeljeno\/nedodijeljeno za voza\u010de, korisnik ponekad mo\u017ee nai\u0107i na status \u201eZauzet\u201d. Ovaj status postoji u slu\u010dajevima kada je voza\u010d dodijeljen vozilu koje nije prikazano (ograni\u010deno) za trenutnog korisnika. Kada je ovaj status aktivan, korisnik ne mo\u017ee dodijeliti voza\u010da nijednom vozilu. Primjer je prikazan u nastavku.   <\/p><\/p>\n<p><a href=\"https:\/\/www.fmsdocumentation.com\/wp-content\/uploads\/2017\/04\/266.png\"><img loading=\"lazy\" decoding=\"async\" class=\"alignnone wp-image-814 size-full\" src=\"https:\/\/www.fmsdocumentation.com\/wp-content\/uploads\/2017\/04\/266.png\" alt=\"\" width=\"344\" height=\"351\" srcset=\"https:\/\/www.fmsdocumentation.com\/wp-content\/uploads\/2017\/04\/266.png 344w, https:\/\/www.fmsdocumentation.com\/wp-content\/uploads\/2017\/04\/266-294x300.png 294w\" sizes=\"auto, (max-width: 344px) 100vw, 344px\" \/><\/a><\/p>\n<p>Za dodavanje novih voza\u010da na popis, korisnik mora kliknuti polje \u201e+ Novi voza\u010di\u201d.<\/p>\n<p><a href=\"https:\/\/www.fmsdocumentation.com\/wp-content\/uploads\/2018\/07\/57.png\"><img loading=\"lazy\" decoding=\"async\" class=\"alignnone size-full wp-image-5338\" src=\"https:\/\/www.fmsdocumentation.com\/wp-content\/uploads\/2018\/07\/57.png\" alt=\"\" width=\"360\" height=\"380\" srcset=\"https:\/\/www.fmsdocumentation.com\/wp-content\/uploads\/2018\/07\/57.png 360w, https:\/\/www.fmsdocumentation.com\/wp-content\/uploads\/2018\/07\/57-284x300.png 284w\" sizes=\"auto, (max-width: 360px) 100vw, 360px\" \/><\/a><\/p>\n<p>Otvorit \u0107e se novi prozor pod nazivom \u201eDodaj novog voza\u010da\u201d. U ovom prozoru korisnik mora ispuniti podatke o voza\u010du. Samo je jedno polje obavezno:  <\/p>\n<ul>\n<li>Ime.<\/li>\n<\/ul>\n<p>Ostala polja su neobavezna i popunjavaju se samo ako korisnik to odlu\u010di. Nakon ispunjavanja obveznih polja ( <em>i neobaveznih<\/em> ) korisnik mora kliknuti gumb \u201eSpremi\u201d kako bi dodao novi upravlja\u010dki program na popis upravlja\u010dkih programa. Ako korisnik odlu\u010di ne spremiti ovaj upravlja\u010dki program na popis, jednostavno mora kliknuti gumb \u201eZatvori\u201d ili kliknuti bilo gdje izvan prozora \u201eDodaj novi upravlja\u010dki program\u201d.  <\/p>\n<p><a href=\"https:\/\/www.fmsdocumentation.com\/wp-content\/uploads\/2018\/07\/58.png\"><img loading=\"lazy\" decoding=\"async\" class=\"alignnone size-full wp-image-5339\" src=\"https:\/\/www.fmsdocumentation.com\/wp-content\/uploads\/2018\/07\/58.png\" alt=\"\" width=\"750\" height=\"757\" srcset=\"https:\/\/www.fmsdocumentation.com\/wp-content\/uploads\/2018\/07\/58.png 750w, https:\/\/www.fmsdocumentation.com\/wp-content\/uploads\/2018\/07\/58-150x150.png 150w, https:\/\/www.fmsdocumentation.com\/wp-content\/uploads\/2018\/07\/58-297x300.png 297w\" sizes=\"auto, (max-width: 750px) 100vw, 750px\" \/><\/a><\/p>\n<p>Nakon klika na gumb \u201eSpremi\u201d, popis \u0107e se automatski a\u017eurirati abecednim redom, a novi voza\u010d bit \u0107e dodan na popis s oznakom \u201eVozilo nije dodijeljeno\u201d.<\/p>\n<hr>\n<p><div class=\"alignleft\"><a href=\"https:\/\/www.fmsdocumentation.com\/hr\/izbornik-vozaca\/\" title=\"Izbornik voza\u010da\"><span class=\"arrow\">\u2039 &nbsp <\/span> Izbornik voza\u010da <\/a><\/div> <div class=\"alignright\"><a href=\"https:\/\/www.fmsdocumentation.com\/hr\/izbornik-vozaca\/upravljanje-vozacima\/\" title=\"Upravljanje voza\u010dima\">Upravljanje voza\u010dima <span class=\"arrow\"> &nbsp\u203a <\/span> <\/a><\/div><\/p>\n<p>&nbsp;<\/p>\n","protected":false},"excerpt":{"rendered":"<p>Klikom na odgovaraju\u0107u ikonu u navigacijskoj plo\u010di otvorit \u0107e se plo\u010da s upravlja\u010dkim programima s popisom svih postoje\u0107ih upravlja\u010dkih programa za trenutnog web korisnika. Prisutna je traka za pretra\u017eivanje za brzo pretra\u017eivanje upravlja\u010dkih programa, a popis se automatski a\u017eurira sa svakim unesenim slovom. Sustav za upravljanje voznim parkom koristi ugra\u0111eni alat za automatizirano stvaranje i &hellip; <a href=\"https:\/\/www.fmsdocumentation.com\/hr\/izbornik-vozaca\/popis-vozaca\/\" class=\"more-link\">Continue reading <span class=\"screen-reader-text\">Popis voza\u010da<\/span><\/a><\/p>\n","protected":false},"author":1,"featured_media":0,"parent":15378,"menu_order":1,"comment_status":"closed","ping_status":"closed","template":"","meta":{"footnotes":""},"class_list":["post-15430","page","type-page","status-publish","hentry"],"_links":{"self":[{"href":"https:\/\/www.fmsdocumentation.com\/hr\/wp-json\/wp\/v2\/pages\/15430","targetHints":{"allow":["GET"]}}],"collection":[{"href":"https:\/\/www.fmsdocumentation.com\/hr\/wp-json\/wp\/v2\/pages"}],"about":[{"href":"https:\/\/www.fmsdocumentation.com\/hr\/wp-json\/wp\/v2\/types\/page"}],"author":[{"embeddable":true,"href":"https:\/\/www.fmsdocumentation.com\/hr\/wp-json\/wp\/v2\/users\/1"}],"replies":[{"embeddable":true,"href":"https:\/\/www.fmsdocumentation.com\/hr\/wp-json\/wp\/v2\/comments?post=15430"}],"version-history":[{"count":0,"href":"https:\/\/www.fmsdocumentation.com\/hr\/wp-json\/wp\/v2\/pages\/15430\/revisions"}],"up":[{"embeddable":true,"href":"https:\/\/www.fmsdocumentation.com\/hr\/wp-json\/wp\/v2\/pages\/15378"}],"wp:attachment":[{"href":"https:\/\/www.fmsdocumentation.com\/hr\/wp-json\/wp\/v2\/media?parent=15430"}],"curies":[{"name":"wp","href":"https:\/\/api.w.org\/{rel}","templated":true}]}}