{"id":15444,"date":"2025-06-10T11:33:48","date_gmt":"2025-06-10T08:33:48","guid":{"rendered":"https:\/\/www.fmsdocumentation.com\/izbornik-dogadaja\/stvori-novi-dogadaj\/"},"modified":"2025-06-10T11:33:49","modified_gmt":"2025-06-10T08:33:49","slug":"stvori-novi-dogadaj","status":"publish","type":"page","link":"https:\/\/www.fmsdocumentation.com\/hr\/izbornik-dogadaja\/stvori-novi-dogadaj\/","title":{"rendered":"Stvori novi doga\u0111aj"},"content":{"rendered":"&#13;\n<p>Za stvaranje novog doga\u0111aja korisnik mora kliknuti polje <strong>+ Novi doga\u0111aj<\/strong> .<\/p>&#13;\n&#13;\n<figure class=\"wp-block-image is-resized\"><a href=\"https:\/\/www.fmsdocumentation.com\/wp-content\/uploads\/2017\/04\/104.png\"><img loading=\"lazy\" decoding=\"async\" class=\"wp-image-186\" src=\"https:\/\/www.fmsdocumentation.com\/wp-content\/uploads\/2017\/04\/104.png\" alt=\"\" width=\"396\" height=\"154\" srcset=\"https:\/\/www.fmsdocumentation.com\/wp-content\/uploads\/2017\/04\/104.png 396w, https:\/\/www.fmsdocumentation.com\/wp-content\/uploads\/2017\/04\/104-300x117.png 300w\" sizes=\"auto, (max-width: 396px) 100vw, 396px\" \/><\/a><\/figure>&#13;\n&#13;\n<p>Ovo \u0107e otvoriti novi prozor.<\/p>&#13;\n&#13;\n<figure class=\"wp-block-image is-resized\"><a href=\"https:\/\/www.fmsdocumentation.com\/wp-content\/uploads\/2018\/03\/105.png\"><img loading=\"lazy\" decoding=\"async\" class=\"wp-image-4479\" src=\"https:\/\/www.fmsdocumentation.com\/wp-content\/uploads\/2018\/03\/105.png\" alt=\"\" width=\"578\" height=\"515\" srcset=\"https:\/\/www.fmsdocumentation.com\/wp-content\/uploads\/2018\/03\/105.png 850w, https:\/\/www.fmsdocumentation.com\/wp-content\/uploads\/2018\/03\/105-300x268.png 300w, https:\/\/www.fmsdocumentation.com\/wp-content\/uploads\/2018\/03\/105-768x686.png 768w\" sizes=\"auto, (max-width: 578px) 100vw, 578px\" \/><\/a><\/figure>&#13;\n&#13;\n<p>U ovom prozoru korisnik mora ispuniti parametre za novi doga\u0111aj. Mogu se ispuniti sljede\u0107a polja: <\/p>&#13;\n&#13;\n<p><strong>Status doga\u0111aja<\/strong> \u2013 kliza\u010dica za status doga\u0111aja. Mo\u017ee se postaviti <strong>na UKLJU\u010cENO<\/strong> ili <strong>ISKLJU\u010cENO<\/strong> . Definira je li doga\u0111aj aktivan i ho\u0107e li ili ne\u0107e pokrenuti alarme kada se dodijeli vozilu (ovo se naknadno mo\u017ee promijeniti).  <\/p>&#13;\n&#13;\n<p><strong>Naziv doga\u0111aja<\/strong> \u2013 \u017eeljeni naziv za novi doga\u0111aj<\/p>&#13;\n&#13;\n<p><strong>Opis<\/strong> \u2013 kratak opis doga\u0111aja, obi\u010dno se koristi kao podsjetnik za\u0161to je ovaj doga\u0111aj stvoren i u koju svrhu<\/p>&#13;\n&#13;\n<h2 class=\"wp-block-heading\">Uvjeti<\/h2>&#13;\n&#13;\n<p>U ovom odjeljku korisnik mo\u017ee odabrati uvjete koji \u0107e pokrenuti doga\u0111aj. Za odabir su dostupni sljede\u0107i uvjeti: <\/p>&#13;\n&#13;\n<p><strong>Uvjet geo-ograde<\/strong> \u2013 uvjet definiran geozonom. Ovaj uvjet konfiguriran je sljede\u0107im parametrima: <\/p>&#13;\n&#13;\n<ul class=\"wp-block-list\">&#13;\n<li><strong>Unutra<\/strong> \u2013 alarm se aktivira kada objekt u\u0111e u odabranu geozonu<\/li>&#13;\n<li><strong>Vani<\/strong> \u2013 alarm se aktivira kada objekt napusti odabranu geozonu<\/li>&#13;\n<li><strong>Geozona<\/strong> \u2013 geozona koja pokre\u0107e doga\u0111aj. Doga\u0111aj se mo\u017ee stvoriti za vi\u0161e grupa geozona. <\/li>&#13;\n<\/ul>&#13;\n&#13;\n<figure class=\"wp-block-image is-resized\"><a href=\"https:\/\/www.fmsdocumentation.com\/wp-content\/uploads\/2019\/05\/107.png\"><img loading=\"lazy\" decoding=\"async\" class=\"wp-image-7956\" src=\"https:\/\/www.fmsdocumentation.com\/wp-content\/uploads\/2019\/05\/107.png\" alt=\"\" width=\"571\" height=\"256\" srcset=\"https:\/\/www.fmsdocumentation.com\/wp-content\/uploads\/2019\/05\/107.png 843w, https:\/\/www.fmsdocumentation.com\/wp-content\/uploads\/2019\/05\/107-300x135.png 300w, https:\/\/www.fmsdocumentation.com\/wp-content\/uploads\/2019\/05\/107-768x344.png 768w\" sizes=\"auto, (max-width: 571px) 100vw, 571px\" \/><\/a><\/figure>&#13;\n<p>\u00a0<\/p>&#13;\n&#13;\n<p><strong>Ulazni uvjet<\/strong> \u2013 uvjet definiran statusom ulaza. Ovaj uvjet konfigurira se sljede\u0107im parametrima: <\/p>&#13;\n&#13;\n<ul class=\"wp-block-list\">&#13;\n<li><strong>Naziv ulaza<\/strong> \u2013 ulaz se odabire s padaju\u0107eg popisa standardnih ulaza<\/li>&#13;\n<li><strong>Ograni\u010denje (Jednad\u017eba)<\/strong> \u2013 definira korelaciju ulaza s vrijedno\u0161\u0107u. Mogu\u0107e opcije su: jednako, nije jednako, vi\u0161e od, manje od itd. <\/li>&#13;\n<li><strong>Ograni\u010denje (vrijednost)<\/strong> \u2013 numeri\u010dka vrijednost koja odgovara jednad\u017ebi da bi logika radila. (Na primjer, ako je napon baterije manji ili jednak 22000 mV, doga\u0111aj \u0107e se pokrenuti). <\/li>&#13;\n<\/ul>&#13;\n&#13;\n<figure class=\"wp-block-image is-resized\"><a href=\"https:\/\/www.fmsdocumentation.com\/wp-content\/uploads\/2018\/03\/108.png\"><img loading=\"lazy\" decoding=\"async\" class=\"wp-image-4481\" src=\"https:\/\/www.fmsdocumentation.com\/wp-content\/uploads\/2018\/03\/108.png\" alt=\"\" width=\"580\" height=\"68\" srcset=\"https:\/\/www.fmsdocumentation.com\/wp-content\/uploads\/2018\/03\/108.png 844w, https:\/\/www.fmsdocumentation.com\/wp-content\/uploads\/2018\/03\/108-300x36.png 300w, https:\/\/www.fmsdocumentation.com\/wp-content\/uploads\/2018\/03\/108-768x91.png 768w\" sizes=\"auto, (max-width: 580px) 100vw, 580px\" \/><\/a><\/figure>&#13;\n<p>\u00a0<\/p>&#13;\n&#13;\n<p><strong>Stanje paljenja<\/strong> \u2013 stanje definirano statusom paljenja. Ovo stanje konfigurira se samo s dva parametra: <\/p>&#13;\n&#13;\n<ul class=\"wp-block-list\">&#13;\n<li><strong>Paljenje uklju\u010deno<\/strong><\/li>&#13;\n<li><strong>Paljenje isklju\u010deno<\/strong><\/li>&#13;\n<\/ul>&#13;\n&#13;\n<figure class=\"wp-block-image is-resized\"><a href=\"https:\/\/www.fmsdocumentation.com\/wp-content\/uploads\/2018\/03\/109.png\"><img loading=\"lazy\" decoding=\"async\" class=\"wp-image-4482\" src=\"https:\/\/www.fmsdocumentation.com\/wp-content\/uploads\/2018\/03\/109.png\" alt=\"\" width=\"580\" height=\"68\" srcset=\"https:\/\/www.fmsdocumentation.com\/wp-content\/uploads\/2018\/03\/109.png 844w, https:\/\/www.fmsdocumentation.com\/wp-content\/uploads\/2018\/03\/109-300x35.png 300w, https:\/\/www.fmsdocumentation.com\/wp-content\/uploads\/2018\/03\/109-768x90.png 768w\" sizes=\"auto, (max-width: 580px) 100vw, 580px\" \/><\/a><\/figure>&#13;\n<p>\u00a0<\/p>&#13;\n&#13;\n<p><strong>Uvjet brzine<\/strong> \u2013 uvjet definiran navedenom brzinom. Ovaj uvjet mo\u017ee se konfigurirati pomo\u0107u dva parametra: <\/p>&#13;\n&#13;\n<ul class=\"wp-block-list\">&#13;\n<li><strong>Ograni\u010denje brzine na cesti<\/strong> \u2013 uvjet \u0107e se aktivirati ako se prekora\u010di ograni\u010denje brzine na cesti i navedena vrijednost tolerancije (na primjer, ograni\u010denje brzine na cesti je 60 km\/h, a tolerancija je 10 km\/h, pa \u0107e se doga\u0111aj aktivirati kada brzina objekta prije\u0111e 70 km\/h)<\/li>&#13;\n<li><strong>Tolerancija<\/strong> \u2013 Dostupno ako je vrsta ograni\u010denja brzine Ograni\u010denje brzine na cesti. Postavite maksimalnu vrijednost za koliko se ograni\u010denje brzine mo\u017ee prekora\u010diti. <\/li>&#13;\n<li><strong>Prilago\u0111eno ograni\u010denje brzine<\/strong> \u2013 uvjet \u0107e se aktivirati nakon \u0161to se prekora\u010di postavljeno ograni\u010denje brzine<\/li>&#13;\n<li><strong>Ograni\u010denje<\/strong> \u2013 Dostupno ako je vrsta ograni\u010denja brzine Prilago\u0111eno ograni\u010denje brzine. Postavite vrijednost koja \u0107e pokrenuti doga\u0111aj nakon prekora\u010denja. <\/li>&#13;\n<\/ul>&#13;\n&#13;\n<figure class=\"wp-block-image is-resized\"><a href=\"https:\/\/www.fmsdocumentation.com\/wp-content\/uploads\/2018\/03\/315.png\"><img loading=\"lazy\" decoding=\"async\" class=\"wp-image-4483\" src=\"https:\/\/www.fmsdocumentation.com\/wp-content\/uploads\/2018\/03\/315.png\" alt=\"\" width=\"580\" height=\"69\" srcset=\"https:\/\/www.fmsdocumentation.com\/wp-content\/uploads\/2018\/03\/315.png 844w, https:\/\/www.fmsdocumentation.com\/wp-content\/uploads\/2018\/03\/315-300x36.png 300w, https:\/\/www.fmsdocumentation.com\/wp-content\/uploads\/2018\/03\/315-768x92.png 768w\" sizes=\"auto, (max-width: 580px) 100vw, 580px\" \/><\/a><\/figure>&#13;\n<p>\u00a0<\/p>&#13;\n&#13;\n<p><strong>Uvjet vremena i udaljenosti<\/strong> \u2013 uvjet definiran prije\u0111enom udaljeno\u0161\u0107u tijekom vremenskog razdoblja. Ovaj uvjet mo\u017ee se konfigurirati sljede\u0107im parametrima: <\/p>&#13;\n&#13;\n<ul class=\"wp-block-list\">&#13;\n<li><strong>Izvor udaljenosti<\/strong> \u2013 Odaberite ulaz koji pru\u017ea informacije o udaljenosti. To mo\u017ee biti virtualni odometar ili virtualni GPS odometar. <\/li>&#13;\n<li><strong>Vremensko razdoblje<\/strong> \u2013 vremensko razdoblje za koje se mjeri udaljenost (u minutama).<\/li>&#13;\n<li><strong>Udaljenost<\/strong> \u2013 prag udaljenosti potreban za pokretanje uvjeta. Uvjet se mo\u017ee pokrenuti kada je prije\u0111ena udaljenost tijekom definiranog vremenskog razdoblja ve\u0107a ili manja od definiranog praga. <\/li>&#13;\n<\/ul>&#13;\n&#13;\n<figure class=\"wp-block-image is-resized\"><a href=\"https:\/\/www.fmsdocumentation.com\/wp-content\/uploads\/2018\/08\/366.png\"><img loading=\"lazy\" decoding=\"async\" class=\"wp-image-5801\" src=\"https:\/\/www.fmsdocumentation.com\/wp-content\/uploads\/2018\/08\/366.png\" alt=\"\" width=\"567\" height=\"126\" srcset=\"https:\/\/www.fmsdocumentation.com\/wp-content\/uploads\/2018\/08\/366.png 844w, https:\/\/www.fmsdocumentation.com\/wp-content\/uploads\/2018\/08\/366-300x67.png 300w, https:\/\/www.fmsdocumentation.com\/wp-content\/uploads\/2018\/08\/366-768x172.png 768w\" sizes=\"auto, (max-width: 567px) 100vw, 567px\" \/><\/a><\/figure>&#13;\n<p>\u00a0<\/p>&#13;\n&#13;\n<p><strong>Stanje goriva<\/strong> \u2013 stanje koje pokre\u0107e doga\u0111aj kada se gorivo isprazni ili tijekom to\u010denja goriva. Doga\u0111aji koje je mogu\u0107e odabrati su: <\/p>&#13;\n&#13;\n<ul class=\"wp-block-list\">&#13;\n<li><strong>Dopunite gorivo<\/strong><\/li>&#13;\n<li><strong>Odvod<\/strong><\/li>&#13;\n<\/ul>&#13;\n&#13;\n<figure class=\"wp-block-image is-resized size-large\"><a href=\"https:\/\/www.fmsdocumentation.com\/wp-content\/uploads\/2020\/11\/453-1.png\"><img loading=\"lazy\" decoding=\"async\" class=\"wp-image-10419\" src=\"https:\/\/www.fmsdocumentation.com\/wp-content\/uploads\/2020\/11\/453-1.png\" alt=\"\" width=\"565\" height=\"139\" srcset=\"https:\/\/www.fmsdocumentation.com\/wp-content\/uploads\/2020\/11\/453-1.png 565w, https:\/\/www.fmsdocumentation.com\/wp-content\/uploads\/2020\/11\/453-1-300x74.png 300w\" sizes=\"auto, (max-width: 565px) 100vw, 565px\" \/><\/a><\/figure>&#13;\n<p>\u00a0<\/p>&#13;\n&#13;\n<p><strong>Dodatni uvjeti<\/strong> \u2013 dodatne uvjete mo\u017eete dodati klikom <strong>na Dodaj uvjet<\/strong> ispod prvog uvjeta.<\/p>&#13;\n&#13;\n<figure class=\"wp-block-image is-resized\"><a href=\"https:\/\/www.fmsdocumentation.com\/wp-content\/uploads\/2018\/03\/110.png\"><img loading=\"lazy\" decoding=\"async\" class=\"wp-image-4484\" src=\"https:\/\/www.fmsdocumentation.com\/wp-content\/uploads\/2018\/03\/110.png\" alt=\"\" width=\"548\" height=\"121\" srcset=\"https:\/\/www.fmsdocumentation.com\/wp-content\/uploads\/2018\/03\/110.png 842w, https:\/\/www.fmsdocumentation.com\/wp-content\/uploads\/2018\/03\/110-300x66.png 300w, https:\/\/www.fmsdocumentation.com\/wp-content\/uploads\/2018\/03\/110-768x170.png 768w\" sizes=\"auto, (max-width: 548px) 100vw, 548px\" \/><\/a><\/figure>&#13;\n&#13;\n<p>Ovim \u0107e se doga\u0111aju dodati jo\u0161 jedan uvjet i logi\u010dki selektor za uvjete. Za jedan doga\u0111aj mo\u017ee postojati do 5 uvjeta. Logika uvjeta mo\u017ee se postaviti na jednu od dvije opcije:  <\/p>&#13;\n&#13;\n<ul class=\"wp-block-list\">&#13;\n<li><strong>I<\/strong> \u2013 doga\u0111aj se pokre\u0107e samo ako su ispunjena oba uvjeta<\/li>&#13;\n<li><strong>ILI<\/strong> \u2013<strong> <\/strong>doga\u0111aj se pokre\u0107e ako je ispunjen jedan od uvjeta<\/li>&#13;\n<\/ul>&#13;\n&#13;\n<p>Za uklanjanje uvjeta korisnik mora kliknuti gumb \u2013 koji se nalazi s desne strane.<\/p>&#13;\n&#13;\n<figure class=\"wp-block-image is-resized\"><a href=\"https:\/\/www.fmsdocumentation.com\/wp-content\/uploads\/2018\/03\/111.png\"><img loading=\"lazy\" decoding=\"async\" class=\"wp-image-4485\" src=\"https:\/\/www.fmsdocumentation.com\/wp-content\/uploads\/2018\/03\/111.png\" alt=\"\" width=\"563\" height=\"161\" srcset=\"https:\/\/www.fmsdocumentation.com\/wp-content\/uploads\/2018\/03\/111.png 844w, https:\/\/www.fmsdocumentation.com\/wp-content\/uploads\/2018\/03\/111-300x86.png 300w, https:\/\/www.fmsdocumentation.com\/wp-content\/uploads\/2018\/03\/111-768x220.png 768w\" sizes=\"auto, (max-width: 563px) 100vw, 563px\" \/><\/a><\/figure>&#13;\n&#13;\n<h2 class=\"wp-block-heading\">Uzorak kriterija i okidanje upozorenja<\/h2>&#13;\n&#13;\n<p><strong>Uzorak kriterija<\/strong> \u2013 ovo polje prikazuje odabranu logiku uvjeta koja \u0107e se koristiti za odre\u0111ivanje kada \u0107e se doga\u0111aj pokrenuti.<\/p>&#13;\n&#13;\n<figure class=\"wp-block-image is-resized\"><a href=\"https:\/\/www.fmsdocumentation.com\/wp-content\/uploads\/2018\/03\/327.png\"><img loading=\"lazy\" decoding=\"async\" class=\"wp-image-4487\" src=\"https:\/\/www.fmsdocumentation.com\/wp-content\/uploads\/2018\/03\/327.png\" alt=\"\" width=\"580\" height=\"39\" srcset=\"https:\/\/www.fmsdocumentation.com\/wp-content\/uploads\/2018\/03\/327.png 844w, https:\/\/www.fmsdocumentation.com\/wp-content\/uploads\/2018\/03\/327-300x21.png 300w, https:\/\/www.fmsdocumentation.com\/wp-content\/uploads\/2018\/03\/327-768x53.png 768w\" sizes=\"auto, (max-width: 580px) 100vw, 580px\" \/><\/a><\/figure>&#13;\n<p>\u00a0<\/p>&#13;\n&#13;\n<p><strong>Okidanje upozorenja<\/strong> \u2013 ovo polje definira kada \u0107e se pokrenuti alarm doga\u0111aja. Dostupne su tri opcije: <\/p>&#13;\n&#13;\n<ul class=\"wp-block-list\">&#13;\n<li><strong>Na po\u010detku<\/strong> \u2013 alarm \u0107e se aktivirati na po\u010detku doga\u0111aja<\/li>&#13;\n<li><strong>Na kraju<\/strong> \u2013 alarm \u0107e se oglasiti na kraju doga\u0111aja<\/li>&#13;\n<li><strong>Oba<\/strong> \u2013 alarm \u0107e se aktivirati na po\u010detku i na kraju doga\u0111aja. (<em>Na primjer: Voza\u010d u\u0111e u geozonu, alarm se aktivira. Nakon nekog vremena, voza\u010d napusti geozonu, alarm se ponovno aktivira. <\/em>).<\/li>&#13;\n<\/ul>&#13;\n&#13;\n<figure class=\"wp-block-image is-resized\"><a href=\"https:\/\/www.fmsdocumentation.com\/wp-content\/uploads\/2017\/04\/277.png\"><img loading=\"lazy\" decoding=\"async\" class=\"wp-image-953\" src=\"https:\/\/www.fmsdocumentation.com\/wp-content\/uploads\/2017\/04\/277.png\" alt=\"\" width=\"577\" height=\"165\" srcset=\"https:\/\/www.fmsdocumentation.com\/wp-content\/uploads\/2017\/04\/277.png 696w, https:\/\/www.fmsdocumentation.com\/wp-content\/uploads\/2017\/04\/277-300x86.png 300w\" sizes=\"auto, (max-width: 577px) 100vw, 577px\" \/><\/a><\/figure>&#13;\n<p>\u00a0<\/p>&#13;\n&#13;\n<p><strong>Okida\u010d doga\u0111aja<\/strong> \u2013 ovo polje postavlja vrijeme kada se doga\u0111aj mo\u017ee pokrenuti. Dostupne su sljede\u0107e opcije: <\/p>&#13;\n&#13;\n<ul class=\"wp-block-list\">&#13;\n<li><strong>Uvijek<\/strong> \u2013 ovo se \u010dak mo\u017ee pokrenuti u bilo kojem trenutku<\/li>&#13;\n<li><strong>U odre\u0111ene dane i sate<\/strong> \u2013 u ovom slu\u010daju korisnik mo\u017ee postaviti kojim danima i u koje sate se doga\u0111aj mo\u017ee pokrenuti<\/li>&#13;\n<\/ul>&#13;\n&#13;\n<figure class=\"wp-block-image is-resized\"><a href=\"https:\/\/www.fmsdocumentation.com\/wp-content\/uploads\/2017\/04\/276.png\"><img loading=\"lazy\" decoding=\"async\" class=\"wp-image-952\" src=\"https:\/\/www.fmsdocumentation.com\/wp-content\/uploads\/2017\/04\/276.png\" alt=\"\" width=\"580\" height=\"127\" srcset=\"https:\/\/www.fmsdocumentation.com\/wp-content\/uploads\/2017\/04\/276.png 712w, https:\/\/www.fmsdocumentation.com\/wp-content\/uploads\/2017\/04\/276-300x66.png 300w\" sizes=\"auto, (max-width: 580px) 100vw, 580px\" \/><\/a><\/figure>&#13;\n&#13;\n<h2 class=\"wp-block-heading\">Dostava obavijesti<\/h2>&#13;\n&#13;\n<p>Popis opcija o tome kako \u0107e sustav obavijestiti korisnika o pokrenutom doga\u0111aju. Dostupne su sljede\u0107e vrste obavijesti: <\/p>&#13;\n&#13;\n<ul class=\"wp-block-list\">&#13;\n<li><strong>Obavijest sustava<\/strong> \u2013 Ako je odabrana ova vrsta obavijesti, obavijesti \u0107e se prikazivati \u200b\u200bsamo u sustavu za upravljanje voznim parkom. Osim toga, korisnik mo\u017ee odabrati da ova obavijest ima <strong>Visoki prioritet<\/strong> . <strong> <\/strong>Ako je postavljen visoki prioritet, nakon \u0161to se takav doga\u0111aj pokrene, odjeljak s obavijestima (opisan na stranici <a href=\"https:\/\/www.fmsdocumentation.com\/main-tms-window\/alerts-from-objects\/\">Upozorenja s objekata<\/a> ) automatski \u0107e se otvoriti. Prikazat \u0107e se informacije o doga\u0111aju i vozilu koje ga je pokrenulo. Korisnik \u0107e morati kliknuti <strong>Potvrdi<\/strong> da bi zatvorio zaslon s obavijestima. Osim toga, ikona kartice preglednika promijenit \u0107e se u sliku zvona. Odabirom <strong>Visoki prioritet sa zvu\u010dnim alarmom<\/strong> postavit \u0107e se isti visoki prioritet, u ovom slu\u010daju, zvu\u010dni alarm \u0107e se \u010duti nakon \u0161to se doga\u0111aj pokrene.    <\/li>&#13;\n<li><strong>Poruka e-po\u0161te<\/strong> \u2013 odabirom ove obavijesti dodat \u0107e se dodatna polja za konfiguraciju potrebna za rad ove vrste obavijesti. Prikazat \u0107e se sljede\u0107a dodatna polja: <\/li>&#13;\n<li><strong>Adresa e-po\u0161te<\/strong> \u2013 adresa (ili adrese) e-po\u0161te na koju \u0107e se poslati obavijest. Za unos vi\u0161e od jedne adrese e-po\u0161te u ovo polje, nakon upisivanja adrese e-po\u0161te korisnik mora staviti zarez \u201e,\u201d odmah iza adrese. Adresa e-po\u0161te bit \u0107e ozna\u010dena kao zaseban objekt, a mo\u017ee se ukloniti klikom na mali <strong>X<\/strong> s desne strane e-po\u0161te. <strong>Ovo polje je obavezno<\/strong> .  <\/li>&#13;\n<\/ul>&#13;\n&#13;\n<figure class=\"wp-block-image is-resized\"><a href=\"https:\/\/www.fmsdocumentation.com\/wp-content\/uploads\/2017\/04\/106.png\"><img loading=\"lazy\" decoding=\"async\" class=\"wp-image-188\" src=\"https:\/\/www.fmsdocumentation.com\/wp-content\/uploads\/2017\/04\/106.png\" alt=\"\" width=\"369\" height=\"75\" srcset=\"https:\/\/www.fmsdocumentation.com\/wp-content\/uploads\/2017\/04\/106.png 374w, https:\/\/www.fmsdocumentation.com\/wp-content\/uploads\/2017\/04\/106-300x61.png 300w\" sizes=\"auto, (max-width: 369px) 100vw, 369px\" \/><\/a><\/figure>&#13;\n<p>\u00a0<\/p>&#13;\n&#13;\n<ul class=\"wp-block-list\">&#13;\n<li><strong>SMS<\/strong> \u2013 ako je odabrana ova vrsta obavijesti, SMS poruke s obavijestima bit \u0107e poslane na uneseni broj. Mo\u017eete unijeti vi\u0161e brojeva. Kliknite <strong>Dodaj broj<\/strong> za dodavanje dodatnih brojeva.  <\/li>&#13;\n<\/ul>&#13;\n&#13;\n<figure class=\"wp-block-image is-resized\"><a href=\"https:\/\/www.fmsdocumentation.com\/wp-content\/uploads\/2020\/05\/275-1.png\"><img loading=\"lazy\" decoding=\"async\" class=\"wp-image-9177\" src=\"https:\/\/www.fmsdocumentation.com\/wp-content\/uploads\/2020\/05\/275-1.png\" alt=\"\" width=\"546\" height=\"110\" srcset=\"https:\/\/www.fmsdocumentation.com\/wp-content\/uploads\/2020\/05\/275-1.png 785w, https:\/\/www.fmsdocumentation.com\/wp-content\/uploads\/2020\/05\/275-1-300x61.png 300w, https:\/\/www.fmsdocumentation.com\/wp-content\/uploads\/2020\/05\/275-1-768x156.png 768w\" sizes=\"auto, (max-width: 546px) 100vw, 546px\" \/><\/a><\/figure>&#13;\n<p>\u00a0<\/p>&#13;\n&#13;\n<p><p class=\"note\">Bilje\u0161ka<br\/> Obavijest utje\u010de samo na same obavijesti, aktivirani doga\u0111aji i dalje se bilje\u017ee u sustavu i mogu se pregledati u odgovaraju\u0107im odjeljcima sustava za upravljanje voznim parkom.<\/p><\/p>&#13;\n&#13;\n<p>Nakon \u0161to je svako polje ispunjeno, potrebno je kliknuti gumb <strong>Stvori<\/strong> , ina\u010de se doga\u0111aj ne\u0107e spremiti. Ako korisnik odlu\u010di ne spremiti kreirani doga\u0111aj, mora kliknuti gumb <strong>Zatvori<\/strong> ili jednostavno kliknuti bilo gdje izvan prozora <strong>Stvori novi doga\u0111aj<\/strong> . <\/p>&#13;\n&#13;\n<figure class=\"wp-block-image is-resized\"><a href=\"https:\/\/www.fmsdocumentation.com\/wp-content\/uploads\/2017\/04\/112.png\"><img loading=\"lazy\" decoding=\"async\" class=\"wp-image-194\" src=\"https:\/\/www.fmsdocumentation.com\/wp-content\/uploads\/2017\/04\/112.png\" alt=\"\" width=\"310\" height=\"60\" srcset=\"https:\/\/www.fmsdocumentation.com\/wp-content\/uploads\/2017\/04\/112.png 310w, https:\/\/www.fmsdocumentation.com\/wp-content\/uploads\/2017\/04\/112-300x58.png 300w\" sizes=\"auto, (max-width: 310px) 100vw, 310px\" \/><\/a><\/figure>&#13;\n<hr class=\"wp-block-separator\" \/>&#13;\n<p><div class=\"alignleft\"><a href=\"https:\/\/www.fmsdocumentation.com\/hr\/izbornik-dogadaja\/\" title=\"Izbornik doga\u0111aja\"><span class=\"arrow\">\u2039 &nbsp <\/span> Izbornik doga\u0111aja <\/a><\/div> <div class=\"alignright\"><a href=\"https:\/\/www.fmsdocumentation.com\/hr\/izbornik-dogadaja\/izmjene-popisa-dogadaja\/\" title=\"Izmjene popisa doga\u0111aja\">Izmjene popisa doga\u0111aja <span class=\"arrow\"> &nbsp\u203a <\/span> <\/a><\/div><\/p>&#13;\n","protected":false},"excerpt":{"rendered":"<p>&#13; Za stvaranje novog doga\u0111aja korisnik mora kliknuti polje + Novi doga\u0111aj . &#13; &#13; Ovo \u0107e otvoriti novi prozor. &#13; &#13; U ovom prozoru korisnik mora ispuniti parametre za novi doga\u0111aj. Mogu se ispuniti sljede\u0107a polja: &#13; &#13; Status doga\u0111aja \u2013 kliza\u010dica za status doga\u0111aja. Mo\u017ee se postaviti na UKLJU\u010cENO ili ISKLJU\u010cENO . Definira &hellip; <a href=\"https:\/\/www.fmsdocumentation.com\/hr\/izbornik-dogadaja\/stvori-novi-dogadaj\/\" class=\"more-link\">Continue reading <span class=\"screen-reader-text\">Stvori novi doga\u0111aj<\/span><\/a><\/p>\n","protected":false},"author":1,"featured_media":0,"parent":15328,"menu_order":1,"comment_status":"closed","ping_status":"closed","template":"","meta":{"footnotes":""},"class_list":["post-15444","page","type-page","status-publish","hentry"],"_links":{"self":[{"href":"https:\/\/www.fmsdocumentation.com\/hr\/wp-json\/wp\/v2\/pages\/15444","targetHints":{"allow":["GET"]}}],"collection":[{"href":"https:\/\/www.fmsdocumentation.com\/hr\/wp-json\/wp\/v2\/pages"}],"about":[{"href":"https:\/\/www.fmsdocumentation.com\/hr\/wp-json\/wp\/v2\/types\/page"}],"author":[{"embeddable":true,"href":"https:\/\/www.fmsdocumentation.com\/hr\/wp-json\/wp\/v2\/users\/1"}],"replies":[{"embeddable":true,"href":"https:\/\/www.fmsdocumentation.com\/hr\/wp-json\/wp\/v2\/comments?post=15444"}],"version-history":[{"count":1,"href":"https:\/\/www.fmsdocumentation.com\/hr\/wp-json\/wp\/v2\/pages\/15444\/revisions"}],"predecessor-version":[{"id":15445,"href":"https:\/\/www.fmsdocumentation.com\/hr\/wp-json\/wp\/v2\/pages\/15444\/revisions\/15445"}],"up":[{"embeddable":true,"href":"https:\/\/www.fmsdocumentation.com\/hr\/wp-json\/wp\/v2\/pages\/15328"}],"wp:attachment":[{"href":"https:\/\/www.fmsdocumentation.com\/hr\/wp-json\/wp\/v2\/media?parent=15444"}],"curies":[{"name":"wp","href":"https:\/\/api.w.org\/{rel}","templated":true}]}}