{"id":15446,"date":"2025-06-10T11:41:12","date_gmt":"2025-06-10T08:41:12","guid":{"rendered":"https:\/\/www.fmsdocumentation.com\/znacajke-i-alati-karte\/"},"modified":"2025-06-10T11:41:34","modified_gmt":"2025-06-10T08:41:34","slug":"znacajke-i-alati-karte","status":"publish","type":"page","link":"https:\/\/www.fmsdocumentation.com\/hr\/glavni-fms-prozor\/znacajke-i-alati-karte\/","title":{"rendered":"Zna\u010dajke i alati karte"},"content":{"rendered":"<p>Trenutno je dostupan izbor od dva izvora karata. To mo\u017ee biti \u201eOSM\u201d ( <em>zadana opcija<\/em> ) karta svijeta ili Google karta svijeta. Prebacivanje izme\u0111u njih je jednostavno, jednostavno kliknite na slo\u017eene karte u donjem desnom dijelu karte. Trenutno prikazana karta bit \u0107e prikazana na vrhu. Korisnik mo\u017ee birati izme\u0111u \u010detiri vrste karata:    <\/p>\n<ul>\n<li>OSM \u2013 Otvori kartu ulica;<\/li>\n<li>Satelit \u2013 Prikazuje Google satelitsku kartu bez ozna\u010davanja ulica;<\/li>\n<li>Hibrid \u2013 Prikazuje Google satelitsku kartu s dodatnim oznakama ulica s mapiranja ulica;<\/li>\n<li>Ulica \u2013 Prika\u017eite Google mape ulica bez satelitskog snimanja.<\/li>\n<\/ul>\n\n<table id=\"tablepress-3\" class=\"tablepress tablepress-id-3\">\n<thead>\n<tr class=\"row-1\">\n\t<th class=\"column-1\">Icon<\/th><th class=\"column-2\">Description<\/th>\n<\/tr>\n<\/thead>\n<tbody>\n<tr class=\"row-2\">\n\t<td class=\"column-1\"><img loading=\"lazy\" decoding=\"async\" src=\"http:\/\/www.fmsdocumentation.com\/wp-content\/uploads\/2017\/04\/18.png\" alt=\"\" width=\"36\" height=\"63\" class=\"aligncenter size-full wp-image-252\" \/><\/td><td class=\"column-2\">Buttons to \"zoom in\" or \"zoom out\" of the map.<\/td>\n<\/tr>\n<tr class=\"row-3\">\n\t<td class=\"column-1\"><img loading=\"lazy\" decoding=\"async\" src=\"http:\/\/www.fmsdocumentation.com\/wp-content\/uploads\/2017\/04\/19.png\" alt=\"\" width=\"34\" height=\"33\" class=\"aligncenter size-full wp-image-253\" \/><\/td><td class=\"column-2\">Google \u201eStreet View\u201c. (Works on all maps, except OSM). To use Google Street View, click and hold this icon and then frag the icon to the street you want to observe. To exit Google Street View, the user must click the grey arrow located at the top right side of the screen.<\/td>\n<\/tr>\n<tr class=\"row-4\">\n\t<td class=\"column-1\"><img loading=\"lazy\" decoding=\"async\" src=\"http:\/\/www.fmsdocumentation.com\/wp-content\/uploads\/2017\/04\/20.png\" alt=\"\" width=\"32\" height=\"31\" class=\"aligncenter size-full wp-image-254\" \/><\/td><td class=\"column-2\">Traffic information. To activate this function, simply click the icon (This function works only on the Hybrid or the Street map). This function display traffic intensity  (in places where this information is available) by displaying colored lines on the map. Green and similar colors indicate low traffic intensity, while Red and darker colors indicate high traffic intensity. <\/td>\n<\/tr>\n<tr class=\"row-5\">\n\t<td class=\"column-1\"><img loading=\"lazy\" decoding=\"async\" src=\"http:\/\/www.fmsdocumentation.com\/wp-content\/uploads\/2017\/04\/21.png\" alt=\"\" width=\"32\" height=\"32\" class=\"aligncenter size-full wp-image-24\" \/><\/td><td class=\"column-2\">Routing &amp; Tasks. Clicking this icon will open the routing &amp; tasks menu on the left side of the screen. Routing &amp; Tasks menu is described in a <a href=\"https:\/\/www.fmsdocumentation.com\/routing-tasks-menu\/\">separate section<\/a>. <\/td>\n<\/tr>\n<tr class=\"row-6\">\n\t<td class=\"column-1\"><img loading=\"lazy\" decoding=\"async\" src=\"http:\/\/www.fmsdocumentation.com\/wp-content\/uploads\/2017\/04\/188.png\" alt=\"\" width=\"32\" height=\"32\" class=\"aligncenter size-full wp-image-24\" \/><\/td><td class=\"column-2\">Measure area. Clicking this icon activates the measuring tool. While it is activated, the user can mark a territory on the map (similar to how geozones are marked), by connecting several dots. Once the dots are connected, the covered territory is highlighted and additional perimeter dots appear. The user can move these dots (click &amp; drag) to change the measuring area (After moving a dot, a \"Undo\" button appears, clicking which allows to return the dot to the previous position). Moving the mouse over the highlighted area will display its size. An example is shown below.<\/td>\n<\/tr>\n<tr class=\"row-7\">\n\t<td class=\"column-1\"><img loading=\"lazy\" decoding=\"async\" src=\"http:\/\/www.fmsdocumentation.com\/wp-content\/uploads\/2017\/07\/267.png\" alt=\"\" width=\"32\" height=\"32\" class=\"aligncenter size-full wp-image-24\" \/><\/td><td class=\"column-2\">Geozones. Clicking this icon will expand the right side of the screen, where a list of all existing geozones for the current user is located. An example with a description is provided further below.<\/td>\n<\/tr>\n<\/tbody>\n<\/table>\n<!-- #tablepress-3 from cache -->\n<p><a href=\"https:\/\/www.fmsdocumentation.com\/wp-content\/uploads\/2017\/04\/189.png\"><img loading=\"lazy\" decoding=\"async\" class=\"alignnone wp-image-339 size-full\" src=\"https:\/\/www.fmsdocumentation.com\/wp-content\/uploads\/2017\/04\/189.png\" alt=\"\" width=\"765\" height=\"536\" srcset=\"https:\/\/www.fmsdocumentation.com\/wp-content\/uploads\/2017\/04\/189.png 765w, https:\/\/www.fmsdocumentation.com\/wp-content\/uploads\/2017\/04\/189-300x210.png 300w\" sizes=\"auto, (max-width: 765px) 100vw, 765px\" \/><\/a><\/p>\n<p>Kao \u0161to je spomenuto u prethodnoj tablici, klikom na gumb \u201eGeozone\u201d otvorit \u0107e se bo\u010dni prozor kao \u0161to je prikazano dolje.<\/p>\n<p><a href=\"https:\/\/www.fmsdocumentation.com\/wp-content\/uploads\/2017\/04\/268-2.png\"><img loading=\"lazy\" decoding=\"async\" class=\"alignnone wp-image-1133 size-large\" src=\"https:\/\/www.fmsdocumentation.com\/wp-content\/uploads\/2017\/04\/268-2-1024x506.png\" alt=\"\" width=\"660\" height=\"326\" srcset=\"https:\/\/www.fmsdocumentation.com\/wp-content\/uploads\/2017\/04\/268-2-1024x506.png 1024w, https:\/\/www.fmsdocumentation.com\/wp-content\/uploads\/2017\/04\/268-2-300x148.png 300w, https:\/\/www.fmsdocumentation.com\/wp-content\/uploads\/2017\/04\/268-2-768x380.png 768w, https:\/\/www.fmsdocumentation.com\/wp-content\/uploads\/2017\/04\/268-2.png 1920w\" sizes=\"auto, (max-width: 660px) 100vw, 660px\" \/><\/a><\/p>\n<p>Ovdje korisnik mo\u017ee odabrati ho\u0107e li prikazati ili sakriti bilo koju od dostupnih geozona na karti. Nakon odabira, geozone \u0107e se sada prikazivati \u200b\u200bna karti, bez obzira je li plo\u010da geozona otvorena ili ne. Geozone su ozna\u010dene plavim oznakama, geozone u obliku balona su POI, dok su \u0161esterokuti poligonalne geozone.  <\/p>\n<p><a href=\"https:\/\/www.fmsdocumentation.com\/wp-content\/uploads\/2017\/12\/301RU.png\"><img loading=\"lazy\" decoding=\"async\" class=\"alignnone size-full wp-image-4063\" src=\"https:\/\/www.fmsdocumentation.com\/wp-content\/uploads\/2017\/12\/301RU.png\" alt=\"\" width=\"483\" height=\"420\" srcset=\"https:\/\/www.fmsdocumentation.com\/wp-content\/uploads\/2017\/12\/301RU.png 483w, https:\/\/www.fmsdocumentation.com\/wp-content\/uploads\/2017\/12\/301RU-300x261.png 300w\" sizes=\"auto, (max-width: 483px) 100vw, 483px\" \/><\/a><\/p>\n<p>Kada korisnik odabire geozonu s bo\u010dne plo\u010de, karta \u0107e se automatski zumirati kako bi se sve odabrane geozone uklopile na zaslon. Klikom na oznaku geozone prikazat \u0107e se informativni informativni okvir o geozoni. Informativni okvir sadr\u017ei sljede\u0107e informacije:  <\/p>\n<ul>\n<li>Ime;<\/li>\n<li>Mjesto;<\/li>\n<li>Koordinate \u2013 mogu se kopirati klikom na njih;<\/li>\n<li>Radijus ili povr\u0161ina;<\/li>\n<li>Napomene (ako su dodane).<\/li>\n<\/ul>\n<p>Klikom na \u201eDetalji geozone\u201d otvorit \u0107e se plo\u010da Geozone s detaljnim informacijama o geozoni.<\/p>\n<p><a href=\"https:\/\/www.fmsdocumentation.com\/wp-content\/uploads\/2019\/06\/319.png\"><img loading=\"lazy\" decoding=\"async\" class=\"alignnone size-full wp-image-8033\" src=\"https:\/\/www.fmsdocumentation.com\/wp-content\/uploads\/2019\/06\/319.png\" alt=\"\" width=\"473\" height=\"358\" srcset=\"https:\/\/www.fmsdocumentation.com\/wp-content\/uploads\/2019\/06\/319.png 473w, https:\/\/www.fmsdocumentation.com\/wp-content\/uploads\/2019\/06\/319-300x227.png 300w\" sizes=\"auto, (max-width: 473px) 100vw, 473px\" \/><\/a><\/p>\n<p>Desnim klikom na bilo koju to\u010dku na karti otvorit \u0107e se sko\u010dni prozor s to\u010dnim koordinatama te to\u010dke. Korisnik mo\u017ee kopirati koordinate klikom na njih ili ih dodati <a href=\"https:\/\/www.fmsdocumentation.com\/?page_id=204\">ruti<\/a> klikom na \u201eDodaj to\u010dku ruti\u201d. <\/p>\n<p><a href=\"https:\/\/www.fmsdocumentation.com\/wp-content\/uploads\/2018\/11\/379.png\"><img loading=\"lazy\" decoding=\"async\" class=\"alignnone wp-image-6236 size-full\" src=\"https:\/\/www.fmsdocumentation.com\/wp-content\/uploads\/2018\/11\/379.png\" alt=\"\" width=\"264\" height=\"124\"><\/a><\/p>\n<hr>\n<p><div class=\"alignleft\"><a href=\"https:\/\/www.fmsdocumentation.com\/hr\/glavni-fms-prozor\/upozorenja-od-objekata\/\" title=\"Upozorenja od objekata\"><span class=\"arrow\">\u2039 &nbsp <\/span> Upozorenja od objekata <\/a><\/div> <div class=\"alignright\"><a href=\"https:\/\/www.fmsdocumentation.com\/hr\/glavni-fms-prozor\/administratorska-ploca-za-web-korisnike\/\" title=\"Administratorska plo\u010da za web korisnike\">Administratorska plo\u010da za web korisnike <span class=\"arrow\"> &nbsp\u203a <\/span> <\/a><\/div><\/p>\n","protected":false},"excerpt":{"rendered":"<p>Trenutno je dostupan izbor od dva izvora karata. To mo\u017ee biti \u201eOSM\u201d ( zadana opcija ) karta svijeta ili Google karta svijeta. Prebacivanje izme\u0111u njih je jednostavno, jednostavno kliknite na slo\u017eene karte u donjem desnom dijelu karte. Trenutno prikazana karta bit \u0107e prikazana na vrhu. Korisnik mo\u017ee birati izme\u0111u \u010detiri vrste karata: OSM \u2013 Otvori &hellip; <a href=\"https:\/\/www.fmsdocumentation.com\/hr\/glavni-fms-prozor\/znacajke-i-alati-karte\/\" class=\"more-link\">Continue reading <span class=\"screen-reader-text\">Zna\u010dajke i alati karte<\/span><\/a><\/p>\n","protected":false},"author":1,"featured_media":0,"parent":15560,"menu_order":6,"comment_status":"closed","ping_status":"closed","template":"","meta":{"footnotes":""},"class_list":["post-15446","page","type-page","status-publish","hentry"],"_links":{"self":[{"href":"https:\/\/www.fmsdocumentation.com\/hr\/wp-json\/wp\/v2\/pages\/15446","targetHints":{"allow":["GET"]}}],"collection":[{"href":"https:\/\/www.fmsdocumentation.com\/hr\/wp-json\/wp\/v2\/pages"}],"about":[{"href":"https:\/\/www.fmsdocumentation.com\/hr\/wp-json\/wp\/v2\/types\/page"}],"author":[{"embeddable":true,"href":"https:\/\/www.fmsdocumentation.com\/hr\/wp-json\/wp\/v2\/users\/1"}],"replies":[{"embeddable":true,"href":"https:\/\/www.fmsdocumentation.com\/hr\/wp-json\/wp\/v2\/comments?post=15446"}],"version-history":[{"count":1,"href":"https:\/\/www.fmsdocumentation.com\/hr\/wp-json\/wp\/v2\/pages\/15446\/revisions"}],"predecessor-version":[{"id":15597,"href":"https:\/\/www.fmsdocumentation.com\/hr\/wp-json\/wp\/v2\/pages\/15446\/revisions\/15597"}],"up":[{"embeddable":true,"href":"https:\/\/www.fmsdocumentation.com\/hr\/wp-json\/wp\/v2\/pages\/15560"}],"wp:attachment":[{"href":"https:\/\/www.fmsdocumentation.com\/hr\/wp-json\/wp\/v2\/media?parent=15446"}],"curies":[{"name":"wp","href":"https:\/\/api.w.org\/{rel}","templated":true}]}}