{"id":15453,"date":"2025-06-10T11:41:14","date_gmt":"2025-06-10T08:41:14","guid":{"rendered":"https:\/\/www.fmsdocumentation.com\/upozorenja-od-objekata\/"},"modified":"2025-06-10T11:41:34","modified_gmt":"2025-06-10T08:41:34","slug":"upozorenja-od-objekata","status":"publish","type":"page","link":"https:\/\/www.fmsdocumentation.com\/hr\/glavni-fms-prozor\/upozorenja-od-objekata\/","title":{"rendered":"Upozorenja od objekata"},"content":{"rendered":"<p>Ikona upozorenja nalazi se u gornjem desnom kutu zaslona. Ova ikona prikazuje broj svih nepro\u010ditanih upozorenja za sve objekte trenutno prijavljenog korisnika. Broj u donjem desnom kutu ikone pokazuje koliko nepro\u010ditanih upozorenja trenutno postoji.  <\/p>\n<p><a href=\"https:\/\/www.fmsdocumentation.com\/wp-content\/uploads\/2017\/04\/11-1.png\"><img loading=\"lazy\" decoding=\"async\" class=\"alignnone size-full wp-image-3467\" src=\"https:\/\/www.fmsdocumentation.com\/wp-content\/uploads\/2017\/04\/11-1.png\" alt=\"\" width=\"1920\" height=\"170\" srcset=\"https:\/\/www.fmsdocumentation.com\/wp-content\/uploads\/2017\/04\/11-1.png 1920w, https:\/\/www.fmsdocumentation.com\/wp-content\/uploads\/2017\/04\/11-1-300x27.png 300w, https:\/\/www.fmsdocumentation.com\/wp-content\/uploads\/2017\/04\/11-1-768x68.png 768w, https:\/\/www.fmsdocumentation.com\/wp-content\/uploads\/2017\/04\/11-1-1024x91.png 1024w\" sizes=\"auto, (max-width: 1920px) 100vw, 1920px\" \/><\/a><\/p>\n<p>Klikom na ikonu otvorit \u0107e se plo\u010da s upozorenjima. Ova plo\u010da prikazuje koji je objekt pokrenuo doga\u0111aj, koji je doga\u0111aj pokrenut i kada je pokrenut. Upozorenja je mogu\u0107e sortirati u tri skupine:  <\/p>\n<ul>\n<li>Sve \u2013 Prikazuje sva upozorenja;<\/li>\n<li>Pro\u010ditano \u2013 Prikazuje samo upozorenja o pro\u010ditanim porukama;<\/li>\n<li>Nepro\u010ditano \u2013 Prikazuje samo nepro\u010ditane obavijesti.<\/li>\n<\/ul>\n<p><a href=\"https:\/\/www.fmsdocumentation.com\/wp-content\/uploads\/2017\/04\/12.png\"><img loading=\"lazy\" decoding=\"async\" class=\"alignnone wp-image-57 size-full\" src=\"https:\/\/www.fmsdocumentation.com\/wp-content\/uploads\/2017\/04\/12.png\" alt=\"\" width=\"385\" height=\"411\" srcset=\"https:\/\/www.fmsdocumentation.com\/wp-content\/uploads\/2017\/04\/12.png 385w, https:\/\/www.fmsdocumentation.com\/wp-content\/uploads\/2017\/04\/12-281x300.png 281w\" sizes=\"auto, (max-width: 385px) 100vw, 385px\" \/><\/a><\/p>\n<p>Desno od filtera nalazi se gumb \u201eOzna\u010di sve kao pro\u010ditano\u201d.<\/p>\n<hr>\n<h3>Kodovi boja upozorenja<\/h3>\n<p>Razli\u010dite oznake boja koriste se za odvajanje alarma u 2 skupine.<\/p>\n\n<table id=\"tablepress-2\" class=\"tablepress tablepress-id-2\">\n<thead>\n<tr class=\"row-1\">\n\t<th class=\"column-1\">Color code<\/th><th class=\"column-2\">Alert condition<\/th>\n<\/tr>\n<\/thead>\n<tbody>\n<tr class=\"row-2\">\n\t<td class=\"column-1\"><img loading=\"lazy\" decoding=\"async\" src=\"http:\/\/www.fmsdocumentation.com\/wp-content\/uploads\/2017\/04\/13.png\" alt=\"\" width=\"28\" height=\"28\" class=\"aligncenter size-full wp-image-247\" \/><\/td><td class=\"column-2\">Unread alerts<\/td>\n<\/tr>\n<tr class=\"row-3\">\n\t<td class=\"column-1\"><img loading=\"lazy\" decoding=\"async\" src=\"http:\/\/www.fmsdocumentation.com\/wp-content\/uploads\/2017\/04\/14.png\" alt=\"\" width=\"28\" height=\"28\" class=\"aligncenter size-full wp-image-248\" \/><\/td><td class=\"column-2\">Read alerts<\/td>\n<\/tr>\n<\/tbody>\n<\/table>\n<!-- #tablepress-2 from cache -->\n<p>Klikom na doga\u0111aj ozna\u010dit \u0107ete ga kao \u201ePro\u010ditano\u201d i dogodit \u0107e se sljede\u0107e:<\/p>\n<ul>\n<li>Otvorit \u0107e se plo\u010da doga\u0111aja za objekt koji je pokrenuo doga\u0111aj;<\/li>\n<li>Karta \u0107e se zumirati na mjesto gdje je doga\u0111aj pokrenut.<\/li>\n<\/ul>\n<p>Plo\u010da doga\u0111aja detaljno je opisana u odjeljku \u201e<a href=\"https:\/\/www.fmsdocumentation.com\/events-menu\/\">Izbornik Doga\u0111aji<\/a>\u201d.<\/p>\n<hr>\n<p><div class=\"alignleft\"><a href=\"https:\/\/www.fmsdocumentation.com\/hr\/glavni-fms-prozor\/pojedinacni-objekti\/\" title=\"Pojedina\u010dni objekti\"><span class=\"arrow\">\u2039 &nbsp <\/span> Pojedina\u010dni objekti <\/a><\/div> <div class=\"alignright\"><a href=\"https:\/\/www.fmsdocumentation.com\/hr\/glavni-fms-prozor\/znacajke-i-alati-karte\/\" title=\"Zna\u010dajke i alati karte\">Zna\u010dajke i alati karte <span class=\"arrow\"> &nbsp\u203a <\/span> <\/a><\/div><\/p>\n","protected":false},"excerpt":{"rendered":"<p>Ikona upozorenja nalazi se u gornjem desnom kutu zaslona. Ova ikona prikazuje broj svih nepro\u010ditanih upozorenja za sve objekte trenutno prijavljenog korisnika. Broj u donjem desnom kutu ikone pokazuje koliko nepro\u010ditanih upozorenja trenutno postoji. Klikom na ikonu otvorit \u0107e se plo\u010da s upozorenjima. Ova plo\u010da prikazuje koji je objekt pokrenuo doga\u0111aj, koji je doga\u0111aj pokrenut &hellip; <a href=\"https:\/\/www.fmsdocumentation.com\/hr\/glavni-fms-prozor\/upozorenja-od-objekata\/\" class=\"more-link\">Continue reading <span class=\"screen-reader-text\">Upozorenja od objekata<\/span><\/a><\/p>\n","protected":false},"author":1,"featured_media":0,"parent":15560,"menu_order":5,"comment_status":"closed","ping_status":"closed","template":"","meta":{"footnotes":""},"class_list":["post-15453","page","type-page","status-publish","hentry"],"_links":{"self":[{"href":"https:\/\/www.fmsdocumentation.com\/hr\/wp-json\/wp\/v2\/pages\/15453","targetHints":{"allow":["GET"]}}],"collection":[{"href":"https:\/\/www.fmsdocumentation.com\/hr\/wp-json\/wp\/v2\/pages"}],"about":[{"href":"https:\/\/www.fmsdocumentation.com\/hr\/wp-json\/wp\/v2\/types\/page"}],"author":[{"embeddable":true,"href":"https:\/\/www.fmsdocumentation.com\/hr\/wp-json\/wp\/v2\/users\/1"}],"replies":[{"embeddable":true,"href":"https:\/\/www.fmsdocumentation.com\/hr\/wp-json\/wp\/v2\/comments?post=15453"}],"version-history":[{"count":1,"href":"https:\/\/www.fmsdocumentation.com\/hr\/wp-json\/wp\/v2\/pages\/15453\/revisions"}],"predecessor-version":[{"id":15593,"href":"https:\/\/www.fmsdocumentation.com\/hr\/wp-json\/wp\/v2\/pages\/15453\/revisions\/15593"}],"up":[{"embeddable":true,"href":"https:\/\/www.fmsdocumentation.com\/hr\/wp-json\/wp\/v2\/pages\/15560"}],"wp:attachment":[{"href":"https:\/\/www.fmsdocumentation.com\/hr\/wp-json\/wp\/v2\/media?parent=15453"}],"curies":[{"name":"wp","href":"https:\/\/api.w.org\/{rel}","templated":true}]}}