{"id":15455,"date":"2025-06-10T11:41:14","date_gmt":"2025-06-10T08:41:14","guid":{"rendered":"https:\/\/www.fmsdocumentation.com\/traka-za-pretrazivanje\/"},"modified":"2025-06-10T11:41:33","modified_gmt":"2025-06-10T08:41:33","slug":"traka-za-pretrazivanje","status":"publish","type":"page","link":"https:\/\/www.fmsdocumentation.com\/hr\/glavni-fms-prozor\/traka-za-pretrazivanje\/","title":{"rendered":"Traka za pretra\u017eivanje"},"content":{"rendered":"<p>Traka za pretra\u017eivanje je drugi klju\u010dni element sustava. Sadr\u017ei pametno pretra\u017eivanje po vozilu i lokaciji. To je jednostavan, ali vrlo mo\u0107an alat koji \u0107e vam pomo\u0107i da brzo prona\u0111ete bilo koji objekt.  <\/p>\n<hr>\n<h3>Logika pretra\u017eivanja<\/h3>\n<p>Kada unesete klju\u010dnu rije\u010d u traku za pretra\u017eivanje, sustav \u0107e tra\u017eiti sli\u010dna imena me\u0111u va\u0161im objektima ili adrese unutar baze podataka. Pretra\u017eivanje se automatski pokre\u0107e kada se unesu 3 ili vi\u0161e znakova. Mo\u017eete unijeti onoliko klju\u010dnih rije\u010di koliko \u017eelite. Svaka klju\u010dna rije\u010d povezana je logi\u010dkom operacijom \u201eI\u201d. Prikazat \u0107e se rezultati koji odgovaraju svim unesenim klju\u010dnim rije\u010dima.    <\/p>\n<hr>\n<h3>Opis rezultata pretra\u017eivanja<\/h3>\n<p>Za upit se koristi naziv lokacije ili naziv objekta. Na primjer, unosimo \u201eLitva\u201d. Sustav prikazuje dva skupa mogu\u0107ih podudaranja. Jedan je namijenjen za <strong>vozila<\/strong> , a drugi za <strong>adrese<\/strong> .   <\/p>\n<p>U ovom slu\u010daju, u odjeljku \u201eVozila\u201d, sustav prikazuje do tri vozila koja se nalaze u Litvi. Mo\u017ee se prikazati samo ograni\u010den broj objekata, stoga \u0107ete mo\u017eda morati unijeti dodatne klju\u010dne rije\u010di kako biste suzili pretra\u017eivanje ako se tra\u017eeno vozilo ne prika\u017ee.<br \/>\n<p class=\"note\">Bilje\u0161ka<br \/>\n Vozilo i lokacije prikazat \u0107e se u rezultatima pretra\u017eivanja samo ako su klju\u010dne rije\u010di napisane na engleskom jeziku. Kori\u0161tenjem bilo kojeg drugog jezika prikazat \u0107e se samo lokacije u rezultatima pretra\u017eivanja. <\/p><\/p>\n<p>U odjeljku \u201eAdrese\u201d prikazane su do tri adrese. Kao i u odjeljku \u201eVozila\u201d, mo\u017eda \u0107e biti potrebno unijeti dodatne klju\u010dne rije\u010di za precizno odre\u0111ivanje odre\u0111ene lokacije. <\/p>\n<p><a href=\"https:\/\/www.fmsdocumentation.com\/wp-content\/uploads\/2017\/04\/23-3.png\"><img loading=\"lazy\" decoding=\"async\" class=\"alignnone wp-image-1124 size-large\" src=\"https:\/\/www.fmsdocumentation.com\/wp-content\/uploads\/2017\/04\/23-3-1024x506.png\" alt=\"\" width=\"660\" height=\"326\" srcset=\"https:\/\/www.fmsdocumentation.com\/wp-content\/uploads\/2017\/04\/23-3-1024x506.png 1024w, https:\/\/www.fmsdocumentation.com\/wp-content\/uploads\/2017\/04\/23-3-300x148.png 300w, https:\/\/www.fmsdocumentation.com\/wp-content\/uploads\/2017\/04\/23-3-768x380.png 768w, https:\/\/www.fmsdocumentation.com\/wp-content\/uploads\/2017\/04\/23-3.png 1920w\" sizes=\"auto, (max-width: 660px) 100vw, 660px\" \/><\/a><\/p>\n<hr>\n<p><div class=\"alignleft\"><a href=\"https:\/\/www.fmsdocumentation.com\/hr\/glavni-fms-prozor\/\" title=\"Glavni FMS prozor\"><span class=\"arrow\">\u2039 &nbsp <\/span> Glavni FMS prozor <\/a><\/div> <div class=\"alignright\"><a href=\"https:\/\/www.fmsdocumentation.com\/hr\/glavni-fms-prozor\/klaster-objekata\/\" title=\"Klaster objekata\">Klaster objekata <span class=\"arrow\"> &nbsp\u203a <\/span> <\/a><\/div><\/p>\n","protected":false},"excerpt":{"rendered":"<p>Traka za pretra\u017eivanje je drugi klju\u010dni element sustava. Sadr\u017ei pametno pretra\u017eivanje po vozilu i lokaciji. To je jednostavan, ali vrlo mo\u0107an alat koji \u0107e vam pomo\u0107i da brzo prona\u0111ete bilo koji objekt. Logika pretra\u017eivanja Kada unesete klju\u010dnu rije\u010d u traku za pretra\u017eivanje, sustav \u0107e tra\u017eiti sli\u010dna imena me\u0111u va\u0161im objektima ili adrese unutar baze podataka. &hellip; <a href=\"https:\/\/www.fmsdocumentation.com\/hr\/glavni-fms-prozor\/traka-za-pretrazivanje\/\" class=\"more-link\">Continue reading <span class=\"screen-reader-text\">Traka za pretra\u017eivanje<\/span><\/a><\/p>\n","protected":false},"author":1,"featured_media":0,"parent":15560,"menu_order":1,"comment_status":"closed","ping_status":"closed","template":"","meta":{"footnotes":""},"class_list":["post-15455","page","type-page","status-publish","hentry"],"_links":{"self":[{"href":"https:\/\/www.fmsdocumentation.com\/hr\/wp-json\/wp\/v2\/pages\/15455","targetHints":{"allow":["GET"]}}],"collection":[{"href":"https:\/\/www.fmsdocumentation.com\/hr\/wp-json\/wp\/v2\/pages"}],"about":[{"href":"https:\/\/www.fmsdocumentation.com\/hr\/wp-json\/wp\/v2\/types\/page"}],"author":[{"embeddable":true,"href":"https:\/\/www.fmsdocumentation.com\/hr\/wp-json\/wp\/v2\/users\/1"}],"replies":[{"embeddable":true,"href":"https:\/\/www.fmsdocumentation.com\/hr\/wp-json\/wp\/v2\/comments?post=15455"}],"version-history":[{"count":1,"href":"https:\/\/www.fmsdocumentation.com\/hr\/wp-json\/wp\/v2\/pages\/15455\/revisions"}],"predecessor-version":[{"id":15589,"href":"https:\/\/www.fmsdocumentation.com\/hr\/wp-json\/wp\/v2\/pages\/15455\/revisions\/15589"}],"up":[{"embeddable":true,"href":"https:\/\/www.fmsdocumentation.com\/hr\/wp-json\/wp\/v2\/pages\/15560"}],"wp:attachment":[{"href":"https:\/\/www.fmsdocumentation.com\/hr\/wp-json\/wp\/v2\/media?parent=15455"}],"curies":[{"name":"wp","href":"https:\/\/api.w.org\/{rel}","templated":true}]}}