{"id":15469,"date":"2025-06-10T11:41:14","date_gmt":"2025-06-10T08:41:14","guid":{"rendered":"https:\/\/www.fmsdocumentation.com\/pregled-dogadaja\/"},"modified":"2025-06-10T11:41:35","modified_gmt":"2025-06-10T08:41:35","slug":"pregled-dogadaja","status":"publish","type":"page","link":"https:\/\/www.fmsdocumentation.com\/hr\/izbornik-statusa-flote\/pregled-dogadaja\/","title":{"rendered":"Pregled doga\u0111aja"},"content":{"rendered":"<p>Ova kartica koristi se za upravljanje i pregled pokrenutih doga\u0111aja koji su dodijeljeni odabranom objektu. Dodijeljeni doga\u0111aji prikazani su na popisu koji se nalazi na donjoj strani plo\u010de. Za promjenu dodijeljenih doga\u0111aja korisnik mora kliknuti polje \u201eUpravljanje doga\u0111ajima\u201d koje \u0107e otvoriti novi prozor s popisom svih doga\u0111aja registriranih za trenutnog web korisnika.  <\/p>\n<p><a href=\"https:\/\/www.fmsdocumentation.com\/wp-content\/uploads\/2017\/04\/40.png\"><img loading=\"lazy\" decoding=\"async\" class=\"alignnone wp-image-93 size-full\" src=\"https:\/\/www.fmsdocumentation.com\/wp-content\/uploads\/2017\/04\/40.png\" alt=\"\" width=\"360\" height=\"130\" srcset=\"https:\/\/www.fmsdocumentation.com\/wp-content\/uploads\/2017\/04\/40.png 360w, https:\/\/www.fmsdocumentation.com\/wp-content\/uploads\/2017\/04\/40-300x108.png 300w\" sizes=\"auto, (max-width: 360px) 100vw, 360px\" \/><\/a><\/p>\n<p>Omogu\u0107eni doga\u0111aji bit \u0107e ozna\u010deni istaknutom kva\u010dicom ispred naziva doga\u0111aja. Ako doga\u0111aj ima parametre koje vozilo ne podr\u017eava, tada je doga\u0111aj skriven na popisu. Kako biste brzo prona\u0161li potreban doga\u0111aj, prisutna je traka za pretra\u017eivanje. Popis se automatski a\u017eurira sa svakim slovom koje upi\u0161ete. Nakon \u0161to zavr\u0161ite s odabirom doga\u0111aja, morate pritisnuti gumb \u201ePrimijeni\u201d kako biste spremili unesene promjene.    <\/p>\n<p><a href=\"https:\/\/www.fmsdocumentation.com\/wp-content\/uploads\/2018\/12\/41.png\"><img loading=\"lazy\" decoding=\"async\" class=\"alignnone wp-image-6881 size-full\" src=\"https:\/\/www.fmsdocumentation.com\/wp-content\/uploads\/2018\/12\/41.png\" alt=\"\" width=\"675\" height=\"492\" srcset=\"https:\/\/www.fmsdocumentation.com\/wp-content\/uploads\/2018\/12\/41.png 675w, https:\/\/www.fmsdocumentation.com\/wp-content\/uploads\/2018\/12\/41-300x219.png 300w\" sizes=\"auto, (max-width: 675px) 100vw, 675px\" \/><\/a><\/p>\n<p>Ispod gumba \u201eUpravljanje doga\u0111ajima\u201d dostupan je filter doga\u0111aja. Ovaj filter omogu\u0107uje odabir sljede\u0107eg: <\/p>\n<ul>\n<li>Prika\u017ei sve doga\u0111aje;<\/li>\n<li>Prika\u017ei samo nevi\u0111ene doga\u0111aje;<\/li>\n<li>Prika\u017ei samo vi\u0111ene doga\u0111aje.<\/li>\n<\/ul>\n<p><a href=\"https:\/\/www.fmsdocumentation.com\/wp-content\/uploads\/2017\/04\/42.png\"><img loading=\"lazy\" decoding=\"async\" class=\"alignnone wp-image-95 size-full\" src=\"https:\/\/www.fmsdocumentation.com\/wp-content\/uploads\/2017\/04\/42.png\" alt=\"\" width=\"360\" height=\"170\" srcset=\"https:\/\/www.fmsdocumentation.com\/wp-content\/uploads\/2017\/04\/42.png 360w, https:\/\/www.fmsdocumentation.com\/wp-content\/uploads\/2017\/04\/42-300x142.png 300w\" sizes=\"auto, (max-width: 360px) 100vw, 360px\" \/><\/a><\/p>\n<p>Ispod filtera doga\u0111aja nalazi se popis okinutih doga\u0111aja. Ovaj popis je automatski kronolo\u0161ki formatiran + primijenjen je filter. Okinuti doga\u0111aji su ozna\u010deni <strong>podebljanim<\/strong> fontom (Nevidljivo). Ako ikona doga\u0111aja ima crveni uskli\u010dnik pored sebe, to zna\u010di da je doga\u0111aj <strong>visokog prioriteta<\/strong> . Nakon \u0161to je korisnik vidio (kliknuo na) doga\u0111aj, font \u0107e se vratiti u normalu, osim ako se ne radi o doga\u0111aju visokog prioriteta, u tom slu\u010daju korisnik \u0107e morati kliknuti gumb \u201ePotvrdi\u201d da bi ozna\u010dio doga\u0111aj kao vi\u0111en. Klikom na doga\u0111aj pro\u0161irit \u0107e se kako bi se prikazale dodatne informacije o doga\u0111aju.     <\/p>\n<p><a href=\"https:\/\/www.fmsdocumentation.com\/wp-content\/uploads\/2018\/01\/43.png\"><img loading=\"lazy\" decoding=\"async\" class=\"alignnone size-full wp-image-4282\" src=\"https:\/\/www.fmsdocumentation.com\/wp-content\/uploads\/2018\/01\/43.png\" alt=\"\" width=\"360\" height=\"646\" srcset=\"https:\/\/www.fmsdocumentation.com\/wp-content\/uploads\/2018\/01\/43.png 360w, https:\/\/www.fmsdocumentation.com\/wp-content\/uploads\/2018\/01\/43-167x300.png 167w\" sizes=\"auto, (max-width: 360px) 100vw, 360px\" \/><\/a><\/p>\n<p>Klikom na doga\u0111aj na popisu, karta \u0107e se automatski zumirati na mjesto gdje je upozorenje aktivirano. Mjesto aktiviranja doga\u0111aja bit \u0107e ozna\u010deno crvenom ikonom zvona, a iznad njega \u0107e se prikazati dodatne informacije. Ove informacije odnose se na vrijeme aktiviranja doga\u0111aja, brzinu vozila, kilometra\u017eu, smjer i razinu goriva.  <\/p>\n<p><a href=\"https:\/\/www.fmsdocumentation.com\/wp-content\/uploads\/2018\/01\/44.png\"><img loading=\"lazy\" decoding=\"async\" class=\"alignnone size-full wp-image-4283\" src=\"https:\/\/www.fmsdocumentation.com\/wp-content\/uploads\/2018\/01\/44.png\" alt=\"\" width=\"817\" height=\"720\" srcset=\"https:\/\/www.fmsdocumentation.com\/wp-content\/uploads\/2018\/01\/44.png 817w, https:\/\/www.fmsdocumentation.com\/wp-content\/uploads\/2018\/01\/44-300x264.png 300w, https:\/\/www.fmsdocumentation.com\/wp-content\/uploads\/2018\/01\/44-768x677.png 768w\" sizes=\"auto, (max-width: 817px) 100vw, 817px\" \/><\/a><\/p>\n<p>Stvaranje novih \u201eDoga\u0111aja\u201d opisano je u poglavlju \u201e<a href=\"https:\/\/www.fmsdocumentation.com\/events-menu\/\">Izbornik Doga\u0111aja<\/a>\u201d.<\/p>\n<p><p class=\"note\">Bilje\u0161ka<br \/>\n Kartica doga\u0111aja radi u korelaciji s prethodno opisanom alarmnom plo\u010dom ( <a href=\"https:\/\/www.fmsdocumentation.com\/main-tms-window\/alerts-from-objects\/\">Upozorenja s objekata<\/a> ). \u0160to zna\u010di da \u0107e se doga\u0111aji ozna\u010deni kao vi\u0111eni prikazivati \u200b\u200bidenti\u010dno na kartici doga\u0111aja i alarmnoj plo\u010di. <\/p><\/p>\n<hr>\n<p><div class=\"alignleft\"><a href=\"https:\/\/www.fmsdocumentation.com\/hr\/izbornik-statusa-flote\/pregled-povijesti\/\" title=\"Pregled povijesti\"><span class=\"arrow\">\u2039 &nbsp <\/span> Pregled povijesti <\/a><\/div> <div class=\"alignright\"><a href=\"https:\/\/www.fmsdocumentation.com\/hr\/izbornik-statusa-flote\/pregled-goriva\/\" title=\"Pregled goriva\">Pregled goriva <span class=\"arrow\"> &nbsp\u203a <\/span> <\/a><\/div><\/p>\n","protected":false},"excerpt":{"rendered":"<p>Ova kartica koristi se za upravljanje i pregled pokrenutih doga\u0111aja koji su dodijeljeni odabranom objektu. Dodijeljeni doga\u0111aji prikazani su na popisu koji se nalazi na donjoj strani plo\u010de. Za promjenu dodijeljenih doga\u0111aja korisnik mora kliknuti polje \u201eUpravljanje doga\u0111ajima\u201d koje \u0107e otvoriti novi prozor s popisom svih doga\u0111aja registriranih za trenutnog web korisnika. Omogu\u0107eni doga\u0111aji bit &hellip; <a href=\"https:\/\/www.fmsdocumentation.com\/hr\/izbornik-statusa-flote\/pregled-dogadaja\/\" class=\"more-link\">Continue reading <span class=\"screen-reader-text\">Pregled doga\u0111aja<\/span><\/a><\/p>\n","protected":false},"author":1,"featured_media":0,"parent":15569,"menu_order":4,"comment_status":"closed","ping_status":"closed","template":"","meta":{"footnotes":""},"class_list":["post-15469","page","type-page","status-publish","hentry"],"_links":{"self":[{"href":"https:\/\/www.fmsdocumentation.com\/hr\/wp-json\/wp\/v2\/pages\/15469","targetHints":{"allow":["GET"]}}],"collection":[{"href":"https:\/\/www.fmsdocumentation.com\/hr\/wp-json\/wp\/v2\/pages"}],"about":[{"href":"https:\/\/www.fmsdocumentation.com\/hr\/wp-json\/wp\/v2\/types\/page"}],"author":[{"embeddable":true,"href":"https:\/\/www.fmsdocumentation.com\/hr\/wp-json\/wp\/v2\/users\/1"}],"replies":[{"embeddable":true,"href":"https:\/\/www.fmsdocumentation.com\/hr\/wp-json\/wp\/v2\/comments?post=15469"}],"version-history":[{"count":1,"href":"https:\/\/www.fmsdocumentation.com\/hr\/wp-json\/wp\/v2\/pages\/15469\/revisions"}],"predecessor-version":[{"id":15603,"href":"https:\/\/www.fmsdocumentation.com\/hr\/wp-json\/wp\/v2\/pages\/15469\/revisions\/15603"}],"up":[{"embeddable":true,"href":"https:\/\/www.fmsdocumentation.com\/hr\/wp-json\/wp\/v2\/pages\/15569"}],"wp:attachment":[{"href":"https:\/\/www.fmsdocumentation.com\/hr\/wp-json\/wp\/v2\/media?parent=15469"}],"curies":[{"name":"wp","href":"https:\/\/api.w.org\/{rel}","templated":true}]}}