{"id":15474,"date":"2025-06-10T11:41:15","date_gmt":"2025-06-10T08:41:15","guid":{"rendered":"https:\/\/www.fmsdocumentation.com\/sazetak-pregleda\/"},"modified":"2025-06-10T11:41:35","modified_gmt":"2025-06-10T08:41:35","slug":"sazetak-pregleda","status":"publish","type":"page","link":"https:\/\/www.fmsdocumentation.com\/hr\/izbornik-statusa-flote\/sazetak-pregleda\/","title":{"rendered":"Sa\u017eetak pregleda"},"content":{"rendered":"&#13;\n<p>Ova pregledna plo\u010da pro\u0161iruje osnovne informacije i dodaje dodatne informacije, kao \u0161to su:<\/p>&#13;\n&#13;\n<ul class=\"wp-block-list\">&#13;\n<li>Trenutna adresa lokacije vozila<\/li>&#13;\n<li>Naziv geozone ako se vozilo nalazi unutar jedne<\/li>&#13;\n<li>Prvi voza\u010d i status &#8211; prikazuje voza\u010da dodijeljenog vozilu zajedno s ikonom trenutnih informacija o statusu tahografa (opisano u nastavku) i trajanjem statusa. Statusi i trajanja prikazuju se samo za vozila s ispravnim tahografom. <\/li>&#13;\n<li>Drugi voza\u010d i status &#8211; pojavljuje se samo ako su se dva voza\u010da registrirala putem tahografa. Ikona trenutnog statusa tahografa i njegovo trajanje tako\u0111er \u0107e se prikazati za drugog voza\u010da. <\/li>&#13;\n<li>Naziv vozila<\/li>&#13;\n<li>Plan vozila<\/li>&#13;\n<li>Preostalo vrijeme vo\u017enje danas\/Vrijeme vo\u017enje preko ograni\u010denja danas (prikazuje se ako se koristi funkcionalnost <a href=\"https:\/\/www.fmsdocumentation.com\/hr\/pregled-vremenske-analize\/\">vremenske analize<\/a> )<\/li>&#13;\n<li>Preostalo vrijeme vo\u017enje ovaj tjedan\/Vrijeme vo\u017enje preko ograni\u010denja ovaj tjedan (prikazuje se ako se koristi funkcionalnost <a href=\"https:\/\/www.fmsdocumentation.com\/hr\/pregled-vremenske-analize\/\">vremenske analize<\/a> )<\/li>&#13;\n<li>Mogu\u0107nost blokiranja vozila (ako je konfigurirano u FM ure\u0111aju)<\/li>&#13;\n<li>Trenutni status &#8211; statusi mogu biti: kretanje, prazan hod, isklju\u010deno paljenje, nema signala ili paljenje blokirano<\/li>&#13;\n<li>Trajanje u trenutnom statusu<\/li>&#13;\n<li>Zadnja sinkronizacija signala (s ikonom informacija koja prikazuje to\u010dan datum i vrijeme zadnje sinkronizacije)<\/li>&#13;\n<li>Koordinate iz posljednje sinkronizacije<\/li>&#13;\n<li>Izvor signala &#8211; Honeywell \u2013 prikazat \u0107e se samo ako je posljednja koordinata primljena od Honeywell servisa<\/li>&#13;\n<li>Vrsta putovanja<\/li>&#13;\n<li>Probno razdoblje \u2013 ovo se prikazuje samo za objekte koji su privremeno premje\u0161teni u FMS iz starijeg sustava, radi upoznavanja s novim sustavom ili jednostavno za nove objekte u probnom razdoblju. Probno razdoblje prikazuje se samo ako je aktivno. <\/li>&#13;\n<\/ul>&#13;\n&#13;\n<figure class=\"wp-block-image is-resized\"><a href=\"https:\/\/www.fmsdocumentation.com\/wp-content\/uploads\/2020\/09\/29.png\"><img loading=\"lazy\" decoding=\"async\" class=\"wp-image-9905\" src=\"https:\/\/www.fmsdocumentation.com\/wp-content\/uploads\/2020\/09\/29-1024x502.png\" alt=\"\" width=\"580\" height=\"284\" srcset=\"https:\/\/www.fmsdocumentation.com\/wp-content\/uploads\/2020\/09\/29-1024x502.png 1024w, https:\/\/www.fmsdocumentation.com\/wp-content\/uploads\/2020\/09\/29-300x147.png 300w, https:\/\/www.fmsdocumentation.com\/wp-content\/uploads\/2020\/09\/29-768x377.png 768w, https:\/\/www.fmsdocumentation.com\/wp-content\/uploads\/2020\/09\/29-1536x754.png 1536w, https:\/\/www.fmsdocumentation.com\/wp-content\/uploads\/2020\/09\/29-2048x1005.png 2048w\" sizes=\"auto, (max-width: 580px) 100vw, 580px\" \/><\/a><\/figure>&#13;\n&#13;\n<p>Ikone koje prikazuju status tahografa definirane su kao:<\/p>&#13;\n&#13;\n<figure class=\"wp-block-image is-resized\"><a href=\"https:\/\/www.fmsdocumentation.com\/wp-content\/uploads\/2020\/09\/451-3.png\"><img loading=\"lazy\" decoding=\"async\" class=\"wp-image-10014\" src=\"https:\/\/www.fmsdocumentation.com\/wp-content\/uploads\/2020\/09\/451-3.png\" alt=\"\" width=\"178\" height=\"259\"\/><\/a><\/figure>&#13;\n&#13;\n<p>Klikom na ikonu strelice pored naziva vozila korisnik \u0107e se otvoriti izbornik <a href=\"https:\/\/www.fmsdocumentation.com\/hr\/izbornik-rutiranje-i-zadaci\/\">Rute i zadaci<\/a> , a trenutni polo\u017eaj vozila ve\u0107 \u0107e biti ozna\u010den kao po\u010detna to\u010dka.<\/p>&#13;\n&#13;\n<figure class=\"wp-block-image is-resized\"><a href=\"https:\/\/www.fmsdocumentation.com\/wp-content\/uploads\/2018\/10\/376.png\"><img loading=\"lazy\" decoding=\"async\" class=\"wp-image-5937\" src=\"https:\/\/www.fmsdocumentation.com\/wp-content\/uploads\/2018\/10\/376.png\" alt=\"\" width=\"397\" height=\"296\" srcset=\"https:\/\/www.fmsdocumentation.com\/wp-content\/uploads\/2018\/10\/376.png 397w, https:\/\/www.fmsdocumentation.com\/wp-content\/uploads\/2018\/10\/376-300x224.png 300w\" sizes=\"auto, (max-width: 397px) 100vw, 397px\" \/><\/a><\/figure>&#13;\n&#13;\n<p>U slu\u010dajevima kada je odabrano vozilo s priklju\u010denom prikolicom, korisnik \u0107e vidjeti bira\u010d na vrhu plo\u010de. Ovdje korisnik mo\u017ee odabrati ho\u0107e li prikazati informacije za vozilo ili za prikolicu. <\/p>&#13;\n&#13;\n<figure class=\"wp-block-image is-resized\"><a href=\"https:\/\/www.fmsdocumentation.com\/wp-content\/uploads\/2017\/04\/287.png\"><img loading=\"lazy\" decoding=\"async\" class=\"wp-image-1103\" src=\"https:\/\/www.fmsdocumentation.com\/wp-content\/uploads\/2017\/04\/287.png\" alt=\"\" width=\"365\" height=\"474\" srcset=\"https:\/\/www.fmsdocumentation.com\/wp-content\/uploads\/2017\/04\/287.png 365w, https:\/\/www.fmsdocumentation.com\/wp-content\/uploads\/2017\/04\/287-231x300.png 231w\" sizes=\"auto, (max-width: 365px) 100vw, 365px\" \/><\/a><\/figure>&#13;\n&#13;\n<p><p class=\"note\">Bilje\u0161ka<br\/> Koordinate kamiona i prikolice mogu se razlikovati zbog razli\u010ditih \u010dimbenika krajolika, varijacija lokacije instalacije i drugih. Te su razlike uglavnom minimalne, ali se mogu pojaviti. <\/p><\/p>&#13;\n&#13;\n<p>Uz pro\u0161irene informacije, korisnik \u0107e mo\u0107i pregledati detalje o vozilu. Da bi to u\u010dinio, jednostavno mora kliknuti gumb <strong>Detalji o vozilu<\/strong> koji se nalazi na dnu odjeljka pregleda. Time \u0107e se otvoriti novi odjeljak preko karte s detaljima o odabranom vozilu. Prema zadanim postavkama, mogu se vidjeti samo osnovni podaci koji su uneseni tijekom stvaranja objekta. Ure\u0111ivanje sada omogu\u0107uje promjenu svih detalja o vozilu, kao i odabir vrste vozila. Kartica tvrtke mo\u017ee se dodijeliti za preuzimanje datoteka tahografa. Korisnik tako\u0111er mo\u017ee unijeti dodatne napomene o vozilu, postaviti detalje o kapacitetu tereta ili unijeti detalje o potro\u0161nji goriva. Imajte na umu da \u0107e detalji o potro\u0161nji goriva biti prisutni u izvje\u0161\u0107ima, \u010dak i ako vozilo ne daje CAN podatke o potro\u0161nji goriva.       <\/p>&#13;\n&#13;\n<p><p class=\"note\">Bilje\u0161ka<br\/> Dodatne informacije dostupne su i za prikolice, u ovom slu\u010daju gumb \u0107e se zvati \u201eDetalji prikolice\u201d.<\/p><\/p>&#13;\n&#13;\n<p>Svaki se odjeljak ure\u0111uje zasebno i mora se spremiti nakon \u0161to se izvr\u0161e bilo kakve promjene. Odjeljak je ozna\u010den tamnijom nijansom sive nakon \u0161to ure\u0111ivanje zapo\u010dne. Prozor za potvrdu pojavit \u0107e se ako korisnik odlu\u010di iza\u0107i bez spremanja unesenih promjena.  <\/p>&#13;\n&#13;\n<figure class=\"wp-block-image size-large is-resized\"><a href=\"https:\/\/www.fmsdocumentation.com\/wp-content\/uploads\/2020\/09\/282.png\"><img loading=\"lazy\" decoding=\"async\" class=\"alignnone wp-image-10080\" src=\"https:\/\/www.fmsdocumentation.com\/wp-content\/uploads\/2020\/09\/282-1024x507.png\" alt=\"\" width=\"568\" height=\"281\" srcset=\"https:\/\/www.fmsdocumentation.com\/wp-content\/uploads\/2020\/09\/282-1024x507.png 1024w, https:\/\/www.fmsdocumentation.com\/wp-content\/uploads\/2020\/09\/282-300x148.png 300w, https:\/\/www.fmsdocumentation.com\/wp-content\/uploads\/2020\/09\/282-768x380.png 768w, https:\/\/www.fmsdocumentation.com\/wp-content\/uploads\/2020\/09\/282-1536x760.png 1536w, https:\/\/www.fmsdocumentation.com\/wp-content\/uploads\/2020\/09\/282-2048x1013.png 2048w\" sizes=\"auto, (max-width: 568px) 100vw, 568px\" \/><\/a><\/figure>&#13;\n&#13;\n<p>Da bi svi moduli FMS-a ispravno radili, potrebno je \u0161to to\u010dnije postaviti detalje o kapacitetu tereta. Podaci uneseni ovdje kasnije se u sustavu koriste za izra\u010dun tereta i narud\u017ebi. <\/p>&#13;\n&#13;\n<figure class=\"wp-block-image is-resized\"><a href=\"https:\/\/www.fmsdocumentation.com\/wp-content\/uploads\/2017\/12\/314.png\"><img loading=\"lazy\" decoding=\"async\" class=\"wp-image-4135\" src=\"https:\/\/www.fmsdocumentation.com\/wp-content\/uploads\/2017\/12\/314-1024x216.png\" alt=\"\" width=\"580\" height=\"122\" srcset=\"https:\/\/www.fmsdocumentation.com\/wp-content\/uploads\/2017\/12\/314-1024x216.png 1024w, https:\/\/www.fmsdocumentation.com\/wp-content\/uploads\/2017\/12\/314-300x63.png 300w, https:\/\/www.fmsdocumentation.com\/wp-content\/uploads\/2017\/12\/314-768x162.png 768w, https:\/\/www.fmsdocumentation.com\/wp-content\/uploads\/2017\/12\/314.png 1182w\" sizes=\"auto, (max-width: 580px) 100vw, 580px\" \/><\/a><\/figure>&#13;\n&#13;\n<p>Korisnik mo\u017ee ispraviti kilometra\u017eu vozila i provjeriti povijest prethodnih promjena. Povijest promjena mo\u017ee se provjeriti klikom na ikonu povijesti pored \u201eIspravak kilometra\u017ee\u201d. Prikazano je do 5 posljednjih promjena.  <\/p>&#13;\n&#13;\n<figure class=\"wp-block-image is-resized\"><img loading=\"lazy\" decoding=\"async\" class=\"alignnone wp-image-13360 size-full\" src=\"https:\/\/www.fmsdocumentation.com\/wp-content\/uploads\/2022\/10\/mileage-correction-history.png\" alt=\"\" width=\"1292\" height=\"287\" srcset=\"https:\/\/www.fmsdocumentation.com\/wp-content\/uploads\/2022\/10\/mileage-correction-history.png 1292w, https:\/\/www.fmsdocumentation.com\/wp-content\/uploads\/2022\/10\/mileage-correction-history-300x67.png 300w, https:\/\/www.fmsdocumentation.com\/wp-content\/uploads\/2022\/10\/mileage-correction-history-1024x227.png 1024w, https:\/\/www.fmsdocumentation.com\/wp-content\/uploads\/2022\/10\/mileage-correction-history-768x171.png 768w\" sizes=\"auto, (max-width: 1292px) 100vw, 1292px\" \/><\/figure>&#13;\n&#13;\n<p>Za ispravak kilometra\u017ee, pomaknite mi\u0161 preko trenutne kilometra\u017ee i pojavit \u0107e se ikona za ure\u0111ivanje, kliknite ikonu za otvaranje izbornika za ispravljanje. Ovdje korisnik mo\u017ee odrediti novu trenutnu vrijednost kilometra\u017ee i datum od kojeg \u0107e se podaci o kilometra\u017ei ponovno izra\u010dunati prema novoj trenutnoj vrijednosti kilometra\u017ee. <\/p>&#13;\n&#13;\n<figure class=\"wp-block-image is-resized\"><img loading=\"lazy\" decoding=\"async\" class=\"alignnone wp-image-13359 size-full\" src=\"https:\/\/www.fmsdocumentation.com\/wp-content\/uploads\/2022\/10\/mileage-correction.png\" alt=\"\" width=\"595\" height=\"387\" srcset=\"https:\/\/www.fmsdocumentation.com\/wp-content\/uploads\/2022\/10\/mileage-correction.png 595w, https:\/\/www.fmsdocumentation.com\/wp-content\/uploads\/2022\/10\/mileage-correction-300x195.png 300w\" sizes=\"auto, (max-width: 595px) 100vw, 595px\" \/><\/figure>&#13;\n&#13;\n<p>Nakon \u0161to se izvr\u0161i promjena, mora se spremiti klikom na ikonu <b>\u2713<\/b> . Za korekciju kilometra\u017ee primjenjuje se nekoliko pravila: <\/p>&#13;\n&#13;\n<ul class=\"wp-block-list\">&#13;\n<li>Kilometra\u017ea se mo\u017ee promijeniti za svako vozilo samo jednom u 24 sata<\/li>&#13;\n<li>Datum ispravka mo\u017ee biti do 35 dana u pro\u0161losti<\/li>&#13;\n<li>Ispravku kilometra\u017ee mogu izvr\u0161iti samo administratori<\/li>&#13;\n<li>Ispravak kilometra\u017ee dostupan je samo za vozila koja \u0161alju podatke o kilometra\u017ei s virtualnog broja\u010da kilometara<\/li>&#13;\n<\/ul>&#13;\n&#13;\n<p>Za izlazak iz odjeljka s detaljima vozila kliknite gumb <strong>Zatvori<\/strong> koji se nalazi u gornjem desnom kutu zaslona.<\/p>&#13;\n&#13;\n<p>Ostale plo\u010de mogu se otvoriti u plo\u010di sa\u017eetka:<\/p>&#13;\n&#13;\n<ol class=\"wp-block-list\">&#13;\n<li>Sa\u017eetak (otvoreno prema zadanim postavkama)<\/li>&#13;\n<li>Povijest<\/li>&#13;\n<li>Doga\u0111aji<\/li>&#13;\n<li>Gorivo<\/li>&#13;\n<li>Odr\u017eavanje<\/li>&#13;\n<li>Analiza vremena (samo za vozila s podacima tahografa)<\/li>&#13;\n<\/ol>&#13;\n&#13;\n<p>Trenutno otvorena plo\u010da ozna\u010dena je svjetlijom nijansom plave boje.<\/p>&#13;\n&#13;\n<figure class=\"wp-block-image is-resized\"><a href=\"https:\/\/www.fmsdocumentation.com\/wp-content\/uploads\/2018\/11\/30.png\"><img loading=\"lazy\" decoding=\"async\" class=\"wp-image-6184\" src=\"https:\/\/www.fmsdocumentation.com\/wp-content\/uploads\/2018\/11\/30.png\" alt=\"\" width=\"360\" height=\"60\" srcset=\"https:\/\/www.fmsdocumentation.com\/wp-content\/uploads\/2018\/11\/30.png 360w, https:\/\/www.fmsdocumentation.com\/wp-content\/uploads\/2018\/11\/30-300x50.png 300w\" sizes=\"auto, (max-width: 360px) 100vw, 360px\" \/><\/a><\/figure>&#13;\n<hr class=\"wp-block-separator\" \/>&#13;\n<p><div class=\"alignleft\"><a href=\"https:\/\/www.fmsdocumentation.com\/hr\/izbornik-statusa-flote\/\" title=\"Izbornik statusa flote\"><span class=\"arrow\">\u2039 &nbsp <\/span> Izbornik statusa flote <\/a><\/div> <div class=\"alignright\"><a href=\"https:\/\/www.fmsdocumentation.com\/hr\/izbornik-statusa-flote\/pregled-povijesti\/\" title=\"Pregled povijesti\">Pregled povijesti <span class=\"arrow\"> &nbsp\u203a <\/span> <\/a><\/div><\/p>&#13;\n","protected":false},"excerpt":{"rendered":"<p>&#13; Ova pregledna plo\u010da pro\u0161iruje osnovne informacije i dodaje dodatne informacije, kao \u0161to su: &#13; &#13; &#13; Trenutna adresa lokacije vozila &#13; Naziv geozone ako se vozilo nalazi unutar jedne &#13; Prvi voza\u010d i status &#8211; prikazuje voza\u010da dodijeljenog vozilu zajedno s ikonom trenutnih informacija o statusu tahografa (opisano u nastavku) i trajanjem statusa. Statusi &hellip; <a href=\"https:\/\/www.fmsdocumentation.com\/hr\/izbornik-statusa-flote\/sazetak-pregleda\/\" class=\"more-link\">Continue reading <span class=\"screen-reader-text\">Sa\u017eetak pregleda<\/span><\/a><\/p>\n","protected":false},"author":1,"featured_media":0,"parent":15569,"menu_order":2,"comment_status":"closed","ping_status":"closed","template":"","meta":{"footnotes":""},"class_list":["post-15474","page","type-page","status-publish","hentry"],"_links":{"self":[{"href":"https:\/\/www.fmsdocumentation.com\/hr\/wp-json\/wp\/v2\/pages\/15474","targetHints":{"allow":["GET"]}}],"collection":[{"href":"https:\/\/www.fmsdocumentation.com\/hr\/wp-json\/wp\/v2\/pages"}],"about":[{"href":"https:\/\/www.fmsdocumentation.com\/hr\/wp-json\/wp\/v2\/types\/page"}],"author":[{"embeddable":true,"href":"https:\/\/www.fmsdocumentation.com\/hr\/wp-json\/wp\/v2\/users\/1"}],"replies":[{"embeddable":true,"href":"https:\/\/www.fmsdocumentation.com\/hr\/wp-json\/wp\/v2\/comments?post=15474"}],"version-history":[{"count":1,"href":"https:\/\/www.fmsdocumentation.com\/hr\/wp-json\/wp\/v2\/pages\/15474\/revisions"}],"predecessor-version":[{"id":15518,"href":"https:\/\/www.fmsdocumentation.com\/hr\/wp-json\/wp\/v2\/pages\/15474\/revisions\/15518"}],"up":[{"embeddable":true,"href":"https:\/\/www.fmsdocumentation.com\/hr\/wp-json\/wp\/v2\/pages\/15569"}],"wp:attachment":[{"href":"https:\/\/www.fmsdocumentation.com\/hr\/wp-json\/wp\/v2\/media?parent=15474"}],"curies":[{"name":"wp","href":"https:\/\/api.w.org\/{rel}","templated":true}]}}