{"id":15519,"date":"2025-06-10T11:41:19","date_gmt":"2025-06-10T08:41:19","guid":{"rendered":"https:\/\/www.fmsdocumentation.com\/pojedinacni-objekti\/"},"modified":"2025-06-10T11:41:33","modified_gmt":"2025-06-10T08:41:33","slug":"pojedinacni-objekti","status":"publish","type":"page","link":"https:\/\/www.fmsdocumentation.com\/hr\/glavni-fms-prozor\/pojedinacni-objekti\/","title":{"rendered":"Pojedina\u010dni objekti"},"content":{"rendered":"<p>Prilikom zumiranja, klasteri se automatski dijele u manje grupe, sve dok se u odre\u0111enom trenutku ne prika\u017eu pojedina\u010dni objekti. Boja ikone objekta pru\u017ea informacije o trenutnom stanju objekta.<br \/>\n\n<table id=\"tablepress-1\" class=\"tablepress tablepress-id-1\">\n<thead>\n<tr class=\"row-1\">\n\t<th class=\"column-1\"><strong>Icon<\/strong><\/th><th class=\"column-2\"><strong>State<\/strong><\/th>\n<\/tr>\n<\/thead>\n<tbody>\n<tr class=\"row-2\">\n\t<td class=\"column-1\"><img loading=\"lazy\" decoding=\"async\" src=\"http:\/\/www.fmsdocumentation.com\/wp-content\/uploads\/2017\/04\/5.png\" alt=\"\" width=\"30\" height=\"30\" class=\"aligncenter size-full wp-image-239\" \/><\/td><td class=\"column-2\">The object did not send data for a specific time interval and is inactive.<\/td>\n<\/tr>\n<tr class=\"row-3\">\n\t<td class=\"column-1\"><img loading=\"lazy\" decoding=\"async\" src=\"http:\/\/www.fmsdocumentation.com\/wp-content\/uploads\/2017\/09\/6.png\" alt=\"\" width=\"30\" height=\"30\" class=\"aligncenter size-full wp-image-240\" \/><\/td><td class=\"column-2\">The object is active and moving in the displayed direction.<\/td>\n<\/tr>\n<tr class=\"row-4\">\n\t<td class=\"column-1\"><img loading=\"lazy\" decoding=\"async\" src=\"http:\/\/www.fmsdocumentation.com\/wp-content\/uploads\/2017\/09\/7.png\" alt=\"\" width=\"30\" height=\"30\" class=\"aligncenter size-full wp-image-241\" \/><\/td><td class=\"column-2\">The object is idling (ignition on, not moving).<\/td>\n<\/tr>\n<tr class=\"row-5\">\n\t<td class=\"column-1\"><img loading=\"lazy\" decoding=\"async\" src=\"http:\/\/www.fmsdocumentation.com\/wp-content\/uploads\/2017\/09\/8.png\" alt=\"\" width=\"30\" height=\"30\" class=\"aligncenter size-full wp-image-242\" \/><\/td><td class=\"column-2\">The object is parked with ignition off.<\/td>\n<\/tr>\n<tr class=\"row-6\">\n\t<td class=\"column-1\"><img loading=\"lazy\" decoding=\"async\" src=\"http:\/\/www.fmsdocumentation.com\/wp-content\/uploads\/2018\/11\/redicon.png\" alt=\"\" width=\"30\" height=\"30\" class=\"aligncenter size-full wp-image-243\" \/><\/td><td class=\"column-2\">The object's ignition is blocked.<\/td>\n<\/tr>\n<\/tbody>\n<\/table>\n<!-- #tablepress-1 from cache --><\/p>\n<p><a href=\"https:\/\/www.fmsdocumentation.com\/wp-content\/uploads\/2017\/04\/9-2.png\"><img loading=\"lazy\" decoding=\"async\" class=\"alignnone wp-image-1129 size-full\" src=\"https:\/\/www.fmsdocumentation.com\/wp-content\/uploads\/2017\/04\/9-2.png\" alt=\"\" width=\"411\" height=\"386\" srcset=\"https:\/\/www.fmsdocumentation.com\/wp-content\/uploads\/2017\/04\/9-2.png 411w, https:\/\/www.fmsdocumentation.com\/wp-content\/uploads\/2017\/04\/9-2-300x282.png 300w\" sizes=\"auto, (max-width: 411px) 100vw, 411px\" \/><\/a><\/p>\n<p>Pomicanjem pokaziva\u010da mi\u0161a preko odre\u0111enog vozila prikazat \u0107e se sko\u010dna traka s osnovnim informacijama:<\/p>\n<ul>\n<li>Naziv vozila;<\/li>\n<li>Ime voza\u010da (ako je dodijeljeno);<\/li>\n<li>Stanje voza\u010da (ako su dostupni podaci tahografa);<\/li>\n<li>Trenutna brzina;<\/li>\n<li>Trajanje stanja;<\/li>\n<li>Posljednji poznati smjer kretanja;<\/li>\n<li>Trenutna razina goriva (ako je razina = 0, to zna\u010di da nema podataka o razinama goriva);<\/li>\n<li>Trajanje vo\u017enje, odmora i radnog stanja (ako se koristi funkcionalnost <a href=\"https:\/\/www.fmsdocumentation.com\/overview-menu\/time-analysis-overview\/\">vremenske analize<\/a> ).<\/li>\n<\/ul>\n<p><a href=\"https:\/\/www.fmsdocumentation.com\/wp-content\/uploads\/2017\/04\/10-2.png\"><img loading=\"lazy\" decoding=\"async\" class=\"alignnone wp-image-1131 size-full\" src=\"https:\/\/www.fmsdocumentation.com\/wp-content\/uploads\/2017\/04\/10-2.png\" alt=\"\" width=\"311\" height=\"222\" srcset=\"https:\/\/www.fmsdocumentation.com\/wp-content\/uploads\/2017\/04\/10-2.png 311w, https:\/\/www.fmsdocumentation.com\/wp-content\/uploads\/2017\/04\/10-2-300x214.png 300w\" sizes=\"auto, (max-width: 311px) 100vw, 311px\" \/><\/a><\/p>\n<p>Korisnik mo\u017ee generirati poveznicu za dijeljenje s lokacijom vozila klikom na ikonu poveznice kao \u0161to je prikazano na slici ispod. Generiranje poveznice opisano je u odjeljku \u201e<a href=\"https:\/\/www.fmsdocumentation.com\/overview-menu\/\">Izbornik statusa voznog parka<\/a>\u201d. <\/p>\n<p><a href=\"https:\/\/www.fmsdocumentation.com\/wp-content\/uploads\/2018\/03\/335.png\"><img loading=\"lazy\" decoding=\"async\" class=\"alignnone size-full wp-image-4521\" src=\"https:\/\/www.fmsdocumentation.com\/wp-content\/uploads\/2018\/03\/335.png\" alt=\"\" width=\"347\" height=\"208\" srcset=\"https:\/\/www.fmsdocumentation.com\/wp-content\/uploads\/2018\/03\/335.png 347w, https:\/\/www.fmsdocumentation.com\/wp-content\/uploads\/2018\/03\/335-300x180.png 300w\" sizes=\"auto, (max-width: 347px) 100vw, 347px\" \/><\/a><\/p>\n<p>Klikom na vozilo otvorit \u0107e se plo\u010da s pregledom vozila na lijevoj strani zaslona. Ova plo\u010da opisana je u odjeljku \u201e<a href=\"https:\/\/www.fmsdocumentation.com\/overview-menu\/\">Izbornik statusa voznog parka<\/a>\u201d. <\/p>\n<hr>\n<p><div class=\"alignleft\"><a href=\"https:\/\/www.fmsdocumentation.com\/hr\/glavni-fms-prozor\/klaster-objekata\/\" title=\"Klaster objekata\"><span class=\"arrow\">\u2039 &nbsp <\/span> Klaster objekata <\/a><\/div>  <div class=\"alignright\"><a href=\"https:\/\/www.fmsdocumentation.com\/hr\/glavni-fms-prozor\/upozorenja-od-objekata\/\" title=\"Upozorenja od objekata\">Upozorenja od objekata <span class=\"arrow\"> &nbsp\u203a <\/span> <\/a><\/div><\/p>\n","protected":false},"excerpt":{"rendered":"<p>Prilikom zumiranja, klasteri se automatski dijele u manje grupe, sve dok se u odre\u0111enom trenutku ne prika\u017eu pojedina\u010dni objekti. Boja ikone objekta pru\u017ea informacije o trenutnom stanju objekta. Pomicanjem pokaziva\u010da mi\u0161a preko odre\u0111enog vozila prikazat \u0107e se sko\u010dna traka s osnovnim informacijama: Naziv vozila; Ime voza\u010da (ako je dodijeljeno); Stanje voza\u010da (ako su dostupni podaci &hellip; <a href=\"https:\/\/www.fmsdocumentation.com\/hr\/glavni-fms-prozor\/pojedinacni-objekti\/\" class=\"more-link\">Continue reading <span class=\"screen-reader-text\">Pojedina\u010dni objekti<\/span><\/a><\/p>\n","protected":false},"author":1,"featured_media":0,"parent":15560,"menu_order":4,"comment_status":"closed","ping_status":"closed","template":"","meta":{"footnotes":""},"class_list":["post-15519","page","type-page","status-publish","hentry"],"_links":{"self":[{"href":"https:\/\/www.fmsdocumentation.com\/hr\/wp-json\/wp\/v2\/pages\/15519","targetHints":{"allow":["GET"]}}],"collection":[{"href":"https:\/\/www.fmsdocumentation.com\/hr\/wp-json\/wp\/v2\/pages"}],"about":[{"href":"https:\/\/www.fmsdocumentation.com\/hr\/wp-json\/wp\/v2\/types\/page"}],"author":[{"embeddable":true,"href":"https:\/\/www.fmsdocumentation.com\/hr\/wp-json\/wp\/v2\/users\/1"}],"replies":[{"embeddable":true,"href":"https:\/\/www.fmsdocumentation.com\/hr\/wp-json\/wp\/v2\/comments?post=15519"}],"version-history":[{"count":1,"href":"https:\/\/www.fmsdocumentation.com\/hr\/wp-json\/wp\/v2\/pages\/15519\/revisions"}],"predecessor-version":[{"id":15590,"href":"https:\/\/www.fmsdocumentation.com\/hr\/wp-json\/wp\/v2\/pages\/15519\/revisions\/15590"}],"up":[{"embeddable":true,"href":"https:\/\/www.fmsdocumentation.com\/hr\/wp-json\/wp\/v2\/pages\/15560"}],"wp:attachment":[{"href":"https:\/\/www.fmsdocumentation.com\/hr\/wp-json\/wp\/v2\/media?parent=15519"}],"curies":[{"name":"wp","href":"https:\/\/api.w.org\/{rel}","templated":true}]}}