{"id":15522,"date":"2025-06-10T11:41:20","date_gmt":"2025-06-10T08:41:20","guid":{"rendered":"https:\/\/www.fmsdocumentation.com\/osnove\/"},"modified":"2025-06-10T11:41:22","modified_gmt":"2025-06-10T08:41:22","slug":"osnove","status":"publish","type":"page","link":"https:\/\/www.fmsdocumentation.com\/hr\/osnove\/","title":{"rendered":"Osnove"},"content":{"rendered":"\n<p>U odjeljku Osnove korisnik \u0107e prona\u0107i osnovne informacije o kori\u0161tenju FMS-a, kao \u0161to su:<\/p>\n\n<ul class=\"wp-block-list\"><li>Kako se prijaviti u sustav<\/li><li>Kako se odjaviti<\/li><li>Gdje prona\u0107i ovaj priru\u010dnik u FMS sustavu<\/li><li>Aplikacije koje rade s FMS sustavom<\/li><li>Osnovne informacije o mobilnoj verziji FMS-a<\/li><li>Ograni\u010denja funkcionalnosti na temelju odabranih planova naplate<\/li><\/ul>\n\n<p>Oni su opisani na zasebnim stranicama, korak po korak kroz cijeli priru\u010dnik.<\/p>\n\n<hr class=\"wp-block-separator\"\/>\n\n<p><div class=\"alignleft\"><a href=\"https:\/\/www.fmsdocumentation.com\/hr\/\" title=\"Vodi\u010d za FMS\"><span class=\"arrow\">\u2039 &nbsp <\/span> Vodi\u010d za FMS <\/a><\/div> <div class=\"alignright\"><a href=\"https:\/\/www.fmsdocumentation.com\/hr\/osnove\/pravila-o-privatnosti-fms-a\/\" title=\"Pravila o privatnosti FMS-a\">Pravila o privatnosti FMS-a <span class=\"arrow\"> &nbsp\u203a <\/span> <\/a><\/div><\/p>\n","protected":false},"excerpt":{"rendered":"<p>U odjeljku Osnove korisnik \u0107e prona\u0107i osnovne informacije o kori\u0161tenju FMS-a, kao \u0161to su: Kako se prijaviti u sustav Kako se odjaviti Gdje prona\u0107i ovaj priru\u010dnik u FMS sustavu Aplikacije koje rade s FMS sustavom Osnovne informacije o mobilnoj verziji FMS-a Ograni\u010denja funkcionalnosti na temelju odabranih planova naplate Oni su opisani na zasebnim stranicama, korak &hellip; <a href=\"https:\/\/www.fmsdocumentation.com\/hr\/osnove\/\" class=\"more-link\">Continue reading <span class=\"screen-reader-text\">Osnove<\/span><\/a><\/p>\n","protected":false},"author":1,"featured_media":0,"parent":0,"menu_order":13,"comment_status":"closed","ping_status":"closed","template":"","meta":{"footnotes":""},"class_list":["post-15522","page","type-page","status-publish","hentry"],"_links":{"self":[{"href":"https:\/\/www.fmsdocumentation.com\/hr\/wp-json\/wp\/v2\/pages\/15522","targetHints":{"allow":["GET"]}}],"collection":[{"href":"https:\/\/www.fmsdocumentation.com\/hr\/wp-json\/wp\/v2\/pages"}],"about":[{"href":"https:\/\/www.fmsdocumentation.com\/hr\/wp-json\/wp\/v2\/types\/page"}],"author":[{"embeddable":true,"href":"https:\/\/www.fmsdocumentation.com\/hr\/wp-json\/wp\/v2\/users\/1"}],"replies":[{"embeddable":true,"href":"https:\/\/www.fmsdocumentation.com\/hr\/wp-json\/wp\/v2\/comments?post=15522"}],"version-history":[{"count":1,"href":"https:\/\/www.fmsdocumentation.com\/hr\/wp-json\/wp\/v2\/pages\/15522\/revisions"}],"predecessor-version":[{"id":15557,"href":"https:\/\/www.fmsdocumentation.com\/hr\/wp-json\/wp\/v2\/pages\/15522\/revisions\/15557"}],"wp:attachment":[{"href":"https:\/\/www.fmsdocumentation.com\/hr\/wp-json\/wp\/v2\/media?parent=15522"}],"curies":[{"name":"wp","href":"https:\/\/api.w.org\/{rel}","templated":true}]}}