{"id":15529,"date":"2025-06-10T11:41:20","date_gmt":"2025-06-10T08:41:20","guid":{"rendered":"https:\/\/www.fmsdocumentation.com\/stranica-za-prijavu\/"},"modified":"2025-06-10T11:41:22","modified_gmt":"2025-06-10T08:41:22","slug":"stranica-za-prijavu","status":"publish","type":"page","link":"https:\/\/www.fmsdocumentation.com\/hr\/osnove\/stranica-za-prijavu\/","title":{"rendered":"Stranica za prijavu"},"content":{"rendered":"\n<p>U preglednik upi\u0161ite adresu koju vam je dao va\u0161 davatelj usluga kako biste pristupili stranici za prijavu u sustav za upravljanje voznim parkom.<\/p>\n\n<figure class=\"wp-block-image size-large\"><a href=\"https:\/\/www.fmsdocumentation.com\/wp-content\/uploads\/2019\/04\/LoginEN-1.png\"><img loading=\"lazy\" decoding=\"async\" width=\"1024\" height=\"628\" src=\"https:\/\/www.fmsdocumentation.com\/wp-content\/uploads\/2019\/04\/LoginEN-1-1024x628.png\" alt=\"\" class=\"wp-image-7473\" srcset=\"https:\/\/www.fmsdocumentation.com\/wp-content\/uploads\/2019\/04\/LoginEN-1-1024x628.png 1024w, https:\/\/www.fmsdocumentation.com\/wp-content\/uploads\/2019\/04\/LoginEN-1-300x184.png 300w, https:\/\/www.fmsdocumentation.com\/wp-content\/uploads\/2019\/04\/LoginEN-1-768x471.png 768w, https:\/\/www.fmsdocumentation.com\/wp-content\/uploads\/2019\/04\/LoginEN-1.png 1379w\" sizes=\"auto, (max-width: 1024px) 100vw, 1024px\" \/><\/a><\/figure>\n\n<p>Za prijavu u FMS, korisnik mora unijeti svoje vjerodajnice u polja za prijavu:<\/p>\n\n<ul class=\"wp-block-list\"><li>Korisni\u010dko ime ili e-po\u0161ta \u2013 korisni\u010dko ime koje je dao pru\u017eatelj usluge ili potvr\u0111ena adresa e-po\u0161te<\/li><li>Lozinka \u2013 lozinka koju pru\u017eatelj usluge daje odgovaraju\u0107em korisniku. Klikom na ikonu oka prikazat \u0107e se lozinka u tekstualnom obliku. <\/li><\/ul>\n\n<p>Prijava se sprema 24 sata. Ako je ozna\u010den potvrdni okvir \u201eZapamti me\u201d, korisni\u010dke vjerodajnice bit \u0107e spremljene svaki put kada se pokrene FMS. <\/p>\n\n<p>Nakon unosa podataka za prijavu, kliknite gumb <strong>Prijava<\/strong> za ulazak u FMS.<\/p>\n\n<p>Korisnici kojima je potvr\u0111ena e-mail adresa mogu resetirati lozinku klikom na <strong>Zaboravljena lozinka?.<\/strong> Nakon \u0161to unese potvr\u0111enu e-mail adresu i klikne na <strong>Poni\u0161ti moju lozinku<\/strong> , korisnik \u0107e primiti e-poruku s poveznicom za resetiranje lozinke. <\/p>\n\n<figure class=\"wp-block-image is-resized\"><a href=\"https:\/\/www.fmsdocumentation.com\/wp-content\/uploads\/2019\/04\/391.png\"><img loading=\"lazy\" decoding=\"async\" src=\"https:\/\/www.fmsdocumentation.com\/wp-content\/uploads\/2019\/04\/391.png\" alt=\"\" class=\"wp-image-7482\" width=\"580\" height=\"288\" srcset=\"https:\/\/www.fmsdocumentation.com\/wp-content\/uploads\/2019\/04\/391.png 600w, https:\/\/www.fmsdocumentation.com\/wp-content\/uploads\/2019\/04\/391-300x149.png 300w\" sizes=\"auto, (max-width: 580px) 100vw, 580px\" \/><\/a><\/figure>\n\n<p><p class=\"note\">Bilje\u0161ka<br\/> Ako korisnik ima nepla\u0107enih ra\u010duna, sustav \u0107e blokirati pristup FMS-u. Korisnik \u0107e o tome biti obavije\u0161ten porukom upozorenja tijekom prijave. Obavijesti o nadolaze\u0107im pla\u0107anjima tako\u0111er \u0107e se prikazivati \u200b\u200bnakon prijave u sustav. Obavijesti se pojavljuju kada je do roka pla\u0107anja ostalo 14 dana.     <\/p><\/p>\n\n<hr class=\"wp-block-separator\"\/>\n\n<p><div class=\"alignleft\"><a href=\"https:\/\/www.fmsdocumentation.com\/hr\/osnove\/pravila-o-privatnosti-fms-a\/\" title=\"Pravila o privatnosti FMS-a\"><span class=\"arrow\">\u2039 &nbsp <\/span> Pravila o privatnosti FMS-a <\/a><\/div> <div class=\"alignright\"><a href=\"https:\/\/www.fmsdocumentation.com\/hr\/osnove\/odjava\/\" title=\"Odjava\">Odjava <span class=\"arrow\"> &nbsp\u203a <\/span> <\/a><\/div><\/p>\n","protected":false},"excerpt":{"rendered":"<p>U preglednik upi\u0161ite adresu koju vam je dao va\u0161 davatelj usluga kako biste pristupili stranici za prijavu u sustav za upravljanje voznim parkom. Za prijavu u FMS, korisnik mora unijeti svoje vjerodajnice u polja za prijavu: Korisni\u010dko ime ili e-po\u0161ta \u2013 korisni\u010dko ime koje je dao pru\u017eatelj usluge ili potvr\u0111ena adresa e-po\u0161te Lozinka \u2013 lozinka &hellip; <a href=\"https:\/\/www.fmsdocumentation.com\/hr\/osnove\/stranica-za-prijavu\/\" class=\"more-link\">Continue reading <span class=\"screen-reader-text\">Stranica za prijavu<\/span><\/a><\/p>\n","protected":false},"author":1,"featured_media":0,"parent":15522,"menu_order":1,"comment_status":"closed","ping_status":"closed","template":"","meta":{"footnotes":""},"class_list":["post-15529","page","type-page","status-publish","hentry"],"_links":{"self":[{"href":"https:\/\/www.fmsdocumentation.com\/hr\/wp-json\/wp\/v2\/pages\/15529","targetHints":{"allow":["GET"]}}],"collection":[{"href":"https:\/\/www.fmsdocumentation.com\/hr\/wp-json\/wp\/v2\/pages"}],"about":[{"href":"https:\/\/www.fmsdocumentation.com\/hr\/wp-json\/wp\/v2\/types\/page"}],"author":[{"embeddable":true,"href":"https:\/\/www.fmsdocumentation.com\/hr\/wp-json\/wp\/v2\/users\/1"}],"replies":[{"embeddable":true,"href":"https:\/\/www.fmsdocumentation.com\/hr\/wp-json\/wp\/v2\/comments?post=15529"}],"version-history":[{"count":1,"href":"https:\/\/www.fmsdocumentation.com\/hr\/wp-json\/wp\/v2\/pages\/15529\/revisions"}],"predecessor-version":[{"id":15558,"href":"https:\/\/www.fmsdocumentation.com\/hr\/wp-json\/wp\/v2\/pages\/15529\/revisions\/15558"}],"up":[{"embeddable":true,"href":"https:\/\/www.fmsdocumentation.com\/hr\/wp-json\/wp\/v2\/pages\/15522"}],"wp:attachment":[{"href":"https:\/\/www.fmsdocumentation.com\/hr\/wp-json\/wp\/v2\/media?parent=15529"}],"curies":[{"name":"wp","href":"https:\/\/api.w.org\/{rel}","templated":true}]}}