{"id":15559,"date":"2025-06-10T11:41:31","date_gmt":"2025-06-10T08:41:31","guid":{"rendered":"https:\/\/www.fmsdocumentation.com\/osnove\/odjava\/"},"modified":"2025-06-10T11:41:32","modified_gmt":"2025-06-10T08:41:32","slug":"odjava","status":"publish","type":"page","link":"https:\/\/www.fmsdocumentation.com\/hr\/osnove\/odjava\/","title":{"rendered":"Odjava"},"content":{"rendered":"&#13;\n<p>Za odjavu kliknite strelicu prema dolje koja se nalazi u gornjem desnom dijelu zaslona. Otvorit \u0107e se padaju\u0107i izbornik u kojem su dostupne tri opcije: <\/p>&#13;\n&#13;\n<ul class=\"wp-block-list\">&#13;\n<li>Postavke ra\u010duna \u2013 razne postavke za prijavljeni ra\u010dun, opisane na ovoj <a href=\"https:\/\/www.fmsdocumentation.com\/hr\/postavke-racuna\/\">stranici<\/a> priru\u010dnika<\/li>&#13;\n<li>Generirane poveznice \u2013 korisnik mo\u017ee generirati poveznice za dijeljenje s lokacijama vozila, opisanim na ovoj <a href=\"https:\/\/www.fmsdocumentation.com\/hr\/generirane-poveznice\/\">stranici<\/a> priru\u010dnika<\/li>&#13;\n<li>Odjava \u2013 kliknite ovaj gumb za odjavu iz sustava<\/li>&#13;\n<\/ul>&#13;\n&#13;\n<figure class=\"wp-block-image is-resized\"><a href=\"https:\/\/www.fmsdocumentation.com\/wp-content\/uploads\/2017\/04\/Logging-out-1.jpg\"><img loading=\"lazy\" decoding=\"async\" class=\"wp-image-3215\" src=\"https:\/\/www.fmsdocumentation.com\/wp-content\/uploads\/2017\/04\/Logging-out-1.jpg\" alt=\"\" width=\"580\" height=\"310\" srcset=\"https:\/\/www.fmsdocumentation.com\/wp-content\/uploads\/2017\/04\/Logging-out-1.jpg 901w, https:\/\/www.fmsdocumentation.com\/wp-content\/uploads\/2017\/04\/Logging-out-1-300x160.jpg 300w, https:\/\/www.fmsdocumentation.com\/wp-content\/uploads\/2017\/04\/Logging-out-1-768x411.jpg 768w\" sizes=\"auto, (max-width: 580px) 100vw, 580px\" \/><\/a><\/figure>&#13;\n&#13;\n<p>Sve ostale susjedne ikone opisane su detaljnije u odjeljku <a href=\"https:\/\/www.fmsdocumentation.com\/main-tms-window\/\">Glavni prozor FMS-a<\/a> .<\/p>&#13;\n<hr class=\"wp-block-separator\" \/>&#13;\n<p><div class=\"alignleft\"><a href=\"https:\/\/www.fmsdocumentation.com\/hr\/osnove\/stranica-za-prijavu\/\" title=\"Stranica za prijavu\"><span class=\"arrow\">\u2039 &nbsp <\/span> Stranica za prijavu <\/a><\/div> <div class=\"alignright\"><a href=\"https:\/\/www.fmsdocumentation.com\/hr\/osnove\/mobilna-aplikacija\/\" title=\"Mobilna aplikacija\">Mobilna aplikacija <span class=\"arrow\"> &nbsp\u203a <\/span> <\/a><\/div><\/p>&#13;\n","protected":false},"excerpt":{"rendered":"<p>&#13; Za odjavu kliknite strelicu prema dolje koja se nalazi u gornjem desnom dijelu zaslona. Otvorit \u0107e se padaju\u0107i izbornik u kojem su dostupne tri opcije: &#13; &#13; &#13; Postavke ra\u010duna \u2013 razne postavke za prijavljeni ra\u010dun, opisane na ovoj stranici priru\u010dnika &#13; Generirane poveznice \u2013 korisnik mo\u017ee generirati poveznice za dijeljenje s lokacijama vozila, &hellip; <a href=\"https:\/\/www.fmsdocumentation.com\/hr\/osnove\/odjava\/\" class=\"more-link\">Continue reading <span class=\"screen-reader-text\">Odjava<\/span><\/a><\/p>\n","protected":false},"author":1,"featured_media":0,"parent":15522,"menu_order":2,"comment_status":"closed","ping_status":"closed","template":"","meta":{"footnotes":""},"class_list":["post-15559","page","type-page","status-publish","hentry"],"_links":{"self":[{"href":"https:\/\/www.fmsdocumentation.com\/hr\/wp-json\/wp\/v2\/pages\/15559","targetHints":{"allow":["GET"]}}],"collection":[{"href":"https:\/\/www.fmsdocumentation.com\/hr\/wp-json\/wp\/v2\/pages"}],"about":[{"href":"https:\/\/www.fmsdocumentation.com\/hr\/wp-json\/wp\/v2\/types\/page"}],"author":[{"embeddable":true,"href":"https:\/\/www.fmsdocumentation.com\/hr\/wp-json\/wp\/v2\/users\/1"}],"replies":[{"embeddable":true,"href":"https:\/\/www.fmsdocumentation.com\/hr\/wp-json\/wp\/v2\/comments?post=15559"}],"version-history":[{"count":1,"href":"https:\/\/www.fmsdocumentation.com\/hr\/wp-json\/wp\/v2\/pages\/15559\/revisions"}],"predecessor-version":[{"id":15561,"href":"https:\/\/www.fmsdocumentation.com\/hr\/wp-json\/wp\/v2\/pages\/15559\/revisions\/15561"}],"up":[{"embeddable":true,"href":"https:\/\/www.fmsdocumentation.com\/hr\/wp-json\/wp\/v2\/pages\/15522"}],"wp:attachment":[{"href":"https:\/\/www.fmsdocumentation.com\/hr\/wp-json\/wp\/v2\/media?parent=15559"}],"curies":[{"name":"wp","href":"https:\/\/api.w.org\/{rel}","templated":true}]}}