{"id":15560,"date":"2025-06-10T11:41:32","date_gmt":"2025-06-10T08:41:32","guid":{"rendered":"https:\/\/www.fmsdocumentation.com\/glavni-fms-prozor\/"},"modified":"2025-06-10T11:41:32","modified_gmt":"2025-06-10T08:41:32","slug":"glavni-fms-prozor","status":"publish","type":"page","link":"https:\/\/www.fmsdocumentation.com\/hr\/glavni-fms-prozor\/","title":{"rendered":"Glavni FMS prozor"},"content":{"rendered":"<p>Nakon uspje\u0161ne prijave, korisniku \u0107e se prikazati glavni prozor sustava za upravljanje voznim parkom. Ovaj prozor sadr\u017ei dvije glavne komponente sustava i \u010detiri druga alata sustava za brzi pristup: <\/p>\n<ol>\n<li>Karta i bo\u010dna navigacijska plo\u010da \u2013 opisane u sljede\u0107im poglavljima;<\/li>\n<li>Traka za pretra\u017eivanje &#8211; opisano u odjeljku \u201e<a href=\"https:\/\/www.fmsdocumentation.com\/main-tms-window\/search-bar\/\">Traka za pretra\u017eivanje<\/a>\u201d;<\/li>\n<li>Veza na online FMS vodi\u010d;<\/li>\n<li>Plo\u010da za upravljanje web korisnicima &#8211; ova se ikona prikazuje samo ako se prijavio korisnik s administratorskim pravima, to je opisano <a href=\"https:\/\/www.fmsdocumentation.com\/main-tms-window\/webusers-admin-panel\/\">ovdje<\/a> ;<\/li>\n<li>Gumb Obavijesti &#8211; prikazuje trenutni broj nepro\u010ditanih obavijesti i omogu\u0107uje korisniku da ih pro\u010dita, opis je dostupan <a href=\"https:\/\/www.fmsdocumentation.com\/main-tms-window\/alerts-from-objects\/\">ovdje<\/a> .<\/li>\n<li>Padaju\u0107i izbornik, gdje korisnik mo\u017ee pristupiti <a href=\"https:\/\/www.fmsdocumentation.com\/main-tms-window\/account-settings\/\">ovdje<\/a> opisanim \u201ePostavkama ra\u010duna\u201d, pristupiti <a href=\"https:\/\/www.fmsdocumentation.com\/main-tms-window\/generated-links\/\">generiranim poveznicama<\/a> ili se odjaviti iz sustava.<\/li>\n<\/ol>\n<p><a href=\"https:\/\/www.fmsdocumentation.com\/wp-content\/uploads\/2017\/04\/Main-FMS-window.jpg\"><img loading=\"lazy\" decoding=\"async\" class=\"alignnone wp-image-3071 size-full\" src=\"https:\/\/www.fmsdocumentation.com\/wp-content\/uploads\/2017\/04\/Main-FMS-window.jpg\" alt=\"\" width=\"1067\" height=\"666\" srcset=\"https:\/\/www.fmsdocumentation.com\/wp-content\/uploads\/2017\/04\/Main-FMS-window.jpg 1067w, https:\/\/www.fmsdocumentation.com\/wp-content\/uploads\/2017\/04\/Main-FMS-window-300x187.jpg 300w, https:\/\/www.fmsdocumentation.com\/wp-content\/uploads\/2017\/04\/Main-FMS-window-768x479.jpg 768w, https:\/\/www.fmsdocumentation.com\/wp-content\/uploads\/2017\/04\/Main-FMS-window-1024x639.jpg 1024w\" sizes=\"auto, (max-width: 1067px) 100vw, 1067px\" \/><\/a><\/p>\n<hr>\n<h3>Karta<\/h3>\n<p>Karta je klju\u010dni element sustava za upravljanje voznim parkom. Ve\u0107ini zna\u010dajki sustava mo\u017ee se pristupiti izravno s ove stranice. Osmi\u0161ljena je kako bi vam pomogla vidjeti najrelevantnije podatke o cijelom va\u0161em voznom parku.  <\/p>\n<hr>\n<p><div class=\"alignleft\"><a href=\"https:\/\/www.fmsdocumentation.com\/hr\/izvjesce-o-pregledu-vozila\/\" title=\"Izvje\u0161\u0107e o pregledu vozila\"><span class=\"arrow\">\u2039 &nbsp <\/span> Izvje\u0161\u0107e o pregledu vozila <\/a><\/div>  <div class=\"alignright\"><a href=\"https:\/\/www.fmsdocumentation.com\/hr\/glavni-fms-prozor\/traka-za-pretrazivanje\/\" title=\"Traka za pretra\u017eivanje\">Traka za pretra\u017eivanje <span class=\"arrow\"> &nbsp\u203a <\/span> <\/a><\/div><\/p>\n","protected":false},"excerpt":{"rendered":"<p>Nakon uspje\u0161ne prijave, korisniku \u0107e se prikazati glavni prozor sustava za upravljanje voznim parkom. Ovaj prozor sadr\u017ei dvije glavne komponente sustava i \u010detiri druga alata sustava za brzi pristup: Karta i bo\u010dna navigacijska plo\u010da \u2013 opisane u sljede\u0107im poglavljima; Traka za pretra\u017eivanje &#8211; opisano u odjeljku \u201eTraka za pretra\u017eivanje\u201d; Veza na online FMS vodi\u010d; Plo\u010da &hellip; <a href=\"https:\/\/www.fmsdocumentation.com\/hr\/glavni-fms-prozor\/\" class=\"more-link\">Continue reading <span class=\"screen-reader-text\">Glavni FMS prozor<\/span><\/a><\/p>\n","protected":false},"author":1,"featured_media":0,"parent":0,"menu_order":24,"comment_status":"closed","ping_status":"closed","template":"","meta":{"footnotes":""},"class_list":["post-15560","page","type-page","status-publish","hentry"],"_links":{"self":[{"href":"https:\/\/www.fmsdocumentation.com\/hr\/wp-json\/wp\/v2\/pages\/15560","targetHints":{"allow":["GET"]}}],"collection":[{"href":"https:\/\/www.fmsdocumentation.com\/hr\/wp-json\/wp\/v2\/pages"}],"about":[{"href":"https:\/\/www.fmsdocumentation.com\/hr\/wp-json\/wp\/v2\/types\/page"}],"author":[{"embeddable":true,"href":"https:\/\/www.fmsdocumentation.com\/hr\/wp-json\/wp\/v2\/users\/1"}],"replies":[{"embeddable":true,"href":"https:\/\/www.fmsdocumentation.com\/hr\/wp-json\/wp\/v2\/comments?post=15560"}],"version-history":[{"count":0,"href":"https:\/\/www.fmsdocumentation.com\/hr\/wp-json\/wp\/v2\/pages\/15560\/revisions"}],"wp:attachment":[{"href":"https:\/\/www.fmsdocumentation.com\/hr\/wp-json\/wp\/v2\/media?parent=15560"}],"curies":[{"name":"wp","href":"https:\/\/api.w.org\/{rel}","templated":true}]}}