{"id":15564,"date":"2025-06-10T11:41:32","date_gmt":"2025-06-10T08:41:32","guid":{"rendered":"https:\/\/www.fmsdocumentation.com\/klaster-objekata\/"},"modified":"2025-06-10T11:41:32","modified_gmt":"2025-06-10T08:41:32","slug":"klaster-objekata","status":"publish","type":"page","link":"https:\/\/www.fmsdocumentation.com\/hr\/glavni-fms-prozor\/klaster-objekata\/","title":{"rendered":"Klaster objekata"},"content":{"rendered":"<p>Svi objekti trenutnog korisnika prikazani su na karti. Objekti koji su relativno blizu jedan drugome prikazani su kao skupina. <\/p>\n<p>Ikona klastera sadr\u017ei samo osnovne informacije o objektima u ovom klasteru, kao \u0161to su:<\/p>\n<ul>\n<li>Ukupan broj objekata u klasteru.<\/li>\n<li>Statusi objekata prisutnih u klasteru (svaka boja predstavlja stanje vozila, koje je opisano u <a href=\"https:\/\/www.fmsdocumentation.com\/main-tms-window\/individual-objects\/\">pojedina\u010dnim objektima<\/a> ).<\/li>\n<\/ul>\n<p><a href=\"https:\/\/www.fmsdocumentation.com\/wp-content\/uploads\/2017\/04\/3-2.png\"><img loading=\"lazy\" decoding=\"async\" class=\"alignnone wp-image-1126 size-full\" src=\"https:\/\/www.fmsdocumentation.com\/wp-content\/uploads\/2017\/04\/3-2.png\" alt=\"\" width=\"447\" height=\"374\" srcset=\"https:\/\/www.fmsdocumentation.com\/wp-content\/uploads\/2017\/04\/3-2.png 447w, https:\/\/www.fmsdocumentation.com\/wp-content\/uploads\/2017\/04\/3-2-300x251.png 300w\" sizes=\"auto, (max-width: 447px) 100vw, 447px\" \/><\/a><\/p>\n<p>Klikom na skupinu prikazat \u0107e se detaljne informacije o vozilima u toj skupini. Prikazat \u0107e se novi sko\u010dni prozor sa \u0161est kartica. Ove kartice slu\u017ee kao filtri, a dostupne su sljede\u0107e kartice:  <\/p>\n<ul>\n<li><strong>Sve<\/strong> \u2013 prikazuje sve objekte u ovom klasteru;<\/li>\n<li><strong>Pokret<\/strong> \u2013 prikazuje objekte u pokretu;<\/li>\n<li><strong>Prazan hod<\/strong> \u2013 prikazuje objekte s uklju\u010denim paljenjem, ali se ne pomi\u010du;<\/li>\n<li><strong>Paljenje isklju\u010deno<\/strong> \u2013 prikazuje objekte s isklju\u010denim paljenjem;<\/li>\n<li><strong>Nema signala<\/strong> \u2013 prikazuje neaktivne objekte (neaktivne tijekom odre\u0111enog vremenskog razdoblja);<\/li>\n<li><strong>Blokirano<\/strong> \u2013 prikazuje objekte koji su bili blokirani u sustavu za upravljanje voznim parkom.<\/li>\n<\/ul>\n<p><a href=\"https:\/\/www.fmsdocumentation.com\/wp-content\/uploads\/2018\/11\/4.png\"><img loading=\"lazy\" decoding=\"async\" class=\"alignnone size-full wp-image-6166\" src=\"https:\/\/www.fmsdocumentation.com\/wp-content\/uploads\/2018\/11\/4.png\" alt=\"\" width=\"750\" height=\"623\" srcset=\"https:\/\/www.fmsdocumentation.com\/wp-content\/uploads\/2018\/11\/4.png 750w, https:\/\/www.fmsdocumentation.com\/wp-content\/uploads\/2018\/11\/4-300x249.png 300w\" sizes=\"auto, (max-width: 750px) 100vw, 750px\" \/><\/a><\/p>\n<p>Ako kliknete na objekt na ovom popisu, karta \u0107e se automatski zumirati kako bi prikazala njegovu lokaciju. Na lijevoj strani zaslona pojavit \u0107e se i sa\u017eetak. <\/p>\n<hr>\n<p style=\"text-align: left;\"><div class=\"alignleft\"><a href=\"https:\/\/www.fmsdocumentation.com\/hr\/glavni-fms-prozor\/traka-za-pretrazivanje\/\" title=\"Traka za pretra\u017eivanje\"><span class=\"arrow\">\u2039 &nbsp <\/span> Traka za pretra\u017eivanje <\/a><\/div> <div class=\"alignright\"><a href=\"https:\/\/www.fmsdocumentation.com\/hr\/glavni-fms-prozor\/pojedinacni-objekti\/\" title=\"Pojedina\u010dni objekti\">Pojedina\u010dni objekti <span class=\"arrow\"> &nbsp\u203a <\/span> <\/a><\/div><\/p>\n","protected":false},"excerpt":{"rendered":"<p>Svi objekti trenutnog korisnika prikazani su na karti. Objekti koji su relativno blizu jedan drugome prikazani su kao skupina. Ikona klastera sadr\u017ei samo osnovne informacije o objektima u ovom klasteru, kao \u0161to su: Ukupan broj objekata u klasteru. Statusi objekata prisutnih u klasteru (svaka boja predstavlja stanje vozila, koje je opisano u pojedina\u010dnim objektima ). &hellip; <a href=\"https:\/\/www.fmsdocumentation.com\/hr\/glavni-fms-prozor\/klaster-objekata\/\" class=\"more-link\">Continue reading <span class=\"screen-reader-text\">Klaster objekata<\/span><\/a><\/p>\n","protected":false},"author":1,"featured_media":0,"parent":15560,"menu_order":2,"comment_status":"closed","ping_status":"closed","template":"","meta":{"footnotes":""},"class_list":["post-15564","page","type-page","status-publish","hentry"],"_links":{"self":[{"href":"https:\/\/www.fmsdocumentation.com\/hr\/wp-json\/wp\/v2\/pages\/15564","targetHints":{"allow":["GET"]}}],"collection":[{"href":"https:\/\/www.fmsdocumentation.com\/hr\/wp-json\/wp\/v2\/pages"}],"about":[{"href":"https:\/\/www.fmsdocumentation.com\/hr\/wp-json\/wp\/v2\/types\/page"}],"author":[{"embeddable":true,"href":"https:\/\/www.fmsdocumentation.com\/hr\/wp-json\/wp\/v2\/users\/1"}],"replies":[{"embeddable":true,"href":"https:\/\/www.fmsdocumentation.com\/hr\/wp-json\/wp\/v2\/comments?post=15564"}],"version-history":[{"count":0,"href":"https:\/\/www.fmsdocumentation.com\/hr\/wp-json\/wp\/v2\/pages\/15564\/revisions"}],"up":[{"embeddable":true,"href":"https:\/\/www.fmsdocumentation.com\/hr\/wp-json\/wp\/v2\/pages\/15560"}],"wp:attachment":[{"href":"https:\/\/www.fmsdocumentation.com\/hr\/wp-json\/wp\/v2\/media?parent=15564"}],"curies":[{"name":"wp","href":"https:\/\/api.w.org\/{rel}","templated":true}]}}