{"id":15569,"date":"2025-06-10T11:41:32","date_gmt":"2025-06-10T08:41:32","guid":{"rendered":"https:\/\/www.fmsdocumentation.com\/izbornik-statusa-flote\/"},"modified":"2025-06-10T11:41:32","modified_gmt":"2025-06-10T08:41:32","slug":"izbornik-statusa-flote","status":"publish","type":"page","link":"https:\/\/www.fmsdocumentation.com\/hr\/izbornik-statusa-flote\/","title":{"rendered":"Izbornik statusa flote"},"content":{"rendered":"<p>Za otvaranje izbornika Status flote, korisnik mora kliknuti odgovaraju\u0107u ikonu u navigacijskom izborniku koji se nalazi na lijevoj strani zaslona. Nakon klika na ikonu, ona \u0107e biti ozna\u010dena plavom bojom, a nova plo\u010da \u0107e se pojaviti pored navigacijskog izbornika. Ovo je plo\u010da statusa flote.  <\/p>\n<p><a href=\"https:\/\/www.fmsdocumentation.com\/wp-content\/uploads\/2018\/11\/24.png\"><img loading=\"lazy\" decoding=\"async\" class=\"alignnone size-large wp-image-6169\" src=\"https:\/\/www.fmsdocumentation.com\/wp-content\/uploads\/2018\/11\/24-1024x515.png\" alt=\"\" width=\"660\" height=\"332\" srcset=\"https:\/\/www.fmsdocumentation.com\/wp-content\/uploads\/2018\/11\/24-1024x515.png 1024w, https:\/\/www.fmsdocumentation.com\/wp-content\/uploads\/2018\/11\/24-300x151.png 300w, https:\/\/www.fmsdocumentation.com\/wp-content\/uploads\/2018\/11\/24-768x386.png 768w, https:\/\/www.fmsdocumentation.com\/wp-content\/uploads\/2018\/11\/24.png 1920w\" sizes=\"auto, (max-width: 660px) 100vw, 660px\" \/><\/a><\/p>\n<p>Plo\u010da statusa voznog parka prikazuje pregled svih objekata u voznom parku korisnika. Prema zadanim postavkama prikazuju se sva vozila. Va\u017eno je napomenuti da na popisu ne mogu biti prisutna samo vozila. Prikolice se tako\u0111er mogu prikazati na popisu i bit \u0107e prikazane ako postoje za trenutnog web korisnika. Prikolicama upravlja davatelj usluge, tako da korisnik ne mo\u017ee sam definirati koji su objekti prikolice.    <\/p>\n<p>Svaki objekt na popisu ima odre\u0111eni indikator koji pokazuje o kojoj se vrsti objekta radi i u kojem se stanju nalazi (stanja su opisana u <a href=\"https:\/\/www.fmsdocumentation.com\/main-tms-window\/individual-objects\/\">odjeljku Pojedina\u010dni objekti<\/a> ). Neke se vrste objekata mogu postaviti putem opcije <strong>Detalji vozila<\/strong> , dok drugima isklju\u010divo upravlja pru\u017eatelj usluge. Trenutno su dostupne sljede\u0107e vrste objekata:  <\/p>\n<p><a href=\"https:\/\/www.fmsdocumentation.com\/wp-content\/uploads\/2021\/08\/284.png\"><img loading=\"lazy\" decoding=\"async\" class=\"alignnone wp-image-10713 \" src=\"https:\/\/www.fmsdocumentation.com\/wp-content\/uploads\/2021\/08\/284.png\" alt=\"\" width=\"542\" height=\"418\" srcset=\"https:\/\/www.fmsdocumentation.com\/wp-content\/uploads\/2021\/08\/284.png 977w, https:\/\/www.fmsdocumentation.com\/wp-content\/uploads\/2021\/08\/284-300x231.png 300w, https:\/\/www.fmsdocumentation.com\/wp-content\/uploads\/2021\/08\/284-768x592.png 768w\" sizes=\"auto, (max-width: 542px) 100vw, 542px\" \/><\/a><\/p>\n<p>Nakon \u0161to se prikolica priklju\u010di na vozilo, kombinirani objekt \u0107e se prikazivati \u200b\u200bna popisu sve dok se ne odvoji. Objekt \u0107e prvo prikazati naziv vozila, a zatim naziv prikolice. <\/p>\n<p><a href=\"https:\/\/www.fmsdocumentation.com\/wp-content\/uploads\/2018\/11\/285.png\"><img loading=\"lazy\" decoding=\"async\" class=\"alignnone size-full wp-image-6174\" src=\"https:\/\/www.fmsdocumentation.com\/wp-content\/uploads\/2018\/11\/285.png\" alt=\"\" width=\"366\" height=\"72\" srcset=\"https:\/\/www.fmsdocumentation.com\/wp-content\/uploads\/2018\/11\/285.png 366w, https:\/\/www.fmsdocumentation.com\/wp-content\/uploads\/2018\/11\/285-300x59.png 300w\" sizes=\"auto, (max-width: 366px) 100vw, 366px\" \/><\/a><\/p>\n<p>Osim toga, broj objekata u svim statusima bit \u0107e manji za jedan zbog pri\u010dvr\u0161\u0107ivanja, dok \u0107e ukupan broj vozila ostati isti.<\/p>\n<p>Postoji nekoliko na\u010dina za filtriranje popisa objekata.<\/p>\n<p>Prvi filter je po grupama. Nalazi se na vrhu popisa. Klikom na padaju\u0107u strelicu otvorit \u0107e se popis svih postoje\u0107ih grupa za trenutnog korisnika. Korisnik zatim mo\u017ee odabrati koju grupu objekata \u017eeli prikazati. Odabirom grupe filtrirat \u0107e se popis tako da prikazuje samo objekte dodijeljene toj odre\u0111enoj grupi.    <\/p>\n<p><a href=\"https:\/\/www.fmsdocumentation.com\/wp-content\/uploads\/2017\/04\/256.png\"><img loading=\"lazy\" decoding=\"async\" class=\"wp-image-790 size-full alignnone\" src=\"https:\/\/www.fmsdocumentation.com\/wp-content\/uploads\/2017\/04\/256.png\" alt=\"\" width=\"360\" height=\"352\" srcset=\"https:\/\/www.fmsdocumentation.com\/wp-content\/uploads\/2017\/04\/256.png 360w, https:\/\/www.fmsdocumentation.com\/wp-content\/uploads\/2017\/04\/256-300x293.png 300w\" sizes=\"auto, (max-width: 360px) 100vw, 360px\" \/><\/a><\/p>\n<hr>\n<h2>Grupe vozila<\/h2>\n<p>Alternativno, korisnik mo\u017ee stvoriti novu grupu za skup vozila koja su potrebna za prikaz. To se mo\u017ee u\u010diniti klikom na tri to\u010dke koje se nalaze s desne strane bira\u010da grupe vozila. Time \u0107e se prikazati dostupne opcije i postavke za grupu vozila. U donjem primjeru odabrano je <em>Sva vozila<\/em> , stoga je dostupna samo jedna opcija.   <\/p>\n<p><a href=\"https:\/\/www.fmsdocumentation.com\/wp-content\/uploads\/2017\/04\/257-1.png\"><img loading=\"lazy\" decoding=\"async\" class=\"alignnone wp-image-1060 size-full\" src=\"https:\/\/www.fmsdocumentation.com\/wp-content\/uploads\/2017\/04\/257-1.png\" alt=\"\" width=\"481\" height=\"154\" srcset=\"https:\/\/www.fmsdocumentation.com\/wp-content\/uploads\/2017\/04\/257-1.png 481w, https:\/\/www.fmsdocumentation.com\/wp-content\/uploads\/2017\/04\/257-1-300x96.png 300w\" sizes=\"auto, (max-width: 481px) 100vw, 481px\" \/><\/a><\/p>\n<p>Klikom na ovaj gumb otvorit \u0107e se obrazac za stvaranje grupe vozila. U ovom obrascu korisnik mora odrediti naziv grupe i odabrati vozila koja \u0107e biti dodijeljena toj grupi. Za odabir vozila korisnik jednostavno mora kliknuti na njegov naziv. Nakon \u0161to je vozilo odabrano, bit \u0107e ozna\u010deno plavom kva\u010dicom. Ozna\u010davanjem potvrdnog okvira pored opcije <strong>Odaberi sva vozila<\/strong> odabrat \u0107e se\/poni\u0161titi odabir svih vozila. Osim toga, implementirana je traka za pretra\u017eivanje za brzo pretra\u017eivanje svih vozila u voznom parku. Popis \u0107e se filtrirati prema svakom slovu unesenom u traku za pretra\u017eivanje. Nakon \u0161to korisnik odredi naziv grupe i odabere koja \u0107e vozila biti dodijeljena grupi, mora kliknuti <strong>Spremi<\/strong> , ina\u010de se grupa ne\u0107e spremiti. Ako naziv grupe nije naveden, gumb <strong>Spremi<\/strong> ne\u0107e biti dostupan.       <\/p>\n<p><a href=\"https:\/\/www.fmsdocumentation.com\/wp-content\/uploads\/2018\/03\/258.png\"><img loading=\"lazy\" decoding=\"async\" class=\"alignnone size-full wp-image-4514\" src=\"https:\/\/www.fmsdocumentation.com\/wp-content\/uploads\/2018\/03\/258.png\" alt=\"\" width=\"360\" height=\"889\" srcset=\"https:\/\/www.fmsdocumentation.com\/wp-content\/uploads\/2018\/03\/258.png 360w, https:\/\/www.fmsdocumentation.com\/wp-content\/uploads\/2018\/03\/258-121x300.png 121w\" sizes=\"auto, (max-width: 360px) 100vw, 360px\" \/><\/a><\/p>\n<p>Ovo pokriva odabir grupe vozila.<\/p>\n<p>U slu\u010dajevima kada je korisnik odabrao grupu vozila na popisu i \u017eeli je izmijeniti, mora kliknuti na iste tri to\u010dke s desne strane popisa grupa. U tom slu\u010daju bit \u0107e dostupno vi\u0161e opcija. <\/p>\n<p><a href=\"https:\/\/www.fmsdocumentation.com\/wp-content\/uploads\/2018\/03\/259.png\"><img loading=\"lazy\" decoding=\"async\" class=\"alignnone size-full wp-image-4502\" src=\"https:\/\/www.fmsdocumentation.com\/wp-content\/uploads\/2018\/03\/259.png\" alt=\"\" width=\"525\" height=\"200\" srcset=\"https:\/\/www.fmsdocumentation.com\/wp-content\/uploads\/2018\/03\/259.png 525w, https:\/\/www.fmsdocumentation.com\/wp-content\/uploads\/2018\/03\/259-300x114.png 300w\" sizes=\"auto, (max-width: 525px) 100vw, 525px\" \/><\/a><\/p>\n<p>Sada korisnik mo\u017ee odabrati ure\u0111ivanje grupe, \u0161to \u0107e otvoriti identi\u010dan prozor kao i prozor <strong>Stvori novo vozilo<\/strong> , samo \u0161to \u0107e sada biti odre\u0111en naziv grupe i odabrana \u0107e neka vozila. Isto kao i za stvaranje nove grupe, nakon \u0161to se izvr\u0161e sve promjene, potrebno je kliknuti <strong>Spremi<\/strong> . <\/p>\n<p>Ako korisnik \u017eeli izbrisati grupu, jednostavno mora kliknuti na <strong>Izbri\u0161i grupu<\/strong> , nakon \u010dega \u0107e se pojaviti prozor za potvrdu.<\/p>\n<p><a href=\"https:\/\/www.fmsdocumentation.com\/wp-content\/uploads\/2017\/04\/260.png\"><img loading=\"lazy\" decoding=\"async\" class=\"alignnone wp-image-794 size-full\" src=\"https:\/\/www.fmsdocumentation.com\/wp-content\/uploads\/2017\/04\/260.png\" alt=\"\" width=\"420\" height=\"155\" srcset=\"https:\/\/www.fmsdocumentation.com\/wp-content\/uploads\/2017\/04\/260.png 420w, https:\/\/www.fmsdocumentation.com\/wp-content\/uploads\/2017\/04\/260-300x111.png 300w\" sizes=\"auto, (max-width: 420px) 100vw, 420px\" \/><\/a><br \/>\n<p class=\"note\">Bilje\u0161ka<br \/>\n Grupe koje kreira korisnik s administratorskim pravima bit \u0107e vidljive samo drugim korisnicima s administratorskim pravima za isti ra\u010dun. Ako korisnik s korisni\u010dkim pravima kreira grupu, ona \u0107e biti vidljiva samo tom korisniku, ostali korisnici ne\u0107e vidjeti tu grupu. Korisnik s administratorskim pravima mo\u017ee dodijeliti grupu korisniku, \u0161to \u0107e je u\u010diniti vidljivom. Dodjeljivanje grupe korisniku opisano je u <a href=\"https:\/\/www.fmsdocumentation.com\/main-tms-window\/webusers-admin-panel\/\">administratorskoj plo\u010di Webusers<\/a> .   <\/p><\/p>\n<hr>\n<h2>Filter statusa vozila<\/h2>\n<p>Sljede\u0107i filter je filter statusa vozila, koji se nalazi odmah ispod retka s popisom grupa. Ovdje korisnik mo\u017ee odabrati jedan od sljede\u0107ih filtera statusa: <\/p>\n<ul>\n<li>Sva vozila \u2013 omogu\u0107eno prema zadanim postavkama<\/li>\n<li>Selidba<\/li>\n<li>Prazan hod<\/li>\n<li>Paljenje isklju\u010deno<\/li>\n<li>Nema signala<\/li>\n<li>Paljenje blokirano<\/li>\n<\/ul>\n<p><a href=\"https:\/\/www.fmsdocumentation.com\/wp-content\/uploads\/2018\/03\/261.png\"><img loading=\"lazy\" decoding=\"async\" class=\"alignnone size-full wp-image-4503\" src=\"https:\/\/www.fmsdocumentation.com\/wp-content\/uploads\/2018\/03\/261.png\" alt=\"\" width=\"360\" height=\"130\" srcset=\"https:\/\/www.fmsdocumentation.com\/wp-content\/uploads\/2018\/03\/261.png 360w, https:\/\/www.fmsdocumentation.com\/wp-content\/uploads\/2018\/03\/261-300x108.png 300w\" sizes=\"auto, (max-width: 360px) 100vw, 360px\" \/><\/a><\/p>\n<hr>\n<h2>Parametri<\/h2>\n<p>Kona\u010dno, korisnik mo\u017ee odrediti koji \u0107e se dodatni parametri prikazivati \u200b\u200bpored svakog vozila na popisu klikom na tri to\u010dke u polju <strong>Popis vozila<\/strong> . Prema zadanim postavkama prikazuje se samo brzina. <\/p>\n<p><a href=\"https:\/\/www.fmsdocumentation.com\/wp-content\/uploads\/2018\/03\/329.png\"><img loading=\"lazy\" decoding=\"async\" class=\"alignnone size-full wp-image-4505\" src=\"https:\/\/www.fmsdocumentation.com\/wp-content\/uploads\/2018\/03\/329.png\" alt=\"\" width=\"414\" height=\"91\" srcset=\"https:\/\/www.fmsdocumentation.com\/wp-content\/uploads\/2018\/03\/329.png 414w, https:\/\/www.fmsdocumentation.com\/wp-content\/uploads\/2018\/03\/329-300x66.png 300w\" sizes=\"auto, (max-width: 414px) 100vw, 414px\" \/><\/a><\/p>\n<p>Otvorit \u0107e se novi prozor pod nazivom <strong>Parametri<\/strong> . Ovdje korisnik mo\u017ee odabrati do 7 parametara koji \u0107e se prikazati na plo\u010di statusa voznog parka. Brzina, Razina goriva i Kilometra\u017ea odabrani su prema zadanim postavkama (Razina goriva i Kilometra\u017ea ne prikazuju se na plo\u010di statusa voznog parka osim ako korisnik ne klikne gumb za pro\u0161irenje plo\u010de prikazan kasnije u ovom poglavlju). Postoji traka za pretra\u017eivanje za brzo pronala\u017eenje potrebnih parametara, popis parametara automatski se a\u017eurira sa svakim unesenim slovom.   <\/p>\n<p>Redoslijed prikaza odabranih parametara mo\u017ee se promijeniti povla\u010denjem i ispu\u0161tanjem. Parametri se mogu ukloniti klikom na simbol <strong>x<\/strong> . <\/p>\n<p>Korisnik mora kliknuti <strong>Spremi<\/strong> kako bi spremio postavke parametara. Klikom <strong>na Zatvori<\/strong> ili bilo gdje izvan prozora <strong>Parametri<\/strong> zatvorit \u0107e se prozor i odbaciti sve nespremljene promjene. <\/p>\n<p><a href=\"https:\/\/www.fmsdocumentation.com\/wp-content\/uploads\/2018\/03\/330.png\"><img loading=\"lazy\" decoding=\"async\" class=\"alignnone size-full wp-image-4506\" src=\"https:\/\/www.fmsdocumentation.com\/wp-content\/uploads\/2018\/03\/330.png\" alt=\"\" width=\"800\" height=\"651\" srcset=\"https:\/\/www.fmsdocumentation.com\/wp-content\/uploads\/2018\/03\/330.png 800w, https:\/\/www.fmsdocumentation.com\/wp-content\/uploads\/2018\/03\/330-300x244.png 300w, https:\/\/www.fmsdocumentation.com\/wp-content\/uploads\/2018\/03\/330-768x625.png 768w\" sizes=\"auto, (max-width: 800px) 100vw, 800px\" \/><\/a><\/p>\n<p><p class=\"note\">Bilje\u0161ka<br \/>\n Specifi\u010dni parametri poput prilago\u0111enih unosa mogu imati prilago\u0111ene nazive i vrijednosti. Za vi\u0161e detalja obratite se svom davatelju usluga. <\/p><\/p>\n<p><a href=\"https:\/\/www.fmsdocumentation.com\/wp-content\/uploads\/2018\/11\/364.png\"><img loading=\"lazy\" decoding=\"async\" class=\"alignnone size-full wp-image-6170\" src=\"https:\/\/www.fmsdocumentation.com\/wp-content\/uploads\/2018\/11\/364.png\" alt=\"\" width=\"675\" height=\"126\" srcset=\"https:\/\/www.fmsdocumentation.com\/wp-content\/uploads\/2018\/11\/364.png 675w, https:\/\/www.fmsdocumentation.com\/wp-content\/uploads\/2018\/11\/364-300x56.png 300w\" sizes=\"auto, (max-width: 675px) 100vw, 675px\" \/><\/a><\/p>\n<hr>\n<h2>Opcije popisa<\/h2>\n<p>Mogu\u0107e je generirati poveznice s polo\u017eajima vozila koje se mogu poslati izvana klikom na <strong>Popis vozila<\/strong> , a zatim <strong>na Podijeli polo\u017eaj vozila<\/strong> u padaju\u0107em izborniku.<\/p>\n<p><a href=\"https:\/\/www.fmsdocumentation.com\/wp-content\/uploads\/2018\/10\/331.png\"><img loading=\"lazy\" decoding=\"async\" class=\"alignnone size-full wp-image-5878\" src=\"https:\/\/www.fmsdocumentation.com\/wp-content\/uploads\/2018\/10\/331.png\" alt=\"\" width=\"360\" height=\"292\" srcset=\"https:\/\/www.fmsdocumentation.com\/wp-content\/uploads\/2018\/10\/331.png 360w, https:\/\/www.fmsdocumentation.com\/wp-content\/uploads\/2018\/10\/331-300x243.png 300w\" sizes=\"auto, (max-width: 360px) 100vw, 360px\" \/><\/a><\/p>\n<p>Otvorit \u0107e se novi prozor pod nazivom <strong>Dijeli polo\u017eaj vozila<\/strong> . Ovdje korisnik mo\u017ee odabrati koja \u0107e vozila biti uklju\u010dena u dijeljenje polo\u017eaja. Da bi odabrao vozilo, korisnik mora ozna\u010diti potvrdni okvir pored njega. Ozna\u010davanjem potvrdnog okvira pored <strong>Odaberi sva vozila<\/strong> odabrat \u0107e se\/poni\u0161titi odabir svih vozila. Postoji traka za pretra\u017eivanje za brzo pronala\u017eenje potrebnih vozila, popis vozila se automatski a\u017eurira sa svakim unesenim slovom. Do 200 vozila mo\u017ee se podijeliti s jednom poveznicom.     <\/p>\n<p><strong>Datum isteka<\/strong> \u2013 korisnik mora odabrati datum i vrijeme do kojeg \u0107e dijeljena poveznica biti va\u017ee\u0107a. Postupak odabira identi\u010dan je svim ostalim odabirima datuma i vremena FMS-a. Za odabir datuma isteka korisnik jednostavno mora kliknuti na \u017eeljeni datum. Odabrani dan bit \u0107e ozna\u010den plavom bojom. Trenutni dan ozna\u010den je malim plavim trokutom u gornjem lijevom kutu tog dana. Ako je odabran (ozna\u010den) trenutni dan, trokut \u0107e postati bijel. Nakon toga korisnik mo\u017ee odrediti to\u010dan sat do kojeg \u0107e poveznica biti va\u017ee\u0107a. Za primjenu promjena potrebno je kliknuti na <strong>Primijeni<\/strong> , ina\u010de se promjene ne\u0107e spremiti.       <\/p>\n<p><a href=\"https:\/\/www.fmsdocumentation.com\/wp-content\/uploads\/2018\/03\/339.png\"><img loading=\"lazy\" decoding=\"async\" class=\"alignnone size-full wp-image-4602\" src=\"https:\/\/www.fmsdocumentation.com\/wp-content\/uploads\/2018\/03\/339.png\" alt=\"\" width=\"415\" height=\"504\" srcset=\"https:\/\/www.fmsdocumentation.com\/wp-content\/uploads\/2018\/03\/339.png 415w, https:\/\/www.fmsdocumentation.com\/wp-content\/uploads\/2018\/03\/339-247x300.png 247w\" sizes=\"auto, (max-width: 415px) 100vw, 415px\" \/><\/a><\/p>\n<p><strong>E-po\u0161ta<\/strong> \u2013 korisnik mo\u017ee dodati adrese e-po\u0161te na koje \u0107e biti poslana dijeljena poveznica. Nakon unosa e-po\u0161te, korisnik mora pritisnuti <strong>Enter<\/strong> . Ovo polje je opcionalno.  <\/p>\n<p><strong>Opcije &#8211;<\/strong> korisnik mo\u017ee odabrati uklju\u010divanje podataka o vremenima vo\u017enje zajedno s polo\u017eajem vozila prilikom generiranja veze. Ova opcija prikazuje preostalo vrijeme vo\u017enje i za jedan dan i za cijeli tjedan. Ove informacije mogu se koristiti kako bi se pomoglo korisnicima da procijene kada \u0107e vozilo sti\u0107i na odredi\u0161te.  <\/p>\n<p><img loading=\"lazy\" decoding=\"async\" class=\"alignnone wp-image-10962 size-full\" src=\"https:\/\/www.fmsdocumentation.com\/wp-content\/uploads\/2022\/05\/3282.jpg\" alt=\"\" width=\"696\" height=\"371\" srcset=\"https:\/\/www.fmsdocumentation.com\/wp-content\/uploads\/2022\/05\/3282.jpg 696w, https:\/\/www.fmsdocumentation.com\/wp-content\/uploads\/2022\/05\/3282-300x160.jpg 300w\" sizes=\"auto, (max-width: 696px) 100vw, 696px\" \/><\/p>\n<p>Korisnik mora kliknuti <strong>Dijeli<\/strong> kako bi generirao vezu. Gumb <strong>Dijeli<\/strong> bit \u0107e omogu\u0107en tek nakon odabira datuma isteka. Klikom <strong>na Odustani<\/strong> ili bilo gdje izvan prozora <strong>Dijeli polo\u017eaj vozila<\/strong> zatvorit \u0107e se prozor i odbaciti sve nespremljene promjene.  <\/p>\n<p><img loading=\"lazy\" decoding=\"async\" class=\"alignnone wp-image-10961 size-full\" src=\"https:\/\/www.fmsdocumentation.com\/wp-content\/uploads\/2022\/05\/332.jpg\" alt=\"\" width=\"806\" height=\"868\" srcset=\"https:\/\/www.fmsdocumentation.com\/wp-content\/uploads\/2022\/05\/332.jpg 806w, https:\/\/www.fmsdocumentation.com\/wp-content\/uploads\/2022\/05\/332-279x300.jpg 279w, https:\/\/www.fmsdocumentation.com\/wp-content\/uploads\/2022\/05\/332-768x827.jpg 768w\" sizes=\"auto, (max-width: 806px) 100vw, 806px\" \/><\/p>\n<p>&nbsp;<\/p>\n<p>Nakon klika na <strong>Dijeli<\/strong> , generirat \u0107e se poveznica i pojaviti \u0107e se novi prozor s poveznicom. Korisnik mo\u017ee kliknuti na poveznicu kako bi je kopirao. Nakon otvaranja poveznice, trenutna pozicija vozila bit \u0107e prikazana na karti, a plo\u010da sa statusom flote sadr\u017eavat \u0107e samo odabrana vozila i nikakve dodatne postavke.  <\/p>\n<p>Sve poveznice koje je generirao trenutni korisnik mogu se prona\u0107i klikom na <strong>Kliknite ovdje da biste vidjeli status svih generiranih poveznica<\/strong> . Isti izbornik kasnije se mo\u017ee otvoriti klikom na padaju\u0107i popis u gornjem desnom kutu glavnog FMS prozora i klikom na <a href=\"https:\/\/www.fmsdocumentation.com\/main-tms-window\/generated-links\/\"><strong>Generirane poveznice<\/strong><\/a> . <\/p>\n<p><a href=\"https:\/\/www.fmsdocumentation.com\/wp-content\/uploads\/2018\/03\/333.png\"><img loading=\"lazy\" decoding=\"async\" class=\"alignnone size-full wp-image-4510\" src=\"https:\/\/www.fmsdocumentation.com\/wp-content\/uploads\/2018\/03\/333.png\" alt=\"\" width=\"750\" height=\"430\" srcset=\"https:\/\/www.fmsdocumentation.com\/wp-content\/uploads\/2018\/03\/333.png 750w, https:\/\/www.fmsdocumentation.com\/wp-content\/uploads\/2018\/03\/333-300x172.png 300w\" sizes=\"auto, (max-width: 750px) 100vw, 750px\" \/><\/a><\/p>\n<p>Vra\u0107aju\u0107i se na padaju\u0107i <strong>popis vozila<\/strong> , postoji jo\u0161 nekoliko opcija:<\/p>\n<p><strong>Izvoz podataka o statusu vozila<\/strong> \u2013 klikom na ovu opciju izvest \u0107ete popis vozila i odabrane parametre u .xls datoteku. Preuzeta datoteka sadr\u017ei sljede\u0107e podatke o vozilu: <\/p>\n<ul>\n<li>Naziv vozila<\/li>\n<li>Adresa lokacije<\/li>\n<li>Ime voza\u010da<\/li>\n<li>Trenutni status<\/li>\n<li>Sinkronizacija zadnjeg signala<\/li>\n<li>Brzina (km\/h)<\/li>\n<li>Razina goriva (l)<\/li>\n<li>Kilometra\u017ea (km)<\/li>\n<li>VIN (stupac se prikazuje ako je VIN naveden za barem jedno vozilo)<\/li>\n<\/ul>\n<p><a href=\"https:\/\/www.fmsdocumentation.com\/wp-content\/uploads\/2019\/07\/395-2.png\"><img loading=\"lazy\" decoding=\"async\" class=\"alignnone wp-image-8112 size-large\" src=\"https:\/\/www.fmsdocumentation.com\/wp-content\/uploads\/2019\/07\/395-2-1024x376.png\" alt=\"\" width=\"660\" height=\"242\" srcset=\"https:\/\/www.fmsdocumentation.com\/wp-content\/uploads\/2019\/07\/395-2-1024x376.png 1024w, https:\/\/www.fmsdocumentation.com\/wp-content\/uploads\/2019\/07\/395-2-300x110.png 300w, https:\/\/www.fmsdocumentation.com\/wp-content\/uploads\/2019\/07\/395-2-768x282.png 768w, https:\/\/www.fmsdocumentation.com\/wp-content\/uploads\/2019\/07\/395-2.png 1171w\" sizes=\"auto, (max-width: 660px) 100vw, 660px\" \/><\/a><\/p>\n<p><strong>Blokiraj\/Deblokiraj vozila<\/strong> \u2013 ove opcije omogu\u0107uju korisniku daljinsko blokiranje\/deblokiranje vi\u0161e vozila istovremeno. Prikazuju se samo vozila koja se mogu daljinski blokirati i samo vozila s odgovaraju\u0107om konfiguracijom mogu se blokirati\/deblokirati. Da bi odabrao vozilo, korisnik mora ozna\u010diti potvrdni okvir pored njega. Ozna\u010davanjem potvrdnog okvira pored <strong>Odaberi sve<\/strong> odabrat \u0107e se\/poni\u0161titi odabir svih dostupnih vozila. Postoji traka za pretra\u017eivanje za brzo pronala\u017eenje potrebnih vozila, popis vozila automatski se a\u017eurira sa svakim unesenim slovom. Nakon odabira vozila, korisnik mora kliknuti <strong>Blokiraj\/Deblokiraj<\/strong> . Pojavit \u0107e se sko\u010dni prozor za potvrdu, korisnik mora kliknuti <strong>U redu<\/strong> za dovr\u0161etak radnje ili <strong>Odustani<\/strong> za povratak na odabir vozila. Klikom <strong>na Zatvori<\/strong> vratit \u0107e se korisnik na plo\u010du sa statusom voznog parka.       <\/p>\n<p><a href=\"https:\/\/www.fmsdocumentation.com\/wp-content\/uploads\/2018\/04\/345-1.png\"><img loading=\"lazy\" decoding=\"async\" class=\"alignnone wp-image-4857 size-full\" src=\"https:\/\/www.fmsdocumentation.com\/wp-content\/uploads\/2018\/04\/345-1.png\" alt=\"\" width=\"360\" height=\"889\" srcset=\"https:\/\/www.fmsdocumentation.com\/wp-content\/uploads\/2018\/04\/345-1.png 360w, https:\/\/www.fmsdocumentation.com\/wp-content\/uploads\/2018\/04\/345-1-121x300.png 121w\" sizes=\"auto, (max-width: 360px) 100vw, 360px\" \/><\/a><\/p>\n<p><strong>Povijest vi\u0161e vozila<\/strong> \u2013 ova opcija omogu\u0107uje pregled podataka povijesti vi\u0161e vozila odjednom. Ova funkcionalnost je detaljno opisana u <a href=\"https:\/\/www.fmsdocumentation.com\/overview-menu\/history-overview\/\">pregledu povijesti<\/a> . <\/p>\n<p>Plo\u010da statusa flote mo\u017ee se pro\u0161iriti zadr\u017eavanjem kursora mi\u0161a iznad nje i klikom na gumb za pro\u0161irenje u sredini plo\u010de. Sada \u0107e se prikazati svi dodatni parametri koji su prethodno konfigurirani. Ponovnim klikom na isti gumb plo\u010da \u0107e se vratiti u prethodno stanje.  <\/p>\n<p><a href=\"https:\/\/www.fmsdocumentation.com\/wp-content\/uploads\/2018\/11\/334.png\"><img loading=\"lazy\" decoding=\"async\" class=\"alignnone wp-image-6172 size-full\" src=\"https:\/\/www.fmsdocumentation.com\/wp-content\/uploads\/2018\/11\/334.png\" alt=\"\" width=\"1040\" height=\"281\" srcset=\"https:\/\/www.fmsdocumentation.com\/wp-content\/uploads\/2018\/11\/334.png 1040w, https:\/\/www.fmsdocumentation.com\/wp-content\/uploads\/2018\/11\/334-300x81.png 300w, https:\/\/www.fmsdocumentation.com\/wp-content\/uploads\/2018\/11\/334-768x208.png 768w, https:\/\/www.fmsdocumentation.com\/wp-content\/uploads\/2018\/11\/334-1024x277.png 1024w\" sizes=\"auto, (max-width: 1040px) 100vw, 1040px\" \/><\/a><\/p>\n<p>Klikom na objekt na popisu otvorit \u0107e se sa\u017eetak odabranog objekta, a drugi \u0107e se panel prikazati pored ve\u0107 otvorenog panela statusa flote.<\/p>\n<p><a href=\"https:\/\/www.fmsdocumentation.com\/wp-content\/uploads\/2018\/11\/28.png\"><img loading=\"lazy\" decoding=\"async\" class=\"alignnone wp-image-6173 size-full\" src=\"https:\/\/www.fmsdocumentation.com\/wp-content\/uploads\/2018\/11\/28.png\" alt=\"\" width=\"720\" height=\"905\" srcset=\"https:\/\/www.fmsdocumentation.com\/wp-content\/uploads\/2018\/11\/28.png 720w, https:\/\/www.fmsdocumentation.com\/wp-content\/uploads\/2018\/11\/28-239x300.png 239w\" sizes=\"auto, (max-width: 720px) 100vw, 720px\" \/><\/a><\/p>\n<p>Ova plo\u010da je opisana u sljede\u0107em odjeljku.<br \/>\n<p class=\"note\">Bilje\u0161ka<br \/>\n Otvaranje plo\u010de sa\u017eetka putem plo\u010de pregleda razlikuje se od otvaranja putem karte klikom na \u017eeljeno vozilo. Razlika je u odsutnosti plo\u010de statusa voznog parka prilikom pristupa plo\u010di sa\u017eetka putem karte. Plo\u010da sa\u017eetka opisana je bez spominjanja plo\u010de statusa voznog parka.  <\/p><\/p>\n<hr>\n<p><div class=\"alignleft\"><a href=\"https:\/\/www.fmsdocumentation.com\/hr\/glavni-fms-prozor\/generirane-poveznice\/\" title=\"Generirane poveznice\"><span class=\"arrow\">\u2039 &nbsp <\/span> Generirane poveznice <\/a><\/div> <div class=\"alignright\"><a href=\"https:\/\/www.fmsdocumentation.com\/hr\/izbornik-statusa-flote\/sazetak-pregleda\/\" title=\"Sa\u017eetak pregleda\">Sa\u017eetak pregleda <span class=\"arrow\"> &nbsp\u203a <\/span> <\/a><\/div><\/p>\n<p>&nbsp;<\/p>\n","protected":false},"excerpt":{"rendered":"<p>Za otvaranje izbornika Status flote, korisnik mora kliknuti odgovaraju\u0107u ikonu u navigacijskom izborniku koji se nalazi na lijevoj strani zaslona. Nakon klika na ikonu, ona \u0107e biti ozna\u010dena plavom bojom, a nova plo\u010da \u0107e se pojaviti pored navigacijskog izbornika. Ovo je plo\u010da statusa flote. Plo\u010da statusa voznog parka prikazuje pregled svih objekata u voznom parku &hellip; <a href=\"https:\/\/www.fmsdocumentation.com\/hr\/izbornik-statusa-flote\/\" class=\"more-link\">Continue reading <span class=\"screen-reader-text\">Izbornik statusa flote<\/span><\/a><\/p>\n","protected":false},"author":1,"featured_media":0,"parent":0,"menu_order":29,"comment_status":"closed","ping_status":"closed","template":"","meta":{"footnotes":""},"class_list":["post-15569","page","type-page","status-publish","hentry"],"_links":{"self":[{"href":"https:\/\/www.fmsdocumentation.com\/hr\/wp-json\/wp\/v2\/pages\/15569","targetHints":{"allow":["GET"]}}],"collection":[{"href":"https:\/\/www.fmsdocumentation.com\/hr\/wp-json\/wp\/v2\/pages"}],"about":[{"href":"https:\/\/www.fmsdocumentation.com\/hr\/wp-json\/wp\/v2\/types\/page"}],"author":[{"embeddable":true,"href":"https:\/\/www.fmsdocumentation.com\/hr\/wp-json\/wp\/v2\/users\/1"}],"replies":[{"embeddable":true,"href":"https:\/\/www.fmsdocumentation.com\/hr\/wp-json\/wp\/v2\/comments?post=15569"}],"version-history":[{"count":0,"href":"https:\/\/www.fmsdocumentation.com\/hr\/wp-json\/wp\/v2\/pages\/15569\/revisions"}],"wp:attachment":[{"href":"https:\/\/www.fmsdocumentation.com\/hr\/wp-json\/wp\/v2\/media?parent=15569"}],"curies":[{"name":"wp","href":"https:\/\/api.w.org\/{rel}","templated":true}]}}