{"id":16569,"date":"2025-06-30T08:28:04","date_gmt":"2025-06-30T05:28:04","guid":{"rendered":"https:\/\/www.fmsdocumentation.com\/osnove\/ogranicenja-mobilnih-uredaja\/"},"modified":"2025-06-30T08:28:04","modified_gmt":"2025-06-30T05:28:04","slug":"ogranicenja-mobilnih-uredaja","status":"publish","type":"page","link":"https:\/\/www.fmsdocumentation.com\/hr\/osnove\/ogranicenja-mobilnih-uredaja\/","title":{"rendered":"Ograni\u010denja mobilnih ure\u0111aja"},"content":{"rendered":"<p>Sustav za upravljanje voznim parkom podr\u017eava mobilni prikaz sustava uz niz ograni\u010denja. Neki moduli i funkcije koji zahtijevaju ve\u0107e rezolucije zaslona onemogu\u0107eni su u mobilnoj verziji. <\/p>\n<p>Onemogu\u0107ene funkcije i moduli uklju\u010duju sljede\u0107e:<\/p>\n<ul>\n<li>Modul zadataka odr\u017eavanja &#8211; osim zadataka odr\u017eavanja dodijeljenih vozilima, prikazat \u0107e se u modulu pregleda &#8211; odjeljak odr\u017eavanja;<\/li>\n<li>Modul izvje\u0161\u0107a;<\/li>\n<li>Modul za eko vo\u017enju;<\/li>\n<li>Preuzimanje datoteka tahografa s HCV vozila;<\/li>\n<li>Funkcija &#8220;Analiza po koordinatama&#8221; u pregledu povijesti;<\/li>\n<li>Odjeljak s grafikonima u pregledu goriva;<\/li>\n<li>Ure\u0111ivanje zadataka odr\u017eavanja u pregledu odr\u017eavanja;<\/li>\n<li>Stvaranje ili ure\u0111ivanje upravlja\u010dkih programa u izborniku upravlja\u010dkih programa;<\/li>\n<li>Masovno slanje poruka u izborniku komunikacija;<\/li>\n<li>Stvaranje ili ure\u0111ivanje zadataka u izborniku zadataka;<\/li>\n<li>Stvaranje ili ure\u0111ivanje geozona u izborniku geozona.<\/li>\n<li>Stvaranje ili ure\u0111ivanje doga\u0111aja &#8211; omogu\u0107avanje\/onemogu\u0107avanje doga\u0111aja je dopu\u0161teno.<\/li>\n<\/ul>\n<p>Ostale va\u017ene informacije o kori\u0161tenju mobilne aplikacije opisane su u odjeljku &#8221; <a href=\"https:\/\/www.fmsdocumentation.com\/mobile-app-usage\/\">Kori\u0161tenje mobilne aplikacije<\/a> &#8220;.<\/p>\n<hr>\n<p><div class=\"alignleft\"><a href=\"https:\/\/www.fmsdocumentation.com\/hr\/osnove\/mobilna-aplikacija\/\" title=\"Mobilna aplikacija\"><span class=\"arrow\">\u2039 &nbsp <\/span> Mobilna aplikacija <\/a><\/div> <div class=\"alignright\"><a href=\"https:\/\/www.fmsdocumentation.com\/hr\/osnove\/planovi-naplate\/\" title=\"Planovi naplate\">Planovi naplate <span class=\"arrow\"> &nbsp\u203a <\/span> <\/a><\/div><\/p>\n","protected":false},"excerpt":{"rendered":"<p>Sustav za upravljanje voznim parkom podr\u017eava mobilni prikaz sustava uz niz ograni\u010denja. Neki moduli i funkcije koji zahtijevaju ve\u0107e rezolucije zaslona onemogu\u0107eni su u mobilnoj verziji. Onemogu\u0107ene funkcije i moduli uklju\u010duju sljede\u0107e: Modul zadataka odr\u017eavanja &#8211; osim zadataka odr\u017eavanja dodijeljenih vozilima, prikazat \u0107e se u modulu pregleda &#8211; odjeljak odr\u017eavanja; Modul izvje\u0161\u0107a; Modul za eko &hellip; <a href=\"https:\/\/www.fmsdocumentation.com\/hr\/osnove\/ogranicenja-mobilnih-uredaja\/\" class=\"more-link\">Continue reading <span class=\"screen-reader-text\">Ograni\u010denja mobilnih ure\u0111aja<\/span><\/a><\/p>\n","protected":false},"author":1,"featured_media":0,"parent":15522,"menu_order":5,"comment_status":"closed","ping_status":"closed","template":"","meta":{"footnotes":""},"class_list":["post-16569","page","type-page","status-publish","hentry"],"_links":{"self":[{"href":"https:\/\/www.fmsdocumentation.com\/hr\/wp-json\/wp\/v2\/pages\/16569","targetHints":{"allow":["GET"]}}],"collection":[{"href":"https:\/\/www.fmsdocumentation.com\/hr\/wp-json\/wp\/v2\/pages"}],"about":[{"href":"https:\/\/www.fmsdocumentation.com\/hr\/wp-json\/wp\/v2\/types\/page"}],"author":[{"embeddable":true,"href":"https:\/\/www.fmsdocumentation.com\/hr\/wp-json\/wp\/v2\/users\/1"}],"replies":[{"embeddable":true,"href":"https:\/\/www.fmsdocumentation.com\/hr\/wp-json\/wp\/v2\/comments?post=16569"}],"version-history":[{"count":0,"href":"https:\/\/www.fmsdocumentation.com\/hr\/wp-json\/wp\/v2\/pages\/16569\/revisions"}],"up":[{"embeddable":true,"href":"https:\/\/www.fmsdocumentation.com\/hr\/wp-json\/wp\/v2\/pages\/15522"}],"wp:attachment":[{"href":"https:\/\/www.fmsdocumentation.com\/hr\/wp-json\/wp\/v2\/media?parent=16569"}],"curies":[{"name":"wp","href":"https:\/\/api.w.org\/{rel}","templated":true}]}}