{"id":17127,"date":"2025-06-30T08:32:17","date_gmt":"2025-06-30T05:32:17","guid":{"rendered":"https:\/\/www.fmsdocumentation.com\/izbornik-eko-voznje\/"},"modified":"2025-06-30T08:32:17","modified_gmt":"2025-06-30T05:32:17","slug":"izbornik-eko-voznje","status":"publish","type":"page","link":"https:\/\/www.fmsdocumentation.com\/hr\/izbornik-eko-voznje\/","title":{"rendered":"Izbornik Eko-vo\u017enje"},"content":{"rendered":"<p>Eko vo\u017enja je analiti\u010dki pregled svega \u0161to je vezano uz ekonomi\u010dne i prijateljske stilove vo\u017enje za voza\u010de i vozila. Za pristup kartici eko vo\u017enja kliknite odgovaraju\u0107u ikonu na lijevoj navigacijskoj plo\u010di kao \u0161to je prikazano dolje. <\/p>\n<p><a href=\"https:\/\/www.fmsdocumentation.com\/wp-content\/uploads\/2017\/04\/151.png\"><img loading=\"lazy\" decoding=\"async\" class=\"alignnone wp-image-254 size-large\" src=\"https:\/\/www.fmsdocumentation.com\/wp-content\/uploads\/2017\/04\/151-1024x507.png\" alt=\"\" width=\"660\" height=\"327\" srcset=\"https:\/\/www.fmsdocumentation.com\/wp-content\/uploads\/2017\/04\/151-1024x507.png 1024w, https:\/\/www.fmsdocumentation.com\/wp-content\/uploads\/2017\/04\/151-300x148.png 300w, https:\/\/www.fmsdocumentation.com\/wp-content\/uploads\/2017\/04\/151-768x380.png 768w, https:\/\/www.fmsdocumentation.com\/wp-content\/uploads\/2017\/04\/151.png 1920w\" sizes=\"auto, (max-width: 660px) 100vw, 660px\" \/><\/a><\/p>\n<p>Pregled eko vo\u017enje sastoji se od tri razli\u010dite kartice koje se mogu odabrati na vrhu zaslona. Trenutno su dostupne sljede\u0107e kartice: <\/p>\n<ol>\n<li><a href=\"https:\/\/www.fmsdocumentation.com\/eco-driving-menu\/fleet-summary\/\">Sa\u017eetak voznog parka<\/a> &#8211; (otvoren prema zadanim postavkama);<\/li>\n<li><a href=\"https:\/\/www.fmsdocumentation.com\/eco-driving-menu\/analysis-by-vehicle\/\">Analiza po vozilu<\/a> ;<\/li>\n<li><a href=\"https:\/\/www.fmsdocumentation.com\/eco-driving-menu\/analysis-by-driver\/\">Analiza po voza\u010du.<\/a><\/li>\n<\/ol>\n<p><a href=\"https:\/\/www.fmsdocumentation.com\/wp-content\/uploads\/2017\/04\/152.png\"><img loading=\"lazy\" decoding=\"async\" class=\"alignnone wp-image-255 size-full\" src=\"https:\/\/www.fmsdocumentation.com\/wp-content\/uploads\/2017\/04\/152.png\" alt=\"\" width=\"379\" height=\"65\" srcset=\"https:\/\/www.fmsdocumentation.com\/wp-content\/uploads\/2017\/04\/152.png 379w, https:\/\/www.fmsdocumentation.com\/wp-content\/uploads\/2017\/04\/152-300x51.png 300w\" sizes=\"auto, (max-width: 379px) 100vw, 379px\" \/><\/a><\/p>\n<p>Trenutno odabrana kartica bit \u0107e ozna\u010dena plavom bojom, dok \u0107e neodabrane kartice ostati sive. Svaka kartica Eko vo\u017enje opisana je u nastavku u odgovaraju\u0107em odjeljku. Odjeljak TAB ostaje isti za svaku otvorenu karticu. Desno od odjeljaka TAB dostupne su jo\u0161 tri funkcije koje tako\u0111er ostaju iste za svaku otvorenu karticu. Sljede\u0107e su:    <\/p>\n<ol>\n<li>Konfigurirajte ocjene \u2013 opisano u nastavku;<\/li>\n<li>Izvoz u XLSX \u2013 Izvozi sve podatke u EXEL datoteku.<\/li>\n<li>Odabir datuma \u2013 opisano u nastavku;<\/li>\n<\/ol>\n<p><a href=\"https:\/\/www.fmsdocumentation.com\/wp-content\/uploads\/2017\/04\/153.png\"><img loading=\"lazy\" decoding=\"async\" class=\"alignnone wp-image-256 size-full\" src=\"https:\/\/www.fmsdocumentation.com\/wp-content\/uploads\/2017\/04\/153.png\" alt=\"\" width=\"437\" height=\"65\" srcset=\"https:\/\/www.fmsdocumentation.com\/wp-content\/uploads\/2017\/04\/153.png 437w, https:\/\/www.fmsdocumentation.com\/wp-content\/uploads\/2017\/04\/153-300x45.png 300w\" sizes=\"auto, (max-width: 437px) 100vw, 437px\" \/><\/a><\/p>\n<p><strong>Konfiguriraj ocjene<\/strong> \u2013 Ovo omogu\u0107uje konfiguriranje raspona vrijednosti za bojanje slu\u010dajnih parametara. Vrijednosti se mogu konfigurirati za: <\/p>\n<ul>\n<li>Potro\u0161eno gorivo (litre);<\/li>\n<li>Potro\u0161nja goriva (litre\/100 km);<\/li>\n<li>Potro\u0161eno gorivo (litre);<\/li>\n<li>Potro\u0161nja goriva (litre\/100 km);<\/li>\n<li>Opasna vo\u017enja (bodovi);<\/li>\n<li>Opasna vo\u017enja (bodovi\/100 km);<\/li>\n<li>Prije\u0111ena udaljenost (km);<\/li>\n<li>Vrijeme vo\u017enje (minute);<\/li>\n<li>Vrijeme praznog hoda (minute);<\/li>\n<li>Ekstremno ko\u010denje (doga\u0111aji)<\/li>\n<li>Naglo ubrzanje (doga\u0111aji)<\/li>\n<li>Naglo ubrzanje (doga\u0111aji\/100 km)<\/li>\n<li>Naglo ko\u010denje (doga\u0111aji)<\/li>\n<li>O\u0161tro ko\u010denje (doga\u0111aji\/100 km)<\/li>\n<\/ul>\n<p>Ove opcije su dostupne na traci za pomicanje s lijeve strane, dio za konfiguraciju se nalazi s desne strane i identi\u010dan je za svaku opciju.<\/p>\n<p><a href=\"https:\/\/www.fmsdocumentation.com\/wp-content\/uploads\/2017\/04\/154.png\"><img loading=\"lazy\" decoding=\"async\" class=\"alignnone wp-image-257 size-full\" src=\"https:\/\/www.fmsdocumentation.com\/wp-content\/uploads\/2017\/04\/154.png\" alt=\"\" width=\"752\" height=\"492\" srcset=\"https:\/\/www.fmsdocumentation.com\/wp-content\/uploads\/2017\/04\/154.png 752w, https:\/\/www.fmsdocumentation.com\/wp-content\/uploads\/2017\/04\/154-300x196.png 300w\" sizes=\"auto, (max-width: 752px) 100vw, 752px\" \/><\/a><\/p>\n<p>Konfiguracijski dio sastoji se od sljede\u0107eg:<\/p>\n<ol>\n<li>Naziv odabrane opcije;<\/li>\n<li>Invertiraj vrijednosti \u2013 Invertira boju prikaza za vrijednosti (mo\u017ee biti Uklju\u010deno\/Isklju\u010deno, Isklju\u010deno prema zadanim postavkama);<\/li>\n<li>Vrijednosti (prikazane vrijednosti ovise o odabranoj opciji (litre; litre\/100 km; bodovi; doga\u0111aji; itd.));<\/li>\n<li>Kliza\u010d vrijednosti &#8211; Raspon je ograni\u010den odabranom opcijom, svaka opcija ima svoj raspon vrijednosti;<\/li>\n<li>Unos prilago\u0111ene vrijednosti &#8211; Raspon je tako\u0111er ograni\u010den odabranom opcijom;<\/li>\n<li>Raspon vrijednosti &#8211; Ovo se prikazuje samo ako su prilago\u0111ene vrijednosti unesene izvan dopu\u0161tenog raspona.<\/li>\n<\/ol>\n<p><a href=\"https:\/\/www.fmsdocumentation.com\/wp-content\/uploads\/2017\/04\/155.png\"><img loading=\"lazy\" decoding=\"async\" class=\"alignnone wp-image-258 size-full\" src=\"https:\/\/www.fmsdocumentation.com\/wp-content\/uploads\/2017\/04\/155.png\" alt=\"\" width=\"429\" height=\"278\" srcset=\"https:\/\/www.fmsdocumentation.com\/wp-content\/uploads\/2017\/04\/155.png 429w, https:\/\/www.fmsdocumentation.com\/wp-content\/uploads\/2017\/04\/155-300x194.png 300w\" sizes=\"auto, (max-width: 429px) 100vw, 429px\" \/><\/a><\/p>\n<p>Nakon odabira svih \u017eeljenih opcija kliknite &#8220;Gotovo&#8221; pri dnu prozora kako biste spremili nove konfiguracije.<\/p>\n<p style=\"background-color: #2e67b1; color: #ffffff; padding-left: 10px; padding-right: 10px;\"><p class=\"note\">Bilje\u0161ka<br \/>\n Ove konfiguracije pohranjuju se na poslu\u017eitelju i sve napravljene promjene ostat \u0107e \u010dak i nakon zavr\u0161etka sesije.<\/p><\/p>\n<p style=\"background-color: #2e67b1; color: #ffffff; padding-left: 10px; padding-right: 10px;\"><p class=\"note\">Bilje\u0161ka<br \/>\n Ne postoji na\u010din za poni\u0161tavanje promjena napravljenih u konfiguraciji, \u010dak i ako se ne klikne gumb &#8220;Gotovo&#8221;, ve\u0107 se klikne na stranu zaslona za zatvaranje prozora za konfiguraciju, sve promjene \u0107e i dalje biti spremljene.<\/p><\/p>\n<p><strong>Datum<\/strong> \u2013 Osnovno kalendarsko su\u010delje, ograni\u010deno na odabir dana (bez sati ili minuta). Ovo su\u010delje omogu\u0107uje odabir vremenskog razdoblja za koje \u0107e se prikazati pregled analize ekolo\u0161ke vo\u017enje. Prema zadanim postavkama pri prijavi postavljeno je na posljednjih 7 punih dana (trenutni dan nije odabran prema zadanim postavkama jer je jo\u0161 uvijek u tijeku). Trenutni dan mo\u017ee se odabrati ru\u010dno. Trenutni dan uvijek je ozna\u010den plavim trokutom u gornjem lijevom kutu okvira dana.    <\/p>\n<p><a href=\"https:\/\/www.fmsdocumentation.com\/wp-content\/uploads\/2017\/04\/156.png\"><img loading=\"lazy\" decoding=\"async\" class=\"alignnone wp-image-259 size-full\" src=\"https:\/\/www.fmsdocumentation.com\/wp-content\/uploads\/2017\/04\/156.png\" alt=\"\" width=\"331\" height=\"408\" srcset=\"https:\/\/www.fmsdocumentation.com\/wp-content\/uploads\/2017\/04\/156.png 331w, https:\/\/www.fmsdocumentation.com\/wp-content\/uploads\/2017\/04\/156-243x300.png 243w\" sizes=\"auto, (max-width: 331px) 100vw, 331px\" \/><\/a><\/p>\n<p><strong>Odabir datuma<\/strong> \u2013 Za odabir datuma jednostavno kliknite na po\u010detni ili zavr\u0161ni datum, a zatim kliknite na drugi (zavr\u0161ni\/po\u010detni) datum. Nema prioriteta za odabir od po\u010detka \u017eeljenog datuma ili od kraja. Datum se mo\u017ee odabrati u bilo kojem smjeru. Nakon odabira datuma, sustav \u0107e automatski a\u017eurirati pregled analize, nisu potrebne dodatne radnje. Ovaj datum ostaje isti za svaku odabranu karticu i vratit \u0107e se na zadane vrijednosti tek nakon odjave. Maksimalno razdoblje datuma je 3 mjeseca.     <\/p>\n<p><strong>Odabir jednog dana<\/strong> \u2013 za odabir jednog dana za pregled analize ekolo\u0161ke vo\u017enje, jednostavno dvaput kliknite na \u017eeljeni dan.<\/p>\n<hr>\n<p><div class=\"alignleft\"><a href=\"https:\/\/www.fmsdocumentation.com\/hr\/izbornik-zadataka-odrzavanja\/uredivanje-vozila-za-odrzavanje\/\" title=\"Ure\u0111ivanje vozila za odr\u017eavanje\"><span class=\"arrow\">\u2039 &nbsp <\/span> Ure\u0111ivanje vozila za odr\u017eavanje <\/a><\/div> <div class=\"alignright\"><a href=\"https:\/\/www.fmsdocumentation.com\/hr\/izbornik-eko-voznje\/sazetak-flote\/\" title=\"Sa\u017eetak flote\">Sa\u017eetak flote <span class=\"arrow\"> &nbsp\u203a <\/span> <\/a><\/div><\/p>\n","protected":false},"excerpt":{"rendered":"<p>Eko vo\u017enja je analiti\u010dki pregled svega \u0161to je vezano uz ekonomi\u010dne i prijateljske stilove vo\u017enje za voza\u010de i vozila. Za pristup kartici eko vo\u017enja kliknite odgovaraju\u0107u ikonu na lijevoj navigacijskoj plo\u010di kao \u0161to je prikazano dolje. Pregled eko vo\u017enje sastoji se od tri razli\u010dite kartice koje se mogu odabrati na vrhu zaslona. Trenutno su dostupne &hellip; <a href=\"https:\/\/www.fmsdocumentation.com\/hr\/izbornik-eko-voznje\/\" class=\"more-link\">Continue reading <span class=\"screen-reader-text\">Izbornik Eko-vo\u017enje<\/span><\/a><\/p>\n","protected":false},"author":1,"featured_media":0,"parent":0,"menu_order":87,"comment_status":"closed","ping_status":"closed","template":"","meta":{"footnotes":""},"class_list":["post-17127","page","type-page","status-publish","hentry"],"_links":{"self":[{"href":"https:\/\/www.fmsdocumentation.com\/hr\/wp-json\/wp\/v2\/pages\/17127","targetHints":{"allow":["GET"]}}],"collection":[{"href":"https:\/\/www.fmsdocumentation.com\/hr\/wp-json\/wp\/v2\/pages"}],"about":[{"href":"https:\/\/www.fmsdocumentation.com\/hr\/wp-json\/wp\/v2\/types\/page"}],"author":[{"embeddable":true,"href":"https:\/\/www.fmsdocumentation.com\/hr\/wp-json\/wp\/v2\/users\/1"}],"replies":[{"embeddable":true,"href":"https:\/\/www.fmsdocumentation.com\/hr\/wp-json\/wp\/v2\/comments?post=17127"}],"version-history":[{"count":0,"href":"https:\/\/www.fmsdocumentation.com\/hr\/wp-json\/wp\/v2\/pages\/17127\/revisions"}],"wp:attachment":[{"href":"https:\/\/www.fmsdocumentation.com\/hr\/wp-json\/wp\/v2\/media?parent=17127"}],"curies":[{"name":"wp","href":"https:\/\/api.w.org\/{rel}","templated":true}]}}