{"id":17295,"date":"2025-06-30T08:34:00","date_gmt":"2025-06-30T05:34:00","guid":{"rendered":"https:\/\/www.fmsdocumentation.com\/koristenje-mobilne-aplikacije\/"},"modified":"2025-06-30T08:34:01","modified_gmt":"2025-06-30T05:34:01","slug":"koristenje-mobilne-aplikacije","status":"publish","type":"page","link":"https:\/\/www.fmsdocumentation.com\/hr\/koristenje-mobilne-aplikacije\/","title":{"rendered":"Kori\u0161tenje mobilne aplikacije"},"content":{"rendered":"\n<p>Za kori\u0161tenje mobilne aplikacije, korisnik prvo mora preuzeti aplikaciju na svoj mobilni ure\u0111aj iz <a href=\"https:\/\/play.google.com\/store\/apps\/details?id=com.ruptela.mobile.trusttrack\">trgovine Google Play<\/a> . Nakon \u0161to je aplikacija preuzeta i instalirana, korisnik je mo\u017ee pokrenuti klikom na njezin logotip. <\/p>\n\n<figure class=\"wp-block-image\"><a href=\"https:\/\/www.fmsdocumentation.com\/wp-content\/uploads\/2017\/04\/tt-logo.png\"><img loading=\"lazy\" decoding=\"async\" width=\"300\" height=\"300\" src=\"https:\/\/www.fmsdocumentation.com\/wp-content\/uploads\/2017\/04\/tt-logo.png\" alt=\"\" class=\"wp-image-551\" srcset=\"https:\/\/www.fmsdocumentation.com\/wp-content\/uploads\/2017\/04\/tt-logo.png 300w, https:\/\/www.fmsdocumentation.com\/wp-content\/uploads\/2017\/04\/tt-logo-150x150.png 150w\" sizes=\"auto, (max-width: 300px) 100vw, 300px\" \/><\/a><\/figure>\n\n<p>Prilikom prve inicijalizacije, korisnik \u0107e biti upitan za unos URL-a poslu\u017eitelja za sustav upravljanja voznim parkom korisnika. Ovaj postupak mora se izvr\u0161iti samo jednom \u2013 URL \u0107e se spremiti s podacima aplikacije. Ako se unese neto\u010dan URL poslu\u017eitelja, ne\u0107e se spremiti.  <\/p>\n\n<figure class=\"wp-block-image\"><a href=\"https:\/\/www.fmsdocumentation.com\/wp-content\/uploads\/2019\/03\/232-1.png\"><img loading=\"lazy\" decoding=\"async\" width=\"207\" height=\"300\" src=\"https:\/\/www.fmsdocumentation.com\/wp-content\/uploads\/2019\/03\/232-1-207x300.png\" alt=\"\" class=\"wp-image-7365\" srcset=\"https:\/\/www.fmsdocumentation.com\/wp-content\/uploads\/2019\/03\/232-1-207x300.png 207w, https:\/\/www.fmsdocumentation.com\/wp-content\/uploads\/2019\/03\/232-1-706x1024.png 706w, https:\/\/www.fmsdocumentation.com\/wp-content\/uploads\/2019\/03\/232-1.png 720w\" sizes=\"auto, (max-width: 207px) 100vw, 207px\" \/><\/a><\/figure>\n\n<p>Primjer URL-a naveden je kako bi se dobila op\u0107a ideja o strukturi URL-a: track2.provider.com. Imajte na umu da &#8220;Http&#8221; ili &#8220;www&#8221; nisu potrebni pri unosu URL-a poslu\u017eitelja. Ako nemate ispravnu adresu poslu\u017eitelja svog davatelja usluga, obratite se tehni\u010dkoj podr\u0161ci svog davatelja usluga.  <\/p>\n\n<p><p class=\"note\">Bilje\u0161ka<br\/> Pru\u017eatelji usluga koji su tek nedavno po\u010deli raditi s mobilnom aplikacijom moraju imati na umu da se URL njihovog poslu\u017eitelja dodaje aplikaciji tek nakon a\u017euriranja aplikacije.<\/p><\/p>\n\n<p>U slu\u010dajevima kada korisnik \u017eeli promijeniti uneseni URL poslu\u017eitelja, mora prona\u0107i postavke aplikacije na svom ure\u0111aju, prona\u0107i mobilnu aplikaciju i izbrisati nakupljene podatke.<\/p>\n\n<figure class=\"wp-block-image\"><a href=\"https:\/\/www.fmsdocumentation.com\/wp-content\/uploads\/2019\/03\/233-1.png\"><img loading=\"lazy\" decoding=\"async\" width=\"289\" height=\"300\" src=\"https:\/\/www.fmsdocumentation.com\/wp-content\/uploads\/2019\/03\/233-1-289x300.png\" alt=\"\" class=\"wp-image-7366\" srcset=\"https:\/\/www.fmsdocumentation.com\/wp-content\/uploads\/2019\/03\/233-1-289x300.png 289w, https:\/\/www.fmsdocumentation.com\/wp-content\/uploads\/2019\/03\/233-1.png 720w\" sizes=\"auto, (max-width: 289px) 100vw, 289px\" \/><\/a><\/figure>\n\n<p>Ovim \u0107e se ukloniti spremljeni URL poslu\u017eitelja iz memorije aplikacije i aplikacija \u0107e pri sljede\u0107em pokretanju zatra\u017eiti novi URL poslu\u017eitelja.<\/p>\n\n<p>Nakon \u0161to je naveden URL poslu\u017eitelja, aplikacija \u0107e se prebaciti na zaslon za prijavu koji je sli\u010dan zaslonu za prijavu opisanom na <a href=\"https:\/\/www.fmsdocumentation.com\/hr\/stranica-za-prijavu\/\">stranici za prijavu<\/a> .<\/p>\n\n<p>Nakon toga, aplikacija je identi\u010dna sustavu za upravljanje voznim parkom, osim ograni\u010denja i nekoliko iznimaka opisanih u nastavku:<\/p>\n\n<ul class=\"wp-block-list\"><li>Lijeva navigacijska plo\u010da je skrivena i mo\u017ee joj se pristupiti klikom na gumb izbornika.<\/li><\/ul>\n\n<figure class=\"wp-block-image is-resized\"><a href=\"https:\/\/www.fmsdocumentation.com\/wp-content\/uploads\/2019\/03\/234-2.png\"><img loading=\"lazy\" decoding=\"async\" src=\"https:\/\/www.fmsdocumentation.com\/wp-content\/uploads\/2019\/03\/234-2-1024x742.png\" alt=\"\" class=\"wp-image-7367\" width=\"552\" height=\"400\" srcset=\"https:\/\/www.fmsdocumentation.com\/wp-content\/uploads\/2019\/03\/234-2-1024x742.png 1024w, https:\/\/www.fmsdocumentation.com\/wp-content\/uploads\/2019\/03\/234-2-300x217.png 300w, https:\/\/www.fmsdocumentation.com\/wp-content\/uploads\/2019\/03\/234-2-768x557.png 768w, https:\/\/www.fmsdocumentation.com\/wp-content\/uploads\/2019\/03\/234-2.png 1700w\" sizes=\"auto, (max-width: 552px) 100vw, 552px\" \/><\/a><\/figure>\n\n<ul class=\"wp-block-list\"><li>Paneli i karta vi\u0161e ne stanu na zaslon, pa je implementiran gumb za skrivanje koji se mo\u017ee koristiti za skrivanje trenutnog panela &#8211; \u010dime se prikazuje karta bez stvarnog zatvaranja panela. Korisnik naknadno mo\u017ee otkriti panel. <\/li><\/ul>\n\n<figure class=\"wp-block-image is-resized\"><a href=\"https:\/\/www.fmsdocumentation.com\/wp-content\/uploads\/2019\/03\/235-1.png\"><img loading=\"lazy\" decoding=\"async\" src=\"https:\/\/www.fmsdocumentation.com\/wp-content\/uploads\/2019\/03\/235-1-1024x742.png\" alt=\"\" class=\"wp-image-7368\" width=\"540\" height=\"391\" srcset=\"https:\/\/www.fmsdocumentation.com\/wp-content\/uploads\/2019\/03\/235-1-1024x742.png 1024w, https:\/\/www.fmsdocumentation.com\/wp-content\/uploads\/2019\/03\/235-1-300x217.png 300w, https:\/\/www.fmsdocumentation.com\/wp-content\/uploads\/2019\/03\/235-1-768x557.png 768w, https:\/\/www.fmsdocumentation.com\/wp-content\/uploads\/2019\/03\/235-1.png 1700w\" sizes=\"auto, (max-width: 540px) 100vw, 540px\" \/><\/a><\/figure>\n\n<ul class=\"wp-block-list\"><li>Korisni\u010dki vodi\u010d i gumb za odjavu nalaze se u navigacijskoj plo\u010di.<\/li><\/ul>\n\n<figure class=\"wp-block-image\"><a href=\"https:\/\/www.fmsdocumentation.com\/wp-content\/uploads\/2019\/03\/236.png\"><img loading=\"lazy\" decoding=\"async\" width=\"168\" height=\"300\" src=\"https:\/\/www.fmsdocumentation.com\/wp-content\/uploads\/2019\/03\/236-168x300.png\" alt=\"\" class=\"wp-image-7369\" srcset=\"https:\/\/www.fmsdocumentation.com\/wp-content\/uploads\/2019\/03\/236-168x300.png 168w, https:\/\/www.fmsdocumentation.com\/wp-content\/uploads\/2019\/03\/236-575x1024.png 575w, https:\/\/www.fmsdocumentation.com\/wp-content\/uploads\/2019\/03\/236.png 640w\" sizes=\"auto, (max-width: 168px) 100vw, 168px\" \/><\/a><\/figure>\n\n<hr class=\"wp-block-separator\"\/>\n\n<p><div class=\"alignleft\"><a href=\"https:\/\/www.fmsdocumentation.com\/hr\/aplikacija-ontrack-go\/pravila-o-privatnosti\/\" title=\"Pravila o privatnosti\"><span class=\"arrow\">\u2039 &nbsp <\/span> Pravila o privatnosti <\/a><\/div> <div class=\"alignright\"><a href=\"https:\/\/www.fmsdocumentation.com\/hr\/aplikacija-za-putovanje\/\" title=\"Aplikacija za putovanje\">Aplikacija za putovanje <span class=\"arrow\"> &nbsp\u203a <\/span> <\/a><\/div><\/p>\n","protected":false},"excerpt":{"rendered":"<p>Za kori\u0161tenje mobilne aplikacije, korisnik prvo mora preuzeti aplikaciju na svoj mobilni ure\u0111aj iz trgovine Google Play . Nakon \u0161to je aplikacija preuzeta i instalirana, korisnik je mo\u017ee pokrenuti klikom na njezin logotip. Prilikom prve inicijalizacije, korisnik \u0107e biti upitan za unos URL-a poslu\u017eitelja za sustav upravljanja voznim parkom korisnika. Ovaj postupak mora se izvr\u0161iti &hellip; <a href=\"https:\/\/www.fmsdocumentation.com\/hr\/koristenje-mobilne-aplikacije\/\" class=\"more-link\">Continue reading <span class=\"screen-reader-text\">Kori\u0161tenje mobilne aplikacije<\/span><\/a><\/p>\n","protected":false},"author":1,"featured_media":0,"parent":0,"menu_order":138,"comment_status":"closed","ping_status":"closed","template":"","meta":{"footnotes":""},"class_list":["post-17295","page","type-page","status-publish","hentry"],"_links":{"self":[{"href":"https:\/\/www.fmsdocumentation.com\/hr\/wp-json\/wp\/v2\/pages\/17295","targetHints":{"allow":["GET"]}}],"collection":[{"href":"https:\/\/www.fmsdocumentation.com\/hr\/wp-json\/wp\/v2\/pages"}],"about":[{"href":"https:\/\/www.fmsdocumentation.com\/hr\/wp-json\/wp\/v2\/types\/page"}],"author":[{"embeddable":true,"href":"https:\/\/www.fmsdocumentation.com\/hr\/wp-json\/wp\/v2\/users\/1"}],"replies":[{"embeddable":true,"href":"https:\/\/www.fmsdocumentation.com\/hr\/wp-json\/wp\/v2\/comments?post=17295"}],"version-history":[{"count":1,"href":"https:\/\/www.fmsdocumentation.com\/hr\/wp-json\/wp\/v2\/pages\/17295\/revisions"}],"predecessor-version":[{"id":17308,"href":"https:\/\/www.fmsdocumentation.com\/hr\/wp-json\/wp\/v2\/pages\/17295\/revisions\/17308"}],"wp:attachment":[{"href":"https:\/\/www.fmsdocumentation.com\/hr\/wp-json\/wp\/v2\/media?parent=17295"}],"curies":[{"name":"wp","href":"https:\/\/api.w.org\/{rel}","templated":true}]}}