{"id":13732,"date":"2025-05-06T22:48:55","date_gmt":"2025-05-06T19:48:55","guid":{"rendered":"https:\/\/www.fmsdocumentation.com\/guida-f-m-s\/"},"modified":"2025-05-07T12:45:29","modified_gmt":"2025-05-07T09:45:29","slug":"guida-f-m-s","status":"publish","type":"page","link":"https:\/\/www.fmsdocumentation.com\/it\/","title":{"rendered":"Guida F.M.S."},"content":{"rendered":"\n<p>Benvenuti nella guida online del F.M.S. (Fleet Management System)!<\/p>\n\n<p>Questa guida \u00e8 stata creata specificamente per aiutare tutti gli utenti, esperti o meno, a trovare rapidamente informazioni sui vari moduli e funzionalit\u00e0 del sistema FMS. La guida include informazioni anche sulle app che lavorano insieme con FMS per migliorare la funzionalit\u00e0 complessiva.<\/p>\n\n<p>The following tools are presented to quickly find all the necessary information:Si presentano gli strumenti seguenti per trovare rapidamente tutte le informazioni necessarie:<\/p>\n\n<ul class=\"wp-block-list\"><li>La barra di ricerca permette di scorrere rapidamente tutte le informazioni presenti nella guida.<br\/><br\/>All\u2019apertura di una pagina nei risultati della ricerca sar\u00e0 evidenziata la parola chiave cercata in quella pagina. La parola chiave non sar\u00e0 pi\u00f9 evidenziata dopo avere lasciato la pagina aperta.<\/li><li>L\u2019<strong>albero di navigazione<\/strong> permette di navigare tra le varie sezioni della guida. La struttura ad albero viene fornita in linea con tutto ci\u00f2 che l\u2019utente visualizza in FMS passo per passo, a partire dalla mappa per finire alla descrizione dettagliata di ciascun modulo.<\/li><li>I <strong>pulsanti di navigazione<\/strong>, presenti in fondo a ogni pagina, servono a passare rapidamente alla sezione successiva della guida o a tornare alla sezione precedente.<\/li><li>Sono previste <strong>immagini<\/strong> esemplificative in abbondanza in tutto il manuale. Ogni descrizione \u00e8 accompagnata da un esempio visivo. Un clic sull\u2019immagine la espande alla sua dimensione naturale, permettendo all\u2019utente di visualizzarla per intero.<\/li><li>Il <strong>selettore della lingua<\/strong>, presente sul lato superiore sinistro dello schermo, permette all\u2019utente di selezionare la lingua di visualizzazione per il contenuto del manuale. Altre lingue diventeranno disponibili una volta completata la traduzione del contenuto.<\/li><\/ul>\n\n<hr class=\"wp-block-separator\"\/>\n\n<h3 class=\"wp-block-heading\">Importante!<\/h3>\n\n<p>Il sistema FMS \u00e8 progettato per sincronizzare automaticamente i fusi orari con il computer dal quale \u00e8 stato effettuato il login. Il sistema FMS analizza le impostazioni di zona del computer e imposta il fuso orario di conseguenza. Questa sincronizzazione viene eseguita a ogni login, ed \u00e8 importante per utenti che si spostano e usano computer portatili (alcuni dei quali aggiornano automaticamente l\u2019ora in base al fuso orario attuale) o computer stranieri configurati su fusi orari locali. In questa situazione, l\u2019utente osserver\u00e0 che l\u2019ora indicata differisce da quella visualizzata nel paese di origine. Per visualizzare sempre la stessa ora nel sistema, si raccomanda di modificare manualmente le impostazioni di zona del computer disattivando l\u2019aggiornamento automatico.<\/p>\n\n<p class=\"note\"><strong>Nota.<\/strong><br\/><br\/>La sincronizzazione automatica dell\u2019ora viene effettuata solo se il fuso orario non \u00e8 stato modificato nelle impostazioni dell\u2019account. Una volta che l\u2019utente imposta uno specifico fuso orario, l\u2019auto-sincronizzazione si arresta.<\/p>\n\n<p><strong>FMS supporta i seguenti browser web aggiornati alla versione pi\u00f9 recente:<\/strong><\/p>\n\n<ul class=\"wp-block-list\"><li>Chrome (RACCOMANDATO)<\/li><li>Firefox<\/li><li>Safari<\/li><\/ul>\n\n<p>In caso di utilizzo di altri browser, non possiamo garantire che il sistema di gestione delle flotte funzioner\u00e0 correttamente, o funzioner\u00e0 affatto.<\/p>\n\n<p>The mobile version of the FMS is ONLY supported using the FMS app.La versione mobile di FMS \u00e8 supportata ESCLUSIVAMENTE attraverso l\u2019app FMS.<\/p>\n\n<p>La risoluzione raccomandata per lo schermo \u00e8 1280&#215;1024 o superiore.<\/p>\n\n<hr class=\"wp-block-separator\"\/>\n<div class=\"alignright\"><a href=\"https:\/\/www.fmsdocumentation.com\/it\/creazione-di-nuove-attivita\/\" title=\"Creazione di nuove attivit\u00e0\">Creazione di nuove attivit\u00e0 <span class=\"arrow\"> &nbsp\u203a <\/span> <\/a><\/div>\n","protected":false},"excerpt":{"rendered":"<p>Benvenuti nella guida online del F.M.S. (Fleet Management System)! Questa guida \u00e8 stata creata specificamente per aiutare tutti gli utenti, esperti o meno, a trovare rapidamente informazioni sui vari moduli e funzionalit\u00e0 del sistema FMS. La guida include informazioni anche sulle app che lavorano insieme con FMS per migliorare la funzionalit\u00e0 complessiva. The following tools &hellip; <a href=\"https:\/\/www.fmsdocumentation.com\/it\/\" class=\"more-link\">Continua a leggere <span class=\"screen-reader-text\">Guida F.M.S.<\/span><\/a><\/p>\n","protected":false},"author":1,"featured_media":0,"parent":0,"menu_order":2,"comment_status":"closed","ping_status":"closed","template":"","meta":{"footnotes":""},"class_list":["post-13732","page","type-page","status-publish","hentry"],"_links":{"self":[{"href":"https:\/\/www.fmsdocumentation.com\/it\/wp-json\/wp\/v2\/pages\/13732","targetHints":{"allow":["GET"]}}],"collection":[{"href":"https:\/\/www.fmsdocumentation.com\/it\/wp-json\/wp\/v2\/pages"}],"about":[{"href":"https:\/\/www.fmsdocumentation.com\/it\/wp-json\/wp\/v2\/types\/page"}],"author":[{"embeddable":true,"href":"https:\/\/www.fmsdocumentation.com\/it\/wp-json\/wp\/v2\/users\/1"}],"replies":[{"embeddable":true,"href":"https:\/\/www.fmsdocumentation.com\/it\/wp-json\/wp\/v2\/comments?post=13732"}],"version-history":[{"count":13,"href":"https:\/\/www.fmsdocumentation.com\/it\/wp-json\/wp\/v2\/pages\/13732\/revisions"}],"predecessor-version":[{"id":13760,"href":"https:\/\/www.fmsdocumentation.com\/it\/wp-json\/wp\/v2\/pages\/13732\/revisions\/13760"}],"wp:attachment":[{"href":"https:\/\/www.fmsdocumentation.com\/it\/wp-json\/wp\/v2\/media?parent=13732"}],"curies":[{"name":"wp","href":"https:\/\/api.w.org\/{rel}","templated":true}]}}