{"id":13764,"date":"2025-05-07T12:50:54","date_gmt":"2025-05-07T09:50:54","guid":{"rendered":"https:\/\/www.fmsdocumentation.com\/rapporto-di-ispezione-del-veicolo\/"},"modified":"2025-05-07T12:50:54","modified_gmt":"2025-05-07T09:50:54","slug":"rapporto-di-ispezione-del-veicolo","status":"publish","type":"page","link":"https:\/\/www.fmsdocumentation.com\/it\/rapporto-di-ispezione-del-veicolo\/","title":{"rendered":"Rapporto di ispezione del veicolo"},"content":{"rendered":"\n<p>La funzionalit\u00e0 \u00e8 progettata per creare malfunzionamenti e questionari personalizzati che possono essere inviati all&#8217;autista nell&#8217;app Journey e in Ontrack.<\/p>\n\n<p>Lo scopo principale \u00e8 quello di garantire che i conducenti controllino lo stato del veicolo e segnalino i problemi quando prendono in consegna il veicolo da un altro conducente.<\/p>\n\n<p>Per poter visualizzare i rapporti di ispezione del veicolo e i malfunzionamenti, registrati alla consultazione e fornisci il nome dell&#8217;azienda e l&#8217;ID del cliente TT2.<\/p>\n\n<h1 class=\"wp-block-heading\" id=\"Vehicle-inspection-report\">Rapporto di ispezione del veicolo<\/h1>\n\n<h2 class=\"wp-block-heading\" id=\"Create-questionnaire\">Crea un questionario<\/h2>\n\n<p>Il questionario pu\u00f2 essere creato nel modulo dei rapporti di ispezione dei veicoli:<br\/><\/p>\n\n<figure class=\"wp-block-image size-large\"><img loading=\"lazy\" decoding=\"async\" width=\"1024\" height=\"360\" src=\"https:\/\/www.fmsdocumentation.com\/wp-content\/uploads\/2024\/12\/ca883a57-657e-4862-adf2-f6f8de85cfa0-1024x360.png\" alt=\"\" class=\"wp-image-13582\" srcset=\"https:\/\/www.fmsdocumentation.com\/wp-content\/uploads\/2024\/12\/ca883a57-657e-4862-adf2-f6f8de85cfa0-1024x360.png 1024w, https:\/\/www.fmsdocumentation.com\/wp-content\/uploads\/2024\/12\/ca883a57-657e-4862-adf2-f6f8de85cfa0-300x106.png 300w, https:\/\/www.fmsdocumentation.com\/wp-content\/uploads\/2024\/12\/ca883a57-657e-4862-adf2-f6f8de85cfa0-768x270.png 768w, https:\/\/www.fmsdocumentation.com\/wp-content\/uploads\/2024\/12\/ca883a57-657e-4862-adf2-f6f8de85cfa0-1536x540.png 1536w, https:\/\/www.fmsdocumentation.com\/wp-content\/uploads\/2024\/12\/ca883a57-657e-4862-adf2-f6f8de85cfa0-2048x720.png 2048w\" sizes=\"auto, (max-width: 1024px) 100vw, 1024px\" \/><\/figure>\n\n<p>C&#8217;\u00e8 la possibilit\u00e0 di aggiungere 3 tipi di domande:<br\/><\/p>\n\n<ul class=\"wp-block-list\"><li><strong>Domanda aperta<\/strong><br\/>\u00c8 obbligatorio aggiungere una domanda. Chi risponde dovr\u00e0 inserire la risposta o caricare una foto. <\/li><\/ul>\n\n<figure class=\"wp-block-image size-full\"><img loading=\"lazy\" decoding=\"async\" width=\"670\" height=\"337\" src=\"https:\/\/www.fmsdocumentation.com\/wp-content\/uploads\/2024\/12\/86d61d94-58cc-4ab6-a803-e823e907f9f0.png\" alt=\"\" class=\"wp-image-13587\" srcset=\"https:\/\/www.fmsdocumentation.com\/wp-content\/uploads\/2024\/12\/86d61d94-58cc-4ab6-a803-e823e907f9f0.png 670w, https:\/\/www.fmsdocumentation.com\/wp-content\/uploads\/2024\/12\/86d61d94-58cc-4ab6-a803-e823e907f9f0-300x151.png 300w\" sizes=\"auto, (max-width: 670px) 100vw, 670px\" \/><\/figure>\n\n<ul class=\"wp-block-list\"><li><strong>Domanda a risposta multipla<\/strong><br\/><br\/>Per la creazione \u00e8 obbligatorio inserire la domanda e le possibili risposte. C&#8217;\u00e8 la possibilit\u00e0 di contrassegnare la risposta per la quale l&#8217;operatore vuole essere avvisato (la notifica sar\u00e0 visibile nell&#8217;elenco dei rapporti compilati). L&#8217;autista che risponde dovr\u00e0 selezionare la risposta, inoltre avr\u00e0 la possibilit\u00e0 di aggiungere un commento o caricare una foto.  <\/li><li><strong>Domanda<\/strong><strong>S\u00ec\/No<\/strong><br\/>Come la risposta multipla, ci sono gi\u00e0 delle opzioni predefinite (le opzioni possono essere modificate).<\/li><\/ul>\n\n<figure class=\"wp-block-image size-full\"><img loading=\"lazy\" decoding=\"async\" width=\"668\" height=\"387\" src=\"https:\/\/www.fmsdocumentation.com\/wp-content\/uploads\/2024\/12\/e21a87c1-33bf-4709-a56d-d9b2dfff4dcf-1.png\" alt=\"\" class=\"wp-image-13584\" srcset=\"https:\/\/www.fmsdocumentation.com\/wp-content\/uploads\/2024\/12\/e21a87c1-33bf-4709-a56d-d9b2dfff4dcf-1.png 668w, https:\/\/www.fmsdocumentation.com\/wp-content\/uploads\/2024\/12\/e21a87c1-33bf-4709-a56d-d9b2dfff4dcf-1-300x174.png 300w\" sizes=\"auto, (max-width: 668px) 100vw, 668px\" \/><\/figure>\n\n<ul class=\"wp-block-list\"><li><br\/><\/li><li><strong>Domanda sulla firma<\/strong><br\/>Il conducente dovr\u00e0 firmare con il dito.<br\/><\/li><\/ul>\n\n<figure class=\"wp-block-image size-full\"><img loading=\"lazy\" decoding=\"async\" width=\"682\" height=\"222\" src=\"https:\/\/www.fmsdocumentation.com\/wp-content\/uploads\/2024\/12\/6c4f8964-5d77-4010-ade7-7bc1ca8ee60f-1.png\" alt=\"\" class=\"wp-image-13586\" srcset=\"https:\/\/www.fmsdocumentation.com\/wp-content\/uploads\/2024\/12\/6c4f8964-5d77-4010-ade7-7bc1ca8ee60f-1.png 682w, https:\/\/www.fmsdocumentation.com\/wp-content\/uploads\/2024\/12\/6c4f8964-5d77-4010-ade7-7bc1ca8ee60f-1-300x98.png 300w\" sizes=\"auto, (max-width: 682px) 100vw, 682px\" \/><\/figure>\n\n<ul class=\"wp-block-list\"><li><strong>Domanda sui malfunzionamenti<\/strong><br\/>Al conducente verr\u00e0 chiesto di registrare nuovi malfunzionamenti. I malfunzionamenti saranno registrati come entit\u00e0 separate e saranno visibili nel report e nel modulo malfunzionamenti. <\/li><\/ul>\n\n<h2 class=\"wp-block-heading\" id=\"Assign-vehicle\">Assegnazione del veicolo<\/h2>\n\n<p>Una volta creato il questionario, \u00e8 necessario assegnare i veicoli a questo questionario.<\/p>\n\n<figure class=\"wp-block-image size-large\"><img loading=\"lazy\" decoding=\"async\" width=\"1024\" height=\"379\" src=\"https:\/\/www.fmsdocumentation.com\/wp-content\/uploads\/2024\/12\/assign-1024x379.png\" alt=\"\" class=\"wp-image-13589\" srcset=\"https:\/\/www.fmsdocumentation.com\/wp-content\/uploads\/2024\/12\/assign-1024x379.png 1024w, https:\/\/www.fmsdocumentation.com\/wp-content\/uploads\/2024\/12\/assign-300x111.png 300w, https:\/\/www.fmsdocumentation.com\/wp-content\/uploads\/2024\/12\/assign-768x284.png 768w, https:\/\/www.fmsdocumentation.com\/wp-content\/uploads\/2024\/12\/assign-1536x569.png 1536w, https:\/\/www.fmsdocumentation.com\/wp-content\/uploads\/2024\/12\/assign-2048x758.png 2048w\" sizes=\"auto, (max-width: 1024px) 100vw, 1024px\" \/><\/figure>\n\n<p>Non ci sono limiti: lo stesso questionario pu\u00f2 essere assegnato a molti oggetti, cos\u00ec come per un oggetto possono essere assegnati pochi questionari.<\/p>\n\n<h2 class=\"wp-block-heading\" id=\"Fill-questionnaire-in-Journey-app\">Compila il questionario nell&#8217;app Journey<\/h2>\n\n<h2 class=\"wp-block-heading\" id=\"If-driver-will-assign-vehicle-which-has-assigned-questionnaire-then-driver-will-get-notification-to-fill-report:\">Se il conducente assegna un veicolo che ha un questionario assegnato, ricever\u00e0 una notifica per compilare il rapporto:<br\/><\/h2>\n\n<figure class=\"wp-block-image size-full\"><img loading=\"lazy\" decoding=\"async\" width=\"619\" height=\"847\" src=\"https:\/\/www.fmsdocumentation.com\/wp-content\/uploads\/2024\/12\/7d2a40e7-bfd9-421d-bb93-41861b2dcbc5.png\" alt=\"\" class=\"wp-image-13590\" srcset=\"https:\/\/www.fmsdocumentation.com\/wp-content\/uploads\/2024\/12\/7d2a40e7-bfd9-421d-bb93-41861b2dcbc5.png 619w, https:\/\/www.fmsdocumentation.com\/wp-content\/uploads\/2024\/12\/7d2a40e7-bfd9-421d-bb93-41861b2dcbc5-219x300.png 219w\" sizes=\"auto, (max-width: 619px) 100vw, 619px\" \/><\/figure>\n\n<p>Se l&#8217;ultimo conducente dell&#8217;auto assegnata era lo stesso e il questionario era gi\u00e0 stato compilato, il questionario non verr\u00e0 inviato nuovamente.<\/p>\n\n<p>L&#8217;autista ricever\u00e0 le domande una per una.<\/p>\n\n<figure class=\"wp-block-image size-full\"><img loading=\"lazy\" decoding=\"async\" width=\"614\" height=\"659\" src=\"https:\/\/www.fmsdocumentation.com\/wp-content\/uploads\/2024\/12\/kuku.png\" alt=\"\" class=\"wp-image-13592\" srcset=\"https:\/\/www.fmsdocumentation.com\/wp-content\/uploads\/2024\/12\/kuku.png 614w, https:\/\/www.fmsdocumentation.com\/wp-content\/uploads\/2024\/12\/kuku-280x300.png 280w\" sizes=\"auto, (max-width: 614px) 100vw, 614px\" \/><\/figure>\n\n<p>\u00c8 obbligatorio selezionare la risposta per le domande a risposta multipla e s\u00ec\/no. \u00c8 obbligatorio inserire la risposta o allegare una foto per le domande aperte. <\/p>\n\n<p>Quando il questionario sar\u00e0 compilato, verr\u00e0 inviato al server.<\/p>\n\n<h2 class=\"wp-block-heading\" id=\"Report-preview\">Anteprima del rapporto<\/h2>\n\n<p>I rapporti compilati possono essere trovati nel modulo dei rapporti di ispezione dei veicoli.<\/p>\n\n<figure class=\"wp-block-image size-large\"><img loading=\"lazy\" decoding=\"async\" width=\"1024\" height=\"360\" src=\"https:\/\/www.fmsdocumentation.com\/wp-content\/uploads\/2024\/12\/ca883a57-657e-4862-adf2-f6f8de85cfa0-2-1024x360.png\" alt=\"\" class=\"wp-image-13594\" srcset=\"https:\/\/www.fmsdocumentation.com\/wp-content\/uploads\/2024\/12\/ca883a57-657e-4862-adf2-f6f8de85cfa0-2-1024x360.png 1024w, https:\/\/www.fmsdocumentation.com\/wp-content\/uploads\/2024\/12\/ca883a57-657e-4862-adf2-f6f8de85cfa0-2-300x106.png 300w, https:\/\/www.fmsdocumentation.com\/wp-content\/uploads\/2024\/12\/ca883a57-657e-4862-adf2-f6f8de85cfa0-2-768x270.png 768w, https:\/\/www.fmsdocumentation.com\/wp-content\/uploads\/2024\/12\/ca883a57-657e-4862-adf2-f6f8de85cfa0-2-1536x540.png 1536w, https:\/\/www.fmsdocumentation.com\/wp-content\/uploads\/2024\/12\/ca883a57-657e-4862-adf2-f6f8de85cfa0-2-2048x720.png 2048w\" sizes=\"auto, (max-width: 1024px) 100vw, 1024px\" \/><\/figure>\n\n<p>In questa tabella sono presenti informazioni su chi e quando ha compilato il rapporto, su quale veicolo \u00e8 stato compilato, sul nome del questionario e se il rapporto ha degli avvisi. Possibilit\u00e0 di filtrare e ordinare i report nella tabella. <\/p>\n\n<p>\u00c8 disponibile anche l&#8217;anteprima del report:<\/p>\n\n<figure class=\"wp-block-image size-large\"><img loading=\"lazy\" decoding=\"async\" width=\"1024\" height=\"808\" src=\"https:\/\/www.fmsdocumentation.com\/wp-content\/uploads\/2024\/12\/ca2c5c42-42ee-4ebf-a81b-75725fa6ab05-1024x808.png\" alt=\"\" class=\"wp-image-13595\" srcset=\"https:\/\/www.fmsdocumentation.com\/wp-content\/uploads\/2024\/12\/ca2c5c42-42ee-4ebf-a81b-75725fa6ab05-1024x808.png 1024w, https:\/\/www.fmsdocumentation.com\/wp-content\/uploads\/2024\/12\/ca2c5c42-42ee-4ebf-a81b-75725fa6ab05-300x237.png 300w, https:\/\/www.fmsdocumentation.com\/wp-content\/uploads\/2024\/12\/ca2c5c42-42ee-4ebf-a81b-75725fa6ab05-768x606.png 768w, https:\/\/www.fmsdocumentation.com\/wp-content\/uploads\/2024\/12\/ca2c5c42-42ee-4ebf-a81b-75725fa6ab05.png 1216w\" sizes=\"auto, (max-width: 1024px) 100vw, 1024px\" \/><\/figure>\n\n<p>C&#8217;\u00e8 la possibilit\u00e0 di visualizzare la foto a grandezza naturale e di scaricarla sul pc:<\/p>\n\n<figure class=\"wp-block-image size-large\"><img loading=\"lazy\" decoding=\"async\" width=\"1024\" height=\"771\" src=\"https:\/\/www.fmsdocumentation.com\/wp-content\/uploads\/2024\/12\/6819f279-212b-426c-8fd9-debe0f211b2b-1024x771.png\" alt=\"\" class=\"wp-image-13596\" srcset=\"https:\/\/www.fmsdocumentation.com\/wp-content\/uploads\/2024\/12\/6819f279-212b-426c-8fd9-debe0f211b2b-1024x771.png 1024w, https:\/\/www.fmsdocumentation.com\/wp-content\/uploads\/2024\/12\/6819f279-212b-426c-8fd9-debe0f211b2b-300x226.png 300w, https:\/\/www.fmsdocumentation.com\/wp-content\/uploads\/2024\/12\/6819f279-212b-426c-8fd9-debe0f211b2b-768x578.png 768w, https:\/\/www.fmsdocumentation.com\/wp-content\/uploads\/2024\/12\/6819f279-212b-426c-8fd9-debe0f211b2b.png 1369w\" sizes=\"auto, (max-width: 1024px) 100vw, 1024px\" \/><\/figure>\n\n<p>C&#8217;\u00e8 anche la possibilit\u00e0 di stampare un rapporto.<\/p>\n\n<h1 class=\"wp-block-heading\" id=\"Malfunctions\">Malfunzionamenti<\/h1>\n\n<h2 class=\"wp-block-heading\" id=\"Malfunction-module\">Modulo di malfunzionamento<\/h2>\n\n<p>Aprire l&#8217;immagine-20240314-065702.png<\/p>\n\n<figure class=\"wp-block-image\"><img decoding=\"async\" src=\"blob:https:\/\/ruptela.atlassian.net\/00500547-b851-43aa-9ed4-d688430cbe6d#media-blob-url=true&amp;id=15cdc303-08c7-47ab-9a05-45ba4d8dde70&amp;collection=contentId-2499969109&amp;contextId=2499969109&amp;mimeType=image%2Fpng&amp;name=image-20240314-065702.png&amp;size=135924&amp;width=2000&amp;height=734&amp;alt=image-20240314-065702.png\" alt=\"image-20240314-065702.png\"\/><\/figure>\n\n<p>Nel modulo dei malfunzionamenti sono visibili tutti i malfunzionamenti registrati in TT2, nell&#8217;app del viaggio e in Ontrack.<\/p>\n\n<p>\u00c8 possibile filtrare per nome, veicolo, data di immatricolazione, giornalista, stato, tipo e data di riparazione.<\/p>\n\n<p>Ogni malfunzionamento pu\u00f2 essere visualizzato in anteprima, modificato, commentato e lo stato pu\u00f2 essere cambiato (NUOVO, FISSO, RISOLTO).<\/p>\n\n<p>Esiste la possibilit\u00e0 di registrare un nuovo malfunzionamento:<br\/><\/p>\n\n<p>Aprire l&#8217;immagine-20240314-065950.png<\/p>\n\n<figure class=\"wp-block-image\"><img decoding=\"async\" src=\"blob:https:\/\/ruptela.atlassian.net\/87eeee46-0fc5-47ed-baa9-40fad0ffb639#media-blob-url=true&amp;id=75da0121-b6da-4876-a255-405757731fa8&amp;collection=contentId-2499969109&amp;contextId=2499969109&amp;mimeType=image%2Fpng&amp;name=image-20240314-065950.png&amp;size=27320&amp;width=620&amp;height=607&amp;alt=image-20240314-065950.png\" alt=\"image-20240314-065950.png\"\/><\/figure>\n\n<h2 class=\"wp-block-heading\" id=\"Journey-app\">App di viaggio<\/h2>\n\n<p>Nell&#8217;applicazione Journey \u00e8 presente il modulo &#8220;Malfunzionamenti&#8221;.<\/p>\n\n<p>Aprire l&#8217;immagine-20240314-070137.png<\/p>\n\n<figure class=\"wp-block-image\"><img decoding=\"async\" src=\"blob:https:\/\/ruptela.atlassian.net\/6fd41677-b706-4a4f-a4bc-d972fc862acf#media-blob-url=true&amp;id=2fc6fbd2-9093-4ea0-b257-26f39518e586&amp;collection=contentId-2499969109&amp;contextId=2499969109&amp;mimeType=image%2Fpng&amp;name=image-20240314-070137.png&amp;size=29168&amp;width=501&amp;height=714&amp;alt=image-20240314-070137.png\" alt=\"image-20240314-070137.png\"\/><\/figure>\n\n<p>Nel modulo il conducente pu\u00f2 vedere tutti i malfunzionamenti non risolti del veicolo assegnato. C&#8217;\u00e8 la possibilit\u00e0 di registrare un nuovo malfunzionamento per il veicolo assegnato. \u00c8 possibile visualizzare l&#8217;anteprima del malfunzionamento, ma non \u00e8 possibile modificarlo.  <\/p>\n","protected":false},"excerpt":{"rendered":"<p>La funzionalit\u00e0 \u00e8 progettata per creare malfunzionamenti e questionari personalizzati che possono essere inviati all&#8217;autista nell&#8217;app Journey e in Ontrack. Lo scopo principale \u00e8 quello di garantire che i conducenti controllino lo stato del veicolo e segnalino i problemi quando prendono in consegna il veicolo da un altro conducente. Per poter visualizzare i rapporti di &hellip; <a href=\"https:\/\/www.fmsdocumentation.com\/it\/rapporto-di-ispezione-del-veicolo\/\" class=\"more-link\">Continua a leggere <span class=\"screen-reader-text\">Rapporto di ispezione del veicolo<\/span><\/a><\/p>\n","protected":false},"author":15,"featured_media":0,"parent":0,"menu_order":14,"comment_status":"closed","ping_status":"closed","template":"","meta":{"footnotes":""},"class_list":["post-13764","page","type-page","status-publish","hentry"],"_links":{"self":[{"href":"https:\/\/www.fmsdocumentation.com\/it\/wp-json\/wp\/v2\/pages\/13764","targetHints":{"allow":["GET"]}}],"collection":[{"href":"https:\/\/www.fmsdocumentation.com\/it\/wp-json\/wp\/v2\/pages"}],"about":[{"href":"https:\/\/www.fmsdocumentation.com\/it\/wp-json\/wp\/v2\/types\/page"}],"author":[{"embeddable":true,"href":"https:\/\/www.fmsdocumentation.com\/it\/wp-json\/wp\/v2\/users\/15"}],"replies":[{"embeddable":true,"href":"https:\/\/www.fmsdocumentation.com\/it\/wp-json\/wp\/v2\/comments?post=13764"}],"version-history":[{"count":1,"href":"https:\/\/www.fmsdocumentation.com\/it\/wp-json\/wp\/v2\/pages\/13764\/revisions"}],"predecessor-version":[{"id":13766,"href":"https:\/\/www.fmsdocumentation.com\/it\/wp-json\/wp\/v2\/pages\/13764\/revisions\/13766"}],"wp:attachment":[{"href":"https:\/\/www.fmsdocumentation.com\/it\/wp-json\/wp\/v2\/media?parent=13764"}],"curies":[{"name":"wp","href":"https:\/\/api.w.org\/{rel}","templated":true}]}}