{"id":13859,"date":"2025-05-07T15:27:14","date_gmt":"2025-05-07T12:27:14","guid":{"rendered":"https:\/\/www.fmsdocumentation.com\/menu-degli-orari-di-guida\/"},"modified":"2025-05-07T15:27:15","modified_gmt":"2025-05-07T12:27:15","slug":"menu-degli-orari-di-guida","status":"publish","type":"page","link":"https:\/\/www.fmsdocumentation.com\/it\/menu-degli-orari-di-guida\/","title":{"rendered":"Menu degli orari di guida"},"content":{"rendered":"&#13;\n<p>Il menu <strong>Tempi di guida<\/strong> serve a visualizzare e analizzare le violazioni dei tempi di guida secondo il <a href=\"https:\/\/eur-lex.europa.eu\/legal-content\/EN\/TXT\/?uri=CELEX:02006R0561-20150302\" target=\"_blank\" rel=\"noreferrer noopener\">Regolamento (CE) n. 561\/2006 del Parlamento europeo e del Consiglio<\/a> e si applica <strong>solo ai veicoli in Europa<\/strong>. Per accedere al menu <strong><strong>Tempi di guida<\/strong><\/strong> clicca sull&#8217;icona nel pannello di navigazione come mostrato nell&#8217;immagine sottostante. <\/p>&#13;\n&#13;\n<p><p class=\"note\">Nota<br\/>La funzionalit\u00e0 Tempi di guida non copre le violazioni relative all&#8217;orario di lavoro e ai due conducenti.<\/p>&#13;\n&#13;\n<figure class=\"wp-block-image size-large\"><a href=\"https:\/\/www.fmsdocumentation.com\/wp-content\/uploads\/2020\/05\/422.png\"><img loading=\"lazy\" decoding=\"async\" width=\"1024\" height=\"500\" class=\"wp-image-9093\" src=\"https:\/\/www.fmsdocumentation.com\/wp-content\/uploads\/2020\/05\/422-1024x500.png\" alt=\"\" srcset=\"https:\/\/www.fmsdocumentation.com\/wp-content\/uploads\/2020\/05\/422-1024x500.png 1024w, https:\/\/www.fmsdocumentation.com\/wp-content\/uploads\/2020\/05\/422-300x146.png 300w, https:\/\/www.fmsdocumentation.com\/wp-content\/uploads\/2020\/05\/422-768x375.png 768w, https:\/\/www.fmsdocumentation.com\/wp-content\/uploads\/2020\/05\/422-1536x750.png 1536w, https:\/\/www.fmsdocumentation.com\/wp-content\/uploads\/2020\/05\/422.png 1920w\" sizes=\"auto, (max-width: 1024px) 100vw, 1024px\" \/><\/a><\/figure>&#13;\n&#13;\n<h2 class=\"wp-block-heading\">Violazioni<\/h2>&#13;\n&#13;\n<p>La scheda <strong>Violazioni<\/strong> contiene un elenco delle violazioni dei tempi di guida commesse dai conducenti.<\/p>&#13;\n&#13;\n<p><p class=\"note\">Nota<br\/>Le infrazioni sono calcolate utilizzando i dati del tachigrafo provenienti dai file .DDD della carta del conducente scaricati e sono mostrate solo per i conducenti con dati disponibili. Assicurati che il download dei file .DDD sia configurato correttamente nel menu <b><a href=\"https:\/\/www.fmsdocumentation.com\/tachograph-menu\/\">Menu Tachigrafo<\/a><\/b>.<\/p>&#13;\n&#13;\n<p>Le violazioni sono elencate in una tabella che contiene le seguenti colonne:<\/p>&#13;\n&#13;\n<ul class=\"wp-block-list\">&#13;\n<li>Conducente &#8211; il conducente che ha commesso la violazione<\/li>&#13;\n<li>Data: la data e l&#8217;ora esatta della violazione. Clicca sulla data per aprire la scheda <strong>Attivit\u00e0 del conducente<\/strong> per quella data e quel giorno. <\/li>&#13;\n<li>Gravit\u00e0 &#8211; la gravit\u00e0 della violazione, secondo il <a href=\"https:\/\/eur-lex.europa.eu\/legal-content\/EN\/TXT\/?uri=uriserv%3AOJ.L_.2016.074.01.0008.01.ENG\" target=\"_blank\" rel=\"noreferrer noopener\">Regolamento della Commissione Europea 2016\/403<\/a>.<\/li>&#13;\n<li>Tipo &#8211; il tipo di violazione, secondo il <a href=\"https:\/\/eur-lex.europa.eu\/legal-content\/EN\/TXT\/?uri=CELEX:02006R0561-20150302\" target=\"_blank\" rel=\"noreferrer noopener\">Regolamento (CE) n. 561\/2006<\/a>. Clicca sul numero del tipo per visualizzarne la descrizione. <\/li>&#13;\n<li>Informazioni concrete: cosa \u00e8 stato violato esattamente<\/li>&#13;\n<li>Veicolo &#8211; il veicolo assegnato al conducente<\/li>&#13;\n<li>Paese &#8211; il paese in cui \u00e8 stata commessa la violazione<\/li>&#13;\n<\/ul>&#13;\n&#13;\n<figure class=\"wp-block-image size-large\"><a href=\"https:\/\/www.fmsdocumentation.com\/wp-content\/uploads\/2020\/05\/432.png\"><img loading=\"lazy\" decoding=\"async\" width=\"1024\" height=\"63\" class=\"wp-image-9132\" src=\"https:\/\/www.fmsdocumentation.com\/wp-content\/uploads\/2020\/05\/432-1024x63.png\" alt=\"\" srcset=\"https:\/\/www.fmsdocumentation.com\/wp-content\/uploads\/2020\/05\/432-1024x63.png 1024w, https:\/\/www.fmsdocumentation.com\/wp-content\/uploads\/2020\/05\/432-300x18.png 300w, https:\/\/www.fmsdocumentation.com\/wp-content\/uploads\/2020\/05\/432-768x47.png 768w, https:\/\/www.fmsdocumentation.com\/wp-content\/uploads\/2020\/05\/432-1536x95.png 1536w, https:\/\/www.fmsdocumentation.com\/wp-content\/uploads\/2020\/05\/432.png 1852w\" sizes=\"auto, (max-width: 1024px) 100vw, 1024px\" \/><\/a><\/figure>&#13;\n&#13;\n<h4 class=\"wp-block-heading\">Filtraggio delle violazioni<\/h4>&#13;\n&#13;\n<p>Le seguenti colonne dell&#8217;elenco delle violazioni hanno dei filtri:<\/p>&#13;\n&#13;\n<figure class=\"wp-block-table\">&#13;\n<table>&#13;\n<tbody>&#13;\n<tr>&#13;\n<td><strong>Colonna<\/strong><\/td>&#13;\n<td><strong>Tipo\/i di filtro\/i<\/strong><\/td>&#13;\n<\/tr>&#13;\n<tr>&#13;\n<td>Autista<\/td>&#13;\n<td>Ordina per ordine decrescente\/ascendente<br\/>Mostra solo le violazioni commesse dai conducenti selezionati<\/td>&#13;\n<\/tr>&#13;\n<tr>&#13;\n<td>Data<\/td>&#13;\n<td>Ordina per ordine decrescente\/ascendente<br\/>Mostra solo le violazioni commesse durante un periodo di tempo selezionato<\/td>&#13;\n<\/tr>&#13;\n<tr>&#13;\n<td>Gravit\u00e0<\/td>&#13;\n<td>Ordina per ordine decrescente\/ascendente<br\/>Mostra solo le violazioni delle gravit\u00e0 selezionate<\/td>&#13;\n<\/tr>&#13;\n<tr>&#13;\n<td>Tipo<\/td>&#13;\n<td>Mostra solo le violazioni dei tipi selezionati<\/td>&#13;\n<\/tr>&#13;\n<tr>&#13;\n<td>Veicolo<\/td>&#13;\n<td>Ordina per ordine decrescente\/ascendente<br\/>Mostra solo le violazioni appartenenti ai veicoli selezionati<\/td>&#13;\n<\/tr>&#13;\n<tr>&#13;\n<td>Paese<\/td>&#13;\n<td>Mostra solo le violazioni commesse in paesi selezionati<\/td>&#13;\n<\/tr>&#13;\n<\/tbody>&#13;\n<\/table>&#13;\n<\/figure>&#13;\n&#13;\n<p>Ordina le colonne cliccando sul nome della colonna. \u00c8 possibile ordinare solo una colonna alla volta. Dopo l&#8217;ordinamento, un&#8217;icona mostra l&#8217;ordine applicato.  <\/p>&#13;\n&#13;\n<figure class=\"wp-block-image size-large\"><a href=\"https:\/\/www.fmsdocumentation.com\/wp-content\/uploads\/2020\/05\/423.png\"><img loading=\"lazy\" decoding=\"async\" width=\"596\" height=\"328\" class=\"wp-image-9096\" src=\"https:\/\/www.fmsdocumentation.com\/wp-content\/uploads\/2020\/05\/423.png\" alt=\"\" srcset=\"https:\/\/www.fmsdocumentation.com\/wp-content\/uploads\/2020\/05\/423.png 596w, https:\/\/www.fmsdocumentation.com\/wp-content\/uploads\/2020\/05\/423-300x165.png 300w\" sizes=\"auto, (max-width: 596px) 100vw, 596px\" \/><\/a><\/figure>&#13;\n&#13;\n<p>Filtra le attivit\u00e0 cliccando sull&#8217;icona del filtro che appare passando il mouse sul nome della colonna. \u00c8 possibile applicare sia l&#8217;ordinamento che il filtraggio alla stessa colonna. <\/p>&#13;\n&#13;\n<figure class=\"wp-block-image size-large\"><a href=\"https:\/\/www.fmsdocumentation.com\/wp-content\/uploads\/2020\/05\/424.png\"><img loading=\"lazy\" decoding=\"async\" width=\"674\" height=\"399\" class=\"wp-image-9098\" src=\"https:\/\/www.fmsdocumentation.com\/wp-content\/uploads\/2020\/05\/424.png\" alt=\"\" srcset=\"https:\/\/www.fmsdocumentation.com\/wp-content\/uploads\/2020\/05\/424.png 674w, https:\/\/www.fmsdocumentation.com\/wp-content\/uploads\/2020\/05\/424-300x178.png 300w\" sizes=\"auto, (max-width: 674px) 100vw, 674px\" \/><\/a><\/figure>&#13;\n&#13;\n<p>I filtri applicati sono elencati all&#8217;inizio dell&#8217;elenco delle attivit\u00e0. Per cancellare un singolo filtro, clicca su <strong>X<\/strong>. Per cancellare tutti i filtri, clicca su <strong>Cancella tutti i filtri<\/strong>.  <\/p>&#13;\n&#13;\n<figure class=\"wp-block-image size-large\"><a href=\"https:\/\/www.fmsdocumentation.com\/wp-content\/uploads\/2020\/05\/425.png\"><img loading=\"lazy\" decoding=\"async\" width=\"713\" height=\"343\" class=\"wp-image-9099\" src=\"https:\/\/www.fmsdocumentation.com\/wp-content\/uploads\/2020\/05\/425.png\" alt=\"\" srcset=\"https:\/\/www.fmsdocumentation.com\/wp-content\/uploads\/2020\/05\/425.png 713w, https:\/\/www.fmsdocumentation.com\/wp-content\/uploads\/2020\/05\/425-300x144.png 300w\" sizes=\"auto, (max-width: 713px) 100vw, 713px\" \/><\/a><\/figure>&#13;\n&#13;\n<h2 class=\"wp-block-heading\">Attivit\u00e0 del conducente<\/h2>&#13;\n&#13;\n<p>La scheda <strong>Attivit\u00e0 del conducente<\/strong> contiene una rappresentazione grafica della cronologia delle attivit\u00e0 del conducente. Per iniziare, seleziona un conducente e il periodo per il quale desideri visualizzare l&#8217;attivit\u00e0 del conducente. La ricerca dei conducenti pu\u00f2 essere effettuata pi\u00f9 rapidamente digitando semplicemente il nome del conducente nella barra di ricerca. Questo filtrer\u00e0 i nomi nell&#8217;elenco a discesa in base alla ricerca.   <\/p>&#13;\n&#13;\n<figure class=\"wp-block-image size-large\"><a href=\"https:\/\/www.fmsdocumentation.com\/wp-content\/uploads\/2020\/05\/426-1.png\"><img loading=\"lazy\" decoding=\"async\" width=\"1024\" height=\"169\" class=\"wp-image-9121\" src=\"https:\/\/www.fmsdocumentation.com\/wp-content\/uploads\/2020\/05\/426-1-1024x169.png\" alt=\"\" srcset=\"https:\/\/www.fmsdocumentation.com\/wp-content\/uploads\/2020\/05\/426-1-1024x169.png 1024w, https:\/\/www.fmsdocumentation.com\/wp-content\/uploads\/2020\/05\/426-1-300x49.png 300w, https:\/\/www.fmsdocumentation.com\/wp-content\/uploads\/2020\/05\/426-1-768x127.png 768w, https:\/\/www.fmsdocumentation.com\/wp-content\/uploads\/2020\/05\/426-1.png 1128w\" sizes=\"auto, (max-width: 1024px) 100vw, 1024px\" \/><\/a><\/figure>&#13;\n&#13;\n<p>Il periodo selezionato \u00e8 suddiviso in settimane del mese. Per ogni settimana viene mostrata una linea temporale di attivit\u00e0 separata. Sotto la selezione del conducente e del periodo \u00e8 presente un riepilogo dell&#8217;intero periodo.  <\/p>&#13;\n&#13;\n<figure class=\"wp-block-image size-large\"><a href=\"https:\/\/www.fmsdocumentation.com\/wp-content\/uploads\/2020\/05\/427.png\"><img loading=\"lazy\" decoding=\"async\" width=\"1024\" height=\"456\" class=\"wp-image-9120\" src=\"https:\/\/www.fmsdocumentation.com\/wp-content\/uploads\/2020\/05\/427-1024x456.png\" alt=\"\" srcset=\"https:\/\/www.fmsdocumentation.com\/wp-content\/uploads\/2020\/05\/427-1024x456.png 1024w, https:\/\/www.fmsdocumentation.com\/wp-content\/uploads\/2020\/05\/427-300x134.png 300w, https:\/\/www.fmsdocumentation.com\/wp-content\/uploads\/2020\/05\/427-768x342.png 768w, https:\/\/www.fmsdocumentation.com\/wp-content\/uploads\/2020\/05\/427.png 1128w\" sizes=\"auto, (max-width: 1024px) 100vw, 1024px\" \/><\/a><\/figure>&#13;\n&#13;\n<p>Sia il riepilogo del periodo che le linee temporali utilizzano i seguenti simboli per gli stati del conducente:<\/p>&#13;\n&#13;\n<figure class=\"wp-block-table\">&#13;\n<table>&#13;\n<tbody>&#13;\n<tr>&#13;\n<td><strong>Simbolo<\/strong><\/td>&#13;\n<td><strong>Stato<\/strong><\/td>&#13;\n<td><strong>Significato<\/strong><\/td>&#13;\n<\/tr>&#13;\n<tr>&#13;\n<td><img loading=\"lazy\" decoding=\"async\" width=\"52\" height=\"53\" class=\"wp-image-9107\" style=\"width: 52px;\" src=\"https:\/\/www.fmsdocumentation.com\/wp-content\/uploads\/2020\/05\/driving_day.png\" alt=\"\"\/><\/td>&#13;\n<td>Totale giorni<\/td>&#13;\n<td>La durata totale di tutti gli stati<\/td>&#13;\n<\/tr>&#13;\n<tr>&#13;\n<td><img loading=\"lazy\" decoding=\"async\" width=\"52\" height=\"52\" class=\"wp-image-9108\" style=\"width: 52px;\" src=\"https:\/\/www.fmsdocumentation.com\/wp-content\/uploads\/2020\/05\/driving_driving.png\" alt=\"\"\/><\/td>&#13;\n<td>Guida<\/td>&#13;\n<td>La durata totale del tempo trascorso alla guida<\/td>&#13;\n<\/tr>&#13;\n<tr>&#13;\n<td><img loading=\"lazy\" decoding=\"async\" width=\"52\" height=\"53\" class=\"wp-image-9109\" style=\"width: 52px;\" src=\"https:\/\/www.fmsdocumentation.com\/wp-content\/uploads\/2020\/05\/driving_working.png\" alt=\"\"\/><\/td>&#13;\n<td>Lavorare<\/td>&#13;\n<td>La durata totale del tempo trascorso a lavorare (caricare il carico, ecc.)<\/td>&#13;\n<\/tr>&#13;\n<tr>&#13;\n<td><img loading=\"lazy\" decoding=\"async\" width=\"52\" height=\"52\" class=\"wp-image-9110\" style=\"width: 52px;\" src=\"https:\/\/www.fmsdocumentation.com\/wp-content\/uploads\/2020\/05\/driving_available.png\" alt=\"\"\/><\/td>&#13;\n<td>Disponibile<\/td>&#13;\n<td>La durata totale del tempo in cui il conducente \u00e8 stato disponibile a guidare\/lavorare<\/td>&#13;\n<\/tr>&#13;\n<tr>&#13;\n<td><img loading=\"lazy\" decoding=\"async\" width=\"52\" height=\"53\" class=\"wp-image-9111\" style=\"width: 52px;\" src=\"https:\/\/www.fmsdocumentation.com\/wp-content\/uploads\/2020\/05\/driving_resting.png\" alt=\"\"\/><\/td>&#13;\n<td>Riposo<\/td>&#13;\n<td>La durata totale del tempo trascorso a riposare<\/td>&#13;\n<\/tr>&#13;\n<tr>&#13;\n<td><img loading=\"lazy\" decoding=\"async\" width=\"52\" height=\"52\" class=\"wp-image-9112\" style=\"width: 52px;\" src=\"https:\/\/www.fmsdocumentation.com\/wp-content\/uploads\/2020\/05\/driving_unknown.png\" alt=\"\"\/><\/td>&#13;\n<td>Sconosciuto<\/td>&#13;\n<td>La durata totale di tutte le altre attivit\u00e0 non appartenenti agli altri Stati<\/td>&#13;\n<\/tr>&#13;\n<\/tbody>&#13;\n<\/table>&#13;\n<\/figure>&#13;\n&#13;\n<h4 class=\"wp-block-heading\">Attivit\u00e0 settimanali<\/h4>&#13;\n&#13;\n<p>Ogni calendario delle attivit\u00e0 settimanali contiene i seguenti elementi:<\/p>&#13;\n&#13;\n<ul class=\"wp-block-list\">&#13;\n<li>La settimana del mese (numero della settimana e giorni del calendario)<\/li>&#13;\n<li>Il tempo trascorso in ogni stato<\/li>&#13;\n<li>Una rappresentazione visiva dello stato o degli stati in cui si trovava il conducente ogni giorno<\/li>&#13;\n<li>Un elenco delle violazioni commesse quella settimana, con i relativi dettagli<\/li>&#13;\n<\/ul>&#13;\n&#13;\n<figure class=\"wp-block-image size-large\"><a href=\"https:\/\/www.fmsdocumentation.com\/wp-content\/uploads\/2020\/05\/428-1.png\"><img loading=\"lazy\" decoding=\"async\" width=\"1024\" height=\"179\" class=\"wp-image-9123\" src=\"https:\/\/www.fmsdocumentation.com\/wp-content\/uploads\/2020\/05\/428-1-1024x179.png\" alt=\"\" srcset=\"https:\/\/www.fmsdocumentation.com\/wp-content\/uploads\/2020\/05\/428-1-1024x179.png 1024w, https:\/\/www.fmsdocumentation.com\/wp-content\/uploads\/2020\/05\/428-1-300x53.png 300w, https:\/\/www.fmsdocumentation.com\/wp-content\/uploads\/2020\/05\/428-1-768x135.png 768w, https:\/\/www.fmsdocumentation.com\/wp-content\/uploads\/2020\/05\/428-1-1536x269.png 1536w, https:\/\/www.fmsdocumentation.com\/wp-content\/uploads\/2020\/05\/428-1.png 1821w\" sizes=\"auto, (max-width: 1024px) 100vw, 1024px\" \/><\/a><\/figure>&#13;\n&#13;\n<p>Passa il mouse su una barra di stato per visualizzare la durata e le ore esatte in cui lo stato \u00e8 iniziato o terminato.<\/p>&#13;\n&#13;\n<figure class=\"wp-block-image size-large\"><a href=\"https:\/\/www.fmsdocumentation.com\/wp-content\/uploads\/2020\/05\/428.png\"><img loading=\"lazy\" decoding=\"async\" width=\"1006\" height=\"210\" class=\"wp-image-9122\" src=\"https:\/\/www.fmsdocumentation.com\/wp-content\/uploads\/2020\/05\/428.png\" alt=\"\" srcset=\"https:\/\/www.fmsdocumentation.com\/wp-content\/uploads\/2020\/05\/428.png 1006w, https:\/\/www.fmsdocumentation.com\/wp-content\/uploads\/2020\/05\/428-300x63.png 300w, https:\/\/www.fmsdocumentation.com\/wp-content\/uploads\/2020\/05\/428-768x160.png 768w\" sizes=\"auto, (max-width: 1006px) 100vw, 1006px\" \/><\/a><\/figure>&#13;\n&#13;\n<p>Le violazioni sono contrassegnate sulla timeline con lo stesso colore della gravit\u00e0 della violazione. Passa il mouse su un indicatore per evidenziare la violazione corrispondente nell&#8217;elenco. Clicca sull&#8217;indicatore per aprire la descrizione del tipo di violazione.  <\/p>&#13;\n&#13;\n<figure class=\"wp-block-image size-large\"><a href=\"https:\/\/www.fmsdocumentation.com\/wp-content\/uploads\/2020\/05\/429.png\"><img loading=\"lazy\" decoding=\"async\" width=\"1024\" height=\"186\" class=\"wp-image-9124\" src=\"https:\/\/www.fmsdocumentation.com\/wp-content\/uploads\/2020\/05\/429-1024x186.png\" alt=\"\" srcset=\"https:\/\/www.fmsdocumentation.com\/wp-content\/uploads\/2020\/05\/429-1024x186.png 1024w, https:\/\/www.fmsdocumentation.com\/wp-content\/uploads\/2020\/05\/429-300x55.png 300w, https:\/\/www.fmsdocumentation.com\/wp-content\/uploads\/2020\/05\/429-768x140.png 768w, https:\/\/www.fmsdocumentation.com\/wp-content\/uploads\/2020\/05\/429-1536x280.png 1536w, https:\/\/www.fmsdocumentation.com\/wp-content\/uploads\/2020\/05\/429.png 1813w\" sizes=\"auto, (max-width: 1024px) 100vw, 1024px\" \/><\/a><\/figure>&#13;\n&#13;\n<p>Clicca su una barra di stato sconosciuto per cambiare lo stato sconosciuto in qualsiasi stato desiderato. Una volta modificato, il nuovo stato pu\u00f2 essere cambiato in qualsiasi altro stato tranne quello sconosciuto. Il nuovo stato viene visualizzato nella timeline e nei report scaricati. Le violazioni vengono ricalcolate in base al nuovo stato. Ogni cambiamento di stato effettuato viene visualizzato nella timeline.    <\/p>&#13;\n&#13;\n<figure class=\"wp-block-image size-large\"><a href=\"https:\/\/www.fmsdocumentation.com\/wp-content\/uploads\/2020\/10\/452-1.png\"><img loading=\"lazy\" decoding=\"async\" class=\"alignnone wp-image-10128\" src=\"https:\/\/www.fmsdocumentation.com\/wp-content\/uploads\/2020\/10\/452-1.png\" alt=\"\" width=\"1024\" height=\"207\" srcset=\"https:\/\/www.fmsdocumentation.com\/wp-content\/uploads\/2020\/10\/452-1.png 2419w, https:\/\/www.fmsdocumentation.com\/wp-content\/uploads\/2020\/10\/452-1-300x61.png 300w, https:\/\/www.fmsdocumentation.com\/wp-content\/uploads\/2020\/10\/452-1-1024x207.png 1024w, https:\/\/www.fmsdocumentation.com\/wp-content\/uploads\/2020\/10\/452-1-768x155.png 768w, https:\/\/www.fmsdocumentation.com\/wp-content\/uploads\/2020\/10\/452-1-1536x310.png 1536w, https:\/\/www.fmsdocumentation.com\/wp-content\/uploads\/2020\/10\/452-1-2048x413.png 2048w\" sizes=\"auto, (max-width: 1024px) 100vw, 1024px\" \/><\/a><\/figure>&#13;\n&#13;\n<h2 class=\"wp-block-heading\">Scaricare i rapporti<\/h2>&#13;\n&#13;\n<p>Puoi scaricare un rapporto sulle violazioni in formato .pdf. Clicca sul pulsante<strong> Scarica PDF<\/strong> nell&#8217;angolo in alto a destra della finestra. <\/p>&#13;\n&#13;\n<figure class=\"wp-block-image size-large\"><a href=\"https:\/\/www.fmsdocumentation.com\/wp-content\/uploads\/2020\/05\/430.png\"><img loading=\"lazy\" decoding=\"async\" width=\"422\" height=\"149\" class=\"wp-image-9127\" src=\"https:\/\/www.fmsdocumentation.com\/wp-content\/uploads\/2020\/05\/430.png\" alt=\"\" srcset=\"https:\/\/www.fmsdocumentation.com\/wp-content\/uploads\/2020\/05\/430.png 422w, https:\/\/www.fmsdocumentation.com\/wp-content\/uploads\/2020\/05\/430-300x106.png 300w\" sizes=\"auto, (max-width: 422px) 100vw, 422px\" \/><\/a><\/figure>&#13;\n&#13;\n<p>Seleziona i conducenti che vuoi includere nel rapporto. Puoi selezionare fino a 40 conducenti. Seleziona l&#8217;intervallo di date per cui vuoi scaricare i dati sulle violazioni. Clicca su <strong>Scarica<\/strong> per scaricare il rapporto. Il periodo predefinito \u00e8 quello degli ultimi 30 giorni.    <\/p>&#13;\n&#13;\n<p>Se vengono inclusi pi\u00f9 driver, i rapporti verranno automaticamente inseriti in un unico archivio.<\/p>&#13;\n&#13;\n<p><p class=\"note\">Nota<br\/>I periodi per i quali non esistono dati del file driver .DDD non saranno inclusi nei report generati.<\/p>&#13;\n&#13;\n<figure class=\"wp-block-image size-large\"><a href=\"https:\/\/www.fmsdocumentation.com\/wp-content\/uploads\/2020\/05\/431.png\"><img loading=\"lazy\" decoding=\"async\" width=\"620\" height=\"381\" class=\"wp-image-9129\" src=\"https:\/\/www.fmsdocumentation.com\/wp-content\/uploads\/2020\/05\/431.png\" alt=\"\" srcset=\"https:\/\/www.fmsdocumentation.com\/wp-content\/uploads\/2020\/05\/431.png 620w, https:\/\/www.fmsdocumentation.com\/wp-content\/uploads\/2020\/05\/431-300x184.png 300w\" sizes=\"auto, (max-width: 620px) 100vw, 620px\" \/><\/a><\/figure>&#13;\n&#13;\n<p><div class=\"alignleft\"><a href=\"https:\/\/www.fmsdocumentation.com\/it\/api\/api-per-il-routing-e-il-tasking\/\" title=\"API per il routing e il Tasking\"><span class=\"arrow\">\u2039 &nbsp <\/span> API per il routing e il Tasking <\/a><\/div><div class=\"alignright\"><a href=\"https:\/\/www.fmsdocumentation.com\/it\/applicazione-ontrack-go\/\" title=\"Applicazione OnTrack Go\">Applicazione OnTrack Go <span class=\"arrow\"> &nbsp\u203a <\/span> <\/a><\/div><\/p>&#13;\n","protected":false},"excerpt":{"rendered":"<p>&#13; Il menu Tempi di guida serve a visualizzare e analizzare le violazioni dei tempi di guida secondo il Regolamento (CE) n. 561\/2006 del Parlamento europeo e del Consiglio e si applica solo ai veicoli in Europa. Per accedere al menu Tempi di guida clicca sull&#8217;icona nel pannello di navigazione come mostrato nell&#8217;immagine sottostante. &#13; &hellip; <a href=\"https:\/\/www.fmsdocumentation.com\/it\/menu-degli-orari-di-guida\/\" class=\"more-link\">Continua a leggere <span class=\"screen-reader-text\">Menu degli orari di guida<\/span><\/a><\/p>\n","protected":false},"author":5,"featured_media":0,"parent":0,"menu_order":120,"comment_status":"closed","ping_status":"closed","template":"","meta":{"footnotes":""},"class_list":["post-13859","page","type-page","status-publish","hentry"],"_links":{"self":[{"href":"https:\/\/www.fmsdocumentation.com\/it\/wp-json\/wp\/v2\/pages\/13859","targetHints":{"allow":["GET"]}}],"collection":[{"href":"https:\/\/www.fmsdocumentation.com\/it\/wp-json\/wp\/v2\/pages"}],"about":[{"href":"https:\/\/www.fmsdocumentation.com\/it\/wp-json\/wp\/v2\/types\/page"}],"author":[{"embeddable":true,"href":"https:\/\/www.fmsdocumentation.com\/it\/wp-json\/wp\/v2\/users\/5"}],"replies":[{"embeddable":true,"href":"https:\/\/www.fmsdocumentation.com\/it\/wp-json\/wp\/v2\/comments?post=13859"}],"version-history":[{"count":1,"href":"https:\/\/www.fmsdocumentation.com\/it\/wp-json\/wp\/v2\/pages\/13859\/revisions"}],"predecessor-version":[{"id":13864,"href":"https:\/\/www.fmsdocumentation.com\/it\/wp-json\/wp\/v2\/pages\/13859\/revisions\/13864"}],"wp:attachment":[{"href":"https:\/\/www.fmsdocumentation.com\/it\/wp-json\/wp\/v2\/media?parent=13859"}],"curies":[{"name":"wp","href":"https:\/\/api.w.org\/{rel}","templated":true}]}}