{"id":13866,"date":"2025-05-07T15:27:19","date_gmt":"2025-05-07T12:27:19","guid":{"rendered":"https:\/\/www.fmsdocumentation.com\/menu-routing-tasks\/gestione-dei-viaggi\/"},"modified":"2025-05-07T15:27:21","modified_gmt":"2025-05-07T12:27:21","slug":"gestione-dei-viaggi","status":"publish","type":"page","link":"https:\/\/www.fmsdocumentation.com\/it\/menu-routing-tasks\/gestione-dei-viaggi\/","title":{"rendered":"Gestione dei viaggi"},"content":{"rendered":"&#13;\n<p>Clicca su un viaggio nell&#8217;elenco dei viaggi per visualizzare il percorso del viaggio sulla mappa. Nell&#8217;elenco vedrai solo i viaggi creati da te. <\/p>&#13;\n&#13;\n<p>La mappa mostra il percorso del viaggio selezionato nelle seguenti categorie:<\/p>&#13;\n&#13;\n<ul class=\"wp-block-list\">&#13;\n<li>Linea blu tratteggiata: l&#8217;itinerario previsto per il viaggio<\/li>&#13;\n<li>Linea blu continua: il percorso effettivo<\/li>&#13;\n<li>Linea rossa continua: il percorso effettivo in cui \u00e8 stato superato il limite di tolleranza della deviazione.<\/li>&#13;\n<\/ul>&#13;\n&#13;\n<p>Passando il mouse su un waypoint sulla mappa si visualizzano informazioni dettagliate sull&#8217;orario di arrivo, sulla distanza stimata ed effettiva e sul tempo di percorrenza.<\/p>&#13;\n&#13;\n<figure class=\"wp-block-image size-full is-resized\"><img loading=\"lazy\" decoding=\"async\" class=\"wp-image-10672\" src=\"https:\/\/www.fmsdocumentation.com\/wp-content\/uploads\/2021\/03\/461.png\" alt=\"\" width=\"561\" height=\"202\" srcset=\"https:\/\/www.fmsdocumentation.com\/wp-content\/uploads\/2021\/03\/461.png 705w, https:\/\/www.fmsdocumentation.com\/wp-content\/uploads\/2021\/03\/461-300x109.png 300w\" sizes=\"auto, (max-width: 561px) 100vw, 561px\" \/><\/figure>&#13;\n&#13;\n<p>L&#8217;elenco dei viaggi fornisce le seguenti informazioni sui viaggi:<\/p>&#13;\n&#13;\n<ul class=\"wp-block-list\">&#13;\n<li>Veicolo &#8211; il veicolo assegnato al viaggio<\/li>&#13;\n<li>Autista &#8211; il nome dell&#8217;autista assegnato al veicolo<\/li>&#13;\n<li>Viaggio &#8211; il nome del viaggio<\/li>&#13;\n<li>Stato del viaggio: lo stato generale del viaggio<\/li>&#13;\n<li>Posizione attuale: la posizione attuale del veicolo<\/li>&#13;\n<li>Cronologia del percorso: lo stato attuale dei waypoint del percorso<\/li>&#13;\n<li>Orario di arrivo &#8211; l&#8217;orario di arrivo previsto al punto successivo e lo stato attuale del percorso (in anticipo, in orario, in ritardo)<\/li>&#13;\n<li>Stato del conducente &#8211; lo stato del conducente (richiede i dati del tachigrafo)<\/li>&#13;\n<\/ul>&#13;\n&#13;\n<p><p class=\"note\">Nota<br\/>\u00c8 possibile visualizzare solo fino a 7 colonne in totale. Per modificare le colonne visibili, consulta la sezione Impostazioni delle colonne. <\/p>&#13;\n&#13;\n<p>I viaggi possono avere i seguenti stati generali:<\/p>&#13;\n&#13;\n<ul class=\"wp-block-list\">&#13;\n<li>Nuovo  <img loading=\"lazy\" decoding=\"async\" src=\"https:\/\/www.fmsdocumentation.com\/wp-content\/uploads\/2017\/04\/84.png\" alt=\"\" width=\"19\" height=\"20\"\/><\/li>&#13;\n<li>In corso  <img loading=\"lazy\" decoding=\"async\" class=\"alignnone wp-image-9302 \" src=\"https:\/\/www.fmsdocumentation.com\/wp-content\/uploads\/2020\/08\/arrow_right-2.png\" alt=\"\" width=\"18\" height=\"12\"\/><\/li>&#13;\n<li>Completato  <img loading=\"lazy\" decoding=\"async\" src=\"https:\/\/www.fmsdocumentation.com\/wp-content\/uploads\/2017\/04\/85.png\" alt=\"\" width=\"19\" height=\"18\"\/><\/li>&#13;\n<li>Annullato  <img loading=\"lazy\" decoding=\"async\" class=\"alignnone wp-image-9303\" src=\"https:\/\/www.fmsdocumentation.com\/wp-content\/uploads\/2020\/08\/canceled.png\" alt=\"\" width=\"17\" height=\"16\"\/><\/li>&#13;\n<\/ul>&#13;\n&#13;\n<figure class=\"wp-block-image is-resized size-large\"><a href=\"https:\/\/www.fmsdocumentation.com\/wp-content\/uploads\/2021\/12\/402.png\"><img loading=\"lazy\" decoding=\"async\" class=\"alignnone wp-image-10918 size-large\" src=\"https:\/\/www.fmsdocumentation.com\/wp-content\/uploads\/2021\/12\/402-1024x405.png\" alt=\"\" width=\"660\" height=\"261\" srcset=\"https:\/\/www.fmsdocumentation.com\/wp-content\/uploads\/2021\/12\/402-1024x405.png 1024w, https:\/\/www.fmsdocumentation.com\/wp-content\/uploads\/2021\/12\/402-300x119.png 300w, https:\/\/www.fmsdocumentation.com\/wp-content\/uploads\/2021\/12\/402-768x304.png 768w, https:\/\/www.fmsdocumentation.com\/wp-content\/uploads\/2021\/12\/402-1536x607.png 1536w, https:\/\/www.fmsdocumentation.com\/wp-content\/uploads\/2021\/12\/402-2048x809.png 2048w\" sizes=\"auto, (max-width: 660px) 100vw, 660px\" \/><\/a><\/figure>&#13;\n&#13;\n<p>Le dimensioni dell&#8217;elenco dei viaggi possono essere modificate passando il mouse sul bordo dell&#8217;elenco dei viaggi e utilizzando le frecce:<\/p>&#13;\n&#13;\n<ul class=\"wp-block-list\">&#13;\n<li>Freccia verso l&#8217;alto: espande l&#8217;elenco dei viaggi fino a coprire l&#8217;intero schermo.<\/li>&#13;\n<li>Freccia gi\u00f9 &#8211; nasconde l&#8217;elenco dei viaggi<\/li>&#13;\n<\/ul>&#13;\n&#13;\n<p>Se l&#8217;elenco \u00e8 espanso\/minimizzato, cliccando sull&#8217;altra freccia l&#8217;elenco dei viaggi torner\u00e0 alle dimensioni predefinite. Puoi cliccare e trascinare il bordo dell&#8217;elenco dei viaggi per adattarlo alle tue esigenze. <\/p>&#13;\n&#13;\n<figure class=\"wp-block-image size-large is-resized\"><a href=\"https:\/\/www.fmsdocumentation.com\/wp-content\/uploads\/2021\/12\/408.png\"><img loading=\"lazy\" decoding=\"async\" class=\"alignnone wp-image-10919 \" src=\"https:\/\/www.fmsdocumentation.com\/wp-content\/uploads\/2021\/12\/408.png\" alt=\"\" width=\"658\" height=\"285\" srcset=\"https:\/\/www.fmsdocumentation.com\/wp-content\/uploads\/2021\/12\/408.png 760w, https:\/\/www.fmsdocumentation.com\/wp-content\/uploads\/2021\/12\/408-300x130.png 300w\" sizes=\"auto, (max-width: 658px) 100vw, 658px\" \/><\/a><\/figure>&#13;\n&#13;\n<p>Clicca sui tre puntini a destra di un viaggio per aprire il riepilogo del viaggio o per modificare\/eliminare il viaggio.<\/p>&#13;\n&#13;\n<figure class=\"wp-block-image size-large is-resized\"><a href=\"https:\/\/www.fmsdocumentation.com\/wp-content\/uploads\/2021\/12\/403.png\"><img loading=\"lazy\" decoding=\"async\" class=\"alignnone wp-image-10920 size-full\" src=\"https:\/\/www.fmsdocumentation.com\/wp-content\/uploads\/2021\/12\/403.png\" alt=\"\" width=\"484\" height=\"238\" srcset=\"https:\/\/www.fmsdocumentation.com\/wp-content\/uploads\/2021\/12\/403.png 484w, https:\/\/www.fmsdocumentation.com\/wp-content\/uploads\/2021\/12\/403-300x148.png 300w\" sizes=\"auto, (max-width: 484px) 100vw, 484px\" \/><\/a><\/figure>&#13;\n&#13;\n<h4 class=\"wp-block-heading\">Riassunto del viaggio<\/h4>&#13;\n&#13;\n<p>Il riepilogo del viaggio visualizza una panoramica del viaggio e del percorso. Contiene le seguenti informazioni sul viaggio: <\/p>&#13;\n&#13;\n<ul class=\"wp-block-list\">&#13;\n<li>Stato generale<\/li>&#13;\n<li>Pulsante di modifica dello stato<\/li>&#13;\n<li>Orario di arrivo<\/li>&#13;\n<li>Titolo del viaggio<\/li>&#13;\n<li>Veicolo<\/li>&#13;\n<li>Autista<\/li>&#13;\n<li>Distanza prevista per il viaggio<\/li>&#13;\n<li>Distanza deviata<\/li>&#13;\n<li>Distanza effettiva del viaggio<\/li>&#13;\n<li>Durata del viaggio prevista<\/li>&#13;\n<li>Note<\/li>&#13;\n<\/ul>&#13;\n&#13;\n<figure class=\"wp-block-image size-large\"><a href=\"https:\/\/www.fmsdocumentation.com\/wp-content\/uploads\/2021\/12\/404.png\"><img loading=\"lazy\" decoding=\"async\" class=\"alignnone wp-image-10921 size-large\" src=\"https:\/\/www.fmsdocumentation.com\/wp-content\/uploads\/2021\/12\/404-1024x508.png\" alt=\"\" width=\"660\" height=\"327\" srcset=\"https:\/\/www.fmsdocumentation.com\/wp-content\/uploads\/2021\/12\/404-1024x508.png 1024w, https:\/\/www.fmsdocumentation.com\/wp-content\/uploads\/2021\/12\/404-300x149.png 300w, https:\/\/www.fmsdocumentation.com\/wp-content\/uploads\/2021\/12\/404-768x381.png 768w, https:\/\/www.fmsdocumentation.com\/wp-content\/uploads\/2021\/12\/404-1536x762.png 1536w, https:\/\/www.fmsdocumentation.com\/wp-content\/uploads\/2021\/12\/404-2048x1017.png 2048w\" sizes=\"auto, (max-width: 660px) 100vw, 660px\" \/><\/a><\/figure>&#13;\n&#13;\n<p>Le informazioni sui waypoint mostrano la posizione e il completamento di ogni punto, oltre all&#8217;orario di consegna previsto. Sotto ogni punto di passaggio vengono visualizzati anche la strada stimata e la distanza da percorrere. Cliccando sull&#8217;indirizzo di un waypoint lo si espande per visualizzare le note aggiunte. Passando il mouse su un waypoint viene visualizzato il pulsante <strong>Fatto<\/strong> per contrassegnare il waypoint come completato.   <\/p>&#13;\n<figure class=\"wp-block-image is-resized\"><a href=\"https:\/\/www.fmsdocumentation.com\/wp-content\/uploads\/2021\/03\/439.png\"><img loading=\"lazy\" decoding=\"async\" class=\"alignnone wp-image-10682 \" src=\"https:\/\/www.fmsdocumentation.com\/wp-content\/uploads\/2021\/03\/439.png\" alt=\"\" width=\"540\" height=\"336\" srcset=\"https:\/\/www.fmsdocumentation.com\/wp-content\/uploads\/2021\/03\/439.png 797w, https:\/\/www.fmsdocumentation.com\/wp-content\/uploads\/2021\/03\/439-300x187.png 300w, https:\/\/www.fmsdocumentation.com\/wp-content\/uploads\/2021\/03\/439-768x479.png 768w\" sizes=\"auto, (max-width: 540px) 100vw, 540px\" \/><\/a><\/figure>\n&#13;\n<h4 class=\"wp-block-heading\">Modifica dei viaggi<\/h4>&#13;\n&#13;\n<p>I viaggi possono essere modificati da:<\/p>&#13;\n&#13;\n<ul class=\"wp-block-list\">&#13;\n<li>Cliccando su <strong>Modifica viaggio<\/strong> dopo aver cliccato sui tre puntini accanto a un viaggio<\/li>&#13;\n<li>Clicca su <strong>Modifica<\/strong> nel riepilogo del viaggio<\/li>&#13;\n<\/ul>&#13;\n&#13;\n<p>I viaggi vengono modificati nello stesso modo in cui vengono creati. Puoi aggiungere altri punti o scegliere un percorso diverso, se necessario. Dopo la modifica, clicca su <strong>Salva<\/strong> per salvare le modifiche o su <strong>Chiudi <\/strong>per tornare all&#8217;elenco dei viaggi senza salvare.  <\/p>&#13;\n&#13;\n<p><p class=\"note\">Nota<br\/>Non puoi modificare i viaggi completati\/annullati.<\/p>&#13;\n&#13;\n<h4 class=\"wp-block-heading\">Eliminazione di viaggi<\/h4>&#13;\n&#13;\n<p>I viaggi possono essere cancellati da:<\/p>&#13;\n&#13;\n<ul class=\"wp-block-list\">&#13;\n<li>Seleziona la casella di controllo accanto al viaggio che desideri cancellare e clicca sull&#8217;icona di cancellazione nell&#8217;angolo superiore destro della finestra. Selezionando la casella di controllo nella riga superiore, vengono selezionati tutti i viaggi. <\/li>&#13;\n<li>Cliccando su <strong>Elimina viaggio <\/strong>dopo aver cliccato sui tre puntini accanto a un viaggio.<\/li>&#13;\n<\/ul>&#13;\n&#13;\n<p><p class=\"note\">Nota<br\/>I viaggi in corso non possono essere cancellati.<\/p>&#13;\n&#13;\n<figure class=\"wp-block-image size-large\"><a href=\"https:\/\/www.fmsdocumentation.com\/wp-content\/uploads\/2021\/12\/407.png\"><img loading=\"lazy\" decoding=\"async\" class=\"alignnone wp-image-10922 size-large\" src=\"https:\/\/www.fmsdocumentation.com\/wp-content\/uploads\/2021\/12\/407-1024x448.png\" alt=\"\" width=\"660\" height=\"289\" srcset=\"https:\/\/www.fmsdocumentation.com\/wp-content\/uploads\/2021\/12\/407-1024x448.png 1024w, https:\/\/www.fmsdocumentation.com\/wp-content\/uploads\/2021\/12\/407-300x131.png 300w, https:\/\/www.fmsdocumentation.com\/wp-content\/uploads\/2021\/12\/407-768x336.png 768w, https:\/\/www.fmsdocumentation.com\/wp-content\/uploads\/2021\/12\/407-1536x672.png 1536w, https:\/\/www.fmsdocumentation.com\/wp-content\/uploads\/2021\/12\/407-2048x896.png 2048w\" sizes=\"auto, (max-width: 660px) 100vw, 660px\" \/><\/a><\/figure>&#13;\n&#13;\n<h4 class=\"wp-block-heading\">Impostazioni della colonna<\/h4>&#13;\n&#13;\n<p>Possono essere visualizzate fino a 7 colonne contemporaneamente. Per aggiungere\/rimuovere le colonne, clicca sui tre puntini in cima alla tabella dei viaggi.   <\/p>&#13;\n&#13;\n<figure class=\"wp-block-image\"><a href=\"https:\/\/www.fmsdocumentation.com\/wp-content\/uploads\/2021\/12\/440.png\"><img loading=\"lazy\" decoding=\"async\" class=\"alignnone wp-image-10923 \" src=\"https:\/\/www.fmsdocumentation.com\/wp-content\/uploads\/2021\/12\/440.png\" alt=\"\" width=\"644\" height=\"444\" srcset=\"https:\/\/www.fmsdocumentation.com\/wp-content\/uploads\/2021\/12\/440.png 722w, https:\/\/www.fmsdocumentation.com\/wp-content\/uploads\/2021\/12\/440-300x207.png 300w\" sizes=\"auto, (max-width: 644px) 100vw, 644px\" \/><\/a><\/figure>&#13;\n&#13;\n<p>Seleziona le colonne cliccando sull&#8217;elenco a sinistra. Una volta aggiunto un elemento, questo apparir\u00e0 nell&#8217;elenco a destra. Qui possono essere riordinate trascinandole verso l&#8217;alto o verso il basso e cancellate cliccando sull&#8217;icona X. Per applicare le modifiche, clicca su <strong>Conferma<\/strong>.   <\/p>&#13;\n&#13;\n<figure class=\"wp-block-image is-resized\"><a href=\"https:\/\/www.fmsdocumentation.com\/wp-content\/uploads\/2021\/12\/441.png\"><img loading=\"lazy\" decoding=\"async\" class=\"alignnone wp-image-10924 \" src=\"https:\/\/www.fmsdocumentation.com\/wp-content\/uploads\/2021\/12\/441.png\" alt=\"\" width=\"605\" height=\"519\" srcset=\"https:\/\/www.fmsdocumentation.com\/wp-content\/uploads\/2021\/12\/441.png 871w, https:\/\/www.fmsdocumentation.com\/wp-content\/uploads\/2021\/12\/441-300x257.png 300w, https:\/\/www.fmsdocumentation.com\/wp-content\/uploads\/2021\/12\/441-768x659.png 768w\" sizes=\"auto, (max-width: 605px) 100vw, 605px\" \/><\/a><\/figure>&#13;\n&#13;\n<h4 class=\"wp-block-heading\">Ricerca del viaggio<\/h4>&#13;\n&#13;\n<p>Usa la barra di ricerca per filtrare i viaggi che contengono le parole chiave inserite. Questa funzione utilizzer\u00e0 i filtri eventualmente applicati e non effettuer\u00e0 ricerche al di fuori di essi. La ricerca verr\u00e0 effettuata solo per la colonna del nome del viaggio e non per altre colonne.  <\/p>&#13;\n&#13;\n<figure class=\"wp-block-image is-resized\"><a href=\"https:\/\/www.fmsdocumentation.com\/wp-content\/uploads\/2021\/12\/444.png\"><img loading=\"lazy\" decoding=\"async\" class=\"alignnone wp-image-10925 size-large\" src=\"https:\/\/www.fmsdocumentation.com\/wp-content\/uploads\/2021\/12\/444-1024x471.png\" alt=\"\" width=\"660\" height=\"304\" srcset=\"https:\/\/www.fmsdocumentation.com\/wp-content\/uploads\/2021\/12\/444-1024x471.png 1024w, https:\/\/www.fmsdocumentation.com\/wp-content\/uploads\/2021\/12\/444-300x138.png 300w, https:\/\/www.fmsdocumentation.com\/wp-content\/uploads\/2021\/12\/444-768x353.png 768w, https:\/\/www.fmsdocumentation.com\/wp-content\/uploads\/2021\/12\/444.png 1090w\" sizes=\"auto, (max-width: 660px) 100vw, 660px\" \/><\/a><\/figure>&#13;\n<h4>Active deviations<\/h4>&#13;\n<p>The total number of currently deviating drivers is displayed next to the search bar and a red circle notification in the main menu.\u00a0<\/p>&#13;\n<p><a href=\"https:\/\/www.fmsdocumentation.com\/wp-content\/uploads\/2021\/08\/462.png\"><img loading=\"lazy\" decoding=\"async\" class=\"alignnone wp-image-10728 \" src=\"https:\/\/www.fmsdocumentation.com\/wp-content\/uploads\/2021\/08\/462.png\" alt=\"\" width=\"547\" height=\"194\" srcset=\"https:\/\/www.fmsdocumentation.com\/wp-content\/uploads\/2021\/08\/462.png 845w, https:\/\/www.fmsdocumentation.com\/wp-content\/uploads\/2021\/08\/462-300x106.png 300w, https:\/\/www.fmsdocumentation.com\/wp-content\/uploads\/2021\/08\/462-768x272.png 768w\" sizes=\"auto, (max-width: 547px) 100vw, 547px\" \/><\/a><\/p>&#13;\n&#13;\n<h4 class=\"wp-block-heading\">Filtraggio del viaggio<\/h4>&#13;\n&#13;\n<p>Le seguenti colonne dell&#8217;elenco viaggi hanno dei filtri:<\/p>&#13;\n\r\n<figure class=\"wp-block-table\"><\/figure>\r\n\r\n<figure class=\"wp-block-table\">\r\n<table style=\"height: 131px;\" width=\"5\">\r\n<tbody>\r\n<tr>\r\n<td><strong>Column<\/strong><\/td>\r\n<td><strong>Filter type(s)<\/strong><\/td>\r\n<\/tr>\r\n<tr>\r\n<td>Trip<\/td>\r\n<td>Sort by descending\/ascending order<\/td>\r\n<\/tr>\r\n<tr>\r\n<td>Driver<\/td>\r\n<td>Sort by descending\/ascending order<br\/>Show only trips assigned to selected drivers<\/td>\r\n<\/tr>\r\n<tr>\r\n<td>Driver status<\/td>\r\n<td>Show only trips with the selected driver statuses<\/td>\r\n<\/tr>\r\n<tr>\r\n<td>Vehicle<\/td>\r\n<td>Sort by descending\/ascending order<br\/>Show only trips assigned to selected vehicles<\/td>\r\n<\/tr>\r\n<tr>\r\n<td>Arrival time<\/td>\r\n<td>Sort by descending\/ascending order<br\/>Show only trips with the selected arrival time<\/td>\r\n<\/tr>\r\n<tr>\r\n<td>Trip status<\/td>\r\n<td>Sort by descending\/ascending order<br\/>Show only trips with the selected trip status<\/td>\r\n<\/tr>\r\n<\/tbody>\r\n<\/table>\r\n<\/figure>\r\n&#13;\n<p>Ordina le colonne cliccando sul nome della colonna. \u00c8 possibile ordinare solo una colonna alla volta. Dopo l&#8217;ordinamento, un&#8217;icona mostra l&#8217;ordine applicato.  <\/p>&#13;\n&#13;\n<figure class=\"wp-block-image is-resized size-large\"><a href=\"https:\/\/www.fmsdocumentation.com\/wp-content\/uploads\/2021\/12\/405.png\"><img loading=\"lazy\" decoding=\"async\" class=\"alignnone wp-image-10926 \" src=\"https:\/\/www.fmsdocumentation.com\/wp-content\/uploads\/2021\/12\/405.png\" alt=\"\" width=\"652\" height=\"241\" srcset=\"https:\/\/www.fmsdocumentation.com\/wp-content\/uploads\/2021\/12\/405.png 780w, https:\/\/www.fmsdocumentation.com\/wp-content\/uploads\/2021\/12\/405-300x111.png 300w, https:\/\/www.fmsdocumentation.com\/wp-content\/uploads\/2021\/12\/405-768x284.png 768w\" sizes=\"auto, (max-width: 652px) 100vw, 652px\" \/><\/a><\/figure>&#13;\n&#13;\n<p>Filtra gli spostamenti cliccando sull&#8217;icona del filtro che appare passando il mouse sul nome della colonna. \u00c8 possibile applicare sia l&#8217;ordinamento che il filtro alla stessa colonna. <\/p>&#13;\n&#13;\n<figure class=\"wp-block-image is-resized size-large\"><a href=\"https:\/\/www.fmsdocumentation.com\/wp-content\/uploads\/2021\/12\/406.png\"><img loading=\"lazy\" decoding=\"async\" class=\"alignnone wp-image-10927 \" src=\"https:\/\/www.fmsdocumentation.com\/wp-content\/uploads\/2021\/12\/406.png\" alt=\"\" width=\"573\" height=\"290\" srcset=\"https:\/\/www.fmsdocumentation.com\/wp-content\/uploads\/2021\/12\/406.png 597w, https:\/\/www.fmsdocumentation.com\/wp-content\/uploads\/2021\/12\/406-300x152.png 300w\" sizes=\"auto, (max-width: 573px) 100vw, 573px\" \/><\/a><\/figure>&#13;\n&#13;\n<p>I filtri applicati sono elencati all&#8217;inizio dell&#8217;elenco dei viaggi. Per cancellare un singolo filtro, clicca su <strong>X<\/strong>. Per cancellare tutti i filtri, clicca su <strong>Cancella tutti i filtri<\/strong>.  <\/p>&#13;\n&#13;\n<figure class=\"wp-block-image size-large\"><a href=\"https:\/\/www.fmsdocumentation.com\/wp-content\/uploads\/2021\/12\/409.png\"><img loading=\"lazy\" decoding=\"async\" class=\"alignnone wp-image-10928 \" src=\"https:\/\/www.fmsdocumentation.com\/wp-content\/uploads\/2021\/12\/409.png\" alt=\"\" width=\"647\" height=\"249\" srcset=\"https:\/\/www.fmsdocumentation.com\/wp-content\/uploads\/2021\/12\/409.png 657w, https:\/\/www.fmsdocumentation.com\/wp-content\/uploads\/2021\/12\/409-300x116.png 300w\" sizes=\"auto, (max-width: 647px) 100vw, 647px\" \/><\/a><\/figure>&#13;\n&#13;\n<figure class=\"wp-block-image is-resized\"><\/figure>&#13;\n&#13;\n<p><div class=\"alignleft\"><a href=\"https:\/\/www.fmsdocumentation.com\/it\/menu-routing-tasks\/creare-viaggi\/\" title=\"Creare viaggi\"><span class=\"arrow\">\u2039 &nbsp <\/span> Creare viaggi <\/a><\/div> <div class=\"alignright\"><a href=\"https:\/\/www.fmsdocumentation.com\/it\/menu-eco-drive\/\" title=\"Menu Eco-Drive\">Menu Eco-Drive <span class=\"arrow\"> &nbsp\u203a <\/span> <\/a><\/div><\/p>&#13;\n<p>&nbsp;<\/p>\n","protected":false},"excerpt":{"rendered":"<p>&#13; Clicca su un viaggio nell&#8217;elenco dei viaggi per visualizzare il percorso del viaggio sulla mappa. Nell&#8217;elenco vedrai solo i viaggi creati da te. &#13; &#13; La mappa mostra il percorso del viaggio selezionato nelle seguenti categorie: &#13; &#13; &#13; Linea blu tratteggiata: l&#8217;itinerario previsto per il viaggio &#13; Linea blu continua: il percorso effettivo &hellip; <a href=\"https:\/\/www.fmsdocumentation.com\/it\/menu-routing-tasks\/gestione-dei-viaggi\/\" class=\"more-link\">Continua a leggere <span class=\"screen-reader-text\">Gestione dei viaggi<\/span><\/a><\/p>\n","protected":false},"author":5,"featured_media":0,"parent":13849,"menu_order":2,"comment_status":"closed","ping_status":"closed","template":"","meta":{"footnotes":""},"class_list":["post-13866","page","type-page","status-publish","hentry"],"_links":{"self":[{"href":"https:\/\/www.fmsdocumentation.com\/it\/wp-json\/wp\/v2\/pages\/13866","targetHints":{"allow":["GET"]}}],"collection":[{"href":"https:\/\/www.fmsdocumentation.com\/it\/wp-json\/wp\/v2\/pages"}],"about":[{"href":"https:\/\/www.fmsdocumentation.com\/it\/wp-json\/wp\/v2\/types\/page"}],"author":[{"embeddable":true,"href":"https:\/\/www.fmsdocumentation.com\/it\/wp-json\/wp\/v2\/users\/5"}],"replies":[{"embeddable":true,"href":"https:\/\/www.fmsdocumentation.com\/it\/wp-json\/wp\/v2\/comments?post=13866"}],"version-history":[{"count":1,"href":"https:\/\/www.fmsdocumentation.com\/it\/wp-json\/wp\/v2\/pages\/13866\/revisions"}],"predecessor-version":[{"id":13878,"href":"https:\/\/www.fmsdocumentation.com\/it\/wp-json\/wp\/v2\/pages\/13866\/revisions\/13878"}],"up":[{"embeddable":true,"href":"https:\/\/www.fmsdocumentation.com\/it\/wp-json\/wp\/v2\/pages\/13849"}],"wp:attachment":[{"href":"https:\/\/www.fmsdocumentation.com\/it\/wp-json\/wp\/v2\/media?parent=13866"}],"curies":[{"name":"wp","href":"https:\/\/api.w.org\/{rel}","templated":true}]}}