{"id":13873,"date":"2025-05-07T15:27:20","date_gmt":"2025-05-07T12:27:20","guid":{"rendered":"https:\/\/www.fmsdocumentation.com\/api-del-driver\/"},"modified":"2025-05-08T09:35:05","modified_gmt":"2025-05-08T06:35:05","slug":"api-del-driver","status":"publish","type":"page","link":"https:\/\/www.fmsdocumentation.com\/it\/api\/api-del-driver\/","title":{"rendered":"API del driver"},"content":{"rendered":"\n<p>Lo scopo principale dell&#8217;API Driver \u00e8 quello di fornire informazioni sul driver. Questa API prevede due tipi di richieste: una per un driver specifico e una per tutti i driver. <\/p>\n\n<p>\n\nRichiesta di esempio per un driver specifico:\n\n<\/p>\n\n<p style=\"background-color: #000000; color: #bbbdc0; font-family: Lucida Console; padding-left: 10px; padding-right: 10px;\">GET \/drivers\/{driverId}?version=1&#038;api_key=<...><br\/>HOST:api.fm-track.com<br\/>Content-Type:application\/json;charset=UTF-8<\/p>\n\n<p>Il seguente parametro \u00e8 opzionale. Se \u00e8 incluso, la richiesta restituir\u00e0 i dati di un singolo driver. Se viene omesso, verranno restituiti i dati di tutti i driver.  <\/p>\n\n<table id=\"tablepress-71\" class=\"tablepress tablepress-id-71\">\n<thead>\n<tr class=\"row-1\">\n\t<th class=\"column-1\">Parameter<\/th><th class=\"column-2\">Type<\/th><th class=\"column-3\">Description<\/th>\n<\/tr>\n<\/thead>\n<tbody>\n<tr class=\"row-2\">\n\t<td class=\"column-1\">driverId<\/td><td class=\"column-2\">String<\/td><td class=\"column-3\">Driver identifier<\/td>\n<\/tr>\n<\/tbody>\n<\/table>\n<!-- #tablepress-71 from cache -->\n\n<p>Affinch\u00e9 questa API funzioni, i seguenti parametri sono obbligatori:<\/p>\n\n<table id=\"tablepress-72\" class=\"tablepress tablepress-id-72\">\n<thead>\n<tr class=\"row-1\">\n\t<th class=\"column-1\">Parameter<\/th><th class=\"column-2\">Type<\/th><th class=\"column-3\">Description<\/th>\n<\/tr>\n<\/thead>\n<tbody>\n<tr class=\"row-2\">\n\t<td class=\"column-1\">version<\/td><td class=\"column-2\">String<\/td><td class=\"column-3\">Version of the API, currently only version=1 is available<\/td>\n<\/tr>\n<tr class=\"row-3\">\n\t<td class=\"column-1\">api_key<\/td><td class=\"column-2\">String<\/td><td class=\"column-3\">User identification key<\/td>\n<\/tr>\n<\/tbody>\n<\/table>\n<!-- #tablepress-72 from cache -->\n\n<p>Di seguito \u00e8 riportato un esempio di risposta:<\/p>\n\n<div class=\"wp-block-codemirror-blocks-code-block code-block\"><pre class=\"CodeMirror\" data-setting=\"{&quot;mode&quot;:&quot;javascript&quot;,&quot;mime&quot;:&quot;application\/json&quot;,&quot;theme&quot;:&quot;dracula&quot;,&quot;lineNumbers&quot;:true,&quot;styleActiveLine&quot;:false,&quot;lineWrapping&quot;:false,&quot;readOnly&quot;:true,&quot;translatedWithWPMLTM&quot;:&quot;1&quot;,&quot;language&quot;:&quot;JSON&quot;,&quot;modeName&quot;:&quot;json&quot;}\">{\n  \"id\": \"string\",\n  \"first_name\": \"string\",\n  \"last_name\": \"string\"\n}<\/pre><\/div>\n\n<p>I campi di risposta che possono essere ricevuti con ogni tipo di parametro sono descritti nella tabella successiva:<\/p>\n\n<table id=\"tablepress-73\" class=\"tablepress tablepress-id-73\">\n<thead>\n<tr class=\"row-1\">\n\t<th class=\"column-1\">Parameter<\/th><th class=\"column-2\">Type<\/th><th class=\"column-3\">Description<\/th><th class=\"column-4\">Units<\/th>\n<\/tr>\n<\/thead>\n<tbody>\n<tr class=\"row-2\">\n\t<td class=\"column-1\">id<\/td><td class=\"column-2\">String<\/td><td class=\"column-3\">Driver identifier<\/td><td class=\"column-4\">Text<\/td>\n<\/tr>\n<tr class=\"row-3\">\n\t<td class=\"column-1\">first_name<\/td><td class=\"column-2\">String<\/td><td class=\"column-3\">The driver\u2019s first name<\/td><td class=\"column-4\">Text<\/td>\n<\/tr>\n<tr class=\"row-4\">\n\t<td class=\"column-1\">last_name<\/td><td class=\"column-2\">String<\/td><td class=\"column-3\">The driver\u2019s last name<\/td><td class=\"column-4\">Text<\/td>\n<\/tr>\n<\/tbody>\n<\/table>\n<!-- #tablepress-73 from cache -->\n\n<p>Gli endpoint API, i parametri di richiesta e le risposte possono essere visualizzati in anteprima in &#8220;Swagger&#8221; attraverso questo link: <a href=\"https:\/\/api.fm-track.com\/swagger-ui.html\">https:\/\/api.fm-track.com<\/a><\/p>\n\n<hr class=\"wp-block-separator\"\/>\n\n<p>  <div class=\"alignleft\"><a href=\"https:\/\/www.fmsdocumentation.com\/it\/api\/api-per-lanalisi-dei-tempi-di-guida\/\" title=\"API per l&#8217;analisi dei tempi di guida\"><span class=\"arrow\">\u2039 &nbsp <\/span> API per l&#8217;analisi dei tempi di guida <\/a><\/div> <div class=\"alignright\"><a href=\"https:\/\/www.fmsdocumentation.com\/it\/api\/driver-api-v2\/\" title=\"Driver API v2\">Driver API v2 <span class=\"arrow\"> &nbsp\u203a <\/span> <\/a><\/div> <\/p>\n","protected":false},"excerpt":{"rendered":"<p>Lo scopo principale dell&#8217;API Driver \u00e8 quello di fornire informazioni sul driver. Questa API prevede due tipi di richieste: una per un driver specifico e una per tutti i driver. Richiesta di esempio per un driver specifico: GET \/drivers\/{driverId}?version=1&#038;api_key=HOST:api.fm-track.comContent-Type:application\/json;charset=UTF-8 Il seguente parametro \u00e8 opzionale. Se \u00e8 incluso, la richiesta restituir\u00e0 i dati di un singolo &hellip; <a href=\"https:\/\/www.fmsdocumentation.com\/it\/api\/api-del-driver\/\" class=\"more-link\">Continua a leggere <span class=\"screen-reader-text\">API del driver<\/span><\/a><\/p>\n","protected":false},"author":5,"featured_media":0,"parent":14003,"menu_order":8,"comment_status":"closed","ping_status":"closed","template":"","meta":{"footnotes":""},"class_list":["post-13873","page","type-page","status-publish","hentry"],"_links":{"self":[{"href":"https:\/\/www.fmsdocumentation.com\/it\/wp-json\/wp\/v2\/pages\/13873","targetHints":{"allow":["GET"]}}],"collection":[{"href":"https:\/\/www.fmsdocumentation.com\/it\/wp-json\/wp\/v2\/pages"}],"about":[{"href":"https:\/\/www.fmsdocumentation.com\/it\/wp-json\/wp\/v2\/types\/page"}],"author":[{"embeddable":true,"href":"https:\/\/www.fmsdocumentation.com\/it\/wp-json\/wp\/v2\/users\/5"}],"replies":[{"embeddable":true,"href":"https:\/\/www.fmsdocumentation.com\/it\/wp-json\/wp\/v2\/comments?post=13873"}],"version-history":[{"count":1,"href":"https:\/\/www.fmsdocumentation.com\/it\/wp-json\/wp\/v2\/pages\/13873\/revisions"}],"predecessor-version":[{"id":13879,"href":"https:\/\/www.fmsdocumentation.com\/it\/wp-json\/wp\/v2\/pages\/13873\/revisions\/13879"}],"up":[{"embeddable":true,"href":"https:\/\/www.fmsdocumentation.com\/it\/wp-json\/wp\/v2\/pages\/14003"}],"wp:attachment":[{"href":"https:\/\/www.fmsdocumentation.com\/it\/wp-json\/wp\/v2\/media?parent=13873"}],"curies":[{"name":"wp","href":"https:\/\/api.w.org\/{rel}","templated":true}]}}