{"id":13880,"date":"2025-05-07T15:27:23","date_gmt":"2025-05-07T12:27:23","guid":{"rendered":"https:\/\/www.fmsdocumentation.com\/modelli-di-rapporto\/"},"modified":"2025-05-07T15:27:23","modified_gmt":"2025-05-07T12:27:23","slug":"modelli-di-rapporto","status":"publish","type":"page","link":"https:\/\/www.fmsdocumentation.com\/it\/modelli-di-rapporto\/","title":{"rendered":"Modelli di rapporto"},"content":{"rendered":"<p>I modelli di report sono utilizzati per creare rapidamente nuovi report, utilizzando un report esistente come modello.<\/p>\n<hr>\n<h3>Creazione di modelli<\/h3>\n<p>Esistono due modi per creare modelli di report.<\/p>\n<p><strong>Opzione 1:<\/strong> per creare un nuovo modello di report, l&#8217;utente pu\u00f2 creare un nuovo report e cliccare sul pulsante &#8220;Salva come modello&#8221; invece di &#8220;Genera&#8221;.<\/p>\n<p><a href=\"https:\/\/www.fmsdocumentation.com\/wp-content\/uploads\/2018\/11\/381.png\"><img loading=\"lazy\" decoding=\"async\" class=\"alignnone wp-image-6245\" src=\"https:\/\/www.fmsdocumentation.com\/wp-content\/uploads\/2018\/11\/381-1024x148.png\" alt=\"\" width=\"750\" height=\"108\" srcset=\"https:\/\/www.fmsdocumentation.com\/wp-content\/uploads\/2018\/11\/381-1024x148.png 1024w, https:\/\/www.fmsdocumentation.com\/wp-content\/uploads\/2018\/11\/381-300x43.png 300w, https:\/\/www.fmsdocumentation.com\/wp-content\/uploads\/2018\/11\/381-768x111.png 768w, https:\/\/www.fmsdocumentation.com\/wp-content\/uploads\/2018\/11\/381.png 1860w\" sizes=\"auto, (max-width: 750px) 100vw, 750px\" \/><\/a><\/p>\n<p>Si aprir\u00e0 una nuova finestra &#8220;Salva come modello&#8221; in cui l&#8217;utente dovr\u00e0 assegnare un nome al nuovo modello. Per salvare il modello \u00e8 necessario cliccare sul pulsante &#8220;Salva&#8221;. Dopo aver salvato il modello, verr\u00e0 visualizzato un messaggio di successo.  <\/p>\n<p><a href=\"https:\/\/www.fmsdocumentation.com\/wp-content\/uploads\/2018\/11\/382.png\"><img loading=\"lazy\" decoding=\"async\" class=\"alignnone size-full wp-image-6246\" src=\"https:\/\/www.fmsdocumentation.com\/wp-content\/uploads\/2018\/11\/382.png\" alt=\"\" width=\"750\" height=\"301\" srcset=\"https:\/\/www.fmsdocumentation.com\/wp-content\/uploads\/2018\/11\/382.png 750w, https:\/\/www.fmsdocumentation.com\/wp-content\/uploads\/2018\/11\/382-300x120.png 300w\" sizes=\"auto, (max-width: 750px) 100vw, 750px\" \/><\/a><\/p>\n<p><strong>Opzione 2: <\/strong>per creare un nuovo modello di report, l&#8217;utente pu\u00f2 cliccare sul pulsante &#8220;Nuovo modello&#8221; nella scheda &#8220;Modelli&#8221;.<\/p>\n<p><a href=\"https:\/\/www.fmsdocumentation.com\/wp-content\/uploads\/2018\/12\/385.png\"><img loading=\"lazy\" decoding=\"async\" class=\"alignnone wp-image-6751\" src=\"https:\/\/www.fmsdocumentation.com\/wp-content\/uploads\/2018\/12\/385-1024x92.png\" alt=\"\" width=\"750\" height=\"68\" srcset=\"https:\/\/www.fmsdocumentation.com\/wp-content\/uploads\/2018\/12\/385-1024x92.png 1024w, https:\/\/www.fmsdocumentation.com\/wp-content\/uploads\/2018\/12\/385-300x27.png 300w, https:\/\/www.fmsdocumentation.com\/wp-content\/uploads\/2018\/12\/385-768x69.png 768w, https:\/\/www.fmsdocumentation.com\/wp-content\/uploads\/2018\/12\/385.png 1861w\" sizes=\"auto, (max-width: 750px) 100vw, 750px\" \/><\/a><\/p>\n<p>Si aprir\u00e0 una nuova finestra di creazione del modello, in cui l&#8217;utente potr\u00e0 creare il modello nello stesso modo in cui crea un report. Ci sono due differenze: l&#8217;utente deve inserire il nome del modello e al posto della selezione della data specifica c&#8217;\u00e8 la selezione della lunghezza del periodo. Il pulsante &#8220;Salva&#8221; deve essere cliccato per salvare il modello.  <\/p>\n<p><a href=\"https:\/\/www.fmsdocumentation.com\/wp-content\/uploads\/2018\/12\/386.png\"><img loading=\"lazy\" decoding=\"async\" class=\"alignnone wp-image-6752\" src=\"https:\/\/www.fmsdocumentation.com\/wp-content\/uploads\/2018\/12\/386-1024x628.png\" alt=\"\" width=\"750\" height=\"460\" srcset=\"https:\/\/www.fmsdocumentation.com\/wp-content\/uploads\/2018\/12\/386-1024x628.png 1024w, https:\/\/www.fmsdocumentation.com\/wp-content\/uploads\/2018\/12\/386-300x184.png 300w, https:\/\/www.fmsdocumentation.com\/wp-content\/uploads\/2018\/12\/386-768x471.png 768w, https:\/\/www.fmsdocumentation.com\/wp-content\/uploads\/2018\/12\/386.png 1214w\" sizes=\"auto, (max-width: 750px) 100vw, 750px\" \/><\/a><\/p>\n<hr>\n<h3>Gestione dei modelli<\/h3>\n<p>I modelli esistenti possono essere gestiti nella scheda &#8220;Modelli&#8221;. I modelli possono essere filtrati in base al nome, al tipo e alla loro base. Cliccando sul pulsante &#8220;Genera rapporto&#8221; si aprir\u00e0 una nuova finestra di creazione del rapporto; tutti i campi e le impostazioni saranno copiati dal modello, tranne l&#8217;intervallo di date. Cliccando sul pulsante &#8220;Abbonati&#8221; si aprir\u00e0 la finestra di creazione di un nuovo abbonamento; tutti i campi e le impostazioni saranno copiati dal modello, tranne il nome dell&#8217;abbonamento e gli indirizzi e-mail.   <\/p>\n<p>I modelli possono essere modificati cliccando sull&#8217;icona della matita. I modelli possono essere duplicati cliccando sui tre puntini all&#8217;estrema destra e cliccando su &#8220;Duplica modello&#8221;. I modelli possono essere eliminati contrassegnando le caselle di controllo accanto ad essi e cliccando su &#8220;Elimina selezionati&#8221; o cliccando sui tre punti all&#8217;estrema destra e cliccando su &#8220;Elimina modello&#8221;.  <\/p>\n<p><a href=\"https:\/\/www.fmsdocumentation.com\/wp-content\/uploads\/2018\/12\/383.png\"><img loading=\"lazy\" decoding=\"async\" class=\"alignnone wp-image-6753\" src=\"https:\/\/www.fmsdocumentation.com\/wp-content\/uploads\/2018\/12\/383-1024x267.png\" alt=\"\" width=\"750\" height=\"196\" srcset=\"https:\/\/www.fmsdocumentation.com\/wp-content\/uploads\/2018\/12\/383-1024x267.png 1024w, https:\/\/www.fmsdocumentation.com\/wp-content\/uploads\/2018\/12\/383-300x78.png 300w, https:\/\/www.fmsdocumentation.com\/wp-content\/uploads\/2018\/12\/383-768x200.png 768w, https:\/\/www.fmsdocumentation.com\/wp-content\/uploads\/2018\/12\/383.png 1860w\" sizes=\"auto, (max-width: 750px) 100vw, 750px\" \/><\/a><\/p>\n<hr>\n<p><div class=\"alignleft\"><a href=\"https:\/\/www.fmsdocumentation.com\/it\/creazione-di-nuove-attivita\/\" title=\"Creazione di nuove attivit\u00e0\"><span class=\"arrow\">\u2039 &nbsp <\/span> Creazione di nuove attivit\u00e0 <\/a><\/div> <div class=\"alignright\"><a href=\"https:\/\/www.fmsdocumentation.com\/it\/rapporto-sul-paese\/\" title=\"Rapporto sul paese\">Rapporto sul paese <span class=\"arrow\"> &nbsp\u203a <\/span> <\/a><\/div><\/p>\n","protected":false},"excerpt":{"rendered":"<p>I modelli di report sono utilizzati per creare rapidamente nuovi report, utilizzando un report esistente come modello. Creazione di modelli Esistono due modi per creare modelli di report. Opzione 1: per creare un nuovo modello di report, l&#8217;utente pu\u00f2 creare un nuovo report e cliccare sul pulsante &#8220;Salva come modello&#8221; invece di &#8220;Genera&#8221;. Si aprir\u00e0 &hellip; <a href=\"https:\/\/www.fmsdocumentation.com\/it\/modelli-di-rapporto\/\" class=\"more-link\">Continua a leggere <span class=\"screen-reader-text\">Modelli di rapporto<\/span><\/a><\/p>\n","protected":false},"author":5,"featured_media":0,"parent":0,"menu_order":3,"comment_status":"closed","ping_status":"closed","template":"","meta":{"footnotes":""},"class_list":["post-13880","page","type-page","status-publish","hentry"],"_links":{"self":[{"href":"https:\/\/www.fmsdocumentation.com\/it\/wp-json\/wp\/v2\/pages\/13880","targetHints":{"allow":["GET"]}}],"collection":[{"href":"https:\/\/www.fmsdocumentation.com\/it\/wp-json\/wp\/v2\/pages"}],"about":[{"href":"https:\/\/www.fmsdocumentation.com\/it\/wp-json\/wp\/v2\/types\/page"}],"author":[{"embeddable":true,"href":"https:\/\/www.fmsdocumentation.com\/it\/wp-json\/wp\/v2\/users\/5"}],"replies":[{"embeddable":true,"href":"https:\/\/www.fmsdocumentation.com\/it\/wp-json\/wp\/v2\/comments?post=13880"}],"version-history":[{"count":0,"href":"https:\/\/www.fmsdocumentation.com\/it\/wp-json\/wp\/v2\/pages\/13880\/revisions"}],"wp:attachment":[{"href":"https:\/\/www.fmsdocumentation.com\/it\/wp-json\/wp\/v2\/media?parent=13880"}],"curies":[{"name":"wp","href":"https:\/\/api.w.org\/{rel}","templated":true}]}}