{"id":13882,"date":"2025-05-07T15:27:24","date_gmt":"2025-05-07T12:27:24","guid":{"rendered":"https:\/\/www.fmsdocumentation.com\/rapporto-sui-parametri-di-superamento-del-limite\/"},"modified":"2025-05-07T15:27:24","modified_gmt":"2025-05-07T12:27:24","slug":"rapporto-sui-parametri-di-superamento-del-limite","status":"publish","type":"page","link":"https:\/\/www.fmsdocumentation.com\/it\/rapporto-sui-parametri-di-superamento-del-limite\/","title":{"rendered":"Rapporto sui parametri di superamento del limite"},"content":{"rendered":"<p><strong>Rapporto sui parametri di superamento dei limiti<\/strong> &#8211; questo tipo di rapporto si concentra sulle informazioni relative alla velocit\u00e0 e al minimo del conducente, soprattutto per sapere quando il conducente ha superato il limite di velocit\u00e0 e quando il veicolo era al minimo. La prima cosa che l&#8217;utente deve selezionare \u00e8 l&#8217;intervallo di date per il quale verr\u00e0 generato il rapporto. <\/p>\n<p><strong>Intervallo di date<\/strong> &#8211; per selezionare una data l&#8217;utente deve cliccare su &#8220;Scegli intervallo di date&#8221; che aprir\u00e0 il pannello del calendario. Il pannello del calendario \u00e8 identico in tutti gli FMS. Per selezionare una data di inizio\/fine, l&#8217;utente deve semplicemente cliccare sulla data desiderata e poi sulla data opposta. I giorni selezionati saranno evidenziati in blu. Il giorno corrente \u00e8 evidenziato da un piccolo triangolo blu in alto a sinistra. Se il giorno corrente \u00e8 selezionato (evidenziato), il triangolo sar\u00e0 invertito in bianco. Successivamente l&#8217;utente pu\u00f2 specificare da quale ora della data di inizio fino a quale ora della data di fine visualizzare la cronologia. Per applicare le modifiche \u00e8 necessario cliccare sul pulsante &#8220;Applica&#8221;, altrimenti le modifiche non verranno salvate.       <\/p>\n<p><a href=\"https:\/\/www.fmsdocumentation.com\/wp-content\/uploads\/2017\/04\/136-11.png\" data-featherlight=\"image\"><img loading=\"lazy\" decoding=\"async\" class=\"alignnone size-full wp-image-1174\" src=\"https:\/\/www.fmsdocumentation.com\/wp-content\/uploads\/2017\/04\/136-11.png\" sizes=\"auto, (max-width: 503px) 100vw, 503px\" srcset=\"https:\/\/www.fmsdocumentation.com\/wp-content\/uploads\/2017\/04\/136-11.png 503w, https:\/\/www.fmsdocumentation.com\/wp-content\/uploads\/2017\/04\/136-11-300x288.png 300w\" alt=\"\" width=\"503\" height=\"483\"><\/a><\/p>\n<p>L&#8217;intervallo minimo di date \u00e8 di un giorno. Per selezionare un giorno, basta fare doppio clic con il tasto sinistro del mouse sul giorno desiderato per selezionarlo. Il periodo massimo \u00e8 di 1 mese.  <\/p>\n<p><strong>Report basato su <\/strong>&#8211; questa impostazione definisce l&#8217;obiettivo principale del report. Sono disponibili due opzioni: <\/p>\n<ul>\n<li>Driver;<\/li>\n<li>Oggetti.<\/li>\n<\/ul>\n<p>Questo significa che il report generato mostrer\u00e0 le informazioni relative all&#8217;obiettivo selezionato<em>(Driver o Oggetti<\/em>). Se si selezionano gli <strong>Oggetti<\/strong>, il report mostrer\u00e0 le informazioni relative agli oggetti specifici selezionati. <\/p>\n<p><strong>Oggetti\/Driver<\/strong> &#8211;<em>(dipende dalla selezione dell&#8217;opzione &#8220;Report based on&#8221;<\/em>) questo permette all&#8217;utente di scegliere per quali oggetti\/driver verr\u00e0 generato il report.<\/p>\n<p>Se si seleziona <em>Oggetti<\/em>, l&#8217;elenco conterr\u00e0 anche <strong>gruppi<\/strong> di oggetti. L&#8217;utente pu\u00f2 selezionare un intero gruppo contrassegnando la casella di controllo prima del gruppo, oppure cliccare sul pulsante &#8220;+&#8221; per espandere il gruppo e vedere quali oggetti ne fanno parte. Per chiudere il gruppo, l&#8217;utente deve cliccare sul pulsante &#8220;-&#8220;. <strong>\u00c8 possibile selezionare singoli oggetti da un gruppo<\/strong>. \u00c8 importante notare che se viene selezionato un oggetto presente in pi\u00f9 gruppi, questo verr\u00e0 evidenziato in tutti i gruppi, come mostrato nell&#8217;immagine sottostante. Se \u00e8 selezionato un intero gruppo, la casella di controllo sar\u00e0 blu con un segno di spunta bianco. Se \u00e8 selezionata solo una parte del gruppo, il gruppo avr\u00e0 un quadrato blu nella casella di controllo. (come mostrato nell&#8217;immagine sottostante). L&#8217;utente pu\u00f2 anche utilizzare la ricerca per scorrere rapidamente un ampio elenco di oggetti e gruppi. Tutti i gruppi possono essere selezionati\/deselezionati selezionando la casella di controllo accanto a &#8220;Seleziona tutti i gruppi&#8221;. Il numero di oggetti selezionati e di oggetti totali viene visualizzato nell&#8217;angolo superiore destro dell&#8217;elenco.         <\/p>\n<p><a href=\"https:\/\/www.fmsdocumentation.com\/wp-content\/uploads\/2018\/12\/281.png\" data-featherlight=\"image\"><img loading=\"lazy\" decoding=\"async\" class=\"alignnone size-full wp-image-6727\" src=\"https:\/\/www.fmsdocumentation.com\/wp-content\/uploads\/2018\/12\/281.png\" sizes=\"auto, (max-width: 549px) 100vw, 549px\" srcset=\"https:\/\/www.fmsdocumentation.com\/wp-content\/uploads\/2018\/12\/281.png 549w, https:\/\/www.fmsdocumentation.com\/wp-content\/uploads\/2018\/12\/281-300x162.png 300w\" alt=\"\" width=\"549\" height=\"297\"><\/a><\/p>\n<p>Se si seleziona <em>Driver<\/em>, i driver verranno visualizzati nell&#8217;elenco a discesa. Per selezionare un driver, l&#8217;utente deve selezionare la casella di controllo accanto al driver. Selezionando la casella di controllo accanto a &#8220;Seleziona tutti&#8221;, verranno selezionati\/deselezionati tutti i driver. L&#8217;elenco viene aggiornato automaticamente per ogni simbolo digitato nella barra di ricerca. Il numero di driver selezionati e il totale dei driver viene visualizzato nell&#8217;angolo superiore destro dell&#8217;elenco.    <\/p>\n<p><a href=\"https:\/\/www.fmsdocumentation.com\/wp-content\/uploads\/2018\/12\/340.png\" data-featherlight=\"image\"><img loading=\"lazy\" decoding=\"async\" class=\"alignnone size-full wp-image-6718\" src=\"https:\/\/www.fmsdocumentation.com\/wp-content\/uploads\/2018\/12\/340.png\" sizes=\"auto, (max-width: 549px) 100vw, 549px\" srcset=\"https:\/\/www.fmsdocumentation.com\/wp-content\/uploads\/2018\/12\/340.png 549w, https:\/\/www.fmsdocumentation.com\/wp-content\/uploads\/2018\/12\/340-300x161.png 300w\" alt=\"\" width=\"549\" height=\"295\"><\/a><\/p>\n<p><strong>Valore superato<\/strong> &#8211; questa impostazione definisce quale parametro verr\u00e0 monitorato. Sono disponibili le seguenti scelte: <\/p>\n<ul>\n<li>Valore del minimo<\/li>\n<li>Valore di velocit\u00e0<\/li>\n<\/ul>\n<p><strong>Periodo minimo di funzionamento al minimo (secondi)<\/strong> &#8211; disponibile se \u00e8 selezionato il <em>valore di funzionamento al minimo<\/em>, questa impostazione definisce il periodo minimo di funzionamento al minimo in secondi che verr\u00e0 utilizzato come riferimento. Possono essere inseriti solo numeri interi. <\/p>\n<p><strong>Valore di velocit\u00e0<\/strong> &#8211; disponibile se si seleziona <em>Valore di velocit\u00e0<\/em>, questa impostazione definisce il limite di velocit\u00e0 che verr\u00e0 utilizzato come riferimento. Possono essere inseriti solo numeri interi. <\/p>\n<p>Successivamente, l&#8217;utente deve configurare l&#8217;<strong>elenco delle colonne<\/strong>. I seguenti parametri sono selezionati per impostazione predefinita se si seleziona <em>il valore Idling<\/em>: <\/p>\n<ul>\n<li>Ora di inizio del funzionamento al minimo &#8211; l&#8217;ora in cui \u00e8 stato attivato l&#8217;evento di funzionamento al minimo;<\/li>\n<li>Durata del minimo &#8211; la durata del minimo rilevato.<\/li>\n<\/ul>\n<p>I seguenti parametri sono selezionati di default se si seleziona <em>il valore Speeding<\/em>:<\/p>\n<ul>\n<li>Tempo di superamento della velocit\u00e0 &#8211; l&#8217;ora in cui si \u00e8 verificato l&#8217;evento di superamento della velocit\u00e0;<\/li>\n<li>Durata della velocit\u00e0 eccessiva: la durata della velocit\u00e0 eccessiva rilevata;<\/li>\n<li>Velocit\u00e0 massima &#8211; la velocit\u00e0 massima durante l&#8217;evento di sovrapassaggio;<\/li>\n<\/ul>\n<p>I seguenti parametri saranno inclusi di default nell&#8217;elenco delle colonne, indipendentemente dalla selezione:<\/p>\n<ul>\n<li>Coordinate di partenza: le coordinate in cui \u00e8 stato attivato l&#8217;evento;<\/li>\n<li>Luogo di inizio &#8211; l&#8217;indirizzo in cui \u00e8 stato attivato l&#8217;evento;<\/li>\n<li>Posizione iniziale di Google &#8211; un collegamento ipertestuale alla posizione iniziale dell&#8217;evento in Google Maps;<\/li>\n<li>Autista &#8211; il conducente assegnato al veicolo.<\/li>\n<\/ul>\n<p>Altri parametri opzionali che possono essere selezionati nell&#8217;<strong>elenco delle colonne<\/strong>:<\/p>\n<ul>\n<li>Coordinate finali &#8211; le coordinate in cui l&#8217;evento \u00e8 terminato;<\/li>\n<li>Luogo di fine &#8211; l&#8217;indirizzo in cui si \u00e8 concluso l&#8217;evento;<\/li>\n<li>Posizione finale di Google &#8211; un collegamento ipertestuale alla posizione finale dell&#8217;evento in Google Maps;<\/li>\n<li>Ora di fine del minimo &#8211; l&#8217;ora in cui l&#8217;evento di minimo \u00e8 terminato (se \u00e8 stato selezionato <em>il valore di minimo<\/em> ).<\/li>\n<li>Ora di fine sovravelocit\u00e0 &#8211; l&#8217;ora in cui \u00e8 terminato l&#8217;evento di sovravelocit\u00e0 (se \u00e8 stato selezionato <em>il valore Speeding<\/em> ).<\/li>\n<\/ul>\n<p>Dopo aver selezionato i parametri, l&#8217;utente pu\u00f2 attivare o disattivare le seguenti opzioni:<\/p>\n<ul>\n<li><strong>Riepilogo del report <\/strong>: attivata per impostazione predefinita, questa opzione include una sezione di riepilogo nel report. In questo modo verranno riepilogate tutte le informazioni del report e le <strong>colonne<\/strong> selezionate in precedenza verranno inserite <strong>in un riepilogo.<\/strong> <\/li>\n<\/ul>\n<p><a href=\"https:\/\/www.fmsdocumentation.com\/wp-content\/uploads\/2018\/11\/384.png\"><img loading=\"lazy\" decoding=\"async\" class=\"alignnone size-large wp-image-6251\" src=\"https:\/\/www.fmsdocumentation.com\/wp-content\/uploads\/2018\/11\/384-1024x610.png\" alt=\"\" width=\"660\" height=\"393\" srcset=\"https:\/\/www.fmsdocumentation.com\/wp-content\/uploads\/2018\/11\/384-1024x610.png 1024w, https:\/\/www.fmsdocumentation.com\/wp-content\/uploads\/2018\/11\/384-300x179.png 300w, https:\/\/www.fmsdocumentation.com\/wp-content\/uploads\/2018\/11\/384-768x458.png 768w, https:\/\/www.fmsdocumentation.com\/wp-content\/uploads\/2018\/11\/384.png 1220w\" sizes=\"auto, (max-width: 660px) 100vw, 660px\" \/><\/a><\/p>\n<p>Per finalizzare e generare il rapporto, l&#8217;utente deve cliccare sul pulsante &#8220;Genera&#8221;. Per annullare la creazione di un rapporto, l&#8217;utente deve cliccare sul pulsante &#8220;Annulla&#8221; o cliccare in un punto qualsiasi della finestra &#8220;Genera nuovo rapporto&#8221;. <\/p>\n<p><a href=\"https:\/\/www.fmsdocumentation.com\/wp-content\/uploads\/2017\/04\/202.png\" data-featherlight=\"image\"><img loading=\"lazy\" decoding=\"async\" class=\"alignnone size-full wp-image-398\" src=\"https:\/\/www.fmsdocumentation.com\/wp-content\/uploads\/2017\/04\/202.png\" sizes=\"auto, (max-width: 569px) 100vw, 569px\" srcset=\"https:\/\/www.fmsdocumentation.com\/wp-content\/uploads\/2017\/04\/202.png 569w, https:\/\/www.fmsdocumentation.com\/wp-content\/uploads\/2017\/04\/202-300x42.png 300w\" alt=\"\" width=\"569\" height=\"79\"><\/a><\/p>\n<hr>\n<p><div class=\"alignleft\"><a href=\"https:\/\/www.fmsdocumentation.com\/it\/rapporto-sulle-geozones\/\" title=\"Rapporto sulle Geozones\"><span class=\"arrow\">\u2039 &nbsp <\/span> Rapporto sulle Geozones <\/a><\/div> <div class=\"alignright\"><a href=\"https:\/\/www.fmsdocumentation.com\/it\/rapporto-sugli-stati\/\" title=\"Rapporto sugli Stati\">Rapporto sugli Stati <span class=\"arrow\"> &nbsp\u203a <\/span> <\/a><\/div><\/p>\n","protected":false},"excerpt":{"rendered":"<p>Rapporto sui parametri di superamento dei limiti &#8211; questo tipo di rapporto si concentra sulle informazioni relative alla velocit\u00e0 e al minimo del conducente, soprattutto per sapere quando il conducente ha superato il limite di velocit\u00e0 e quando il veicolo era al minimo. La prima cosa che l&#8217;utente deve selezionare \u00e8 l&#8217;intervallo di date per &hellip; <a href=\"https:\/\/www.fmsdocumentation.com\/it\/rapporto-sui-parametri-di-superamento-del-limite\/\" class=\"more-link\">Continua a leggere <span class=\"screen-reader-text\">Rapporto sui parametri di superamento del limite<\/span><\/a><\/p>\n","protected":false},"author":5,"featured_media":0,"parent":0,"menu_order":10,"comment_status":"closed","ping_status":"closed","template":"","meta":{"footnotes":""},"class_list":["post-13882","page","type-page","status-publish","hentry"],"_links":{"self":[{"href":"https:\/\/www.fmsdocumentation.com\/it\/wp-json\/wp\/v2\/pages\/13882","targetHints":{"allow":["GET"]}}],"collection":[{"href":"https:\/\/www.fmsdocumentation.com\/it\/wp-json\/wp\/v2\/pages"}],"about":[{"href":"https:\/\/www.fmsdocumentation.com\/it\/wp-json\/wp\/v2\/types\/page"}],"author":[{"embeddable":true,"href":"https:\/\/www.fmsdocumentation.com\/it\/wp-json\/wp\/v2\/users\/5"}],"replies":[{"embeddable":true,"href":"https:\/\/www.fmsdocumentation.com\/it\/wp-json\/wp\/v2\/comments?post=13882"}],"version-history":[{"count":0,"href":"https:\/\/www.fmsdocumentation.com\/it\/wp-json\/wp\/v2\/pages\/13882\/revisions"}],"wp:attachment":[{"href":"https:\/\/www.fmsdocumentation.com\/it\/wp-json\/wp\/v2\/media?parent=13882"}],"curies":[{"name":"wp","href":"https:\/\/api.w.org\/{rel}","templated":true}]}}