{"id":13883,"date":"2025-05-07T15:27:24","date_gmt":"2025-05-07T12:27:24","guid":{"rendered":"https:\/\/www.fmsdocumentation.com\/rapporto-eco-drive\/"},"modified":"2025-05-07T15:27:24","modified_gmt":"2025-05-07T12:27:24","slug":"rapporto-eco-drive","status":"publish","type":"page","link":"https:\/\/www.fmsdocumentation.com\/it\/rapporto-eco-drive\/","title":{"rendered":"Rapporto Eco-Drive"},"content":{"rendered":"<p><strong>Rapporto Eco-Drive<\/strong> &#8211; questo tipo di rapporto \u00e8 incentrato sulla funzionalit\u00e0 Eco-Drive e sui suoi parametri. La prima cosa che l&#8217;utente deve selezionare \u00e8 l&#8217;intervallo di date per il quale verr\u00e0 generato il report. <\/p>\n<p><strong>Intervallo di date<\/strong> &#8211; per selezionare una data l&#8217;utente deve cliccare sul campo &#8220;Intervallo di date&#8221; che aprir\u00e0 il pannello del calendario. Per selezionare una data di inizio\/fine, l&#8217;utente deve semplicemente cliccare sulla data desiderata e poi sulla data opposta. I giorni selezionati saranno evidenziati in blu. Il giorno corrente \u00e8 evidenziato da un piccolo triangolo blu in alto a sinistra. Se il giorno corrente \u00e8 selezionato (evidenziato), il triangolo sar\u00e0 invertito in bianco. Successivamente l&#8217;utente pu\u00f2 specificare da quale ora della data di inizio fino a quale ora della data di fine visualizzare i dati. L&#8217;ora pu\u00f2 essere modificata in modo incrementale di un&#8217;ora utilizzando i pulsanti freccia. Per applicare le modifiche \u00e8 necessario cliccare sul pulsante <strong>Applica<\/strong>, altrimenti le modifiche non verranno salvate.       <\/p>\n<p><a href=\"https:\/\/www.fmsdocumentation.com\/wp-content\/uploads\/2018\/10\/374.png\"><img loading=\"lazy\" decoding=\"async\" class=\"alignnone size-full wp-image-5885\" src=\"https:\/\/www.fmsdocumentation.com\/wp-content\/uploads\/2018\/10\/374.png\" alt=\"\" width=\"578\" height=\"562\" srcset=\"https:\/\/www.fmsdocumentation.com\/wp-content\/uploads\/2018\/10\/374.png 578w, https:\/\/www.fmsdocumentation.com\/wp-content\/uploads\/2018\/10\/374-300x292.png 300w\" sizes=\"auto, (max-width: 578px) 100vw, 578px\" \/><\/a><\/p>\n<p>Il periodo minimo \u00e8 di un giorno. Per selezionare un giorno \u00e8 sufficiente fare doppio clic con il tasto sinistro del mouse sul giorno desiderato per selezionarlo.<br \/>\nIl periodo massimo \u00e8 di tre mesi (90 giorni). Non \u00e8 possibile selezionare un periodo pi\u00f9 lungo.  <\/p>\n<p><strong>Report basato su <\/strong>&#8211; questa impostazione definisce l&#8217;obiettivo principale del report. Sono disponibili due opzioni: <\/p>\n<ul>\n<li>I conducenti<\/li>\n<li>Oggetti<\/li>\n<\/ul>\n<p>Ci\u00f2 che fa esattamente \u00e8 che il rapporto generato mostrer\u00e0 le informazioni<em>(parametri: distanza del viaggio, luogo di inizio del lavoro, ecc.<\/em> Quindi, se sono selezionati gli Oggetti, il report mostrer\u00e0 le informazioni relative agli oggetti specificamente selezionati. <\/p>\n<p><strong>Oggetti\/Driver<\/strong> &#8211;<em>(dipende dalla selezione dell&#8217;opzione &#8220;Report based on&#8221;<\/em>) questo permette all&#8217;utente di scegliere per quali oggetti\/driver verr\u00e0 generato il report.<\/p>\n<p>Se si seleziona <em>Oggetti<\/em>, l&#8217;elenco conterr\u00e0 anche <strong>gruppi<\/strong> di oggetti. L&#8217;utente pu\u00f2 selezionare un intero gruppo contrassegnando la casella di controllo prima del gruppo o cliccare sul <strong> pulsante + <\/strong>per espandere il gruppo e vedere quali oggetti sono presenti nel gruppo. Per chiudere il gruppo, l&#8217;utente deve cliccare sul pulsante <strong>&#8211;<\/strong>. <strong>\u00c8 possibile selezionare singoli oggetti da un gruppo<\/strong>. \u00c8 importante notare che se viene selezionato un oggetto presente in pi\u00f9 gruppi, questo verr\u00e0 evidenziato in tutti i gruppi, come mostrato nell&#8217;immagine sottostante. Se \u00e8 selezionato un intero gruppo, la casella di controllo sar\u00e0 blu con un segno di spunta bianco. Se \u00e8 selezionata solo una parte del gruppo, il gruppo avr\u00e0 un quadrato blu nella casella di controllo. (come mostrato nell&#8217;immagine sottostante). L&#8217;utente pu\u00f2 anche utilizzare la ricerca per scorrere rapidamente un ampio elenco di oggetti e gruppi. Tutti i gruppi possono essere selezionati\/deselezionati selezionando la casella di controllo accanto a &#8220;Seleziona tutti i gruppi&#8221;. Il numero di oggetti selezionati e di oggetti totali viene visualizzato nell&#8217;angolo superiore destro dell&#8217;elenco.         <\/p>\n<p><a href=\"https:\/\/www.fmsdocumentation.com\/wp-content\/uploads\/2018\/12\/281.png\" data-featherlight=\"image\"><img loading=\"lazy\" decoding=\"async\" class=\"alignnone size-full wp-image-6727\" src=\"https:\/\/www.fmsdocumentation.com\/wp-content\/uploads\/2018\/12\/281.png\" sizes=\"auto, (max-width: 549px) 100vw, 549px\" srcset=\"https:\/\/www.fmsdocumentation.com\/wp-content\/uploads\/2018\/12\/281.png 549w, https:\/\/www.fmsdocumentation.com\/wp-content\/uploads\/2018\/12\/281-300x162.png 300w\" alt=\"\" width=\"549\" height=\"297\"><\/a><\/p>\n<p>Se si seleziona <em>Driver<\/em>, i driver verranno visualizzati nell&#8217;elenco a discesa. Per selezionare un driver, l&#8217;utente deve selezionare la casella di controllo accanto al driver. Selezionando la casella di controllo accanto a &#8220;Seleziona tutti&#8221;, verranno selezionati\/deselezionati tutti i driver. L&#8217;elenco viene aggiornato automaticamente con ogni simbolo digitato nella barra di ricerca. Il numero di driver selezionati e il totale dei driver viene visualizzato nell&#8217;angolo superiore destro dell&#8217;elenco.    <\/p>\n<p><a href=\"https:\/\/www.fmsdocumentation.com\/wp-content\/uploads\/2018\/12\/340.png\" data-featherlight=\"image\"><img loading=\"lazy\" decoding=\"async\" class=\"alignnone size-full wp-image-6718\" src=\"https:\/\/www.fmsdocumentation.com\/wp-content\/uploads\/2018\/12\/340.png\" sizes=\"auto, (max-width: 549px) 100vw, 549px\" srcset=\"https:\/\/www.fmsdocumentation.com\/wp-content\/uploads\/2018\/12\/340.png 549w, https:\/\/www.fmsdocumentation.com\/wp-content\/uploads\/2018\/12\/340-300x161.png 300w\" alt=\"\" width=\"549\" height=\"295\"><\/a><\/p>\n<p>Successivamente, l&#8217;utente deve configurare l&#8217;<strong>elenco delle colonne<\/strong>. Questo report includer\u00e0 i seguenti parametri selezionati per impostazione predefinita: <\/p>\n<ul>\n<li>Tasso di punti per guida pericolosa<\/li>\n<li>Tasso di spreco di carburante<\/li>\n<li>Distanza percorsa<\/li>\n<li>Tempo di guida<\/li>\n<li>Consumo di carburante<\/li>\n<li>Superamento del limite di velocit\u00e0 in % del tempo di guida<\/li>\n<li>Numero di giri nella fascia rossa del tempo di guida<\/li>\n<li>Tasso di eventi di frenata estrema<\/li>\n<li>Tasso di eventi di frenata brusca<\/li>\n<li>Tasso di eventi di accelerazione severa<\/li>\n<li>Eccesso di giri al minimo %<\/li>\n<li>Uso del controllo della velocit\u00e0 di crociera % di disponibilit\u00e0 all&#8217;uso<\/li>\n<\/ul>\n<p>Altri parametri opzionali che possono essere selezionati nell&#8217;<strong>elenco delle colonne<\/strong>:<\/p>\n<ul>\n<li>Velocit\u00e0 media<\/li>\n<li>Punti di guida pericolosi<\/li>\n<li>Eventi di frenata estrema<\/li>\n<li>Carburante consumato<\/li>\n<li>Carburante sprecato<\/li>\n<li>Eventi di accelerazione severi<\/li>\n<li>Eventi di frenata brusca<\/li>\n<li>Durata del funzionamento al minimo<\/li>\n<li>Massimo numero di giri\/minuto<\/li>\n<li>Velocit\u00e0 massima<\/li>\n<li>Tasso di evento di frenata normale<\/li>\n<li>Eventi di frenata normali<\/li>\n<li>Durata del superamento del limite di velocit\u00e0<\/li>\n<li>Spreco di carburante % del carburante consumato<\/li>\n<\/ul>\n<p>Dopo aver selezionato i parametri, l&#8217;utente pu\u00f2 attivare o disattivare le seguenti opzioni:<\/p>\n<ul>\n<li><strong>Mostra dettagli<\/strong> &#8211; attivata per impostazione predefinita, questa opzione includer\u00e0 i dati di ogni veicolo in tabelle separate, compresi i dati di ogni conducente che ha guidato il veicolo durante il periodo di tempo selezionato.<\/li>\n<\/ul>\n<p><a href=\"https:\/\/www.fmsdocumentation.com\/wp-content\/uploads\/2018\/10\/375.png\"><img loading=\"lazy\" decoding=\"async\" class=\"alignnone wp-image-5886\" src=\"https:\/\/www.fmsdocumentation.com\/wp-content\/uploads\/2018\/10\/375-1024x430.png\" alt=\"\" width=\"1000\" height=\"420\" srcset=\"https:\/\/www.fmsdocumentation.com\/wp-content\/uploads\/2018\/10\/375-1024x430.png 1024w, https:\/\/www.fmsdocumentation.com\/wp-content\/uploads\/2018\/10\/375-300x126.png 300w, https:\/\/www.fmsdocumentation.com\/wp-content\/uploads\/2018\/10\/375-768x323.png 768w, https:\/\/www.fmsdocumentation.com\/wp-content\/uploads\/2018\/10\/375.png 1250w\" sizes=\"auto, (max-width: 1000px) 100vw, 1000px\" \/><\/a><\/p>\n<p>Per finalizzare e generare il report, l&#8217;utente deve cliccare sul pulsante <strong>Genera<\/strong>. Per annullare la creazione di un report, l&#8217;utente deve cliccare sul pulsante <strong>Annulla<\/strong>. <\/p>\n<p><a href=\"https:\/\/www.fmsdocumentation.com\/wp-content\/uploads\/2017\/04\/202.png\" data-featherlight=\"image\"><img loading=\"lazy\" decoding=\"async\" class=\"alignnone size-full wp-image-398\" src=\"https:\/\/www.fmsdocumentation.com\/wp-content\/uploads\/2017\/04\/202.png\" sizes=\"auto, (max-width: 569px) 100vw, 569px\" srcset=\"https:\/\/www.fmsdocumentation.com\/wp-content\/uploads\/2017\/04\/202.png 569w, https:\/\/www.fmsdocumentation.com\/wp-content\/uploads\/2017\/04\/202-300x42.png 300w\" alt=\"\" width=\"569\" height=\"79\"><\/a><\/p>\n<hr>\n<p><div class=\"alignleft\"><a href=\"https:\/\/www.fmsdocumentation.com\/it\/rapporto-sul-paese\/\" title=\"Rapporto sul paese\"><span class=\"arrow\">\u2039 &nbsp <\/span> Rapporto sul paese <\/a><\/div><div class=\"alignright\"><a href=\"https:\/\/www.fmsdocumentation.com\/it\/rapporto-sugli-eventi\/\" title=\"Rapporto sugli eventi\">Rapporto sugli eventi <span class=\"arrow\"> &nbsp\u203a <\/span> <\/a><\/div><\/p>\n","protected":false},"excerpt":{"rendered":"<p>Rapporto Eco-Drive &#8211; questo tipo di rapporto \u00e8 incentrato sulla funzionalit\u00e0 Eco-Drive e sui suoi parametri. La prima cosa che l&#8217;utente deve selezionare \u00e8 l&#8217;intervallo di date per il quale verr\u00e0 generato il report. Intervallo di date &#8211; per selezionare una data l&#8217;utente deve cliccare sul campo &#8220;Intervallo di date&#8221; che aprir\u00e0 il pannello del &hellip; <a href=\"https:\/\/www.fmsdocumentation.com\/it\/rapporto-eco-drive\/\" class=\"more-link\">Continua a leggere <span class=\"screen-reader-text\">Rapporto Eco-Drive<\/span><\/a><\/p>\n","protected":false},"author":5,"featured_media":0,"parent":0,"menu_order":6,"comment_status":"closed","ping_status":"closed","template":"","meta":{"footnotes":""},"class_list":["post-13883","page","type-page","status-publish","hentry"],"_links":{"self":[{"href":"https:\/\/www.fmsdocumentation.com\/it\/wp-json\/wp\/v2\/pages\/13883","targetHints":{"allow":["GET"]}}],"collection":[{"href":"https:\/\/www.fmsdocumentation.com\/it\/wp-json\/wp\/v2\/pages"}],"about":[{"href":"https:\/\/www.fmsdocumentation.com\/it\/wp-json\/wp\/v2\/types\/page"}],"author":[{"embeddable":true,"href":"https:\/\/www.fmsdocumentation.com\/it\/wp-json\/wp\/v2\/users\/5"}],"replies":[{"embeddable":true,"href":"https:\/\/www.fmsdocumentation.com\/it\/wp-json\/wp\/v2\/comments?post=13883"}],"version-history":[{"count":0,"href":"https:\/\/www.fmsdocumentation.com\/it\/wp-json\/wp\/v2\/pages\/13883\/revisions"}],"wp:attachment":[{"href":"https:\/\/www.fmsdocumentation.com\/it\/wp-json\/wp\/v2\/media?parent=13883"}],"curies":[{"name":"wp","href":"https:\/\/api.w.org\/{rel}","templated":true}]}}