{"id":13886,"date":"2025-05-07T15:27:26","date_gmt":"2025-05-07T12:27:26","guid":{"rendered":"https:\/\/www.fmsdocumentation.com\/crea-un-nuovo-ordine\/"},"modified":"2025-05-07T15:27:26","modified_gmt":"2025-05-07T12:27:26","slug":"crea-un-nuovo-ordine","status":"publish","type":"page","link":"https:\/\/www.fmsdocumentation.com\/it\/menu-degli-ordini\/crea-un-nuovo-ordine\/","title":{"rendered":"Crea un nuovo ordine"},"content":{"rendered":"<p>Per creare un nuovo ordine, l&#8217;utente deve cliccare sul pulsante &#8220;+ Crea un nuovo ordine&#8221;, situato nella parte superiore del menu.<\/p>\n<p><a href=\"https:\/\/www.fmsdocumentation.com\/wp-content\/uploads\/2017\/12\/304.png\"><img loading=\"lazy\" decoding=\"async\" class=\"alignnone size-full wp-image-4162\" src=\"https:\/\/www.fmsdocumentation.com\/wp-content\/uploads\/2017\/12\/304.png\" alt=\"\" width=\"360\" height=\"390\" srcset=\"https:\/\/www.fmsdocumentation.com\/wp-content\/uploads\/2017\/12\/304.png 360w, https:\/\/www.fmsdocumentation.com\/wp-content\/uploads\/2017\/12\/304-277x300.png 277w\" sizes=\"auto, (max-width: 360px) 100vw, 360px\" \/><\/a><\/p>\n<p>Si aprir\u00e0 la finestra &#8220;Crea nuovo ordine&#8221;. Qui l&#8217;utente deve specificare i dettagli del carico. La maggior parte dei campi sono autoesplicativi. Tutti i campi sono obbligatori:   <\/p>\n<ul>\n<li>Titolo &#8211; nome visualizzato per l&#8217;ordine, che sar\u00e0 visualizzato nell&#8217;elenco generale di tutti gli ordini;<\/li>\n<li>Nome del cliente &#8211; Nome del cliente, solo a scopo informativo;<\/li>\n<li>Indirizzo di ritiro &#8211; indirizzo del luogo di carico; questo campo funziona come una barra di ricerca, il suggerimento dell&#8217;indirizzo apparir\u00e0 ad ogni lettera inserita;<\/li>\n<li>Indirizzo di consegna &#8211; indirizzo del luogo in cui il carico deve essere consegnato; questo campo funziona come una barra di ricerca, il suggerimento dell&#8217;indirizzo apparir\u00e0 ad ogni lettera inserita;<\/li>\n<\/ul>\n<p><a href=\"https:\/\/www.fmsdocumentation.com\/wp-content\/uploads\/2017\/12\/305.png\"><img loading=\"lazy\" decoding=\"async\" class=\"alignnone size-full wp-image-4163\" src=\"https:\/\/www.fmsdocumentation.com\/wp-content\/uploads\/2017\/12\/305.png\" alt=\"\" width=\"750\" height=\"759\" srcset=\"https:\/\/www.fmsdocumentation.com\/wp-content\/uploads\/2017\/12\/305.png 750w, https:\/\/www.fmsdocumentation.com\/wp-content\/uploads\/2017\/12\/305-296x300.png 296w\" sizes=\"auto, (max-width: 750px) 100vw, 750px\" \/><\/a><\/p>\n<p>Successivamente l&#8217;utente deve inserire informazioni specifiche sul carico:<\/p>\n<ul>\n<li>Titolo del carico &#8211; nome visualizzato per il carico; questo titolo verr\u00e0 visualizzato quando si visualizza un ordine dall&#8217;elenco;<\/li>\n<li>Unit\u00e0 &#8211; quanti articoli (pallet, scatole, barili, ecc.) devono essere prelevati. L&#8217;utente deve inserire solo un valore numerico; <\/li>\n<li>Peso per unit\u00e0 &#8211; peso di un articolo; le unit\u00e0 di misura dipendono dalle impostazioni dell&#8217;account, descritte nel menu &#8220;Impostazioni account&#8221;; viene utilizzato per calcolare il peso dell&#8217;intero carico. Questi numeri vengono poi utilizzati per assegnare un ordine a un veicolo; <\/li>\n<li>Dimensioni (Larghezza, Lunghezza, Altezza) &#8211; <strong>dimensioni di un articolo<\/strong>, non dell&#8217;intero carico. Questo viene utilizzato per calcolare il volume dell&#8217;articolo e dell&#8217;intero carico. Questi numeri vengono poi utilizzati per assegnare un ordine a un veicolo;  <\/li>\n<\/ul>\n<p>Dopo aver inserito tutte le informazioni specifiche, il sistema fornir\u00e0 un breve riepilogo di questo carico.<\/p>\n<p><a href=\"https:\/\/www.fmsdocumentation.com\/wp-content\/uploads\/2017\/12\/306.png\"><img loading=\"lazy\" decoding=\"async\" class=\"alignnone size-full wp-image-4164\" src=\"https:\/\/www.fmsdocumentation.com\/wp-content\/uploads\/2017\/12\/306.png\" alt=\"\" width=\"750\" height=\"759\" srcset=\"https:\/\/www.fmsdocumentation.com\/wp-content\/uploads\/2017\/12\/306.png 750w, https:\/\/www.fmsdocumentation.com\/wp-content\/uploads\/2017\/12\/306-296x300.png 296w\" sizes=\"auto, (max-width: 750px) 100vw, 750px\" \/><\/a><\/p>\n<p>L&#8217;utente pu\u00f2 aggiungere pi\u00f9 carichi a un ordine; per farlo, \u00e8 necessario cliccare sull&#8217;icona &#8220;+&#8221;, che si trova dopo il riepilogo del carico. I carichi possono anche essere rimossi dall&#8217;elenco (se sono presenti pi\u00f9 carichi) cliccando sulla piccola &#8220;x&#8221; che si trova in alto a destra del carico. <\/p>\n<p><a href=\"https:\/\/www.fmsdocumentation.com\/wp-content\/uploads\/2017\/12\/307.png\"><img loading=\"lazy\" decoding=\"async\" class=\"alignnone size-full wp-image-4165\" src=\"https:\/\/www.fmsdocumentation.com\/wp-content\/uploads\/2017\/12\/307.png\" alt=\"\" width=\"750\" height=\"759\" srcset=\"https:\/\/www.fmsdocumentation.com\/wp-content\/uploads\/2017\/12\/307.png 750w, https:\/\/www.fmsdocumentation.com\/wp-content\/uploads\/2017\/12\/307-296x300.png 296w\" sizes=\"auto, (max-width: 750px) 100vw, 750px\" \/><\/a><\/p>\n<p>Per finalizzare l&#8217;ordine, l&#8217;utente deve cliccare su &#8220;Crea&#8221;; per annullare la creazione di un ordine, clicca su &#8220;Chiudi&#8221;.<\/p>\n<p>Una volta creato, l&#8217;ordine verr\u00e0 aggiunto all&#8217;elenco di tutti gli ordini.<\/p>\n<hr>\n<p>  <div class=\"alignright\"><a href=\"https:\/\/www.fmsdocumentation.com\/it\/abbonamenti-ai-report\/\" title=\"Abbonamenti ai report\">Abbonamenti ai report <span class=\"arrow\"> &nbsp\u203a <\/span> <\/a><\/div><\/p>\n","protected":false},"excerpt":{"rendered":"<p>Per creare un nuovo ordine, l&#8217;utente deve cliccare sul pulsante &#8220;+ Crea un nuovo ordine&#8221;, situato nella parte superiore del menu. Si aprir\u00e0 la finestra &#8220;Crea nuovo ordine&#8221;. Qui l&#8217;utente deve specificare i dettagli del carico. La maggior parte dei campi sono autoesplicativi. Tutti i campi sono obbligatori: Titolo &#8211; nome visualizzato per l&#8217;ordine, che &hellip; <a href=\"https:\/\/www.fmsdocumentation.com\/it\/menu-degli-ordini\/crea-un-nuovo-ordine\/\" class=\"more-link\">Continua a leggere <span class=\"screen-reader-text\">Crea un nuovo ordine<\/span><\/a><\/p>\n","protected":false},"author":1,"featured_media":0,"parent":13888,"menu_order":1,"comment_status":"closed","ping_status":"closed","template":"","meta":{"footnotes":""},"class_list":["post-13886","page","type-page","status-publish","hentry"],"_links":{"self":[{"href":"https:\/\/www.fmsdocumentation.com\/it\/wp-json\/wp\/v2\/pages\/13886","targetHints":{"allow":["GET"]}}],"collection":[{"href":"https:\/\/www.fmsdocumentation.com\/it\/wp-json\/wp\/v2\/pages"}],"about":[{"href":"https:\/\/www.fmsdocumentation.com\/it\/wp-json\/wp\/v2\/types\/page"}],"author":[{"embeddable":true,"href":"https:\/\/www.fmsdocumentation.com\/it\/wp-json\/wp\/v2\/users\/1"}],"replies":[{"embeddable":true,"href":"https:\/\/www.fmsdocumentation.com\/it\/wp-json\/wp\/v2\/comments?post=13886"}],"version-history":[{"count":1,"href":"https:\/\/www.fmsdocumentation.com\/it\/wp-json\/wp\/v2\/pages\/13886\/revisions"}],"predecessor-version":[{"id":13889,"href":"https:\/\/www.fmsdocumentation.com\/it\/wp-json\/wp\/v2\/pages\/13886\/revisions\/13889"}],"up":[{"embeddable":true,"href":"https:\/\/www.fmsdocumentation.com\/it\/wp-json\/wp\/v2\/pages\/13888"}],"wp:attachment":[{"href":"https:\/\/www.fmsdocumentation.com\/it\/wp-json\/wp\/v2\/media?parent=13886"}],"curies":[{"name":"wp","href":"https:\/\/api.w.org\/{rel}","templated":true}]}}