{"id":13892,"date":"2025-05-07T15:27:29","date_gmt":"2025-05-07T12:27:29","guid":{"rendered":"https:\/\/www.fmsdocumentation.com\/rapporto-sul-paese\/"},"modified":"2025-05-07T15:27:29","modified_gmt":"2025-05-07T12:27:29","slug":"rapporto-sul-paese","status":"publish","type":"page","link":"https:\/\/www.fmsdocumentation.com\/it\/rapporto-sul-paese\/","title":{"rendered":"Rapporto sul paese"},"content":{"rendered":"<p><strong>Report Paese<\/strong> &#8211; questo tipo di report \u00e8 selezionato per impostazione predefinita e si concentra principalmente sulle attivit\u00e0 in determinati Paesi. La prima cosa che l&#8217;utente deve selezionare \u00e8 l&#8217;intervallo di date per il quale verr\u00e0 generato il report. <\/p>\n<p><strong>Sottotipo di rapporto <\/strong>&#8211; seleziona il sottotipo del rapporto tra <em>Rapporto nazionale predefinito<\/em> e <em>Rapporto nazionale per 4trans. <\/em>Lascia il valore predefinito se non utilizzi 4trans.<\/p>\n<p><strong>Report basato su <\/strong>&#8211; questa impostazione definisce l&#8217;obiettivo principale del report. Sono disponibili due opzioni: <\/p>\n<ul>\n<li>I conducenti<\/li>\n<li>Oggetti<\/li>\n<\/ul>\n<p>Ci\u00f2 che fa esattamente \u00e8 che il report generato mostrer\u00e0 le informazioni<em>(parametri: distanza del viaggio, luogo di inizio lavoro, ecc.)<\/em> per l&#8217;obiettivo selezionato<em>(Autisti o Oggetti<\/em>). Quindi, se si selezionano gli Oggetti, il report mostrer\u00e0 le informazioni relative agli oggetti specifici selezionati. <\/p>\n<p><strong>Oggetti\/Driver<\/strong> &#8211;<em>(dipende dalla selezione dell&#8217;opzione &#8220;Report based on&#8221;<\/em>) questo permette all&#8217;utente di scegliere per quali oggetti\/driver verr\u00e0 generato il report.<\/p>\n<p>Se si seleziona <em>Oggetti<\/em>, l&#8217;elenco conterr\u00e0 anche <strong>gruppi<\/strong> di oggetti. L&#8217;utente pu\u00f2 selezionare un intero gruppo contrassegnando la casella di controllo prima del gruppo, oppure cliccare sul pulsante &#8220;+&#8221; per espandere il gruppo e vedere quali oggetti ne fanno parte. Per chiudere il gruppo, l&#8217;utente deve cliccare sul pulsante &#8220;-&#8220;. <strong>\u00c8 possibile selezionare singoli oggetti da un gruppo<\/strong>. \u00c8 importante notare che se viene selezionato un oggetto presente in pi\u00f9 gruppi, questo verr\u00e0 evidenziato in tutti i gruppi, come mostrato nell&#8217;immagine sottostante. Se \u00e8 selezionato un intero gruppo, la casella di controllo sar\u00e0 blu con un segno di spunta bianco. Se \u00e8 selezionata solo una parte del gruppo, il gruppo avr\u00e0 un quadrato blu nella casella di controllo. (come mostrato nell&#8217;immagine sottostante). L&#8217;utente pu\u00f2 anche utilizzare la ricerca per scorrere rapidamente un ampio elenco di oggetti e gruppi. Tutti i gruppi possono essere selezionati\/deselezionati selezionando la casella di controllo accanto a &#8220;Seleziona tutti i gruppi&#8221;. Il numero di oggetti selezionati e di oggetti totali viene visualizzato nell&#8217;angolo superiore destro dell&#8217;elenco.         <\/p>\n<p><a href=\"https:\/\/www.fmsdocumentation.com\/wp-content\/uploads\/2018\/12\/281.png\" data-featherlight=\"image\"><img loading=\"lazy\" decoding=\"async\" class=\"alignnone size-full wp-image-6727\" src=\"https:\/\/www.fmsdocumentation.com\/wp-content\/uploads\/2018\/12\/281.png\" sizes=\"auto, (max-width: 549px) 100vw, 549px\" srcset=\"https:\/\/www.fmsdocumentation.com\/wp-content\/uploads\/2018\/12\/281.png 549w, https:\/\/www.fmsdocumentation.com\/wp-content\/uploads\/2018\/12\/281-300x162.png 300w\" alt=\"\" width=\"549\" height=\"297\"><\/a><\/p>\n<p>Se si seleziona <em>Driver<\/em>, i driver verranno visualizzati nell&#8217;elenco a discesa. Per selezionare un driver, l&#8217;utente deve selezionare la casella di controllo accanto al driver. Selezionando la casella di controllo accanto a &#8220;Seleziona tutti&#8221;, verranno selezionati\/deselezionati tutti i driver. L&#8217;elenco viene aggiornato automaticamente con ogni simbolo digitato nella barra di ricerca. Il numero di driver selezionati e il totale dei driver viene visualizzato nell&#8217;angolo superiore destro dell&#8217;elenco.    <\/p>\n<p><a href=\"https:\/\/www.fmsdocumentation.com\/wp-content\/uploads\/2018\/12\/340.png\"><img loading=\"lazy\" decoding=\"async\" class=\"alignnone size-full wp-image-6718\" src=\"https:\/\/www.fmsdocumentation.com\/wp-content\/uploads\/2018\/12\/340.png\" alt=\"\" width=\"549\" height=\"295\" srcset=\"https:\/\/www.fmsdocumentation.com\/wp-content\/uploads\/2018\/12\/340.png 549w, https:\/\/www.fmsdocumentation.com\/wp-content\/uploads\/2018\/12\/340-300x161.png 300w\" sizes=\"auto, (max-width: 549px) 100vw, 549px\" \/><\/a><\/p>\n<p><strong>Paesi &#8211; <\/strong>seleziona quali paesi devono essere inclusi nel report. Per impostazione predefinita, sono selezionati tutti i Paesi<em>(235 su 235 selezionati)<\/em>. Per modificare i paesi da includere, clicca sulla barra per aprire un menu a tendina con un elenco di paesi da selezionare. Per selezionare un paese, \u00e8 necessario spuntare una casella di controllo accanto ad esso. Selezionando la casella di controllo accanto a &#8220;Seleziona tutti&#8221;, verranno selezionati\/deselezionati tutti i paesi. L&#8217;elenco viene aggiornato automaticamente ad ogni simbolo digitato nella barra di ricerca. Il numero di paesi selezionati e il totale dei paesi \u00e8 visualizzato nell&#8217;angolo superiore destro dell&#8217;elenco.      <\/p>\n<p><a href=\"https:\/\/www.fmsdocumentation.com\/wp-content\/uploads\/2020\/08\/445.png\"><img loading=\"lazy\" decoding=\"async\" class=\"alignnone wp-image-9475\" src=\"https:\/\/www.fmsdocumentation.com\/wp-content\/uploads\/2020\/08\/445.png\" alt=\"\" width=\"541\" height=\"291\" srcset=\"https:\/\/www.fmsdocumentation.com\/wp-content\/uploads\/2020\/08\/445.png 686w, https:\/\/www.fmsdocumentation.com\/wp-content\/uploads\/2020\/08\/445-300x161.png 300w\" sizes=\"auto, (max-width: 541px) 100vw, 541px\" \/><\/a><\/p>\n<p><strong>Intervallo di date<\/strong> &#8211; per selezionare una data l&#8217;utente deve cliccare su &#8220;Scegli intervallo di date&#8221; che aprir\u00e0 il pannello del calendario. Il pannello del calendario \u00e8 identico in tutti gli FMS. Per selezionare una data di inizio\/fine, l&#8217;utente deve semplicemente cliccare sulla data desiderata e poi sulla data opposta. I giorni selezionati saranno evidenziati in blu. Il giorno corrente \u00e8 evidenziato da un piccolo triangolo blu in alto a sinistra. Se il giorno corrente \u00e8 selezionato (evidenziato), il triangolo sar\u00e0 invertito in bianco. Successivamente l&#8217;utente pu\u00f2 specificare da quale ora della data di inizio fino a quale ora della data di fine visualizzare la cronologia. Per applicare le modifiche \u00e8 necessario cliccare sul pulsante &#8220;Applica&#8221;, altrimenti le modifiche non verranno salvate.       <\/p>\n<p><a href=\"https:\/\/www.fmsdocumentation.com\/wp-content\/uploads\/2017\/04\/136-9.png\"><img loading=\"lazy\" decoding=\"async\" class=\"alignnone size-full wp-image-1170\" src=\"https:\/\/www.fmsdocumentation.com\/wp-content\/uploads\/2017\/04\/136-9.png\" alt=\"\" width=\"503\" height=\"483\" srcset=\"https:\/\/www.fmsdocumentation.com\/wp-content\/uploads\/2017\/04\/136-9.png 503w, https:\/\/www.fmsdocumentation.com\/wp-content\/uploads\/2017\/04\/136-9-300x288.png 300w\" sizes=\"auto, (max-width: 503px) 100vw, 503px\" \/><\/a><\/p>\n<p>Il periodo minimo \u00e8 di un giorno. Per selezionare un giorno \u00e8 sufficiente fare doppio clic con il tasto sinistro del mouse sul giorno desiderato per selezionarlo.<br \/>\nIl periodo massimo \u00e8 di tre mesi (90 giorni). Non \u00e8 possibile selezionare un periodo pi\u00f9 lungo.  <\/p>\n<p>Successivamente, l&#8217;utente deve configurare l&#8217;<strong>elenco delle colonne<\/strong>. Questo report includer\u00e0 i seguenti parametri selezionati per impostazione predefinita: <\/p>\n<ul>\n<li>Ora di inizio del lavoro &#8211; l&#8217;ora della prima accensione dell&#8217;evento o della prima registrazione in un paese specifico. Non pu\u00f2 essere deselezionato. <\/li>\n<li>Ora di fine lavoro &#8211; l&#8217;ora dell&#8217;ultimo evento di spegnimento o dell&#8217;ultima registrazione in un paese specifico. Non pu\u00f2 essere deselezionato. <\/li>\n<li>Codice paese: il codice di due lettere del paese specifico.<\/li>\n<li>Durata del lavoro: la durata totale del lavoro in un determinato paese.<\/li>\n<li>Durata delle soste: la durata totale delle soste in un determinato paese.<\/li>\n<li>Chilometraggio: il chilometraggio totale percorso in un determinato paese<\/li>\n<li>Autista n. 1 &#8211; il nome del primo autista<\/li>\n<\/ul>\n<p>Altri parametri opzionali che possono essere selezionati nell&#8217;<strong>elenco delle colonne<\/strong>:<\/p>\n<ul>\n<li>Consumo medio di carburante &#8211; carburante consumato per 100 km<\/li>\n<li>Nome del paese &#8211; il nome del paese specifico<\/li>\n<li>ID del conducente n. 1: l&#8217;ID del primo conducente. <\/li>\n<li>Conducente n. 2 &#8211; il nome del secondo conducente<\/li>\n<li>ID del conducente n. 2: l&#8217;ID del secondo conducente. <\/li>\n<li>Entrata da &#8211; il codice di due lettere del paese da cui \u00e8 entrato il veicolo<\/li>\n<li>Uscito verso &#8211; il codice di due lettere del paese in cui il veicolo \u00e8 uscito<\/li>\n<li>Carburante consumato: la quantit\u00e0 di carburante consumato in un determinato paese.<\/li>\n<li>Durata del funzionamento al minimo: la durata totale del funzionamento al minimo in un determinato paese.<\/li>\n<li>Chilometraggio (contachilometri virtuale) &#8211; il chilometraggio totale percorso in un paese specifico (calcolato tramite contachilometri virtuale)<\/li>\n<li>Coordinate di inizio lavoro: le coordinate della posizione della prima accensione dell&#8217;evento o della prima registrazione in un paese specifico.<\/li>\n<li>Luogo di inizio lavoro: il luogo della prima accensione dell&#8217;evento o della prima registrazione in un paese specifico.<\/li>\n<li>Coordinate di fine lavoro: le coordinate del luogo in cui si \u00e8 verificato l&#8217;ultimo evento di spegnimento o l&#8217;ultima registrazione in un paese specifico.<\/li>\n<li>Luogo di fine lavoro: il luogo in cui si \u00e8 verificato l&#8217;ultimo evento di spegnimento o l&#8217;ultima registrazione in un paese specifico.<\/li>\n<\/ul>\n<p><strong>Mostra riepilogo del report <\/strong>&#8211; attivata per impostazione predefinita, questa opzione include una sezione di riepilogo nel report. In questo modo verranno riepilogate tutte le informazioni del report e le <strong>colonne<\/strong> selezionate verranno inserite <strong>in un riepilogo.<\/strong> <\/p>\n<p>Poi l&#8217;utente pu\u00f2 selezionare le colonne che saranno presenti nel <strong>riepilogo<\/strong>:<\/p>\n<ul>\n<li>Veicolo &#8211; il nome del veicolo. Non pu\u00f2 essere deselezionato. <\/li>\n<li>Ora di inizio lavoro &#8211; l&#8217;ora della prima accensione dell&#8217;evento. Non pu\u00f2 essere deselezionato. <\/li>\n<li>Ora di fine lavoro &#8211; l&#8217;ora dell&#8217;ultimo evento di spegnimento dell&#8217;accensione. Non pu\u00f2 essere deselezionato. <\/li>\n<li>Codice paese &#8211; codici di due lettere di tutti i paesi in cui il veicolo \u00e8 stato<\/li>\n<li>Durata del lavoro &#8211; la durata totale del lavoro<\/li>\n<li>Durata delle soste: la durata totale delle soste<\/li>\n<li>Chilometraggio: il chilometraggio totale percorso<\/li>\n<\/ul>\n<p>Altri parametri opzionali che possono essere selezionati nell&#8217;<strong>elenco delle colonne di riepilogo<\/strong>:<\/p>\n<ul>\n<li>Carburante consumato: la quantit\u00e0 totale di carburante consumato<\/li>\n<li>Durata del funzionamento al minimo &#8211; la durata totale del funzionamento al minimo<\/li>\n<li>Chilometraggio (contachilometri virtuale) &#8211; il chilometraggio totale percorso (calcolato tramite il contachilometri virtuale)<\/li>\n<\/ul>\n<p><a href=\"https:\/\/www.fmsdocumentation.com\/wp-content\/uploads\/2020\/08\/343.png\"><img loading=\"lazy\" decoding=\"async\" class=\"alignnone wp-image-9476 size-large\" src=\"https:\/\/www.fmsdocumentation.com\/wp-content\/uploads\/2020\/08\/343-1024x439.png\" alt=\"\" width=\"660\" height=\"283\" srcset=\"https:\/\/www.fmsdocumentation.com\/wp-content\/uploads\/2020\/08\/343-1024x439.png 1024w, https:\/\/www.fmsdocumentation.com\/wp-content\/uploads\/2020\/08\/343-300x129.png 300w, https:\/\/www.fmsdocumentation.com\/wp-content\/uploads\/2020\/08\/343-768x330.png 768w, https:\/\/www.fmsdocumentation.com\/wp-content\/uploads\/2020\/08\/343.png 1510w\" sizes=\"auto, (max-width: 660px) 100vw, 660px\" \/><\/a><\/p>\n<p>Per finalizzare e generare il report, l&#8217;utente deve cliccare sul pulsante <strong>Genera<\/strong>. Per annullare la creazione di un report, l&#8217;utente deve cliccare sul pulsante <strong>Annulla<\/strong>. <\/p>\n<p><a href=\"https:\/\/www.fmsdocumentation.com\/wp-content\/uploads\/2017\/04\/202.png\"><img loading=\"lazy\" decoding=\"async\" class=\"alignnone size-full wp-image-398\" src=\"https:\/\/www.fmsdocumentation.com\/wp-content\/uploads\/2017\/04\/202.png\" alt=\"\" width=\"569\" height=\"79\" srcset=\"https:\/\/www.fmsdocumentation.com\/wp-content\/uploads\/2017\/04\/202.png 569w, https:\/\/www.fmsdocumentation.com\/wp-content\/uploads\/2017\/04\/202-300x42.png 300w\" sizes=\"auto, (max-width: 569px) 100vw, 569px\" \/><\/a><\/p>\n<hr>\n<p><div class=\"alignleft\"><a href=\"https:\/\/www.fmsdocumentation.com\/it\/modelli-di-rapporto\/\" title=\"Modelli di rapporto\"><span class=\"arrow\">\u2039 &nbsp <\/span> Modelli di rapporto <\/a><\/div> <div class=\"alignright\"><a href=\"https:\/\/www.fmsdocumentation.com\/it\/rapporto-eco-drive\/\" title=\"Rapporto Eco-Drive\">Rapporto Eco-Drive <span class=\"arrow\"> &nbsp\u203a <\/span> <\/a><\/div><\/p>\n","protected":false},"excerpt":{"rendered":"<p>Report Paese &#8211; questo tipo di report \u00e8 selezionato per impostazione predefinita e si concentra principalmente sulle attivit\u00e0 in determinati Paesi. La prima cosa che l&#8217;utente deve selezionare \u00e8 l&#8217;intervallo di date per il quale verr\u00e0 generato il report. Sottotipo di rapporto &#8211; seleziona il sottotipo del rapporto tra Rapporto nazionale predefinito e Rapporto nazionale &hellip; <a href=\"https:\/\/www.fmsdocumentation.com\/it\/rapporto-sul-paese\/\" class=\"more-link\">Continua a leggere <span class=\"screen-reader-text\">Rapporto sul paese<\/span><\/a><\/p>\n","protected":false},"author":5,"featured_media":0,"parent":0,"menu_order":4,"comment_status":"closed","ping_status":"closed","template":"","meta":{"footnotes":""},"class_list":["post-13892","page","type-page","status-publish","hentry"],"_links":{"self":[{"href":"https:\/\/www.fmsdocumentation.com\/it\/wp-json\/wp\/v2\/pages\/13892","targetHints":{"allow":["GET"]}}],"collection":[{"href":"https:\/\/www.fmsdocumentation.com\/it\/wp-json\/wp\/v2\/pages"}],"about":[{"href":"https:\/\/www.fmsdocumentation.com\/it\/wp-json\/wp\/v2\/types\/page"}],"author":[{"embeddable":true,"href":"https:\/\/www.fmsdocumentation.com\/it\/wp-json\/wp\/v2\/users\/5"}],"replies":[{"embeddable":true,"href":"https:\/\/www.fmsdocumentation.com\/it\/wp-json\/wp\/v2\/comments?post=13892"}],"version-history":[{"count":0,"href":"https:\/\/www.fmsdocumentation.com\/it\/wp-json\/wp\/v2\/pages\/13892\/revisions"}],"wp:attachment":[{"href":"https:\/\/www.fmsdocumentation.com\/it\/wp-json\/wp\/v2\/media?parent=13892"}],"curies":[{"name":"wp","href":"https:\/\/api.w.org\/{rel}","templated":true}]}}