{"id":13897,"date":"2025-05-07T15:27:33","date_gmt":"2025-05-07T12:27:33","guid":{"rendered":"https:\/\/www.fmsdocumentation.com\/impostazioni-dellaccount\/"},"modified":"2025-05-08T09:42:36","modified_gmt":"2025-05-08T06:42:36","slug":"impostazioni-dellaccount","status":"publish","type":"page","link":"https:\/\/www.fmsdocumentation.com\/it\/finestra-principale-dellfms\/impostazioni-dellaccount\/","title":{"rendered":"Impostazioni dell&#8217;account"},"content":{"rendered":"\n<p>Le impostazioni dell&#8217;account consentono di modificare alcune impostazioni generali che influiscono su alcuni dati visualizzati nel sistema di gestione del parco veicoli. \u00c8 possibile modificare le seguenti impostazioni: <\/p>\n<hr class=\"wp-block-separator\">\n\n<h3 class=\"wp-block-heading\">Conto<\/h3>\n\n<p>La pagina dell&#8217;account ti permette di visualizzare la tua email e di cambiare la tua password.<\/p>\n\n<figure class=\"wp-block-image size-large\"><img loading=\"lazy\" decoding=\"async\" width=\"872\" height=\"790\" src=\"https:\/\/www.fmsdocumentation.com\/wp-content\/uploads\/2022\/06\/5698-1.jpg\" alt=\"\" class=\"wp-image-11794\" srcset=\"https:\/\/www.fmsdocumentation.com\/wp-content\/uploads\/2022\/06\/5698-1.jpg 872w, https:\/\/www.fmsdocumentation.com\/wp-content\/uploads\/2022\/06\/5698-1-300x272.jpg 300w, https:\/\/www.fmsdocumentation.com\/wp-content\/uploads\/2022\/06\/5698-1-768x696.jpg 768w\" sizes=\"auto, (max-width: 872px) 100vw, 872px\" \/><\/figure>\n\n<p>Per modificare la tua password, clicca sul link <strong>Cambia password<\/strong>. Apparir\u00e0 una nuova finestra che ti chieder\u00e0 di inserire la tua password attuale e quella nuova. <\/p>\n\n<ul class=\"wp-block-list\"><li>Password attuale &#8211; inserisci la password attuale che stai usando per accedere.<\/li><li>Nuova password: inserisci una nuova password per il tuo account. Non pu\u00f2 coincidere con quella attuale e deve soddisfare i requisiti della password elencati di seguito. <\/li><li>Ripeti la nuova password: inserisci nuovamente la nuova password. Deve corrispondere alla password inserita in precedenza. <\/li><\/ul>\n\n<figure class=\"wp-block-image is-resized\"><img loading=\"lazy\" decoding=\"async\" src=\"https:\/\/www.fmsdocumentation.com\/wp-content\/uploads\/2020\/08\/434.png\" alt=\"\" class=\"wp-image-9269\" width=\"409\" height=\"599\" srcset=\"https:\/\/www.fmsdocumentation.com\/wp-content\/uploads\/2020\/08\/434.png 502w, https:\/\/www.fmsdocumentation.com\/wp-content\/uploads\/2020\/08\/434-205x300.png 205w\" sizes=\"auto, (max-width: 409px) 100vw, 409px\" \/><\/figure>\n\n<p>Dopo aver compilato tutti e tre i campi, clicca sul pulsante <strong>Cambia password<\/strong>. Se tutte le informazioni inserite sono corrette, la password verr\u00e0 modificata. Per interrompere le modifiche, clicca su <strong>Chiudi<\/strong>.  <\/p>\n\n<hr class=\"wp-block-separator\"\/>\n\n<h3 class=\"wp-block-heading\">Configurazione del sistema<\/h3>\n\n<ul class=\"wp-block-list\"><li>Localizzazione del sistema &#8211; pu\u00f2 essere impostata per paese. \u00c8 stata implementata una barra di ricerca per individuare rapidamente un paese. Questa localizzazione viene utilizzata principalmente per Google Maps per garantire che l&#8217;impostazione sia conforme alle leggi e ai regolamenti del paese selezionato. Se questa impostazione non \u00e8 impostata, il sistema sincronizzer\u00e0 automaticamente le impostazioni di localizzazione dal computer di accesso a ogni accesso. Una volta selezionata la localizzazione, la sincronizzazione automatica si interrompe.    <\/li><li>Fusi orari &#8211; questa impostazione consente all&#8217;utente di selezionare il proprio fuso orario. Una volta impostato il fuso orario, il sistema regoler\u00e0 automaticamente i record ricevuti in modo che corrispondano al fuso orario selezionato. <\/li><li>Lingua del sistema &#8211; l&#8217;utente pu\u00f2 selezionare la lingua del sistema. Il sistema visualizzer\u00e0 automaticamente il formato della data in base alla lingua selezionata. <\/li><li>Unit\u00e0 di misura &#8211; qui l&#8217;utente pu\u00f2 selezionare il formato in cui verranno mostrate le unit\u00e0 di misura all&#8217;interno del sistema. \u00c8 possibile selezionare unit\u00e0 imperiali, unit\u00e0 metriche, unit\u00e0 metriche con il consumo indicato in km\/l, o unit\u00e0 consuetudinarie statunitensi. <\/li><\/ul>\n\n<figure class=\"wp-block-image is-resized\"><a href=\"https:\/\/www.fmsdocumentation.com\/wp-content\/uploads\/2020\/11\/273.png\"><img loading=\"lazy\" decoding=\"async\" class=\"alignnone wp-image-10452 \" src=\"https:\/\/www.fmsdocumentation.com\/wp-content\/uploads\/2020\/11\/273-1024x518.png\" alt=\"\" width=\"652\" height=\"330\" srcset=\"https:\/\/www.fmsdocumentation.com\/wp-content\/uploads\/2020\/11\/273-1024x518.png 1024w, https:\/\/www.fmsdocumentation.com\/wp-content\/uploads\/2020\/11\/273-300x152.png 300w, https:\/\/www.fmsdocumentation.com\/wp-content\/uploads\/2020\/11\/273-768x389.png 768w, https:\/\/www.fmsdocumentation.com\/wp-content\/uploads\/2020\/11\/273-1536x777.png 1536w, https:\/\/www.fmsdocumentation.com\/wp-content\/uploads\/2020\/11\/273-2048x1036.png 2048w\" sizes=\"auto, (max-width: 652px) 100vw, 652px\" \/><\/a><\/figure>\n\n<p>Dopo aver apportato le modifiche, \u00e8 necessario cliccare sul pulsante <strong>Salva<\/strong>; in caso contrario, le modifiche verranno scartate quando l&#8217;utente lascer\u00e0 la pagina. Se l&#8217;utente tenta di lasciare la pagina dopo aver apportato delle modifiche senza salvarle, apparir\u00e0 una finestra pop-up che lo informer\u00e0 delle modifiche non salvate. <\/p>\n\n<hr class=\"wp-block-separator\"\/>\n\n<h3 class=\"wp-block-heading\">Impostazioni della mappa<\/h3>\n\n<p>Le impostazioni della mappa consentono di modificare alcune caratteristiche di visualizzazione della mappa. \u00c8 possibile modificare le seguenti opzioni: <\/p>\n\n<ul class=\"wp-block-list\"><li>Marcatori veicolo cluster &#8211; abilita\/disabilita la visualizzazione dei cluster sulla mappa;<\/li><li>I veicoli sono raggruppati fino a &#8211; questa impostazione definisce a quale livello di zoom gli oggetti vengono mostrati come un gruppo; pi\u00f9 piccolo \u00e8 il numero, pi\u00f9 vicino \u00e8 il livello di zoom. La finestra di esempio accanto all&#8217;impostazione mostra il numero del livello di zoom corrente, che permette all&#8217;utente di impostare il livello di zoom; <\/li><li>Mostra icona nel marcatore del veicolo &#8211; abilita\/disabilita la visualizzazione del tipo di veicolo sulla mappa;<\/li><li>Mostra nome nell&#8217;indicatore del veicolo &#8211; abilita\/disabilita la visualizzazione del nome del veicolo sulla mappa;<\/li><li>Marcatori di veicoli compatti &#8211; abilita\/disabilita la visualizzazione di icone di veicoli pi\u00f9 piccoli e compatti sulla mappa.<\/li><li>Mostra marcatori di geozones &#8211; abilita\/disabilita la visualizzazione delle geozones selezionate sulla mappa.<\/li><\/ul>\n\n<p><p class=\"note\">Nota<br\/>Tutte le modifiche vengono visualizzate in anteprima sulla mini-mappa accanto alle impostazioni.<\/p><\/p>\n\n<figure class=\"wp-block-image is-resized\"><a href=\"https:\/\/www.fmsdocumentation.com\/wp-content\/uploads\/2020\/11\/290.png\"><img loading=\"lazy\" decoding=\"async\" class=\"alignnone wp-image-10453 \" src=\"https:\/\/www.fmsdocumentation.com\/wp-content\/uploads\/2020\/11\/290-1024x516.png\" alt=\"\" width=\"632\" height=\"319\" srcset=\"https:\/\/www.fmsdocumentation.com\/wp-content\/uploads\/2020\/11\/290-1024x516.png 1024w, https:\/\/www.fmsdocumentation.com\/wp-content\/uploads\/2020\/11\/290-300x151.png 300w, https:\/\/www.fmsdocumentation.com\/wp-content\/uploads\/2020\/11\/290-768x387.png 768w, https:\/\/www.fmsdocumentation.com\/wp-content\/uploads\/2020\/11\/290-1536x775.png 1536w, https:\/\/www.fmsdocumentation.com\/wp-content\/uploads\/2020\/11\/290-2048x1033.png 2048w\" sizes=\"auto, (max-width: 632px) 100vw, 632px\" \/><\/a><\/figure>\n\n<p>Dopo aver apportato le modifiche, \u00e8 necessario cliccare sul pulsante <strong>Salva<\/strong>. Se le modifiche vengono apportate e l&#8217;utente decide di abbandonare la pagina, apparir\u00e0 una finestra di avviso che informer\u00e0 l&#8217;utente delle modifiche non salvate. <\/p>\n\n<hr class=\"wp-block-separator\"\/>\n\n<h3 class=\"wp-block-heading\">Impostazioni dell&#8217;indirizzo<\/h3>\n\n<p>Le <strong>impostazioni<\/strong> dell&#8217;<strong>indirizzo<\/strong> consentono di modificare la visualizzazione di alcune informazioni sull&#8217;indirizzo nel sistema.<\/p>\n\n<figure class=\"wp-block-image is-resized\"><a href=\"https:\/\/www.fmsdocumentation.com\/wp-content\/uploads\/2020\/11\/320.png\"><img loading=\"lazy\" decoding=\"async\" class=\"alignnone wp-image-10454 \" src=\"https:\/\/www.fmsdocumentation.com\/wp-content\/uploads\/2020\/11\/320-1024x520.png\" alt=\"\" width=\"652\" height=\"331\" srcset=\"https:\/\/www.fmsdocumentation.com\/wp-content\/uploads\/2020\/11\/320-1024x520.png 1024w, https:\/\/www.fmsdocumentation.com\/wp-content\/uploads\/2020\/11\/320-300x152.png 300w, https:\/\/www.fmsdocumentation.com\/wp-content\/uploads\/2020\/11\/320-768x390.png 768w, https:\/\/www.fmsdocumentation.com\/wp-content\/uploads\/2020\/11\/320-1536x780.png 1536w, https:\/\/www.fmsdocumentation.com\/wp-content\/uploads\/2020\/11\/320-2048x1040.png 2048w\" sizes=\"auto, (max-width: 652px) 100vw, 652px\" \/><\/a><\/figure>\n\n<p>In particolare, l&#8217;utente pu\u00f2 scegliere come visualizzare la posizione attuale del veicolo nei rapporti (indirizzo lungo) e nell&#8217;elenco dei veicoli (indirizzo breve).<\/p>\n\n<p>Un indirizzo lungo pu\u00f2 essere composto da:<\/p>\n\n<ul class=\"wp-block-list\"><li>Solo indirizzo &#8211; visualizza solo l&#8217;indirizzo del veicolo nei rapporti;<\/li><li>Solo geozone &#8211; visualizza solo le geozone del veicolo nei rapporti. Se il veicolo non si trovava in nessuna geozona, il campo sar\u00e0 vuoto; <\/li><li>Indirizzo e Geozones &#8211; visualizza sia gli indirizzi che le geozones nei report.<\/li><\/ul>\n\n<p>Esempi di visualizzazione per lo stesso report: <strong>visualizzazione del solo indirizzo in alto, visualizzazione della sola geozona al centro, visualizzazione dell&#8217;indirizzo e della geozona in basso.<\/strong><\/p>\n\n<figure class=\"wp-block-image is-resized\"><a href=\"https:\/\/www.fmsdocumentation.com\/wp-content\/uploads\/2018\/02\/326.png\"><img loading=\"lazy\" decoding=\"async\" src=\"https:\/\/www.fmsdocumentation.com\/wp-content\/uploads\/2018\/02\/326-1024x444.png\" alt=\"\" class=\"wp-image-4411\" width=\"580\" height=\"251\" srcset=\"https:\/\/www.fmsdocumentation.com\/wp-content\/uploads\/2018\/02\/326-1024x444.png 1024w, https:\/\/www.fmsdocumentation.com\/wp-content\/uploads\/2018\/02\/326-300x130.png 300w, https:\/\/www.fmsdocumentation.com\/wp-content\/uploads\/2018\/02\/326-768x333.png 768w, https:\/\/www.fmsdocumentation.com\/wp-content\/uploads\/2018\/02\/326.png 1276w\" sizes=\"auto, (max-width: 580px) 100vw, 580px\" \/><\/a><\/figure>\n\n<p>Un indirizzo breve pu\u00f2 essere composto da:<\/p>\n\n<ul class=\"wp-block-list\"><li>Solo indirizzo &#8211; visualizza l&#8217;indirizzo del veicolo nell&#8217;elenco dei veicoli nel menu dello stato della flotta.<\/li><li>Solo geozone &#8211; visualizza il nome della geozona in cui si trova attualmente il veicolo. Se il veicolo non si trova in una geozona, il campo sar\u00e0 vuoto. <\/li><\/ul>\n\n<p>Esempi di visualizzazione per gli stessi veicoli: <strong>visualizzazione solo della geozona a sinistra, visualizzazione solo dell&#8217;indirizzo a destra.<\/strong><\/p>\n\n<figure class=\"wp-block-image is-resized\"><a href=\"https:\/\/www.fmsdocumentation.com\/wp-content\/uploads\/2018\/01\/321.png\"><img loading=\"lazy\" decoding=\"async\" src=\"https:\/\/www.fmsdocumentation.com\/wp-content\/uploads\/2018\/01\/321.png\" alt=\"\" class=\"wp-image-4306\" width=\"580\" height=\"177\" srcset=\"https:\/\/www.fmsdocumentation.com\/wp-content\/uploads\/2018\/01\/321.png 691w, https:\/\/www.fmsdocumentation.com\/wp-content\/uploads\/2018\/01\/321-300x92.png 300w\" sizes=\"auto, (max-width: 580px) 100vw, 580px\" \/><\/a><\/figure>\n\n<hr class=\"wp-block-separator\"\/>\n\n<h3 class=\"wp-block-heading\">Impostazioni della chiave API<\/h3>\n\n<p>Le impostazioni della chiave API consentono di generare chiavi API che possono essere utilizzate nelle integrazioni.<\/p>\n\n<p><p class=\"note\">Nota<br\/>La generazione della chiave API deve essere abilitata per ogni singolo utente, altrimenti le impostazioni non saranno disponibili. Questa procedura \u00e8 descritta nel <a href=\"https:\/\/www.fmsdocumentation.com\/main-tms-window\/webusers-admin-panel\/\">pannello di amministrazione di Webusers<\/a>. Le impostazioni sono disponibili per gli amministratori per impostazione predefinita.    <\/p><\/p>\n\n<p>L&#8217;utente pu\u00f2 generare una nuova chiave API cliccando sul pulsante <strong>Nuova chiave API<\/strong> in alto a destra della finestra. Si aprir\u00e0 la finestra <strong>Nuova chiave API<\/strong>, nella quale l&#8217;utente dovr\u00e0 assegnare un nome alla nuova chiave API. Per salvare la chiave \u00e8 necessario cliccare sul pulsante <strong>Salva<\/strong>.  <\/p>\n\n<figure class=\"wp-block-image is-resized\"><a href=\"https:\/\/www.fmsdocumentation.com\/wp-content\/uploads\/2020\/11\/387.png\"><img loading=\"lazy\" decoding=\"async\" class=\"alignnone wp-image-10455 size-large\" src=\"https:\/\/www.fmsdocumentation.com\/wp-content\/uploads\/2020\/11\/387-1024x519.png\" alt=\"\" width=\"660\" height=\"335\" srcset=\"https:\/\/www.fmsdocumentation.com\/wp-content\/uploads\/2020\/11\/387-1024x519.png 1024w, https:\/\/www.fmsdocumentation.com\/wp-content\/uploads\/2020\/11\/387-300x152.png 300w, https:\/\/www.fmsdocumentation.com\/wp-content\/uploads\/2020\/11\/387-768x389.png 768w, https:\/\/www.fmsdocumentation.com\/wp-content\/uploads\/2020\/11\/387-1536x778.png 1536w, https:\/\/www.fmsdocumentation.com\/wp-content\/uploads\/2020\/11\/387-2048x1038.png 2048w\" sizes=\"auto, (max-width: 660px) 100vw, 660px\" \/><\/a><\/figure>\n\n<p>Tutte le chiavi API generate dall&#8217;utente sono visualizzate in una tabella. Facendo clic sulla chiave stessa, viene visualizzata la chiave completa in un pop-up. Cliccando sulla chiave nel pop-up, questa verr\u00e0 copiata. Le chiavi possono essere eliminate cliccando sull&#8217;icona del cestino. Apparir\u00e0 un messaggio di avvertimento: l&#8217;utente dovr\u00e0 cliccare su <strong>Elimina<\/strong> per cancellare la chiave.    <\/p>\n\n<figure class=\"wp-block-image is-resized\"><a href=\"https:\/\/www.fmsdocumentation.com\/wp-content\/uploads\/2020\/11\/388.png\"><img loading=\"lazy\" decoding=\"async\" class=\"alignnone wp-image-10456 \" src=\"https:\/\/www.fmsdocumentation.com\/wp-content\/uploads\/2020\/11\/388-1024x453.png\" alt=\"\" width=\"631\" height=\"279\" srcset=\"https:\/\/www.fmsdocumentation.com\/wp-content\/uploads\/2020\/11\/388-1024x453.png 1024w, https:\/\/www.fmsdocumentation.com\/wp-content\/uploads\/2020\/11\/388-300x133.png 300w, https:\/\/www.fmsdocumentation.com\/wp-content\/uploads\/2020\/11\/388-768x340.png 768w, https:\/\/www.fmsdocumentation.com\/wp-content\/uploads\/2020\/11\/388-1536x680.png 1536w, https:\/\/www.fmsdocumentation.com\/wp-content\/uploads\/2020\/11\/388-2048x906.png 2048w\" sizes=\"auto, (max-width: 631px) 100vw, 631px\" \/><\/a><\/figure>&#13;\n<p>\u00a0<\/p>\n<hr class=\"wp-block-separator\">\n\n<h3 class=\"wp-block-heading\">Impostazioni del tachimetro<\/h3>\n\n<p>La finestra delle <strong>impostazioni del tachimetro<\/strong> permette di configurare i dati relativi ai tachigrafi.<\/p>\n\n<p><strong>Denominazione dei file tachigrafici &#8211;<\/strong> seleziona il nome dei file tachigrafici generati. Le opzioni disponibili sono: <\/p>\n\n<ul class=\"wp-block-list\"><li>Titolo dell&#8217;oggetto con periodo del file<\/li><li>Europeo<\/li><li>Spagnolo<\/li><li>Francese<\/li><\/ul>\n\n<p><strong>Driver &#8211; <\/strong>gli stati UNKNOWN di ogni driver selezionato saranno modificati in REST. Questo non influisce sul file DDD stesso. Puoi fare clic su <strong>Attiva automaticamente per tutti i nuovi driver<\/strong>, in modo che questa impostazione venga applicata automaticamente a ogni nuovo driver creato.  <\/p>\n\n<figure class=\"wp-block-image is-resized size-large\"><a href=\"https:\/\/www.fmsdocumentation.com\/wp-content\/uploads\/2020\/11\/454-1.png\"><img loading=\"lazy\" decoding=\"async\" src=\"https:\/\/www.fmsdocumentation.com\/wp-content\/uploads\/2020\/11\/454-1-1024x530.png\" alt=\"\" class=\"wp-image-10450\" width=\"576\" height=\"298\" srcset=\"https:\/\/www.fmsdocumentation.com\/wp-content\/uploads\/2020\/11\/454-1-1024x530.png 1024w, https:\/\/www.fmsdocumentation.com\/wp-content\/uploads\/2020\/11\/454-1-300x155.png 300w, https:\/\/www.fmsdocumentation.com\/wp-content\/uploads\/2020\/11\/454-1-768x398.png 768w, https:\/\/www.fmsdocumentation.com\/wp-content\/uploads\/2020\/11\/454-1-1536x796.png 1536w, https:\/\/www.fmsdocumentation.com\/wp-content\/uploads\/2020\/11\/454-1-2048x1061.png 2048w\" sizes=\"auto, (max-width: 576px) 100vw, 576px\" \/><\/a><\/figure>\n\n<hr class=\"wp-block-separator\"\/>\n\n<h3 class=\"wp-block-heading\">Impostazioni dei viaggi<\/h3>\n\n<p>Le <strong>impostazioni dei viaggi<\/strong> consentono agli utenti di selezionare un tipo di viaggio predefinito che verr\u00e0 impostato per tutti i viaggi per gli oggetti che non prevedono il rilevamento automatico del tipo di viaggio. Dopo aver selezionato il tipo di viaggio dal menu a tendina, l&#8217;utente deve cliccare sul pulsante &#8220;Salva&#8221;. <\/p>\n\n<figure class=\"wp-block-image size-large\"><img loading=\"lazy\" decoding=\"async\" width=\"871\" height=\"776\" src=\"https:\/\/www.fmsdocumentation.com\/wp-content\/uploads\/2022\/06\/5699.jpg\" alt=\"\" class=\"wp-image-11791\" srcset=\"https:\/\/www.fmsdocumentation.com\/wp-content\/uploads\/2022\/06\/5699.jpg 871w, https:\/\/www.fmsdocumentation.com\/wp-content\/uploads\/2022\/06\/5699-300x267.jpg 300w, https:\/\/www.fmsdocumentation.com\/wp-content\/uploads\/2022\/06\/5699-768x684.jpg 768w\" sizes=\"auto, (max-width: 871px) 100vw, 871px\" \/><\/figure>\n\n<p>Nelle impostazioni dei viaggi l&#8217;utente pu\u00f2 anche selezionare la <strong>visualizzazione compatta della cronologia dei viaggi<\/strong>. Se la funzione di visualizzazione compatta della cronologia dei viaggi \u00e8 disattivata, l&#8217;utente vedr\u00e0 una visualizzazione estesa con tutte le informazioni nella sezione della cronologia dei viaggi. <\/p>\n\n<figure class=\"wp-block-image size-large\"><img loading=\"lazy\" decoding=\"async\" width=\"381\" height=\"902\" src=\"https:\/\/www.fmsdocumentation.com\/wp-content\/uploads\/2022\/06\/5701.jpg\" alt=\"\" class=\"wp-image-11792\" srcset=\"https:\/\/www.fmsdocumentation.com\/wp-content\/uploads\/2022\/06\/5701.jpg 381w, https:\/\/www.fmsdocumentation.com\/wp-content\/uploads\/2022\/06\/5701-127x300.jpg 127w\" sizes=\"auto, (max-width: 381px) 100vw, 381px\" \/><\/figure>\n\n<p>Se la funzione di visualizzazione compatta della cronologia dei viaggi \u00e8 attivata, l&#8217;utente vedr\u00e0 una visualizzazione compatta nella sezione della cronologia dei viaggi con alcune informazioni nascoste.<\/p>\n\n<figure class=\"wp-block-image size-large\"><img loading=\"lazy\" decoding=\"async\" width=\"373\" height=\"766\" src=\"https:\/\/www.fmsdocumentation.com\/wp-content\/uploads\/2022\/06\/5702.jpg\" alt=\"\" class=\"wp-image-11793\" srcset=\"https:\/\/www.fmsdocumentation.com\/wp-content\/uploads\/2022\/06\/5702.jpg 373w, https:\/\/www.fmsdocumentation.com\/wp-content\/uploads\/2022\/06\/5702-146x300.jpg 146w\" sizes=\"auto, (max-width: 373px) 100vw, 373px\" \/><\/figure>\n\n<p><div class=\"alignleft\"><a href=\"https:\/\/www.fmsdocumentation.com\/it\/finestra-principale-dellfms\/pannello-di-amministrazione-degli-utenti-web\/\" title=\"Pannello di amministrazione degli utenti web\"><span class=\"arrow\">\u2039 &nbsp <\/span> Pannello di amministrazione degli utenti web <\/a><\/div> <div class=\"alignright\"><a href=\"https:\/\/www.fmsdocumentation.com\/it\/finestra-principale-dellfms\/link-generati\/\" title=\"Link generati\">Link generati <span class=\"arrow\"> &nbsp\u203a <\/span> <\/a><\/div><\/p>\n","protected":false},"excerpt":{"rendered":"<p>Le impostazioni dell&#8217;account consentono di modificare alcune impostazioni generali che influiscono su alcuni dati visualizzati nel sistema di gestione del parco veicoli. \u00c8 possibile modificare le seguenti impostazioni: Conto La pagina dell&#8217;account ti permette di visualizzare la tua email e di cambiare la tua password. Per modificare la tua password, clicca sul link Cambia password. &hellip; <a href=\"https:\/\/www.fmsdocumentation.com\/it\/finestra-principale-dellfms\/impostazioni-dellaccount\/\" class=\"more-link\">Continua a leggere <span class=\"screen-reader-text\">Impostazioni dell&#8217;account<\/span><\/a><\/p>\n","protected":false},"author":1,"featured_media":0,"parent":14211,"menu_order":8,"comment_status":"closed","ping_status":"closed","template":"","meta":{"footnotes":""},"class_list":["post-13897","page","type-page","status-publish","hentry"],"_links":{"self":[{"href":"https:\/\/www.fmsdocumentation.com\/it\/wp-json\/wp\/v2\/pages\/13897","targetHints":{"allow":["GET"]}}],"collection":[{"href":"https:\/\/www.fmsdocumentation.com\/it\/wp-json\/wp\/v2\/pages"}],"about":[{"href":"https:\/\/www.fmsdocumentation.com\/it\/wp-json\/wp\/v2\/types\/page"}],"author":[{"embeddable":true,"href":"https:\/\/www.fmsdocumentation.com\/it\/wp-json\/wp\/v2\/users\/1"}],"replies":[{"embeddable":true,"href":"https:\/\/www.fmsdocumentation.com\/it\/wp-json\/wp\/v2\/comments?post=13897"}],"version-history":[{"count":1,"href":"https:\/\/www.fmsdocumentation.com\/it\/wp-json\/wp\/v2\/pages\/13897\/revisions"}],"predecessor-version":[{"id":13899,"href":"https:\/\/www.fmsdocumentation.com\/it\/wp-json\/wp\/v2\/pages\/13897\/revisions\/13899"}],"up":[{"embeddable":true,"href":"https:\/\/www.fmsdocumentation.com\/it\/wp-json\/wp\/v2\/pages\/14211"}],"wp:attachment":[{"href":"https:\/\/www.fmsdocumentation.com\/it\/wp-json\/wp\/v2\/media?parent=13897"}],"curies":[{"name":"wp","href":"https:\/\/api.w.org\/{rel}","templated":true}]}}