{"id":13900,"date":"2025-05-07T15:27:34","date_gmt":"2025-05-07T12:27:34","guid":{"rendered":"https:\/\/www.fmsdocumentation.com\/menu-degli-ordini\/panoramica-e-assegnazione-degli-ordini\/"},"modified":"2025-05-07T15:27:34","modified_gmt":"2025-05-07T12:27:34","slug":"panoramica-e-assegnazione-degli-ordini","status":"publish","type":"page","link":"https:\/\/www.fmsdocumentation.com\/it\/menu-degli-ordini\/panoramica-e-assegnazione-degli-ordini\/","title":{"rendered":"Panoramica e assegnazione degli ordini"},"content":{"rendered":"<p>Proprio sotto il pulsante &#8220;Crea un nuovo ordine&#8221;, l&#8217;utente pu\u00f2 trovare l&#8217;elenco di tutti gli ordini creati in precedenza. Gli ordini possono essere filtrati cliccando sul campo &#8220;Filtra gli ordini&#8221;. Per impostazione predefinita, tutti gli ordini vengono visualizzati nell&#8217;elenco. \u00c8 possibile applicare i seguenti filtri:   <\/p>\n<ul>\n<li>Tutti &#8211; visualizza tutti gli ordini;<\/li>\n<li>Nuovo &#8211; visualizza gli ordini appena creati che non sono ancora stati assegnati (l&#8217;assegnazione \u00e8 descritta pi\u00f9 avanti);<\/li>\n<li>Prenotato &#8211; ordini gi\u00e0 assegnati, ma non ancora in corso;<\/li>\n<li>In corso &#8211; ordini che sono gi\u00e0 in fase di consegna;<\/li>\n<li>Non consegnati &#8211; ordini che sono stati rifiutati dall&#8217;autista;<\/li>\n<li>Consegnati &#8211; ordini completi.<\/li>\n<\/ul>\n<p>Lo stato dell&#8217;ordine viene visualizzato nell&#8217;elenco sotto forma di icona per ogni ordine; l&#8217;utente pu\u00f2 spostare il mouse sull&#8217;icona per visualizzarne lo stato.<\/p>\n<p><a href=\"https:\/\/www.fmsdocumentation.com\/wp-content\/uploads\/2017\/12\/308.png\"><img loading=\"lazy\" decoding=\"async\" class=\"alignnone size-full wp-image-4168\" src=\"https:\/\/www.fmsdocumentation.com\/wp-content\/uploads\/2017\/12\/308.png\" alt=\"\" width=\"386\" height=\"351\" srcset=\"https:\/\/www.fmsdocumentation.com\/wp-content\/uploads\/2017\/12\/308.png 386w, https:\/\/www.fmsdocumentation.com\/wp-content\/uploads\/2017\/12\/308-300x273.png 300w\" sizes=\"auto, (max-width: 386px) 100vw, 386px\" \/><\/a><\/p>\n<p>Per visualizzare e\/o assegnare un ordine, l&#8217;utente deve prima selezionare l&#8217;ordine nell&#8217;elenco. Per l&#8217;assegnazione, lo stato dell&#8217;ordine deve essere &#8220;Nuovo&#8221;. Una volta selezionato, si aprir\u00e0 un pannello laterale aggiuntivo e la mappa si adatter\u00e0 automaticamente per visualizzare la posizione dell&#8217;ordine.  <\/p>\n<p><a href=\"https:\/\/www.fmsdocumentation.com\/wp-content\/uploads\/2017\/12\/309.png\"><img loading=\"lazy\" decoding=\"async\" class=\"alignnone size-large wp-image-4169\" src=\"https:\/\/www.fmsdocumentation.com\/wp-content\/uploads\/2017\/12\/309-1024x489.png\" alt=\"\" width=\"660\" height=\"315\" srcset=\"https:\/\/www.fmsdocumentation.com\/wp-content\/uploads\/2017\/12\/309-1024x489.png 1024w, https:\/\/www.fmsdocumentation.com\/wp-content\/uploads\/2017\/12\/309-300x143.png 300w, https:\/\/www.fmsdocumentation.com\/wp-content\/uploads\/2017\/12\/309-768x367.png 768w, https:\/\/www.fmsdocumentation.com\/wp-content\/uploads\/2017\/12\/309.png 1860w\" sizes=\"auto, (max-width: 660px) 100vw, 660px\" \/><\/a><\/p>\n<p>Il pannello di riepilogo \u00e8 composto da due schede, una per le informazioni generali dell&#8217;ordine (aperta per impostazione predefinita), come il peso totale del carico, il volume, l&#8217;indirizzo di consegna, ecc. In pratica tutte le informazioni che l&#8217;utente ha inserito quando ha creato l&#8217;ordine. Mentre l&#8217;ordine \u00e8 ancora Nuovo o in stato &#8220;Prenotato&#8221;, pu\u00f2 essere modificato o cancellato. Questi pulsanti si trovano nella parte inferiore del pannello di riepilogo. Il pulsante &#8220;Modifica&#8221; apre una finestra identica a quella della creazione di un nuovo ordine. Se vengono apportate delle modifiche, \u00e8 necessario cliccare sul pulsante &#8220;Aggiorna&#8221;, altrimenti tutte le modifiche verranno eliminate. Il pulsante &#8220;Elimina&#8221; aprir\u00e0 una finestra di conferma nel caso in cui si tratti di un errore.      <\/p>\n<p><a href=\"https:\/\/www.fmsdocumentation.com\/wp-content\/uploads\/2017\/12\/310.png\"><img loading=\"lazy\" decoding=\"async\" class=\"alignnone size-full wp-image-4170\" src=\"https:\/\/www.fmsdocumentation.com\/wp-content\/uploads\/2017\/12\/310.png\" alt=\"\" width=\"720\" height=\"889\" srcset=\"https:\/\/www.fmsdocumentation.com\/wp-content\/uploads\/2017\/12\/310.png 720w, https:\/\/www.fmsdocumentation.com\/wp-content\/uploads\/2017\/12\/310-243x300.png 243w\" sizes=\"auto, (max-width: 720px) 100vw, 720px\" \/><\/a><\/p>\n<p>La seconda scheda contiene un elenco di tutti i carichi di questo ordine. L&#8217;utente pu\u00f2 visualizzare il peso e il volume di un carico specifico (se nell&#8217;ordine \u00e8 stato inserito pi\u00f9 di un carico). <\/p>\n<p><a href=\"https:\/\/www.fmsdocumentation.com\/wp-content\/uploads\/2017\/12\/313.png\"><img loading=\"lazy\" decoding=\"async\" class=\"alignnone size-full wp-image-4171\" src=\"https:\/\/www.fmsdocumentation.com\/wp-content\/uploads\/2017\/12\/313.png\" alt=\"\" width=\"360\" height=\"571\" srcset=\"https:\/\/www.fmsdocumentation.com\/wp-content\/uploads\/2017\/12\/313.png 360w, https:\/\/www.fmsdocumentation.com\/wp-content\/uploads\/2017\/12\/313-189x300.png 189w\" sizes=\"auto, (max-width: 360px) 100vw, 360px\" \/><\/a><\/p>\n<p>Nella scheda Informazioni generali, l&#8217;utente pu\u00f2 assegnare questo ordine cliccando sul pulsante &#8220;+ aggiungi percorso&#8221;. In questo modo si aprir\u00e0 il menu &#8220;Itinerario e attivit\u00e0&#8221; con il percorso gi\u00e0 selezionato dal punto di ritiro del carico e dal punto di consegna. Il menu &#8220;<a href=\"https:\/\/www.fmsdocumentation.com\/routing-menu\/task-management\/\">Itinerario e attivit\u00e0<\/a>&#8221; \u00e8 descritto in modo completo nella prossima sezione e in questa sezione vengono mostrate solo le differenze principali. Creando un percorso tramite un ordine, il viaggio <strong>conterr\u00e0 informazioni sul peso e sul volume<\/strong> come mostrato di seguito. <\/p>\n<p><a href=\"https:\/\/www.fmsdocumentation.com\/wp-content\/uploads\/2017\/12\/312.png\"><img loading=\"lazy\" decoding=\"async\" class=\"alignnone size-full wp-image-4172\" src=\"https:\/\/www.fmsdocumentation.com\/wp-content\/uploads\/2017\/12\/312.png\" alt=\"\" width=\"720\" height=\"659\" srcset=\"https:\/\/www.fmsdocumentation.com\/wp-content\/uploads\/2017\/12\/312.png 720w, https:\/\/www.fmsdocumentation.com\/wp-content\/uploads\/2017\/12\/312-300x275.png 300w\" sizes=\"auto, (max-width: 720px) 100vw, 720px\" \/><\/a><\/p>\n<p>Mostra il peso e il volume totale del carico in percentuale di tutto il peso e il volume libero del veicolo selezionato. Il peso e il volume del veicolo sono impostati manualmente nella sezione &#8220;Dettagli del veicolo &#8211; Dettagli sulla capacit\u00e0 di carico&#8221;, descritta nel &#8220;<a href=\"https:\/\/www.fmsdocumentation.com\/overview-menu\/summary-overview\/\">Menu Stato della flotta &#8211; Riepilogo<\/a>&#8220;. <\/p>\n<p><a href=\"https:\/\/www.fmsdocumentation.com\/wp-content\/uploads\/2017\/12\/314-1.png\"><img loading=\"lazy\" decoding=\"async\" class=\"alignnone size-large wp-image-4173\" src=\"https:\/\/www.fmsdocumentation.com\/wp-content\/uploads\/2017\/12\/314-1-1024x216.png\" alt=\"\" width=\"660\" height=\"139\" srcset=\"https:\/\/www.fmsdocumentation.com\/wp-content\/uploads\/2017\/12\/314-1-1024x216.png 1024w, https:\/\/www.fmsdocumentation.com\/wp-content\/uploads\/2017\/12\/314-1-300x63.png 300w, https:\/\/www.fmsdocumentation.com\/wp-content\/uploads\/2017\/12\/314-1-768x162.png 768w, https:\/\/www.fmsdocumentation.com\/wp-content\/uploads\/2017\/12\/314-1.png 1182w\" sizes=\"auto, (max-width: 660px) 100vw, 660px\" \/><\/a><\/p>\n<p>Una volta cliccato sul pulsante &#8220;Crea attivit\u00e0&#8221;, apparir\u00e0 una nuova finestra in cui l&#8217;utente dovr\u00e0 specificare il titolo della nuova attivit\u00e0, impostare l&#8217;orario di arrivo preferito e aggiungere alcune note aggiuntive ai luoghi di ritiro\/consegna.<\/p>\n<p><a href=\"https:\/\/www.fmsdocumentation.com\/wp-content\/uploads\/2017\/12\/311.png\"><img loading=\"lazy\" decoding=\"async\" class=\"alignnone size-full wp-image-4174\" src=\"https:\/\/www.fmsdocumentation.com\/wp-content\/uploads\/2017\/12\/311.png\" alt=\"\" width=\"750\" height=\"651\" srcset=\"https:\/\/www.fmsdocumentation.com\/wp-content\/uploads\/2017\/12\/311.png 750w, https:\/\/www.fmsdocumentation.com\/wp-content\/uploads\/2017\/12\/311-300x260.png 300w\" sizes=\"auto, (max-width: 750px) 100vw, 750px\" \/><\/a><\/p>\n<p>In seguito, l&#8217;attivit\u00e0 verr\u00e0 aggiunta all&#8217;elenco delle attivit\u00e0; l&#8217;utente potr\u00e0 visualizzarla nell&#8217;elenco delle attivit\u00e0 descritto in &#8220;<a href=\"https:\/\/www.fmsdocumentation.com\/routing-menu\/task-management\/\">Gestione delle attivit\u00e0<\/a>&#8220;. L&#8217;autista ricever\u00e0 una notifica sull&#8217;App e potr\u00e0 procedere con la consegna. Gli aggiornamenti di stato verranno aggiornati sia per l&#8217;attivit\u00e0 che per l&#8217;ordine. \u00c8 possibile assegnare pi\u00f9 incarichi contemporaneamente (fino a 5 incarichi su un percorso). Tutte le informazioni relative alle attivit\u00e0 e all&#8217;assegnazione di pi\u00f9 ordini sono riportate nella <a href=\"https:\/\/www.fmsdocumentation.com\/routing-menu\/task-management\/\">sezione successiva<\/a>.    <\/p>\n<hr>\n<p> <div class=\"alignright\"><a href=\"https:\/\/www.fmsdocumentation.com\/it\/abbonamenti-ai-report\/\" title=\"Abbonamenti ai report\">Abbonamenti ai report <span class=\"arrow\"> &nbsp\u203a <\/span> <\/a><\/div><\/p>\n","protected":false},"excerpt":{"rendered":"<p>Proprio sotto il pulsante &#8220;Crea un nuovo ordine&#8221;, l&#8217;utente pu\u00f2 trovare l&#8217;elenco di tutti gli ordini creati in precedenza. Gli ordini possono essere filtrati cliccando sul campo &#8220;Filtra gli ordini&#8221;. Per impostazione predefinita, tutti gli ordini vengono visualizzati nell&#8217;elenco. \u00c8 possibile applicare i seguenti filtri: Tutti &#8211; visualizza tutti gli ordini; Nuovo &#8211; visualizza gli &hellip; <a href=\"https:\/\/www.fmsdocumentation.com\/it\/menu-degli-ordini\/panoramica-e-assegnazione-degli-ordini\/\" class=\"more-link\">Continua a leggere <span class=\"screen-reader-text\">Panoramica e assegnazione degli ordini<\/span><\/a><\/p>\n","protected":false},"author":1,"featured_media":0,"parent":13888,"menu_order":2,"comment_status":"closed","ping_status":"closed","template":"","meta":{"footnotes":""},"class_list":["post-13900","page","type-page","status-publish","hentry"],"_links":{"self":[{"href":"https:\/\/www.fmsdocumentation.com\/it\/wp-json\/wp\/v2\/pages\/13900","targetHints":{"allow":["GET"]}}],"collection":[{"href":"https:\/\/www.fmsdocumentation.com\/it\/wp-json\/wp\/v2\/pages"}],"about":[{"href":"https:\/\/www.fmsdocumentation.com\/it\/wp-json\/wp\/v2\/types\/page"}],"author":[{"embeddable":true,"href":"https:\/\/www.fmsdocumentation.com\/it\/wp-json\/wp\/v2\/users\/1"}],"replies":[{"embeddable":true,"href":"https:\/\/www.fmsdocumentation.com\/it\/wp-json\/wp\/v2\/comments?post=13900"}],"version-history":[{"count":0,"href":"https:\/\/www.fmsdocumentation.com\/it\/wp-json\/wp\/v2\/pages\/13900\/revisions"}],"up":[{"embeddable":true,"href":"https:\/\/www.fmsdocumentation.com\/it\/wp-json\/wp\/v2\/pages\/13888"}],"wp:attachment":[{"href":"https:\/\/www.fmsdocumentation.com\/it\/wp-json\/wp\/v2\/media?parent=13900"}],"curies":[{"name":"wp","href":"https:\/\/api.w.org\/{rel}","templated":true}]}}