{"id":13903,"date":"2025-05-07T15:41:37","date_gmt":"2025-05-07T12:41:37","guid":{"rendered":"https:\/\/www.fmsdocumentation.com\/modifiche-allelenco-degli-eventi\/"},"modified":"2025-05-07T16:06:28","modified_gmt":"2025-05-07T13:06:28","slug":"modifiche-allelenco-degli-eventi","status":"publish","type":"page","link":"https:\/\/www.fmsdocumentation.com\/it\/menu-eventi\/modifiche-allelenco-degli-eventi\/","title":{"rendered":"Modifiche all&#8217;elenco degli eventi"},"content":{"rendered":"<p>L&#8217;elenco di tutti gli eventi si trova proprio sotto il pulsante &#8220;+ Nuovo evento&#8221;.<\/p>\n<p><a href=\"https:\/\/www.fmsdocumentation.com\/wp-content\/uploads\/2018\/05\/113.png\"><img loading=\"lazy\" decoding=\"async\" class=\"alignnone size-full wp-image-5055\" src=\"https:\/\/www.fmsdocumentation.com\/wp-content\/uploads\/2018\/05\/113.png\" alt=\"\" width=\"420\" height=\"457\" srcset=\"https:\/\/www.fmsdocumentation.com\/wp-content\/uploads\/2018\/05\/113.png 420w, https:\/\/www.fmsdocumentation.com\/wp-content\/uploads\/2018\/05\/113-276x300.png 276w\" sizes=\"auto, (max-width: 420px) 100vw, 420px\" \/><\/a><\/p>\n<p>L&#8217;elenco degli eventi \u00e8 formattato automaticamente in ordine alfabetico. \u00c8 presente una barra di ricerca e l&#8217;elenco degli eventi viene aggiornato automaticamente ad ogni simbolo inserito. \u00c8 possibile applicare un filtro sul tipo di evento per facilitare la ricerca. Per applicare il filtro, l&#8217;utente deve cliccare sul campo &#8220;Mostra eventi&#8221;, che aprir\u00e0 un elenco a discesa di tutti i tipi di eventi disponibili. Il tipo di evento attualmente selezionato sar\u00e0 evidenziato da una tonalit\u00e0 di grigio pi\u00f9 scura e contrassegnato da una barra blu alla destra del tipo di evento. Sono disponibili i seguenti tipi:     <\/p>\n<ul>\n<li><strong>Tutti <\/strong>&#8211; visualizza tutti gli eventi;<\/li>\n<li><strong>Ingresso<\/strong> &#8211; visualizza gli eventi che vengono attivati dalla modifica di un valore di ingresso;<\/li>\n<li><strong>Accensione<\/strong> &#8211; visualizza gli eventi che vengono attivati da una modifica dello stato di accensione;<\/li>\n<li><strong>Geozone <\/strong>&#8211; visualizza gli eventi che si attivano entrando\/uscendo da una geozona;<\/li>\n<li><strong>Velocit\u00e0<\/strong> &#8211; visualizza gli eventi che si attivano al superamento di un limite di velocit\u00e0 configurato;<\/li>\n<li><strong>Tempo e distanza<\/strong> &#8211; visualizza gli eventi che si attivano percorrendo una distanza specifica in un determinato periodo di tempo;<\/li>\n<li><strong>Misto<\/strong> &#8211; visualizza gli eventi che vengono attivati da pi\u00f9 di una condizione.<\/li>\n<\/ul>\n<p>Cliccando sul tipo desiderato, l&#8217;elenco si aggiorner\u00e0 automaticamente e verranno visualizzati solo gli eventi del tipo selezionato. Ogni tipo di evento ha una propria icona per riconoscere rapidamente i diversi tipi di evento. <\/p>\n<p><a href=\"https:\/\/www.fmsdocumentation.com\/wp-content\/uploads\/2018\/08\/114.png\"><img loading=\"lazy\" decoding=\"async\" class=\"alignnone size-full wp-image-5803\" src=\"https:\/\/www.fmsdocumentation.com\/wp-content\/uploads\/2018\/08\/114.png\" alt=\"\" width=\"361\" height=\"322\" srcset=\"https:\/\/www.fmsdocumentation.com\/wp-content\/uploads\/2018\/08\/114.png 361w, https:\/\/www.fmsdocumentation.com\/wp-content\/uploads\/2018\/08\/114-300x268.png 300w\" sizes=\"auto, (max-width: 361px) 100vw, 361px\" \/><\/a><\/p>\n<p>Gli eventi attivi hanno un&#8217;icona blu, mentre quelli disabilitati hanno un&#8217;icona grigia.<\/p>\n<p><a href=\"https:\/\/www.fmsdocumentation.com\/wp-content\/uploads\/2018\/03\/328.png\"><img loading=\"lazy\" decoding=\"async\" class=\"alignnone size-full wp-image-4494\" src=\"https:\/\/www.fmsdocumentation.com\/wp-content\/uploads\/2018\/03\/328.png\" alt=\"\" width=\"352\" height=\"281\" srcset=\"https:\/\/www.fmsdocumentation.com\/wp-content\/uploads\/2018\/03\/328.png 352w, https:\/\/www.fmsdocumentation.com\/wp-content\/uploads\/2018\/03\/328-300x239.png 300w\" sizes=\"auto, (max-width: 352px) 100vw, 352px\" \/><\/a><\/p>\n<p>Cliccando su un evento si apre il pannello dei dettagli dell&#8217;evento stesso. In questo pannello vengono visualizzate tutte le informazioni inserite al momento della creazione dell&#8217;evento. Il primo parametro \u00e8 lo &#8220;Stato dell&#8217;evento&#8221;: questa barra scorrevole permette di attivare o disattivare l&#8217;evento; l&#8217;impostazione viene salvata automaticamente dopo ogni modifica. Tutto il resto sono informazioni standard. Inoltre, in questo pannello l&#8217;utente pu\u00f2 assegnare l&#8217;evento ai veicoli. Per farlo, l&#8217;utente deve cliccare sul pulsante &#8221; + &#8221; accanto al campo &#8220;Veicoli&#8221;.     <\/p>\n<p><a href=\"https:\/\/www.fmsdocumentation.com\/wp-content\/uploads\/2018\/05\/116.png\"><img loading=\"lazy\" decoding=\"async\" class=\"alignnone size-full wp-image-5056\" src=\"https:\/\/www.fmsdocumentation.com\/wp-content\/uploads\/2018\/05\/116.png\" alt=\"\" width=\"720\" height=\"889\" srcset=\"https:\/\/www.fmsdocumentation.com\/wp-content\/uploads\/2018\/05\/116.png 720w, https:\/\/www.fmsdocumentation.com\/wp-content\/uploads\/2018\/05\/116-243x300.png 243w\" sizes=\"auto, (max-width: 720px) 100vw, 720px\" \/><\/a><\/p>\n<p>Si aprir\u00e0 un elenco di selezione dei veicoli, con tutti i veicoli e i loro gruppi. Per selezionare un veicolo\/gruppo, l&#8217;utente deve contrassegnare la casella di controllo accanto ad esso. I singoli veicoli possono essere selezionati da un gruppo cliccando sul segno pi\u00f9 accanto ad esso. Selezionando la casella di controllo accanto a &#8220;Seleziona tutti i gruppi&#8221; si selezionano\/deselezionano tutti i gruppi e i relativi veicoli. \u00c8 presente una barra di ricerca; l&#8217;elenco viene aggiornato automaticamente ad ogni simbolo inserito. Cliccando sul pulsante &#8220;Mostra non selezionati&#8221;, l&#8217;elenco verr\u00e0 filtrato ed espanso per mostrare solo i veicoli non selezionati.     <\/p>\n<p>Dopo ogni modifica \u00e8 necessario cliccare sul pulsante &#8220;Applica&#8221;, altrimenti le modifiche non verranno salvate. Per annullare le modifiche, l&#8217;utente deve cliccare sul pulsante &#8220;Annulla&#8221; o semplicemente cliccare fuori dalla finestra di selezione del veicolo.<br \/>\n<p class=\"note\">Nota<br \/>\nSe un veicolo \u00e8 grigio nell&#8217;elenco, significa che non supporta un parametro richiesto per questo evento. Il veicolo grigio non sar\u00e0 disponibile per la selezione. <\/p><\/p>\n<p><a href=\"https:\/\/www.fmsdocumentation.com\/wp-content\/uploads\/2018\/12\/117-1.png\"><img loading=\"lazy\" decoding=\"async\" class=\"alignnone size-full wp-image-6711\" src=\"https:\/\/www.fmsdocumentation.com\/wp-content\/uploads\/2018\/12\/117-1.png\" alt=\"\" width=\"750\" height=\"571\" srcset=\"https:\/\/www.fmsdocumentation.com\/wp-content\/uploads\/2018\/12\/117-1.png 750w, https:\/\/www.fmsdocumentation.com\/wp-content\/uploads\/2018\/12\/117-1-300x228.png 300w\" sizes=\"auto, (max-width: 750px) 100vw, 750px\" \/><\/a><\/p>\n<p>Per modificare altre informazioni su questo evento, \u00e8 necessario cliccare sul pulsante &#8220;Modifica&#8221;. Si aprir\u00e0 la stessa finestra di &#8220;Crea un nuovo evento&#8221;. Questa procedura \u00e8 descritta nella sezione precedente (<a href=\"https:\/\/www.fmsdocumentation.com\/events-menu\/create-new-event\/\">&#8220;Creare un nuovo evento<\/a>&#8220;). Dopo qualsiasi modifica, \u00e8 necessario cliccare sul pulsante &#8220;Aggiorna&#8221;, altrimenti le modifiche non verranno salvate.   <\/p>\n<p><a href=\"https:\/\/www.fmsdocumentation.com\/wp-content\/uploads\/2018\/03\/118.png\"><img loading=\"lazy\" decoding=\"async\" class=\"alignnone size-full wp-image-4496\" src=\"https:\/\/www.fmsdocumentation.com\/wp-content\/uploads\/2018\/03\/118.png\" alt=\"\" width=\"850\" height=\"759\" srcset=\"https:\/\/www.fmsdocumentation.com\/wp-content\/uploads\/2018\/03\/118.png 850w, https:\/\/www.fmsdocumentation.com\/wp-content\/uploads\/2018\/03\/118-300x268.png 300w, https:\/\/www.fmsdocumentation.com\/wp-content\/uploads\/2018\/03\/118-768x686.png 768w\" sizes=\"auto, (max-width: 850px) 100vw, 850px\" \/><\/a><\/p>\n<p>Se l&#8217;utente non vuole salvare le modifiche apportate, deve cliccare sul pulsante &#8220;Chiudi&#8221; o semplicemente cliccare in un punto qualsiasi della finestra &#8220;Modifica evento&#8221;.<\/p>\n<hr>\n<p><div class=\"alignleft\"><a href=\"https:\/\/www.fmsdocumentation.com\/it\/menu-eventi\/\" title=\"Menu Eventi\"><span class=\"arrow\">\u2039 &nbsp <\/span> Menu Eventi <\/a><\/div> <div class=\"alignright\"><a href=\"https:\/\/www.fmsdocumentation.com\/it\/menu-routing-tasks\/\" title=\"Menu Routing &amp; Tasks\">Menu Routing &amp; Tasks <span class=\"arrow\"> &nbsp\u203a <\/span> <\/a><\/div><\/p>\n","protected":false},"excerpt":{"rendered":"<p>L&#8217;elenco di tutti gli eventi si trova proprio sotto il pulsante &#8220;+ Nuovo evento&#8221;. L&#8217;elenco degli eventi \u00e8 formattato automaticamente in ordine alfabetico. \u00c8 presente una barra di ricerca e l&#8217;elenco degli eventi viene aggiornato automaticamente ad ogni simbolo inserito. \u00c8 possibile applicare un filtro sul tipo di evento per facilitare la ricerca. Per applicare &hellip; <a href=\"https:\/\/www.fmsdocumentation.com\/it\/menu-eventi\/modifiche-allelenco-degli-eventi\/\" class=\"more-link\">Continua a leggere <span class=\"screen-reader-text\">Modifiche all&#8217;elenco degli eventi<\/span><\/a><\/p>\n","protected":false},"author":1,"featured_media":0,"parent":13905,"menu_order":2,"comment_status":"closed","ping_status":"closed","template":"","meta":{"footnotes":""},"class_list":["post-13903","page","type-page","status-publish","hentry"],"_links":{"self":[{"href":"https:\/\/www.fmsdocumentation.com\/it\/wp-json\/wp\/v2\/pages\/13903","targetHints":{"allow":["GET"]}}],"collection":[{"href":"https:\/\/www.fmsdocumentation.com\/it\/wp-json\/wp\/v2\/pages"}],"about":[{"href":"https:\/\/www.fmsdocumentation.com\/it\/wp-json\/wp\/v2\/types\/page"}],"author":[{"embeddable":true,"href":"https:\/\/www.fmsdocumentation.com\/it\/wp-json\/wp\/v2\/users\/1"}],"replies":[{"embeddable":true,"href":"https:\/\/www.fmsdocumentation.com\/it\/wp-json\/wp\/v2\/comments?post=13903"}],"version-history":[{"count":1,"href":"https:\/\/www.fmsdocumentation.com\/it\/wp-json\/wp\/v2\/pages\/13903\/revisions"}],"predecessor-version":[{"id":13907,"href":"https:\/\/www.fmsdocumentation.com\/it\/wp-json\/wp\/v2\/pages\/13903\/revisions\/13907"}],"up":[{"embeddable":true,"href":"https:\/\/www.fmsdocumentation.com\/it\/wp-json\/wp\/v2\/pages\/13905"}],"wp:attachment":[{"href":"https:\/\/www.fmsdocumentation.com\/it\/wp-json\/wp\/v2\/media?parent=13903"}],"curies":[{"name":"wp","href":"https:\/\/api.w.org\/{rel}","templated":true}]}}