{"id":13935,"date":"2025-05-07T16:33:48","date_gmt":"2025-05-07T13:33:48","guid":{"rendered":"https:\/\/www.fmsdocumentation.com\/analisi-per-driver\/"},"modified":"2025-05-08T09:49:40","modified_gmt":"2025-05-08T06:49:40","slug":"analisi-per-driver","status":"publish","type":"page","link":"https:\/\/www.fmsdocumentation.com\/it\/menu-eco-drive\/analisi-per-driver\/","title":{"rendered":"Analisi per driver"},"content":{"rendered":"<p>Analisi per conducente fornisce un&#8217;analisi pi\u00f9 dettagliata dei parametri di guida ecologica dei conducenti anzich\u00e9 dei veicoli. Questo TAB \u00e8 in gran parte identico al TAB &#8220;Analisi per veicolo&#8221;. In questa sezione vengono descritte solo le differenze.  <\/p>\n<p><a href=\"https:\/\/www.fmsdocumentation.com\/wp-content\/uploads\/2017\/04\/175.png\"><img loading=\"lazy\" decoding=\"async\" class=\"alignnone wp-image-282 size-large\" src=\"https:\/\/www.fmsdocumentation.com\/wp-content\/uploads\/2017\/04\/175-1024x489.png\" alt=\"\" width=\"660\" height=\"315\" srcset=\"https:\/\/www.fmsdocumentation.com\/wp-content\/uploads\/2017\/04\/175-1024x489.png 1024w, https:\/\/www.fmsdocumentation.com\/wp-content\/uploads\/2017\/04\/175-300x143.png 300w, https:\/\/www.fmsdocumentation.com\/wp-content\/uploads\/2017\/04\/175-768x367.png 768w, https:\/\/www.fmsdocumentation.com\/wp-content\/uploads\/2017\/04\/175.png 1860w\" sizes=\"auto, (max-width: 660px) 100vw, 660px\" \/><\/a><\/p>\n<p>La differenza principale rispetto al TAB &#8220;Analisi per veicolo&#8221; \u00e8 che l&#8217;elenco dei veicoli \u00e8 sostituito dall&#8217;elenco dei conducenti. \u00c8 possibile selezionare un massimo di 5 conducenti alla volta. Cliccando sui tre puntini in alto a destra dell&#8217;elenco dei conducenti si aprir\u00e0 una nuova finestra con l&#8217;elenco completo dei conducenti.  <\/p>\n<p><a href=\"https:\/\/www.fmsdocumentation.com\/wp-content\/uploads\/2017\/04\/176.png\"><img loading=\"lazy\" decoding=\"async\" class=\"alignnone wp-image-283 size-full\" src=\"https:\/\/www.fmsdocumentation.com\/wp-content\/uploads\/2017\/04\/176.png\" alt=\"\" width=\"754\" height=\"567\" srcset=\"https:\/\/www.fmsdocumentation.com\/wp-content\/uploads\/2017\/04\/176.png 754w, https:\/\/www.fmsdocumentation.com\/wp-content\/uploads\/2017\/04\/176-300x226.png 300w\" sizes=\"auto, (max-width: 754px) 100vw, 754px\" \/><\/a><\/p>\n<p>Dopo aver apportato le modifiche all&#8217;elenco, \u00e8 necessario cliccare sul pulsante &#8220;Applica&#8221;, altrimenti le modifiche non verranno salvate.<\/p>\n<p style=\"background-color: #2e67b1; color: #ffffff; padding-left: 10px; padding-right: 10px;\"><p class=\"note\">Nota<br \/>\nSe tutti i driver vengono rimossi dall&#8217;elenco, cliccando sul pulsante &#8220;Rimuovi&#8221; o aprendo l&#8217;elenco di selezione personalizzato e deselezionando tutti i driver, tutti i dati scompariranno dalla visualizzazione. Per riattivare l&#8217;elenco dei driver, l&#8217;utente deve passare a qualsiasi TAB e poi tornare indietro. <\/p><\/p>\n<p>Tutto il resto \u00e8 identico al TAB &#8220;Analisi per veicolo&#8221;, tranne il pulsante &#8220;Mostra mappa&#8221;, che non \u00e8 presente nel TAB &#8220;Analisi per conducente&#8221;.<\/p>\n<hr>\n<p><div class=\"alignleft\"><a href=\"https:\/\/www.fmsdocumentation.com\/it\/menu-eco-drive\/analisi-per-veicolo\/\" title=\"Analisi per veicolo\"><span class=\"arrow\">\u2039 &nbsp <\/span> Analisi per veicolo <\/a><\/div> <div class=\"alignright\"><a href=\"https:\/\/www.fmsdocumentation.com\/it\/menu-eco-drive\/nuovo-menu-eco-drive\/\" title=\"(Nuovo) Menu Eco-Drive\">(Nuovo) Menu Eco-Drive <span class=\"arrow\"> &nbsp\u203a <\/span> <\/a><\/div><\/p>\n","protected":false},"excerpt":{"rendered":"<p>Analisi per conducente fornisce un&#8217;analisi pi\u00f9 dettagliata dei parametri di guida ecologica dei conducenti anzich\u00e9 dei veicoli. Questo TAB \u00e8 in gran parte identico al TAB &#8220;Analisi per veicolo&#8221;. In questa sezione vengono descritte solo le differenze. La differenza principale rispetto al TAB &#8220;Analisi per veicolo&#8221; \u00e8 che l&#8217;elenco dei veicoli \u00e8 sostituito dall&#8217;elenco dei &hellip; <a href=\"https:\/\/www.fmsdocumentation.com\/it\/menu-eco-drive\/analisi-per-driver\/\" class=\"more-link\">Continua a leggere <span class=\"screen-reader-text\">Analisi per driver<\/span><\/a><\/p>\n","protected":false},"author":1,"featured_media":0,"parent":14242,"menu_order":4,"comment_status":"closed","ping_status":"closed","template":"","meta":{"footnotes":""},"class_list":["post-13935","page","type-page","status-publish","hentry"],"_links":{"self":[{"href":"https:\/\/www.fmsdocumentation.com\/it\/wp-json\/wp\/v2\/pages\/13935","targetHints":{"allow":["GET"]}}],"collection":[{"href":"https:\/\/www.fmsdocumentation.com\/it\/wp-json\/wp\/v2\/pages"}],"about":[{"href":"https:\/\/www.fmsdocumentation.com\/it\/wp-json\/wp\/v2\/types\/page"}],"author":[{"embeddable":true,"href":"https:\/\/www.fmsdocumentation.com\/it\/wp-json\/wp\/v2\/users\/1"}],"replies":[{"embeddable":true,"href":"https:\/\/www.fmsdocumentation.com\/it\/wp-json\/wp\/v2\/comments?post=13935"}],"version-history":[{"count":1,"href":"https:\/\/www.fmsdocumentation.com\/it\/wp-json\/wp\/v2\/pages\/13935\/revisions"}],"predecessor-version":[{"id":14256,"href":"https:\/\/www.fmsdocumentation.com\/it\/wp-json\/wp\/v2\/pages\/13935\/revisions\/14256"}],"up":[{"embeddable":true,"href":"https:\/\/www.fmsdocumentation.com\/it\/wp-json\/wp\/v2\/pages\/14242"}],"wp:attachment":[{"href":"https:\/\/www.fmsdocumentation.com\/it\/wp-json\/wp\/v2\/media?parent=13935"}],"curies":[{"name":"wp","href":"https:\/\/api.w.org\/{rel}","templated":true}]}}