{"id":13939,"date":"2025-05-07T16:33:51","date_gmt":"2025-05-07T13:33:51","guid":{"rendered":"https:\/\/www.fmsdocumentation.com\/analisi-per-veicolo\/"},"modified":"2025-05-08T09:49:40","modified_gmt":"2025-05-08T06:49:40","slug":"analisi-per-veicolo","status":"publish","type":"page","link":"https:\/\/www.fmsdocumentation.com\/it\/menu-eco-drive\/analisi-per-veicolo\/","title":{"rendered":"Analisi per veicolo"},"content":{"rendered":"<p>Analisi per veicolo visualizza un&#8217;analisi pi\u00f9 dettagliata dei parametri del veicolo durante il periodo di tempo selezionato. Questo TAB \u00e8 diviso in due parti: <\/p>\n<ul>\n<li><strong>Grafico<\/strong>;<\/li>\n<li><strong>Statistiche<\/strong>.<\/li>\n<\/ul>\n<p><strong>Grafico &#8211; <\/strong>visualizza i dati analizzati in un formato grafico. Nel grafico pu\u00f2 essere visualizzato solo un tipo di dati alla volta. Il nome dei dati attualmente visualizzati viene visualizzato nell&#8217;angolo in alto a sinistra della sezione del grafico. I dati visualizzati possono essere modificati nella sezione delle statistiche.   <\/p>\n<p><strong>Scale<\/strong> &#8211; L&#8217;asse Y del grafico rappresenta i valori dei dati selezionati, mentre l&#8217;asse X rappresenta sempre il tempo. Per impostazione predefinita, la scala dell&#8217;asse X \u00e8 in giorni. Questa scala pu\u00f2 essere modificata nella parte superiore destra della sezione del grafico. Sono disponibili le seguenti scale:   <\/p>\n<ul>\n<li>Giorno;<\/li>\n<li>Settimana;<\/li>\n<li>Mese;<\/li>\n<\/ul>\n<p>La scala attualmente selezionata sar\u00e0 evidenziata in blu e sotto segnata da una linea blu.<\/p>\n<p><strong>Media della flotta<\/strong> &#8211; Accanto alla selezione dell&#8217;asse, l&#8217;utente pu\u00f2 scegliere di visualizzare il valore medio dei dati attualmente selezionati. Questa opzione \u00e8 disattivata per impostazione predefinita. Se \u00e8 attiva, il punto grigio sar\u00e0 evidenziato in blu e sul grafico apparir\u00e0 una linea retta tratteggiata.  <\/p>\n<p style=\"background-color: #2e67b1; color: #ffffff; padding-left: 10px; padding-right: 10px;\"><p class=\"note\">Nota<br \/>\nSe nella sezione delle statistiche le auto sono presenti nell&#8217;elenco, ma l&#8217;utente ha scelto di non visualizzare i loro dati nel grafico. La media della flotta le includer\u00e0 comunque nel calcolo. Per evitare che ci\u00f2 accada, \u00e8 necessario rimuovere completamente i veicoli indesiderati dalla visualizzazione delle statistiche. Questa operazione \u00e8 descritta pi\u00f9 avanti in questa sezione.   <\/p><\/p>\n<p><a href=\"https:\/\/www.fmsdocumentation.com\/wp-content\/uploads\/2017\/04\/166.png\"><img loading=\"lazy\" decoding=\"async\" class=\"alignnone wp-image-272 size-large\" src=\"https:\/\/www.fmsdocumentation.com\/wp-content\/uploads\/2017\/04\/166-1024x399.png\" alt=\"\" width=\"660\" height=\"257\" srcset=\"https:\/\/www.fmsdocumentation.com\/wp-content\/uploads\/2017\/04\/166-1024x399.png 1024w, https:\/\/www.fmsdocumentation.com\/wp-content\/uploads\/2017\/04\/166-300x117.png 300w, https:\/\/www.fmsdocumentation.com\/wp-content\/uploads\/2017\/04\/166-768x299.png 768w, https:\/\/www.fmsdocumentation.com\/wp-content\/uploads\/2017\/04\/166.png 1860w\" sizes=\"auto, (max-width: 660px) 100vw, 660px\" \/><\/a><\/p>\n<p>La colorazione di ogni linea del grafico viene selezionata automaticamente dal sistema di gestione della flotta e viene visualizzata nella sezione delle statistiche accanto a ogni veicolo. Quando si aggiungono o rimuovono veicoli nella sezione delle statistiche, la colorazione dei grafici viene formattata automaticamente dal sistema. <\/p>\n<p>Ogni linea del grafico presenta un punto informativo per ogni giorno<em>(questo cambia se si cambia la scala; se si seleziona la settimana, il punto informativo viene visualizzato per ogni settimana<\/em>).<\/p>\n<p><a href=\"https:\/\/www.fmsdocumentation.com\/wp-content\/uploads\/2017\/04\/168.png\"><img loading=\"lazy\" decoding=\"async\" class=\"alignnone wp-image-273 size-full\" src=\"https:\/\/www.fmsdocumentation.com\/wp-content\/uploads\/2017\/04\/168.png\" alt=\"\" width=\"433\" height=\"252\" srcset=\"https:\/\/www.fmsdocumentation.com\/wp-content\/uploads\/2017\/04\/168.png 433w, https:\/\/www.fmsdocumentation.com\/wp-content\/uploads\/2017\/04\/168-300x175.png 300w\" sizes=\"auto, (max-width: 433px) 100vw, 433px\" \/><\/a><\/p>\n<p><strong>Statistiche<\/strong> &#8211; consistono in un elenco dei veicoli selezionati e in una tabella informativa dei parametri selezionati. L&#8217;elenco dei veicoli viene generato automaticamente visualizzando i 5 veicoli pi\u00f9 attivi per il periodo di tempo selezionato. Nell&#8217;esempio seguente esistono solo 4 veicoli supportati dall&#8217;utente e quindi vengono visualizzati solo 4 veicoli.  <\/p>\n<p><a href=\"https:\/\/www.fmsdocumentation.com\/wp-content\/uploads\/2017\/04\/169.png\"><img loading=\"lazy\" decoding=\"async\" class=\"alignnone wp-image-274 size-large\" src=\"https:\/\/www.fmsdocumentation.com\/wp-content\/uploads\/2017\/04\/169-1024x239.png\" alt=\"\" width=\"660\" height=\"154\" srcset=\"https:\/\/www.fmsdocumentation.com\/wp-content\/uploads\/2017\/04\/169-1024x239.png 1024w, https:\/\/www.fmsdocumentation.com\/wp-content\/uploads\/2017\/04\/169-300x70.png 300w, https:\/\/www.fmsdocumentation.com\/wp-content\/uploads\/2017\/04\/169-768x179.png 768w, https:\/\/www.fmsdocumentation.com\/wp-content\/uploads\/2017\/04\/169.png 1860w\" sizes=\"auto, (max-width: 660px) 100vw, 660px\" \/><\/a><\/p>\n<p><strong>Veicoli<\/strong> &#8211; Per selezionare i veicoli da visualizzare, clicca sui tre puntini grigi accanto alla voce &#8220;Veicoli&#8221; nell&#8217;angolo in alto a sinistra della sezione. Verr\u00e0 visualizzata una nuova finestra con l&#8217;elenco di tutti i veicoli dell&#8217;utente web corrente. I veicoli attualmente selezionati saranno contrassegnati da un segno di spunta blu accanto al nome del veicolo. Per le grandi flotte, \u00e8 disponibile un&#8217;opzione di ricerca proprio sopra l&#8217;elenco dei veicoli. Dopo aver effettuato qualsiasi modifica \u00e8 necessario cliccare sul pulsante &#8220;Applica&#8221;, altrimenti le modifiche apportate non verranno salvate. Il numero massimo di veicoli selezionabili contemporaneamente \u00e8 5. I veicoli possono essere rimossi rapidamente dall&#8217;elenco cliccando sul pulsante &#8220;Rimuovi&#8221; sotto il nome del veicolo.      <\/p>\n<p><a href=\"https:\/\/www.fmsdocumentation.com\/wp-content\/uploads\/2017\/04\/170.png\"><img loading=\"lazy\" decoding=\"async\" class=\"alignnone wp-image-275 size-full\" src=\"https:\/\/www.fmsdocumentation.com\/wp-content\/uploads\/2017\/04\/170.png\" alt=\"\" width=\"750\" height=\"534\" srcset=\"https:\/\/www.fmsdocumentation.com\/wp-content\/uploads\/2017\/04\/170.png 750w, https:\/\/www.fmsdocumentation.com\/wp-content\/uploads\/2017\/04\/170-300x214.png 300w\" sizes=\"auto, (max-width: 750px) 100vw, 750px\" \/><\/a><\/p>\n<p style=\"background-color: #2e67b1; color: #ffffff; padding-left: 10px; padding-right: 10px;\"><p class=\"note\">Nota<br \/>\nSe tutti i veicoli vengono rimossi dall&#8217;elenco, cliccando sul pulsante &#8220;Rimuovi&#8221; o aprendo l&#8217;elenco di selezione personalizzato e deselezionando tutti i veicoli, tutti i dati scompariranno dalla visualizzazione. Per riattivare l&#8217;elenco dei veicoli, l&#8217;utente deve passare a un qualsiasi TAB e poi tornare indietro. <\/p><\/p>\n<p><strong>Mostra mappa<\/strong> &#8211; sotto il nome di ogni veicolo c&#8217;\u00e8 un pulsante &#8220;Mostra mappa&#8221;; cliccando su questo pulsante verr\u00e0 visualizzata una mappa con il percorso del veicolo selezionato durante il periodo di tempo scelto.<\/p>\n<p><a href=\"https:\/\/www.fmsdocumentation.com\/wp-content\/uploads\/2017\/04\/171.png\"><img loading=\"lazy\" decoding=\"async\" class=\"alignnone wp-image-276 size-large\" src=\"https:\/\/www.fmsdocumentation.com\/wp-content\/uploads\/2017\/04\/171-1024x506.png\" alt=\"\" width=\"660\" height=\"326\" srcset=\"https:\/\/www.fmsdocumentation.com\/wp-content\/uploads\/2017\/04\/171-1024x506.png 1024w, https:\/\/www.fmsdocumentation.com\/wp-content\/uploads\/2017\/04\/171-300x148.png 300w, https:\/\/www.fmsdocumentation.com\/wp-content\/uploads\/2017\/04\/171-768x379.png 768w, https:\/\/www.fmsdocumentation.com\/wp-content\/uploads\/2017\/04\/171.png 1534w\" sizes=\"auto, (max-width: 660px) 100vw, 660px\" \/><\/a><\/p>\n<p>Nella parte superiore della mappa l&#8217;utente pu\u00f2 scegliere di mostrare o nascondere i seguenti eventi sulla mappa:<\/p>\n<ul>\n<li>Frenata estrema;<\/li>\n<li>Frenata brusca;<\/li>\n<li>Accelerazione brusca.<\/li>\n<\/ul>\n<p>Questi eventi si attivano cliccando sulla piccola barra di scorrimento accanto a ogni tipo di evento. \u00c8 possibile attivare la visualizzazione di pi\u00f9 eventi contemporaneamente. Questi eventi saranno contrassegnati da cerchi rossi con punti esclamativi al loro interno.  <\/p>\n<p><a href=\"https:\/\/www.fmsdocumentation.com\/wp-content\/uploads\/2017\/04\/172.png\"><img loading=\"lazy\" decoding=\"async\" class=\"alignnone wp-image-277 size-full\" src=\"https:\/\/www.fmsdocumentation.com\/wp-content\/uploads\/2017\/04\/172.png\" alt=\"\" width=\"847\" height=\"257\" srcset=\"https:\/\/www.fmsdocumentation.com\/wp-content\/uploads\/2017\/04\/172.png 847w, https:\/\/www.fmsdocumentation.com\/wp-content\/uploads\/2017\/04\/172-300x91.png 300w, https:\/\/www.fmsdocumentation.com\/wp-content\/uploads\/2017\/04\/172-768x233.png 768w\" sizes=\"auto, (max-width: 847px) 100vw, 847px\" \/><\/a><\/p>\n<p>Cliccando su un cerchio rosso si visualizzeranno ulteriori informazioni sull&#8217;evento.<\/p>\n<p><strong>Parametri visualizzati<\/strong> &#8211; i parametri visualizzati possono essere modificati cliccando sui tre puntini grigi nell&#8217;angolo in alto a destra di questa sezione. Si aprir\u00e0 una nuova finestra con un elenco di tutti i parametri disponibili da visualizzare. I parametri attualmente selezionati saranno evidenziati da un segno di spunta blu accanto al nome del parametro. Una ricerca rapida \u00e8 disponibile appena sopra l&#8217;elenco. \u00c8 possibile selezionare un massimo di 7 parametri alla volta. Dopo aver apportato le modifiche, \u00e8 necessario cliccare sul pulsante &#8220;Fine&#8221;, altrimenti i parametri non verranno salvati.     <\/p>\n<p><a href=\"https:\/\/www.fmsdocumentation.com\/wp-content\/uploads\/2017\/04\/173.png\"><img loading=\"lazy\" decoding=\"async\" class=\"alignnone wp-image-278 size-full\" src=\"https:\/\/www.fmsdocumentation.com\/wp-content\/uploads\/2017\/04\/173.png\" alt=\"\" width=\"754\" height=\"567\" srcset=\"https:\/\/www.fmsdocumentation.com\/wp-content\/uploads\/2017\/04\/173.png 754w, https:\/\/www.fmsdocumentation.com\/wp-content\/uploads\/2017\/04\/173-300x226.png 300w\" sizes=\"auto, (max-width: 754px) 100vw, 754px\" \/><\/a><\/p>\n<p><strong>Visualizzazione per il grafico<\/strong> &#8211; Solo un parametro<em>(i dati di una colonna<\/em>) pu\u00f2 essere visualizzato alla volta sul grafico principale<em>(ci\u00f2 \u00e8 dovuto a complicazioni di scala<\/em>). I parametri attualmente visualizzati avranno l&#8217;intestazione evidenziata in blu. L&#8217;utente pu\u00f2 modificare i parametri<em>(della colonna selezionata<\/em>) che desidera visualizzare nel grafico principale. Questo pu\u00f2 essere fatto cliccando sui grafici dei parametri della colonna per deselezionarli. Solo i parametri evidenziati vengono visualizzati nel grafico principale. Se una colonna \u00e8 evidenziata e l&#8217;utente clicca su un parametro di un&#8217;altra colonna, la colonna precedente si disattiva completamente e viene visualizzato solo il parametro dell&#8217;altra colonna. L&#8217;utente pu\u00f2 selezionare un&#8217;intera colonna di parametri semplicemente cliccando sull&#8217;intestazione.      <\/p>\n<p><a href=\"https:\/\/www.fmsdocumentation.com\/wp-content\/uploads\/2017\/04\/174.png\"><img loading=\"lazy\" decoding=\"async\" class=\"alignnone wp-image-279 size-full\" src=\"https:\/\/www.fmsdocumentation.com\/wp-content\/uploads\/2017\/04\/174.png\" alt=\"\" width=\"707\" height=\"435\" srcset=\"https:\/\/www.fmsdocumentation.com\/wp-content\/uploads\/2017\/04\/174.png 707w, https:\/\/www.fmsdocumentation.com\/wp-content\/uploads\/2017\/04\/174-300x185.png 300w\" sizes=\"auto, (max-width: 707px) 100vw, 707px\" \/><\/a><\/p>\n<hr>\n<p><div class=\"alignleft\"><a href=\"https:\/\/www.fmsdocumentation.com\/it\/menu-eco-drive\/riepilogo-della-flotta\/\" title=\"Riepilogo della flotta\"><span class=\"arrow\">\u2039 &nbsp <\/span> Riepilogo della flotta <\/a><\/div> <div class=\"alignright\"><a href=\"https:\/\/www.fmsdocumentation.com\/it\/menu-eco-drive\/analisi-per-driver\/\" title=\"Analisi per driver\">Analisi per driver <span class=\"arrow\"> &nbsp\u203a <\/span> <\/a><\/div><\/p>\n<p>&nbsp;<\/p>\n","protected":false},"excerpt":{"rendered":"<p>Analisi per veicolo visualizza un&#8217;analisi pi\u00f9 dettagliata dei parametri del veicolo durante il periodo di tempo selezionato. Questo TAB \u00e8 diviso in due parti: Grafico; Statistiche. Grafico &#8211; visualizza i dati analizzati in un formato grafico. Nel grafico pu\u00f2 essere visualizzato solo un tipo di dati alla volta. Il nome dei dati attualmente visualizzati viene &hellip; <a href=\"https:\/\/www.fmsdocumentation.com\/it\/menu-eco-drive\/analisi-per-veicolo\/\" class=\"more-link\">Continua a leggere <span class=\"screen-reader-text\">Analisi per veicolo<\/span><\/a><\/p>\n","protected":false},"author":1,"featured_media":0,"parent":14242,"menu_order":2,"comment_status":"closed","ping_status":"closed","template":"","meta":{"footnotes":""},"class_list":["post-13939","page","type-page","status-publish","hentry"],"_links":{"self":[{"href":"https:\/\/www.fmsdocumentation.com\/it\/wp-json\/wp\/v2\/pages\/13939","targetHints":{"allow":["GET"]}}],"collection":[{"href":"https:\/\/www.fmsdocumentation.com\/it\/wp-json\/wp\/v2\/pages"}],"about":[{"href":"https:\/\/www.fmsdocumentation.com\/it\/wp-json\/wp\/v2\/types\/page"}],"author":[{"embeddable":true,"href":"https:\/\/www.fmsdocumentation.com\/it\/wp-json\/wp\/v2\/users\/1"}],"replies":[{"embeddable":true,"href":"https:\/\/www.fmsdocumentation.com\/it\/wp-json\/wp\/v2\/comments?post=13939"}],"version-history":[{"count":1,"href":"https:\/\/www.fmsdocumentation.com\/it\/wp-json\/wp\/v2\/pages\/13939\/revisions"}],"predecessor-version":[{"id":14255,"href":"https:\/\/www.fmsdocumentation.com\/it\/wp-json\/wp\/v2\/pages\/13939\/revisions\/14255"}],"up":[{"embeddable":true,"href":"https:\/\/www.fmsdocumentation.com\/it\/wp-json\/wp\/v2\/pages\/14242"}],"wp:attachment":[{"href":"https:\/\/www.fmsdocumentation.com\/it\/wp-json\/wp\/v2\/media?parent=13939"}],"curies":[{"name":"wp","href":"https:\/\/api.w.org\/{rel}","templated":true}]}}