{"id":13941,"date":"2025-05-07T16:36:05","date_gmt":"2025-05-07T13:36:05","guid":{"rendered":"https:\/\/www.fmsdocumentation.com\/rapporto-sul-serbatoio-del-carburante\/"},"modified":"2025-05-07T16:36:05","modified_gmt":"2025-05-07T13:36:05","slug":"rapporto-sul-serbatoio-del-carburante","status":"publish","type":"page","link":"https:\/\/www.fmsdocumentation.com\/it\/rapporto-sul-serbatoio-del-carburante\/","title":{"rendered":"Rapporto sul serbatoio del carburante"},"content":{"rendered":"<p><strong>Rapporto sul serbatoio del carburante<\/strong> &#8211; questo tipo di rapporto si concentra principalmente sul consumo di carburante, sui rifornimenti, sugli scarichi e sulle varie fluttuazioni. La prima cosa che l&#8217;utente deve selezionare \u00e8 l&#8217;intervallo di date per il quale verr\u00e0 generato il rapporto. <\/p>\n<p><strong>Intervallo di date<\/strong> &#8211; per selezionare una data l&#8217;utente deve cliccare su &#8220;Scegli intervallo di date&#8221; che aprir\u00e0 il pannello del calendario. Il pannello del calendario \u00e8 identico in tutti gli FMS. Per selezionare una data di inizio\/fine, l&#8217;utente deve semplicemente cliccare sulla data desiderata e poi sulla data opposta. I giorni selezionati saranno evidenziati in blu. Il giorno corrente \u00e8 evidenziato da un piccolo triangolo blu in alto a sinistra. Se il giorno corrente \u00e8 selezionato (evidenziato), il triangolo sar\u00e0 invertito in bianco. Successivamente l&#8217;utente pu\u00f2 specificare da quale ora della data di inizio fino a quale ora della data di fine visualizzare la cronologia. Per applicare le modifiche \u00e8 necessario cliccare sul pulsante &#8220;Applica&#8221;, altrimenti le modifiche non verranno salvate.       <\/p>\n<p><a href=\"https:\/\/www.fmsdocumentation.com\/wp-content\/uploads\/2017\/04\/136-7.png\"><img loading=\"lazy\" decoding=\"async\" class=\"alignnone wp-image-1166 size-full\" src=\"https:\/\/www.fmsdocumentation.com\/wp-content\/uploads\/2017\/04\/136-7.png\" alt=\"\" width=\"503\" height=\"483\" srcset=\"https:\/\/www.fmsdocumentation.com\/wp-content\/uploads\/2017\/04\/136-7.png 503w, https:\/\/www.fmsdocumentation.com\/wp-content\/uploads\/2017\/04\/136-7-300x288.png 300w\" sizes=\"auto, (max-width: 503px) 100vw, 503px\" \/><\/a><\/p>\n<p>L&#8217;intervallo minimo di date \u00e8 di un giorno. Per selezionare un giorno \u00e8 sufficiente fare doppio clic con il tasto sinistro del mouse sul giorno desiderato per selezionarlo. Successivamente l&#8217;utente deve selezionare gli oggetti per i quali verr\u00e0 generato il report.  <\/p>\n<p><em>Oggetti<\/em> &#8211; permette all&#8217;utente di scegliere per quali oggetti verr\u00e0 generato il report. L&#8217;elenco contiene anche <strong>gruppi<\/strong> di oggetti. L&#8217;utente pu\u00f2 selezionare un intero gruppo contrassegnando la casella di controllo prima del gruppo, oppure cliccare sul pulsante &#8220;+&#8221; per espandere il gruppo e vedere quali oggetti ne fanno parte. Per chiudere il gruppo, l&#8217;utente deve cliccare sul pulsante &#8220;-&#8220;. <strong>\u00c8 possibile selezionare singoli oggetti da un gruppo<\/strong>. \u00c8 importante notare che se viene selezionato un oggetto presente in pi\u00f9 gruppi, questo verr\u00e0 evidenziato in tutti i gruppi, come mostrato nell&#8217;immagine sottostante. Se \u00e8 selezionato un intero gruppo, la casella di controllo sar\u00e0 blu con un segno di spunta bianco. Se \u00e8 selezionata solo una parte del gruppo, il gruppo avr\u00e0 un quadrato blu nella casella di controllo. (come mostrato nell&#8217;immagine sottostante). L&#8217;utente pu\u00f2 anche utilizzare la ricerca per scorrere rapidamente un ampio elenco di oggetti e gruppi. Tutti i gruppi possono essere selezionati\/deselezionati selezionando la casella di controllo accanto a &#8220;Seleziona tutti i gruppi&#8221;. Il numero di oggetti selezionati e di oggetti totali viene visualizzato nell&#8217;angolo superiore destro dell&#8217;elenco.          <\/p>\n<p><a href=\"https:\/\/www.fmsdocumentation.com\/wp-content\/uploads\/2018\/12\/281.png\" data-featherlight=\"image\"><img loading=\"lazy\" decoding=\"async\" class=\"alignnone size-full wp-image-6727\" src=\"https:\/\/www.fmsdocumentation.com\/wp-content\/uploads\/2018\/12\/281.png\" sizes=\"auto, (max-width: 549px) 100vw, 549px\" srcset=\"https:\/\/www.fmsdocumentation.com\/wp-content\/uploads\/2018\/12\/281.png 549w, https:\/\/www.fmsdocumentation.com\/wp-content\/uploads\/2018\/12\/281-300x162.png 300w\" alt=\"\" width=\"549\" height=\"297\"><\/a><\/p>\n<p><strong>Colonne nel riepilogo<\/strong> &#8211; questo file consente di selezionare le colonne che saranno incluse nel riepilogo del report (il riepilogo del report \u00e8 abilitato per impostazione predefinita per questo tipo di report). \u00c8 possibile selezionare un massimo di 9 colonne per un report. La selezione consiste in 28 possibili colonne, il cui nome \u00e8 autoesplicativo.  <\/p>\n<p>Dopo aver selezionato le colonne di riepilogo, l&#8217;utente deve selezionare l&#8217;<strong>elenco delle colonne<\/strong>. Questo report includer\u00e0 i seguenti parametri per impostazione predefinita (che possono essere deselezionati): <\/p>\n<ul>\n<li>Data e ora di inizio &#8211; data e ora in cui \u00e8 stata registrata una variazione del livello del carburante;<\/li>\n<li>Livello del carburante all&#8217;avvio &#8211; livello del carburante all&#8217;inizio di una variazione registrata del livello del carburante;<\/li>\n<li>Livello del carburante alla fine &#8211; livello del carburante alla fine di una variazione registrata del livello del carburante;<\/li>\n<li>Differenza &#8211; differenza del livello di carburante tra il valore iniziale e quello finale.<\/li>\n<\/ul>\n<p>Altri parametri opzionali che possono essere selezionati nell&#8217;<strong>elenco delle colonne<\/strong>:<\/p>\n<ul>\n<li>Driver &#8211; nome del driver;<\/li>\n<li>Data e ora di fine &#8211; data e ora in cui \u00e8 stato registrato l&#8217;evento di cambio carburante;<\/li>\n<li>Posizione all&#8217;inizio dell&#8217;evento &#8211; posizione in cui \u00e8 iniziato l&#8217;evento di cambio carburante.<\/li>\n<\/ul>\n<p>Dopo aver selezionato i parametri nelle colonne, l&#8217;utente pu\u00f2 abilitare e disabilitare i seguenti contenuti del report:<\/p>\n<ul>\n<li><strong>Mostra i dati attraverso i galleggianti<\/strong> &#8211; disattivato per impostazione predefinita, mostrer\u00e0 le informazioni nel report separatamente per ogni sensore di livello del carburante installato (se sono installati pi\u00f9 sensori di livello del carburante).<\/li>\n<li><strong>Riepilogo del report <\/strong>&#8211; abilitata per impostazione predefinita, questa opzione include una sezione di riepilogo nel report. In questo modo verranno riepilogate tutte le informazioni del report e verranno incluse <strong>nel riepilogo<\/strong> le <strong>colonne<\/strong> precedentemente selezionate <strong>.<\/strong> <\/li>\n<li><strong>Mostra grafico livello carburante &#8211; <\/strong>attivata per impostazione predefinita, questa opzione includer\u00e0 un grafico del livello del carburante nel report generato.<\/li>\n<li><strong>Mostra mappa &#8211;<\/strong> attivata per impostazione predefinita, questa opzione includer\u00e0 una mappa nel report, con tutti gli eventi di scarico\/rifornimento segnati su di essa.<\/li>\n<\/ul>\n<p><a href=\"https:\/\/www.fmsdocumentation.com\/wp-content\/uploads\/2017\/04\/203-1.png\"><img loading=\"lazy\" decoding=\"async\" class=\"alignnone wp-image-977 size-full\" src=\"https:\/\/www.fmsdocumentation.com\/wp-content\/uploads\/2017\/04\/203-1.png\" alt=\"\" width=\"887\" height=\"598\" srcset=\"https:\/\/www.fmsdocumentation.com\/wp-content\/uploads\/2017\/04\/203-1.png 887w, https:\/\/www.fmsdocumentation.com\/wp-content\/uploads\/2017\/04\/203-1-300x202.png 300w, https:\/\/www.fmsdocumentation.com\/wp-content\/uploads\/2017\/04\/203-1-768x518.png 768w\" sizes=\"auto, (max-width: 887px) 100vw, 887px\" \/><\/a><\/p>\n<p>Per finalizzare e generare il rapporto, l&#8217;utente deve cliccare sul pulsante &#8220;Genera&#8221;. Per annullare la creazione di un rapporto, l&#8217;utente deve cliccare sul pulsante &#8220;Annulla&#8221; o cliccare in un punto qualsiasi della finestra &#8220;Genera nuovo rapporto&#8221;. <\/p>\n<p><a href=\"https:\/\/www.fmsdocumentation.com\/wp-content\/uploads\/2017\/04\/202.png\"><img loading=\"lazy\" decoding=\"async\" class=\"alignnone wp-image-398 size-full\" src=\"https:\/\/www.fmsdocumentation.com\/wp-content\/uploads\/2017\/04\/202.png\" alt=\"\" width=\"569\" height=\"79\" srcset=\"https:\/\/www.fmsdocumentation.com\/wp-content\/uploads\/2017\/04\/202.png 569w, https:\/\/www.fmsdocumentation.com\/wp-content\/uploads\/2017\/04\/202-300x42.png 300w\" sizes=\"auto, (max-width: 569px) 100vw, 569px\" \/><\/a><\/p>\n<hr>\n<p><div class=\"alignleft\"><a href=\"https:\/\/www.fmsdocumentation.com\/it\/rapporto-sugli-eventi\/\" title=\"Rapporto sugli eventi\"><span class=\"arrow\">\u2039 &nbsp <\/span> Rapporto sugli eventi <\/a><\/div> <div class=\"alignright\"><a href=\"https:\/\/www.fmsdocumentation.com\/it\/rapporto-sulle-geozones\/\" title=\"Rapporto sulle Geozones\">Rapporto sulle Geozones <span class=\"arrow\"> &nbsp\u203a <\/span> <\/a><\/div><\/p>\n","protected":false},"excerpt":{"rendered":"<p>Rapporto sul serbatoio del carburante &#8211; questo tipo di rapporto si concentra principalmente sul consumo di carburante, sui rifornimenti, sugli scarichi e sulle varie fluttuazioni. La prima cosa che l&#8217;utente deve selezionare \u00e8 l&#8217;intervallo di date per il quale verr\u00e0 generato il rapporto. Intervallo di date &#8211; per selezionare una data l&#8217;utente deve cliccare su &hellip; <a href=\"https:\/\/www.fmsdocumentation.com\/it\/rapporto-sul-serbatoio-del-carburante\/\" class=\"more-link\">Continua a leggere <span class=\"screen-reader-text\">Rapporto sul serbatoio del carburante<\/span><\/a><\/p>\n","protected":false},"author":1,"featured_media":0,"parent":0,"menu_order":8,"comment_status":"closed","ping_status":"closed","template":"","meta":{"footnotes":""},"class_list":["post-13941","page","type-page","status-publish","hentry"],"_links":{"self":[{"href":"https:\/\/www.fmsdocumentation.com\/it\/wp-json\/wp\/v2\/pages\/13941","targetHints":{"allow":["GET"]}}],"collection":[{"href":"https:\/\/www.fmsdocumentation.com\/it\/wp-json\/wp\/v2\/pages"}],"about":[{"href":"https:\/\/www.fmsdocumentation.com\/it\/wp-json\/wp\/v2\/types\/page"}],"author":[{"embeddable":true,"href":"https:\/\/www.fmsdocumentation.com\/it\/wp-json\/wp\/v2\/users\/1"}],"replies":[{"embeddable":true,"href":"https:\/\/www.fmsdocumentation.com\/it\/wp-json\/wp\/v2\/comments?post=13941"}],"version-history":[{"count":0,"href":"https:\/\/www.fmsdocumentation.com\/it\/wp-json\/wp\/v2\/pages\/13941\/revisions"}],"wp:attachment":[{"href":"https:\/\/www.fmsdocumentation.com\/it\/wp-json\/wp\/v2\/media?parent=13941"}],"curies":[{"name":"wp","href":"https:\/\/api.w.org\/{rel}","templated":true}]}}