{"id":13943,"date":"2025-05-07T16:36:06","date_gmt":"2025-05-07T13:36:06","guid":{"rendered":"https:\/\/www.fmsdocumentation.com\/rapporto-sugli-eventi\/"},"modified":"2025-05-07T16:36:06","modified_gmt":"2025-05-07T13:36:06","slug":"rapporto-sugli-eventi","status":"publish","type":"page","link":"https:\/\/www.fmsdocumentation.com\/it\/rapporto-sugli-eventi\/","title":{"rendered":"Rapporto sugli eventi"},"content":{"rendered":"\n<p><strong>Rapporto sugli eventi<\/strong> &#8211; questo tipo di rapporto si concentra principalmente sugli eventi, sul tempo di attivazione, sulla durata e su altri parametri durante l&#8217;attivazione degli eventi.<\/p>\n\n<p><strong>Report basato su <\/strong>&#8211; questa impostazione definisce l&#8217;obiettivo principale del report. Sono disponibili due opzioni: <\/p>\n\n<ul class=\"wp-block-list\"><li>I conducenti<\/li><li>Oggetti<\/li><\/ul>\n\n<p>Il rapporto generato mostrer\u00e0 le informazioni<em>(parametri: distanza del viaggio, luogo di inizio lavoro, ecc.)<\/em> per l&#8217;obiettivo selezionato<em>(Autisti o Oggetti<\/em>). Se si selezionano gli <em>Oggetti<\/em>, il report mostrer\u00e0 le informazioni relative agli oggetti specificamente selezionati. <\/p>\n\n<p><strong>Oggetti\/Driver<\/strong> &#8211;<em>(dipende dalla selezione dell&#8217;opzione &#8220;Report based on&#8221;<\/em>) questo permette all&#8217;utente di scegliere per quali oggetti\/driver verr\u00e0 generato il report.<\/p>\n\n<p>Se si seleziona <em>Oggetti<\/em>, l&#8217;elenco conterr\u00e0 anche <strong>gruppi<\/strong> di oggetti. L&#8217;utente pu\u00f2 selezionare un intero gruppo contrassegnando la casella di controllo prima del gruppo o cliccare sul pulsante &#8220;+&#8221; per espandere il gruppo e vedere quali oggetti ne fanno parte. Per chiudere il gruppo, l&#8217;utente deve cliccare sul pulsante &#8220;-&#8220;. <strong>\u00c8 possibile selezionare singoli oggetti da un gruppo<\/strong>. \u00c8 importante notare che se viene selezionato un oggetto presente in pi\u00f9 gruppi, questo verr\u00e0 evidenziato in tutti i gruppi, come mostrato nell&#8217;immagine sottostante. Se \u00e8 selezionato un intero gruppo, la casella di controllo sar\u00e0 blu con un segno di spunta bianco. Se \u00e8 selezionata solo una parte del gruppo, il gruppo avr\u00e0 un quadrato blu nella casella di controllo. (come mostrato nell&#8217;immagine sottostante). L&#8217;utente pu\u00f2 anche utilizzare la ricerca per scorrere rapidamente un ampio elenco di oggetti e gruppi. Tutti i gruppi possono essere selezionati\/deselezionati selezionando la casella di controllo accanto a &#8220;Seleziona tutti i gruppi&#8221;. Il numero di oggetti selezionati e di oggetti totali viene visualizzato nell&#8217;angolo superiore destro dell&#8217;elenco.         <\/p>\n\n<figure class=\"wp-block-image is-resized\"><a href=\"https:\/\/www.fmsdocumentation.com\/wp-content\/uploads\/2018\/12\/281.png\"><img loading=\"lazy\" decoding=\"async\" src=\"https:\/\/www.fmsdocumentation.com\/wp-content\/uploads\/2018\/12\/281.png\" alt=\"\" class=\"wp-image-6727\" width=\"549\" height=\"297\" srcset=\"https:\/\/www.fmsdocumentation.com\/wp-content\/uploads\/2018\/12\/281.png 549w, https:\/\/www.fmsdocumentation.com\/wp-content\/uploads\/2018\/12\/281-300x162.png 300w\" sizes=\"auto, (max-width: 549px) 100vw, 549px\" \/><\/a><\/figure>\n\n<p>Se si seleziona <em>Driver<\/em>, i driver verranno visualizzati nell&#8217;elenco a discesa. Per selezionare un driver, l&#8217;utente deve selezionare la casella di controllo accanto al driver. Selezionando la casella di controllo accanto a &#8220;Seleziona tutti&#8221;, verranno selezionati\/deselezionati tutti i driver. L&#8217;elenco viene aggiornato automaticamente con ogni simbolo digitato nella barra di ricerca. Il numero di driver selezionati e il totale dei driver viene visualizzato nell&#8217;angolo superiore destro dell&#8217;elenco.    <\/p>\n\n<figure class=\"wp-block-image is-resized\"><a href=\"https:\/\/www.fmsdocumentation.com\/wp-content\/uploads\/2018\/12\/340.png\"><img loading=\"lazy\" decoding=\"async\" src=\"https:\/\/www.fmsdocumentation.com\/wp-content\/uploads\/2018\/12\/340.png\" alt=\"\" class=\"wp-image-6718\" width=\"549\" height=\"295\" srcset=\"https:\/\/www.fmsdocumentation.com\/wp-content\/uploads\/2018\/12\/340.png 549w, https:\/\/www.fmsdocumentation.com\/wp-content\/uploads\/2018\/12\/340-300x161.png 300w\" sizes=\"auto, (max-width: 549px) 100vw, 549px\" \/><\/a><\/figure>\n\n<p>Dopo aver selezionato gli oggetti o i driver, l&#8217;utente deve scegliere come raggruppare il report.<\/p>\n\n<p>Successivamente, l&#8217;utente pu\u00f2 selezionare per quali <strong>eventi<\/strong> verr\u00e0 generato il rapporto. Questo elenco funziona come quello dei conducenti. Se un evento non \u00e8 selezionato, non sar\u00e0 presente nel report.  <\/p>\n\n<p><strong>Raggruppa per<\/strong> &#8211; permette di definire in base a cosa verr\u00e0 raggruppato il report; per questo report \u00e8 disponibile la seguente selezione:<\/p>\n\n<ul class=\"wp-block-list\"><li>Giorno &#8211; i dati saranno raggruppati per giorni<\/li><li>Eventi &#8211; i dati saranno raggruppati per eventi<\/li><li>Oggetti &#8211; i dati saranno raggruppati per oggetti<\/li><\/ul>\n\n<p><strong>Intervallo di date<\/strong> &#8211; per selezionare una data l&#8217;utente deve cliccare su &#8220;Scegli intervallo di date&#8221; che aprir\u00e0 il pannello del calendario. Il pannello del calendario \u00e8 identico in tutti gli FMS. Per selezionare una data di inizio\/fine, l&#8217;utente deve semplicemente cliccare sulla data desiderata e poi sulla data opposta. I giorni selezionati saranno evidenziati in blu. Il giorno corrente \u00e8 evidenziato da un piccolo triangolo blu in alto a sinistra. Se il giorno corrente \u00e8 selezionato (evidenziato), il triangolo sar\u00e0 invertito in bianco. Successivamente, l&#8217;utente pu\u00f2 specificare da quale ora della data di inizio fino a quale ora della data di fine visualizzare lo storico. Per applicare le modifiche \u00e8 necessario cliccare sul pulsante &#8220;Applica&#8221;, altrimenti le modifiche non verranno salvate.       <\/p>\n\n<figure class=\"wp-block-image is-resized\"><a href=\"https:\/\/www.fmsdocumentation.com\/wp-content\/uploads\/2017\/04\/136-6.png\"><img loading=\"lazy\" decoding=\"async\" src=\"https:\/\/www.fmsdocumentation.com\/wp-content\/uploads\/2017\/04\/136-6.png\" alt=\"\" class=\"wp-image-1164\" width=\"486\" height=\"467\" srcset=\"https:\/\/www.fmsdocumentation.com\/wp-content\/uploads\/2017\/04\/136-6.png 503w, https:\/\/www.fmsdocumentation.com\/wp-content\/uploads\/2017\/04\/136-6-300x288.png 300w\" sizes=\"auto, (max-width: 486px) 100vw, 486px\" \/><\/a><\/figure>\n\n<p>L&#8217;intervallo minimo di date \u00e8 di un giorno. Per selezionare un giorno \u00e8 sufficiente fare doppio clic con il tasto sinistro del mouse sul giorno desiderato per selezionarlo. <\/p>\n\n<p>Dopo aver selezionato l&#8217;intervallo di date, viene visualizzato l&#8217;<strong>elenco delle colonne<\/strong>. Questo report includer\u00e0 i seguenti parametri per impostazione predefinita: <\/p>\n\n<ul class=\"wp-block-list\"><li>Nome dell&#8217;evento &#8211; titolo dell&#8217;evento, non pu\u00f2 essere deselezionato<\/li><li>Ora di inizio dell&#8217;evento &#8211; ora in cui \u00e8 iniziato l&#8217;evento, non pu\u00f2 essere deselezionata.<\/li><li>Durata &#8211; durata tra l&#8217;inizio e la fine dell&#8217;evento<\/li><li>Condizione dell&#8217;evento: mostra il valore che ha scatenato un evento.<\/li><\/ul>\n\n<p>Altri parametri che possono essere selezionati in aggiunta:<\/p>\n\n<ul class=\"wp-block-list\"><li>Coordinate alla fine &#8211; le coordinate del luogo in cui si \u00e8 concluso l&#8217;evento.<\/li><li>Coordinate di partenza &#8211; coordinate del luogo di partenza dell&#8217;evento<\/li><li>Driver &#8211; nome del driver<\/li><li>Ora di fine evento &#8211; ora in cui l&#8217;evento \u00e8 terminato<\/li><li>Posizione finale &#8211; posizione finale dell&#8217;evento<\/li><li>Posizione di partenza &#8211; posizione di partenza dell&#8217;evento<\/li><li>Chilometraggio alla fine &#8211; chilometraggio alla fine dell&#8217;evento<\/li><li>Chilometraggio alla partenza &#8211; chilometraggio all&#8217;inizio dell&#8217;evento<\/li><li>Nome dell&#8217;oggetto &#8211; nome dell&#8217;oggetto<\/li><li>Tipo di viaggio &#8211; il tipo di viaggio, se definito (aziendale o privato)<\/li><\/ul>\n\n<p>Infine, l&#8217;utente pu\u00f2 scegliere se abilitare il riepilogo del report.<\/p>\n\n<p><strong>Riepilogo del report<\/strong>: attivando questa opzione, il report includer\u00e0 una sezione di riepilogo. In questo modo verranno riassunte tutte le informazioni contenute nel rapporto ( <em>Ad esempio, il report Viaggi contiene un lungo elenco di tutti i viaggi. Il riepilogo visualizzer\u00e0 una somma per ogni colonna, come &#8220;durata del lavoro&#8221;, &#8220;durata della sosta<em>&#8220;<\/em> ecc. <\/em>). Questa opzione \u00e8 disattivata per impostazione predefinita.<\/p>\n\n<figure class=\"wp-block-image is-resized\"><a href=\"https:\/\/www.fmsdocumentation.com\/wp-content\/uploads\/2020\/08\/201.png\"><img loading=\"lazy\" decoding=\"async\" src=\"https:\/\/www.fmsdocumentation.com\/wp-content\/uploads\/2020\/08\/201-1024x447.png\" alt=\"\" class=\"wp-image-9499\" width=\"564\" height=\"246\" srcset=\"https:\/\/www.fmsdocumentation.com\/wp-content\/uploads\/2020\/08\/201-1024x447.png 1024w, https:\/\/www.fmsdocumentation.com\/wp-content\/uploads\/2020\/08\/201-300x131.png 300w, https:\/\/www.fmsdocumentation.com\/wp-content\/uploads\/2020\/08\/201-768x335.png 768w, https:\/\/www.fmsdocumentation.com\/wp-content\/uploads\/2020\/08\/201.png 1490w\" sizes=\"auto, (max-width: 564px) 100vw, 564px\" \/><\/a><\/figure>\n\n<p>Per finalizzare e generare il report, l&#8217;utente deve cliccare sul pulsante <strong>Genera<\/strong>. Per annullare la creazione di un report, l&#8217;utente deve cliccare sul pulsante <strong>Annulla<\/strong>. <\/p>\n\n<figure class=\"wp-block-image is-resized\"><a href=\"https:\/\/www.fmsdocumentation.com\/wp-content\/uploads\/2017\/04\/202.png\"><img loading=\"lazy\" decoding=\"async\" src=\"https:\/\/www.fmsdocumentation.com\/wp-content\/uploads\/2017\/04\/202.png\" alt=\"\" class=\"wp-image-398\" width=\"555\" height=\"77\" srcset=\"https:\/\/www.fmsdocumentation.com\/wp-content\/uploads\/2017\/04\/202.png 569w, https:\/\/www.fmsdocumentation.com\/wp-content\/uploads\/2017\/04\/202-300x42.png 300w\" sizes=\"auto, (max-width: 555px) 100vw, 555px\" \/><\/a><\/figure>\n\n<hr class=\"wp-block-separator\"\/>\n\n<p><div class=\"alignleft\"><a href=\"https:\/\/www.fmsdocumentation.com\/it\/rapporto-eco-drive\/\" title=\"Rapporto Eco-Drive\"><span class=\"arrow\">\u2039 &nbsp <\/span> Rapporto Eco-Drive <\/a><\/div> <div class=\"alignright\"><a href=\"https:\/\/www.fmsdocumentation.com\/it\/rapporto-sul-serbatoio-del-carburante\/\" title=\"Rapporto sul serbatoio del carburante\">Rapporto sul serbatoio del carburante <span class=\"arrow\"> &nbsp\u203a <\/span> <\/a><\/div><\/p>\n","protected":false},"excerpt":{"rendered":"<p>Rapporto sugli eventi &#8211; questo tipo di rapporto si concentra principalmente sugli eventi, sul tempo di attivazione, sulla durata e su altri parametri durante l&#8217;attivazione degli eventi. Report basato su &#8211; questa impostazione definisce l&#8217;obiettivo principale del report. Sono disponibili due opzioni: I conducenti Oggetti Il rapporto generato mostrer\u00e0 le informazioni(parametri: distanza del viaggio, luogo &hellip; <a href=\"https:\/\/www.fmsdocumentation.com\/it\/rapporto-sugli-eventi\/\" class=\"more-link\">Continua a leggere <span class=\"screen-reader-text\">Rapporto sugli eventi<\/span><\/a><\/p>\n","protected":false},"author":1,"featured_media":0,"parent":0,"menu_order":7,"comment_status":"closed","ping_status":"closed","template":"","meta":{"footnotes":""},"class_list":["post-13943","page","type-page","status-publish","hentry"],"_links":{"self":[{"href":"https:\/\/www.fmsdocumentation.com\/it\/wp-json\/wp\/v2\/pages\/13943","targetHints":{"allow":["GET"]}}],"collection":[{"href":"https:\/\/www.fmsdocumentation.com\/it\/wp-json\/wp\/v2\/pages"}],"about":[{"href":"https:\/\/www.fmsdocumentation.com\/it\/wp-json\/wp\/v2\/types\/page"}],"author":[{"embeddable":true,"href":"https:\/\/www.fmsdocumentation.com\/it\/wp-json\/wp\/v2\/users\/1"}],"replies":[{"embeddable":true,"href":"https:\/\/www.fmsdocumentation.com\/it\/wp-json\/wp\/v2\/comments?post=13943"}],"version-history":[{"count":1,"href":"https:\/\/www.fmsdocumentation.com\/it\/wp-json\/wp\/v2\/pages\/13943\/revisions"}],"predecessor-version":[{"id":13945,"href":"https:\/\/www.fmsdocumentation.com\/it\/wp-json\/wp\/v2\/pages\/13943\/revisions\/13945"}],"wp:attachment":[{"href":"https:\/\/www.fmsdocumentation.com\/it\/wp-json\/wp\/v2\/media?parent=13943"}],"curies":[{"name":"wp","href":"https:\/\/api.w.org\/{rel}","templated":true}]}}