{"id":13948,"date":"2025-05-07T16:36:09","date_gmt":"2025-05-07T13:36:09","guid":{"rendered":"https:\/\/www.fmsdocumentation.com\/installazione-e-login-di-ontrack\/i-miei-compiti\/"},"modified":"2025-05-07T16:36:09","modified_gmt":"2025-05-07T13:36:09","slug":"i-miei-compiti","status":"publish","type":"page","link":"https:\/\/www.fmsdocumentation.com\/it\/installazione-e-login-di-ontrack\/i-miei-compiti\/","title":{"rendered":"I miei compiti"},"content":{"rendered":"<p>Dopo il login, l&#8217;utente viene indirizzato al pannello &#8220;Le mie attivit\u00e0&#8221; e al TAB &#8220;Le mie attivit\u00e0&#8221;. Il nome del pannello corrente \u00e8 sempre visualizzato in alto. Il TAB attualmente selezionato \u00e8 evidenziato in bianco (mentre gli altri sono in grigio) e il TAB \u00e8 contrassegnato da una barra blu. In questo pannello sono disponibili tre TAB:   <\/p>\n<ul>\n<li>I miei compiti &#8211; Contiene un elenco di compiti ricevuti dall&#8217;operatore; i compiti possono essere creati, assegnati e modificati nel pannello &#8220;Compiti&#8221; dell&#8217;FMS. Descritti nella sezione<a href=\"https:\/\/www.fmsdocumentation.com\/creating-new-tasks\/\">&#8220;Compiti<\/a>&#8220;. <\/li>\n<li>Completato &#8211; In questo TAB vengono visualizzate le attivit\u00e0 gi\u00e0 accettate e completate. Questo pannello serve soprattutto per rivedere le vecchie attivit\u00e0. <\/li>\n<li>Annullati &#8211; In questo TAB vengono visualizzati i compiti annullati dal conducente. Questo pannello serve principalmente per rivedere i vecchi compiti. <\/li>\n<\/ul>\n<p style=\"background-color: #2e67b1; color: #ffffff; padding-left: 10px; padding-right: 10px;\"><p class=\"note\">Nota<br \/>\nDopo che il driver ha avviato l&#8217;avanzamento di un&#8217;attivit\u00e0, questa non pu\u00f2 essere modificata e pu\u00f2 essere completata o annullata. Se un&#8217;attivit\u00e0 viene annullata, non pu\u00f2 essere accettata in seguito. Se un&#8217;attivit\u00e0 viene completata, non \u00e8 pi\u00f9 possibile modificarla.  <\/p><\/p>\n<p><a href=\"https:\/\/www.fmsdocumentation.com\/wp-content\/uploads\/2017\/04\/181.png\"><img loading=\"lazy\" decoding=\"async\" class=\"alignnone wp-image-294 size-medium\" src=\"https:\/\/www.fmsdocumentation.com\/wp-content\/uploads\/2017\/04\/181-300x255.png\" alt=\"\" width=\"300\" height=\"255\" srcset=\"https:\/\/www.fmsdocumentation.com\/wp-content\/uploads\/2017\/04\/181-300x255.png 300w, https:\/\/www.fmsdocumentation.com\/wp-content\/uploads\/2017\/04\/181.png 720w\" sizes=\"auto, (max-width: 300px) 100vw, 300px\" \/><\/a><\/p>\n<p>Ogni attivit\u00e0 nell&#8217;elenco mostra le informazioni di base:<\/p>\n<ol>\n<li>Indirizzo completo della destinazione;<\/li>\n<li>Data e ora di arrivo;<\/li>\n<li>Letto\/non letto &#8211; se l&#8217;attivit\u00e0 \u00e8 nuova e non \u00e8 ancora stata letta, verr\u00e0 visualizzato un punto grigio alla sua destra. Se un&#8217;attivit\u00e0 \u00e8 stata letta, non verr\u00e0 visualizzato alcun punto. <\/li>\n<\/ol>\n<p><a href=\"https:\/\/www.fmsdocumentation.com\/wp-content\/uploads\/2017\/04\/225.png\"><img loading=\"lazy\" decoding=\"async\" class=\"alignnone wp-image-432 size-medium\" src=\"https:\/\/www.fmsdocumentation.com\/wp-content\/uploads\/2017\/04\/225-300x193.png\" alt=\"\" width=\"300\" height=\"193\" srcset=\"https:\/\/www.fmsdocumentation.com\/wp-content\/uploads\/2017\/04\/225-300x193.png 300w, https:\/\/www.fmsdocumentation.com\/wp-content\/uploads\/2017\/04\/225.png 720w\" sizes=\"auto, (max-width: 300px) 100vw, 300px\" \/><\/a><\/p>\n<p><p class=\"note\">Nota<br \/>\nLa data di arrivo non pone alcuna limitazione al cambio di stato oltre tale data. (<em>Ad esempio: la data stabilita \u00e8 <sup>il<\/sup> 10 novembre, ma l&#8217;autista \u00e8 arrivato <sup>il<\/sup> 15 novembre. L&#8217;autista pu\u00f2 comunque contrassegnare l&#8217;attivit\u00e0 come completata. Altro esempio: La data di arrivo \u00e8 <sup>il<\/sup> 10 novembre, il giorno corrente \u00e8 l <sup>&#8216;<\/sup>11 novembre, l&#8217;autista pu\u00f2 rifiutare l&#8217;attivit\u00e0 se lo desidera.  <\/em>)<\/p><\/p>\n<p>Le attivit\u00e0 possono essere espanse per visualizzare ulteriori informazioni. Per farlo, l&#8217;utente deve semplicemente cliccare sull&#8217;attivit\u00e0 che aprir\u00e0 un nuovo pannello con i dettagli dell&#8217;attivit\u00e0 selezionata. Questo pannello conterr\u00e0 le seguenti informazioni:  <\/p>\n<ul>\n<li>Mappa con posizione attuale, posizione di partenza e posizione di destinazione;<\/li>\n<li>Distanza dalla posizione di partenza alla posizione di destinazione;<\/li>\n<li>Data e ora di arrivo;<\/li>\n<li>Durata stimata del viaggio dalla localit\u00e0 di partenza alla localit\u00e0 di destinazione.<\/li>\n<li>Indirizzo della localit\u00e0 di partenza;<\/li>\n<li>Indirizzo della localit\u00e0 di destinazione;<\/li>\n<li>Note aggiuntive &#8211; Qui il conducente vedr\u00e0 le informazioni aggiuntive che l&#8217;operatore ha allegato all&#8217;attivit\u00e0 (limite di 250 caratteri), come descritto nella sezione<a href=\"https:\/\/www.fmsdocumentation.com\/tasks-menu\/creating-new-tasks\/\">&#8220;Creare nuove attivit\u00e0<\/a>&#8220;.<\/li>\n<li>Simbolo di percorso <img loading=\"lazy\" decoding=\"async\" class=\"alignnone wp-image-651\" src=\"https:\/\/www.fmsdocumentation.com\/wp-content\/uploads\/2017\/04\/183-1.png\" alt=\"\" width=\"43\" height=\"42\"> &#8211; genera un percorso dalla posizione attuale a quella di destinazione utilizzando il sistema di navigazione integrato nel dispositivo dell&#8217;utente<em>(ad esempio: google maps, ecc.<\/em>);<\/li>\n<li>Rifiuta &#8211; Contrassegna l&#8217;attivit\u00e0 come rifiutata;<\/li>\n<li>Avvia &#8211; Contrassegna l&#8217;attivit\u00e0 come in corso (l&#8217;attivit\u00e0 pu\u00f2 essere annullata dopo l&#8217;avvio dell&#8217;avanzamento);<\/li>\n<li>Completato &#8211; Contrassegna l&#8217;attivit\u00e0 come completata (viene visualizzata solo dopo che \u00e8 stato cliccato l&#8217;avvio).<\/li>\n<\/ul>\n<p><a href=\"https:\/\/www.fmsdocumentation.com\/wp-content\/uploads\/2017\/04\/184-2.png\"><img loading=\"lazy\" decoding=\"async\" class=\"alignnone wp-image-652 size-medium\" src=\"https:\/\/www.fmsdocumentation.com\/wp-content\/uploads\/2017\/04\/184-2-189x300.png\" alt=\"\" width=\"189\" height=\"300\" srcset=\"https:\/\/www.fmsdocumentation.com\/wp-content\/uploads\/2017\/04\/184-2-189x300.png 189w, https:\/\/www.fmsdocumentation.com\/wp-content\/uploads\/2017\/04\/184-2-647x1024.png 647w, https:\/\/www.fmsdocumentation.com\/wp-content\/uploads\/2017\/04\/184-2.png 720w\" sizes=\"auto, (max-width: 189px) 100vw, 189px\" \/><\/a><\/p>\n<p>Per uscire dal pannello di visualizzazione estesa, basta cliccare sulla piccola freccia a sinistra in alto a sinistra dello schermo; in questo modo l&#8217;utente torner\u00e0 al pannello &#8220;I miei compiti&#8221;&#8221;.<\/p>\n<p><img loading=\"lazy\" decoding=\"async\" class=\"wp-image-653 size-medium alignnone\" src=\"https:\/\/www.fmsdocumentation.com\/wp-content\/uploads\/2017\/04\/185-1-300x46.png\" alt=\"\" width=\"300\" height=\"46\" srcset=\"https:\/\/www.fmsdocumentation.com\/wp-content\/uploads\/2017\/04\/185-1-300x46.png 300w, https:\/\/www.fmsdocumentation.com\/wp-content\/uploads\/2017\/04\/185-1.png 720w\" sizes=\"auto, (max-width: 300px) 100vw, 300px\" \/><\/p>\n<p>TAB <strong>Completati<\/strong> e <b>Annullati<\/b> &#8211; sono sostanzialmente identici al TAB &#8220;I miei compiti&#8221;, tutti i compiti sono visualizzati in un elenco e tutti i compiti possono essere cliccati per espandere la vista. L&#8217;unica differenza \u00e8 l&#8217;assenza dei pulsanti &#8220;Rifiuta&#8221; e &#8220;Completato&#8221; e del pulsante di percorso. <\/p>\n<p><a href=\"https:\/\/www.fmsdocumentation.com\/wp-content\/uploads\/2017\/04\/186-1.png\"><img loading=\"lazy\" decoding=\"async\" class=\"alignnone wp-image-655 size-medium\" src=\"https:\/\/www.fmsdocumentation.com\/wp-content\/uploads\/2017\/04\/186-1-189x300.png\" alt=\"\" width=\"189\" height=\"300\" srcset=\"https:\/\/www.fmsdocumentation.com\/wp-content\/uploads\/2017\/04\/186-1-189x300.png 189w, https:\/\/www.fmsdocumentation.com\/wp-content\/uploads\/2017\/04\/186-1-647x1024.png 647w, https:\/\/www.fmsdocumentation.com\/wp-content\/uploads\/2017\/04\/186-1.png 720w\" sizes=\"auto, (max-width: 189px) 100vw, 189px\" \/><\/a><\/p>\n<hr>\n<p> <div class=\"alignright\"><a href=\"https:\/\/www.fmsdocumentation.com\/it\/abbonamenti-ai-report\/\" title=\"Abbonamenti ai report\">Abbonamenti ai report <span class=\"arrow\"> &nbsp\u203a <\/span> <\/a><\/div><\/p>\n","protected":false},"excerpt":{"rendered":"<p>Dopo il login, l&#8217;utente viene indirizzato al pannello &#8220;Le mie attivit\u00e0&#8221; e al TAB &#8220;Le mie attivit\u00e0&#8221;. Il nome del pannello corrente \u00e8 sempre visualizzato in alto. Il TAB attualmente selezionato \u00e8 evidenziato in bianco (mentre gli altri sono in grigio) e il TAB \u00e8 contrassegnato da una barra blu. In questo pannello sono disponibili &hellip; <a href=\"https:\/\/www.fmsdocumentation.com\/it\/installazione-e-login-di-ontrack\/i-miei-compiti\/\" class=\"more-link\">Continua a leggere <span class=\"screen-reader-text\">I miei compiti<\/span><\/a><\/p>\n","protected":false},"author":1,"featured_media":0,"parent":13937,"menu_order":3,"comment_status":"closed","ping_status":"closed","template":"","meta":{"footnotes":""},"class_list":["post-13948","page","type-page","status-publish","hentry"],"_links":{"self":[{"href":"https:\/\/www.fmsdocumentation.com\/it\/wp-json\/wp\/v2\/pages\/13948","targetHints":{"allow":["GET"]}}],"collection":[{"href":"https:\/\/www.fmsdocumentation.com\/it\/wp-json\/wp\/v2\/pages"}],"about":[{"href":"https:\/\/www.fmsdocumentation.com\/it\/wp-json\/wp\/v2\/types\/page"}],"author":[{"embeddable":true,"href":"https:\/\/www.fmsdocumentation.com\/it\/wp-json\/wp\/v2\/users\/1"}],"replies":[{"embeddable":true,"href":"https:\/\/www.fmsdocumentation.com\/it\/wp-json\/wp\/v2\/comments?post=13948"}],"version-history":[{"count":0,"href":"https:\/\/www.fmsdocumentation.com\/it\/wp-json\/wp\/v2\/pages\/13948\/revisions"}],"up":[{"embeddable":true,"href":"https:\/\/www.fmsdocumentation.com\/it\/wp-json\/wp\/v2\/pages\/13937"}],"wp:attachment":[{"href":"https:\/\/www.fmsdocumentation.com\/it\/wp-json\/wp\/v2\/media?parent=13948"}],"curies":[{"name":"wp","href":"https:\/\/api.w.org\/{rel}","templated":true}]}}