{"id":13951,"date":"2025-05-07T16:36:46","date_gmt":"2025-05-07T13:36:46","guid":{"rendered":"https:\/\/www.fmsdocumentation.com\/rapporto-di-viaggio\/"},"modified":"2025-05-07T16:36:48","modified_gmt":"2025-05-07T13:36:48","slug":"rapporto-di-viaggio","status":"publish","type":"page","link":"https:\/\/www.fmsdocumentation.com\/it\/rapporto-di-viaggio\/","title":{"rendered":"Rapporto di viaggio"},"content":{"rendered":"\n<p><strong>Rapporto di riepilogo viaggi<\/strong> &#8211; si concentra principalmente sul riepilogo dei viaggi, del chilometraggio, delle localit\u00e0 di inizio e fine lavoro e simili. La prima cosa che l&#8217;utente deve selezionare \u00e8 l&#8217;intervallo di date per il quale verr\u00e0 generato il report. <\/p>\n\n<p><strong>Intervallo di date<\/strong> &#8211; per selezionare una data l&#8217;utente deve cliccare su &#8220;Scegli intervallo di date&#8221; che aprir\u00e0 il pannello del calendario. Il pannello del calendario \u00e8 identico in tutti gli FMS. Per selezionare una data di inizio\/fine, l&#8217;utente deve semplicemente cliccare sulla data desiderata e poi sulla data opposta. I giorni selezionati saranno evidenziati in blu. Il giorno corrente \u00e8 evidenziato da un piccolo triangolo blu in alto a sinistra. Se il giorno corrente \u00e8 selezionato (evidenziato), il triangolo sar\u00e0 invertito in bianco. L&#8217;intervallo massimo di date \u00e8 di 6 mesi. Una volta selezionata una data, questa verr\u00e0 visualizzata nel pannello di riepilogo del report.       <\/p>\n\n<figure class=\"wp-block-image\"><a href=\"https:\/\/www.fmsdocumentation.com\/wp-content\/uploads\/2017\/04\/136.png\"><img loading=\"lazy\" decoding=\"async\" width=\"465\" height=\"463\" src=\"https:\/\/www.fmsdocumentation.com\/wp-content\/uploads\/2017\/04\/136.png\" alt=\"\" class=\"wp-image-233\" srcset=\"https:\/\/www.fmsdocumentation.com\/wp-content\/uploads\/2017\/04\/136.png 465w, https:\/\/www.fmsdocumentation.com\/wp-content\/uploads\/2017\/04\/136-150x150.png 150w, https:\/\/www.fmsdocumentation.com\/wp-content\/uploads\/2017\/04\/136-300x300.png 300w\" sizes=\"auto, (max-width: 465px) 100vw, 465px\" \/><\/a><\/figure>\n\n<p>L&#8217;intervallo minimo di date \u00e8 di un giorno. Per selezionare un giorno \u00e8 sufficiente fare doppio clic con il tasto sinistro del mouse sul giorno desiderato per selezionarlo.  In seguito, l&#8217;utente deve selezionare in base a cosa verr\u00e0 generato il report.<\/p>\n\n<p><strong>Report basato su <\/strong>&#8211; questa impostazione definisce l&#8217;obiettivo principale del report. Sono disponibili due opzioni: <\/p>\n\n<ul class=\"wp-block-list\"><li>Driver;<\/li><li>Oggetti.<\/li><\/ul>\n\n<p>Ci\u00f2 che fa esattamente \u00e8 che il report generato mostrer\u00e0 le informazioni<em>(parametri: distanza del viaggio, luogo di inizio lavoro, ecc.)<\/em> per l&#8217;obiettivo selezionato<em>(Autisti o Oggetti <\/em>). Quindi, se sono selezionati gli Oggetti, il report mostrer\u00e0 le informazioni relative agli oggetti specificamente selezionati. <\/p>\n\n<p><strong>Oggetti\/Driver<\/strong> &#8211;<em>(dipende dalla selezione dell&#8217;opzione &#8220;Report based on&#8221;<\/em>) questo permette all&#8217;utente di scegliere per quali oggetti\/driver verr\u00e0 generato il report.<\/p>\n\n<p>Se si seleziona <em>Oggetti<\/em>, l&#8217;elenco conterr\u00e0 anche <strong>gruppi<\/strong> di oggetti. L&#8217;utente pu\u00f2 selezionare un intero gruppo contrassegnando la casella di controllo prima del gruppo o cliccare sul pulsante &#8220;+&#8221; per espandere il gruppo e vedere quali oggetti ne fanno parte. Per chiudere il gruppo, l&#8217;utente deve cliccare sul pulsante &#8220;-&#8220;. \u00c8 possibile selezionare singoli oggetti da un gruppo. \u00c8 importante notare che se viene selezionato un oggetto presente in pi\u00f9 gruppi, questo verr\u00e0 evidenziato in tutti i gruppi, come mostrato nell&#8217;immagine sottostante. Se \u00e8 selezionato un intero gruppo, la casella di controllo sar\u00e0 blu con un segno di spunta bianco. Se \u00e8 selezionata solo una parte del gruppo, il gruppo avr\u00e0 un quadrato blu nella casella di controllo. (come mostrato nell&#8217;immagine sottostante). L&#8217;utente pu\u00f2 anche utilizzare la ricerca per scorrere rapidamente un ampio elenco di oggetti e gruppi. Tutti i gruppi possono essere selezionati\/deselezionati selezionando la casella di controllo accanto a &#8220;Seleziona tutti i gruppi&#8221;. Il numero di oggetti selezionati e di oggetti totali viene visualizzato nell&#8217;angolo superiore destro dell&#8217;elenco.          <\/p>\n\n<figure class=\"wp-block-image\"><a href=\"https:\/\/www.fmsdocumentation.com\/wp-content\/uploads\/2018\/12\/281.png\"><img loading=\"lazy\" decoding=\"async\" width=\"549\" height=\"297\" src=\"https:\/\/www.fmsdocumentation.com\/wp-content\/uploads\/2018\/12\/281.png\" alt=\"\" class=\"wp-image-6727\" srcset=\"https:\/\/www.fmsdocumentation.com\/wp-content\/uploads\/2018\/12\/281.png 549w, https:\/\/www.fmsdocumentation.com\/wp-content\/uploads\/2018\/12\/281-300x162.png 300w\" sizes=\"auto, (max-width: 549px) 100vw, 549px\" \/><\/a><\/figure>\n\n<p>Se si seleziona <em>Driver<\/em>, i driver verranno visualizzati nell&#8217;elenco a discesa. Per selezionare un driver, l&#8217;utente deve selezionare la casella di controllo accanto al driver. Selezionando la casella di controllo accanto a <strong>Seleziona tutto<\/strong>, verranno selezionati\/deselezionati tutti i driver. L&#8217;elenco viene aggiornato automaticamente con ogni simbolo digitato nella barra di ricerca. Il numero di driver selezionati e il totale dei driver viene visualizzato nell&#8217;angolo superiore destro dell&#8217;elenco.    <\/p>\n\n<figure class=\"wp-block-image\"><a href=\"https:\/\/www.fmsdocumentation.com\/wp-content\/uploads\/2018\/12\/340.png\"><img loading=\"lazy\" decoding=\"async\" width=\"549\" height=\"295\" src=\"https:\/\/www.fmsdocumentation.com\/wp-content\/uploads\/2018\/12\/340.png\" alt=\"\" class=\"wp-image-6718\" srcset=\"https:\/\/www.fmsdocumentation.com\/wp-content\/uploads\/2018\/12\/340.png 549w, https:\/\/www.fmsdocumentation.com\/wp-content\/uploads\/2018\/12\/340-300x161.png 300w\" sizes=\"auto, (max-width: 549px) 100vw, 549px\" \/><\/a><\/figure>\n\n<p>Dopo aver selezionato gli oggetti\/driver, l&#8217;utente deve selezionare i parametri nell&#8217;<strong>elenco delle colonne<\/strong>. Questo report includer\u00e0 i seguenti parametri per impostazione predefinita: <\/p>\n\n<ul class=\"wp-block-list\"><li>Data &#8211; data e giorno della settimana, quando una voce contiene alcuni dati. non pu\u00f2 essere deselezionata; <\/li><li>Data inizio lavoro &#8211; data e ora della prima accensione di un giorno, pu\u00f2 essere deselezionata;<\/li><li>Luogo di inizio lavoro &#8211; indirizzo del veicolo quando l&#8217;accensione \u00e8 stata avviata per la prima volta durante un giorno. non pu\u00f2 essere deselezionato; <\/li><li>Data di fine lavoro &#8211; data e ora dell&#8217;ultima accensione di un giorno, pu\u00f2 essere deselezionata;<\/li><li>Luogo di fine lavoro &#8211; indirizzo del veicolo quando l&#8217;accensione \u00e8 stata spenta per l&#8217;ultima volta durante il giorno. non pu\u00f2 essere deselezionato; <\/li><li>Chilometraggio all&#8217;inizio &#8211; chilometraggio all&#8217;inizio di una giornata lavorativa, pu\u00f2 essere deselezionato;<\/li><li>Chilometraggio alla fine &#8211; chilometraggio alla fine della giornata lavorativa, pu\u00f2 essere deselezionato;<\/li><li>Chilometraggio superato &#8211; chilometraggio percorso durante la giornata lavorativa, pu\u00f2 essere deselezionato;<\/li><li>Carburante consumato &#8211; quantit\u00e0 di carburante consumato durante la giornata lavorativa in litri, pu\u00f2 essere deselezionato;<\/li><li>Consumo medio di carburante.<\/li><\/ul>\n\n<p>Parametri opzionali che possono essere selezionati:<\/p>\n\n<ul class=\"wp-block-list\"><li>Chilometraggio per viaggi di lavoro;<\/li><li>Firma del conducente &#8211; include un campo vuoto nel rapporto in cui il conducente pu\u00f2 lasciare una firma;<\/li><li>Driver &#8211; nome del driver;<\/li><li>Durata del funzionamento al minimo;<\/li><li>Chilometraggio per viaggi privati;<\/li><li>Durata totale del lavoro: il totale delle ore di lavoro per tutti i giorni selezionati;<\/li><li>Chilometraggio del viaggio di lavoro;<\/li><li>Orario di lavoro: la durata della giornata lavorativa;<\/li><li>Orario di lavoro di stop &#8211; periodi in cui l&#8217;accensione \u00e8 stata spenta durante l&#8217;orario di lavoro.<\/li><\/ul>\n\n<p>Dopo aver selezionato i parametri nell&#8217;elenco delle colonne, l&#8217;utente pu\u00f2 attivare o disattivare il riepilogo del report.<\/p>\n\n<p><strong>Mostra i giorni senza voci<\/strong> &#8211; disattivato per impostazione predefinita; includer\u00e0 nel report i giorni senza voci.<\/p>\n\n<p><strong>Mostra numero di targa<\/strong> &#8211; disattivata per impostazione predefinita; questa opzione includer\u00e0 il numero di targa del veicolo nel rapporto.<\/p>\n\n<p><strong>Mostra il riepilogo del rapporto <\/strong>&#8211; abilitata per impostazione predefinita; questa opzione include una sezione di riepilogo nel rapporto. Questa sezione riassume tutte le informazioni contenute nel rapporto<strong>. <\/strong>Dopo la selezione del riepilogo del rapporto, l&#8217;utente pu\u00f2 scegliere di mostrare i giorni senza voci. <\/p>\n\n<figure class=\"wp-block-image\"><a href=\"https:\/\/www.fmsdocumentation.com\/wp-content\/uploads\/2020\/08\/205.png\"><img loading=\"lazy\" decoding=\"async\" width=\"1024\" height=\"514\" src=\"https:\/\/www.fmsdocumentation.com\/wp-content\/uploads\/2020\/08\/205-1024x514.png\" alt=\"\" class=\"wp-image-9493\" srcset=\"https:\/\/www.fmsdocumentation.com\/wp-content\/uploads\/2020\/08\/205-1024x514.png 1024w, https:\/\/www.fmsdocumentation.com\/wp-content\/uploads\/2020\/08\/205-300x151.png 300w, https:\/\/www.fmsdocumentation.com\/wp-content\/uploads\/2020\/08\/205-768x385.png 768w, https:\/\/www.fmsdocumentation.com\/wp-content\/uploads\/2020\/08\/205.png 1495w\" sizes=\"auto, (max-width: 1024px) 100vw, 1024px\" \/><\/a><\/figure>\n\n<p>Per finalizzare e generare il rapporto, l&#8217;utente deve cliccare sul pulsante <strong>Genera<\/strong>. Per annullare la creazione di un report, l&#8217;utente deve cliccare sul pulsante <strong>Annulla<\/strong>. <\/p>\n\n<figure class=\"wp-block-image\"><a href=\"https:\/\/www.fmsdocumentation.com\/wp-content\/uploads\/2017\/04\/202.png\"><img loading=\"lazy\" decoding=\"async\" width=\"569\" height=\"79\" src=\"https:\/\/www.fmsdocumentation.com\/wp-content\/uploads\/2017\/04\/202.png\" alt=\"\" class=\"wp-image-398\" srcset=\"https:\/\/www.fmsdocumentation.com\/wp-content\/uploads\/2017\/04\/202.png 569w, https:\/\/www.fmsdocumentation.com\/wp-content\/uploads\/2017\/04\/202-300x42.png 300w\" sizes=\"auto, (max-width: 569px) 100vw, 569px\" \/><\/a><\/figure>\n\n<hr class=\"wp-block-separator\"\/>\n\n<p><div class=\"alignleft\"><a href=\"https:\/\/www.fmsdocumentation.com\/it\/rapporto-sulle-temperature\/\" title=\"Rapporto sulle temperature\"><span class=\"arrow\">\u2039 &nbsp <\/span> Rapporto sulle temperature <\/a><\/div> <div class=\"alignright\"><a href=\"https:\/\/www.fmsdocumentation.com\/it\/rapporto-sui-viaggi\/\" title=\"Rapporto sui viaggi\">Rapporto sui viaggi <span class=\"arrow\"> &nbsp\u203a <\/span> <\/a><\/div><\/p>\n","protected":false},"excerpt":{"rendered":"<p>Rapporto di riepilogo viaggi &#8211; si concentra principalmente sul riepilogo dei viaggi, del chilometraggio, delle localit\u00e0 di inizio e fine lavoro e simili. La prima cosa che l&#8217;utente deve selezionare \u00e8 l&#8217;intervallo di date per il quale verr\u00e0 generato il report. Intervallo di date &#8211; per selezionare una data l&#8217;utente deve cliccare su &#8220;Scegli intervallo &hellip; <a href=\"https:\/\/www.fmsdocumentation.com\/it\/rapporto-di-viaggio\/\" class=\"more-link\">Continua a leggere <span class=\"screen-reader-text\">Rapporto di viaggio<\/span><\/a><\/p>\n","protected":false},"author":1,"featured_media":0,"parent":0,"menu_order":12,"comment_status":"closed","ping_status":"closed","template":"","meta":{"footnotes":""},"class_list":["post-13951","page","type-page","status-publish","hentry"],"_links":{"self":[{"href":"https:\/\/www.fmsdocumentation.com\/it\/wp-json\/wp\/v2\/pages\/13951","targetHints":{"allow":["GET"]}}],"collection":[{"href":"https:\/\/www.fmsdocumentation.com\/it\/wp-json\/wp\/v2\/pages"}],"about":[{"href":"https:\/\/www.fmsdocumentation.com\/it\/wp-json\/wp\/v2\/types\/page"}],"author":[{"embeddable":true,"href":"https:\/\/www.fmsdocumentation.com\/it\/wp-json\/wp\/v2\/users\/1"}],"replies":[{"embeddable":true,"href":"https:\/\/www.fmsdocumentation.com\/it\/wp-json\/wp\/v2\/comments?post=13951"}],"version-history":[{"count":1,"href":"https:\/\/www.fmsdocumentation.com\/it\/wp-json\/wp\/v2\/pages\/13951\/revisions"}],"predecessor-version":[{"id":13953,"href":"https:\/\/www.fmsdocumentation.com\/it\/wp-json\/wp\/v2\/pages\/13951\/revisions\/13953"}],"wp:attachment":[{"href":"https:\/\/www.fmsdocumentation.com\/it\/wp-json\/wp\/v2\/media?parent=13951"}],"curies":[{"name":"wp","href":"https:\/\/api.w.org\/{rel}","templated":true}]}}