{"id":13954,"date":"2025-05-07T16:36:47","date_gmt":"2025-05-07T13:36:47","guid":{"rendered":"https:\/\/www.fmsdocumentation.com\/rapporto-sulle-temperature\/"},"modified":"2025-05-07T16:36:47","modified_gmt":"2025-05-07T13:36:47","slug":"rapporto-sulle-temperature","status":"publish","type":"page","link":"https:\/\/www.fmsdocumentation.com\/it\/rapporto-sulle-temperature\/","title":{"rendered":"Rapporto sulle temperature"},"content":{"rendered":"<p><strong>Rapporto sulle temperature<\/strong> &#8211; questo tipo di rapporto si concentra principalmente sui dati provenienti dai sensori di temperatura. La prima cosa che l&#8217;utente deve selezionare \u00e8 l&#8217;intervallo di date per il quale verr\u00e0 generato il report. <\/p>\n<p><strong>Intervallo di date<\/strong> &#8211; per selezionare una data l&#8217;utente deve cliccare su &#8220;Scegli intervallo di date&#8221; che aprir\u00e0 il pannello del calendario. Il pannello del calendario \u00e8 identico in tutti gli FMS. Per selezionare una data di inizio\/fine, l&#8217;utente deve semplicemente cliccare sulla data desiderata e poi sulla data opposta. I giorni selezionati saranno evidenziati in blu. Il giorno corrente \u00e8 evidenziato da un piccolo triangolo blu in alto a sinistra. Se il giorno corrente \u00e8 selezionato (evidenziato), il triangolo sar\u00e0 invertito in bianco. Per selezionare una data preferita, inizia cliccando sulla data di fine o inizio (non c&#8217;\u00e8 priorit\u00e0 nella scelta) e poi clicca sulla data opposta (fine\/inizio). In seguito, l&#8217;utente pu\u00f2 specificare da quale ora della data di inizio fino a quale ora della data di fine visualizzare la cronologia. Per applicare le modifiche \u00e8 necessario cliccare sul pulsante <strong>Applica<\/strong>, altrimenti le modifiche non verranno salvate.        <\/p>\n<p><a href=\"https:\/\/www.fmsdocumentation.com\/wp-content\/uploads\/2017\/04\/136-9.png\"><img loading=\"lazy\" decoding=\"async\" class=\"alignnone wp-image-1170 size-full\" src=\"https:\/\/www.fmsdocumentation.com\/wp-content\/uploads\/2017\/04\/136-9.png\" alt=\"\" width=\"503\" height=\"483\" srcset=\"https:\/\/www.fmsdocumentation.com\/wp-content\/uploads\/2017\/04\/136-9.png 503w, https:\/\/www.fmsdocumentation.com\/wp-content\/uploads\/2017\/04\/136-9-300x288.png 300w\" sizes=\"auto, (max-width: 503px) 100vw, 503px\" \/><\/a><\/p>\n<p>L&#8217;intervallo minimo di date \u00e8 di un giorno. Per selezionare un giorno \u00e8 sufficiente fare doppio clic con il tasto sinistro del mouse sul giorno desiderato per selezionarlo.  Successivamente, l&#8217;utente deve selezionare gli oggetti per i quali verr\u00e0 generato il report.<\/p>\n<p><em>Oggetti<\/em> &#8211; permette all&#8217;utente di scegliere per quali oggetti verr\u00e0 generato il report. L&#8217;elenco contiene anche <strong>gruppi<\/strong> di oggetti. L&#8217;utente pu\u00f2 selezionare un intero gruppo contrassegnando la casella di controllo prima del gruppo o cliccare sul pulsante <strong>+<\/strong> per espandere il gruppo e vedere quali oggetti sono presenti nel gruppo. Per chiudere il gruppo, l&#8217;utente deve cliccare il pulsante <strong>&#8211;<\/strong>. <strong>\u00c8 possibile selezionare singoli oggetti da un gruppo<\/strong>. \u00c8 importante notare che se viene selezionato un oggetto presente in pi\u00f9 gruppi, questo verr\u00e0 evidenziato in tutti i gruppi, come mostrato nell&#8217;immagine sottostante. Se \u00e8 selezionato un intero gruppo, la casella di controllo sar\u00e0 blu con un segno di spunta bianco. Se \u00e8 selezionata solo una parte del gruppo, il gruppo avr\u00e0 un quadrato blu nella casella di controllo. (come mostrato nell&#8217;immagine sottostante). L&#8217;utente pu\u00f2 anche utilizzare la ricerca per scorrere rapidamente un ampio elenco di oggetti e gruppi. Tutti i gruppi possono essere selezionati\/deselezionati selezionando la casella di controllo accanto a &#8220;Seleziona tutti i gruppi&#8221;. Il numero di oggetti selezionati e di oggetti totali viene visualizzato nell&#8217;angolo superiore destro dell&#8217;elenco.          <\/p>\n<p><a href=\"https:\/\/www.fmsdocumentation.com\/wp-content\/uploads\/2018\/12\/281.png\" data-featherlight=\"image\"><img loading=\"lazy\" decoding=\"async\" class=\"alignnone size-full wp-image-6727\" src=\"https:\/\/www.fmsdocumentation.com\/wp-content\/uploads\/2018\/12\/281.png\" sizes=\"auto, (max-width: 549px) 100vw, 549px\" srcset=\"https:\/\/www.fmsdocumentation.com\/wp-content\/uploads\/2018\/12\/281.png 549w, https:\/\/www.fmsdocumentation.com\/wp-content\/uploads\/2018\/12\/281-300x162.png 300w\" alt=\"\" width=\"549\" height=\"297\"><\/a><\/p>\n<p>Dopo aver selezionato gli oggetti, l&#8217;utente deve impostare l&#8217;intervallo di suddivisione.<\/p>\n<p><strong>Intervallo di divisione<\/strong> &#8211; permette all&#8217;utente di scegliere l&#8217;intervallo di tempo tra i dati della temperatura, il che significa che le temperature saranno mostrate ogni intervallo di tempo selezionato (ad esempio, ogni 30 minuti):<\/p>\n<ul>\n<li>5 min &#8211; predefinito<\/li>\n<li>15 min<\/li>\n<li>30 min<\/li>\n<li>45 min<\/li>\n<li>1 ora<\/li>\n<li>1 ora e 30 minuti<\/li>\n<li>2 ore<\/li>\n<\/ul>\n<p>Dopo aver configurato l&#8217;intervallo di suddivisione, l&#8217;utente deve selezionare i parametri nell&#8217;<strong>elenco delle colonne<\/strong>. Questo report includer\u00e0 questi parametri per impostazione predefinita: <\/p>\n<ul>\n<li>Periodo &#8211; non pu\u00f2 essere deselezionato; visualizza il periodo di tempo per il quale vengono visualizzati i dati sulla temperatura.<\/li>\n<li>Media della temperatura: mostra il valore medio del sensore di temperatura.<\/li>\n<li>Temperatura max &#8211; mostra il valore massimo registrato dal sensore di temperatura.<\/li>\n<li>Temperatura min &#8211; mostra il valore minimo registrato dal sensore di temperatura.<\/li>\n<\/ul>\n<p>Tutti gli ingressi personalizzati configurati per mostrare la temperatura saranno aggiunti di default al report della temperatura. Per mostrare i dati sulla temperatura \u00e8 necessario un parametro del sensore di temperatura. Ogni ingresso ha 3 parametri: il valore medio, il valore massimo e il valore minimo:  <\/p>\n<ul>\n<li>Ingresso personalizzato X (inizia da 1) media &#8211; temperatura media registrata dell&#8217;ingresso X<\/li>\n<li>Ingresso personalizzato X (parte da 1) max &#8211; ingresso X temperatura massima registrata<\/li>\n<li>Ingresso personalizzato X (parte da 1) min &#8211; ingresso X temperatura minima registrata<\/li>\n<li>Temperatura sensore X (parte da 0) media &#8211; temperatura media registrata dal sensore X<\/li>\n<li>Sensore di temperatura X (parte da 0) max &#8211; temperatura massima registrata dal sensore X<\/li>\n<li>Sensore di temperatura X (parte da 0) min &#8211; sensore X temperatura minima registrata<\/li>\n<\/ul>\n<p>Altri parametri non inclusi di default che possono essere selezionati in aggiunta:<\/p>\n<ul>\n<li>Conducente &#8211; il conducente che guida il veicolo<\/li>\n<li>Posizione finale &#8211; indirizzo dell&#8217;ultima coordinata nel periodo di tempo selezionato<\/li>\n<li>Posizione di partenza &#8211; indirizzo della prima coordinata nel periodo di tempo selezionato<\/li>\n<\/ul>\n<p>Dopo aver selezionato i parametri nell&#8217;elenco delle colonne, l&#8217;utente pu\u00f2 attivare o disattivare il riepilogo del report.<\/p>\n<p><strong>Riepilogo del report <\/strong>&#8211; attivata per impostazione predefinita, questa opzione include una sezione di riepilogo nel report. Questa sezione riassume tutte le informazioni contenute nel rapporto<strong>.<\/strong> <\/p>\n<p><a href=\"https:\/\/www.fmsdocumentation.com\/wp-content\/uploads\/2020\/09\/204.png\"><img loading=\"lazy\" decoding=\"async\" class=\"alignnone wp-image-10043 \" src=\"https:\/\/www.fmsdocumentation.com\/wp-content\/uploads\/2020\/09\/204-1024x320.png\" alt=\"\" width=\"657\" height=\"205\" srcset=\"https:\/\/www.fmsdocumentation.com\/wp-content\/uploads\/2020\/09\/204-1024x320.png 1024w, https:\/\/www.fmsdocumentation.com\/wp-content\/uploads\/2020\/09\/204-300x94.png 300w, https:\/\/www.fmsdocumentation.com\/wp-content\/uploads\/2020\/09\/204-768x240.png 768w, https:\/\/www.fmsdocumentation.com\/wp-content\/uploads\/2020\/09\/204.png 1506w\" sizes=\"auto, (max-width: 657px) 100vw, 657px\" \/><\/a><\/p>\n<p>Per finalizzare e generare il report, l&#8217;utente deve cliccare sul pulsante <strong>Genera<\/strong>. Per annullare la creazione di un report, l&#8217;utente deve cliccare sul pulsante <strong>Annulla<\/strong>. <\/p>\n<p><a href=\"https:\/\/www.fmsdocumentation.com\/wp-content\/uploads\/2017\/04\/202.png\"><img loading=\"lazy\" decoding=\"async\" class=\"alignnone wp-image-398 size-full\" src=\"https:\/\/www.fmsdocumentation.com\/wp-content\/uploads\/2017\/04\/202.png\" alt=\"\" width=\"569\" height=\"79\" srcset=\"https:\/\/www.fmsdocumentation.com\/wp-content\/uploads\/2017\/04\/202.png 569w, https:\/\/www.fmsdocumentation.com\/wp-content\/uploads\/2017\/04\/202-300x42.png 300w\" sizes=\"auto, (max-width: 569px) 100vw, 569px\" \/><\/a><\/p>\n<hr>\n<p><div class=\"alignleft\"><a href=\"https:\/\/www.fmsdocumentation.com\/it\/rapporto-sugli-stati\/\" title=\"Rapporto sugli Stati\"><span class=\"arrow\">\u2039 &nbsp <\/span> Rapporto sugli Stati <\/a><\/div> <div class=\"alignright\"><a href=\"https:\/\/www.fmsdocumentation.com\/it\/rapporto-di-viaggio\/\" title=\"Rapporto di viaggio\">Rapporto di viaggio <span class=\"arrow\"> &nbsp\u203a <\/span> <\/a><\/div><\/p>\n","protected":false},"excerpt":{"rendered":"<p>Rapporto sulle temperature &#8211; questo tipo di rapporto si concentra principalmente sui dati provenienti dai sensori di temperatura. La prima cosa che l&#8217;utente deve selezionare \u00e8 l&#8217;intervallo di date per il quale verr\u00e0 generato il report. Intervallo di date &#8211; per selezionare una data l&#8217;utente deve cliccare su &#8220;Scegli intervallo di date&#8221; che aprir\u00e0 il &hellip; <a href=\"https:\/\/www.fmsdocumentation.com\/it\/rapporto-sulle-temperature\/\" class=\"more-link\">Continua a leggere <span class=\"screen-reader-text\">Rapporto sulle temperature<\/span><\/a><\/p>\n","protected":false},"author":1,"featured_media":0,"parent":0,"menu_order":11,"comment_status":"closed","ping_status":"closed","template":"","meta":{"footnotes":""},"class_list":["post-13954","page","type-page","status-publish","hentry"],"_links":{"self":[{"href":"https:\/\/www.fmsdocumentation.com\/it\/wp-json\/wp\/v2\/pages\/13954","targetHints":{"allow":["GET"]}}],"collection":[{"href":"https:\/\/www.fmsdocumentation.com\/it\/wp-json\/wp\/v2\/pages"}],"about":[{"href":"https:\/\/www.fmsdocumentation.com\/it\/wp-json\/wp\/v2\/types\/page"}],"author":[{"embeddable":true,"href":"https:\/\/www.fmsdocumentation.com\/it\/wp-json\/wp\/v2\/users\/1"}],"replies":[{"embeddable":true,"href":"https:\/\/www.fmsdocumentation.com\/it\/wp-json\/wp\/v2\/comments?post=13954"}],"version-history":[{"count":0,"href":"https:\/\/www.fmsdocumentation.com\/it\/wp-json\/wp\/v2\/pages\/13954\/revisions"}],"wp:attachment":[{"href":"https:\/\/www.fmsdocumentation.com\/it\/wp-json\/wp\/v2\/media?parent=13954"}],"curies":[{"name":"wp","href":"https:\/\/api.w.org\/{rel}","templated":true}]}}