{"id":13956,"date":"2025-05-07T16:36:48","date_gmt":"2025-05-07T13:36:48","guid":{"rendered":"https:\/\/www.fmsdocumentation.com\/rapporto-sulle-geozones\/"},"modified":"2025-05-07T16:36:48","modified_gmt":"2025-05-07T13:36:48","slug":"rapporto-sulle-geozones","status":"publish","type":"page","link":"https:\/\/www.fmsdocumentation.com\/it\/rapporto-sulle-geozones\/","title":{"rendered":"Rapporto sulle Geozones"},"content":{"rendered":"\n<p><strong>Rapporto sulle Geozones<\/strong> &#8211; questo tipo di rapporto si concentra principalmente sull&#8217;attivit\u00e0 intorno e all&#8217;interno di determinate geozones. Le zone geografiche vengono impostate dall&#8217;utente nel <a href=\"https:\/\/www.fmsdocumentation.com\/geozones-menu\/\">menu delle zone geografiche .<\/a> La prima cosa che l&#8217;utente deve selezionare \u00e8 l&#8217;intervallo di date per il quale verr\u00e0 generato il report. <\/p>\n\n<p><strong>Intervallo di date<\/strong> &#8211; per selezionare una data l&#8217;utente deve cliccare su &#8220;Scegli intervallo di date&#8221; che aprir\u00e0 il pannello del calendario. Il pannello del calendario \u00e8 identico in tutti gli FMS. Per selezionare una data di inizio\/fine, l&#8217;utente deve semplicemente cliccare sulla data desiderata e poi sulla data opposta. I giorni selezionati saranno evidenziati in blu. Il giorno corrente \u00e8 evidenziato da un piccolo triangolo blu in alto a sinistra. Se il giorno corrente \u00e8 selezionato (evidenziato), il triangolo sar\u00e0 invertito in bianco. Per selezionare una data preferita, inizia cliccando sulla data di fine o inizio (non c&#8217;\u00e8 priorit\u00e0 nella scelta) e poi clicca sulla data opposta (fine\/inizio). In seguito, l&#8217;utente pu\u00f2 specificare da quale ora della data di inizio fino a quale ora della data di fine visualizzare la cronologia. Per applicare le modifiche \u00e8 necessario cliccare sul pulsante &#8220;Applica&#8221;, altrimenti le modifiche non verranno salvate.        <\/p>\n\n<figure class=\"wp-block-image\"><a href=\"https:\/\/www.fmsdocumentation.com\/wp-content\/uploads\/2017\/04\/136-8.png\"><img loading=\"lazy\" decoding=\"async\" width=\"503\" height=\"483\" src=\"https:\/\/www.fmsdocumentation.com\/wp-content\/uploads\/2017\/04\/136-8.png\" alt=\"\" class=\"wp-image-1168\" srcset=\"https:\/\/www.fmsdocumentation.com\/wp-content\/uploads\/2017\/04\/136-8.png 503w, https:\/\/www.fmsdocumentation.com\/wp-content\/uploads\/2017\/04\/136-8-300x288.png 300w\" sizes=\"auto, (max-width: 503px) 100vw, 503px\" \/><\/a><\/figure>\n\n<p>L&#8217;intervallo minimo di date \u00e8 di un giorno. Per selezionare un giorno \u00e8 sufficiente fare doppio clic con il tasto sinistro del mouse sul giorno desiderato per selezionarlo.  In seguito, l&#8217;utente deve selezionare in base a cosa verr\u00e0 generato il report.<\/p>\n\n<p><strong>Report basato su <\/strong>&#8211; questa impostazione definisce l&#8217;obiettivo principale del report. Sono disponibili due opzioni: <\/p>\n\n<ul class=\"wp-block-list\"><li>I conducenti<\/li><li>Oggetti<\/li><\/ul>\n\n<p>Ci\u00f2 che fa esattamente \u00e8 che il rapporto generato mostrer\u00e0 le informazioni<em>(parametri: distanza del viaggio, luogo di inizio del lavoro, ecc.<\/em> Quindi, se sono selezionati gli Oggetti, il report mostrer\u00e0 le informazioni relative agli oggetti specificamente selezionati. <\/p>\n\n<p><strong>Oggetti\/Driver<\/strong> &#8211;<em>(dipende dalla selezione dell&#8217;opzione &#8220;Report based on&#8221;<\/em>) questo permette all&#8217;utente di scegliere per quali oggetti\/driver verr\u00e0 generato il report.<\/p>\n\n<p>Se si seleziona <em>Oggetti<\/em>, l&#8217;elenco conterr\u00e0 anche <strong>gruppi<\/strong> di oggetti. L&#8217;utente pu\u00f2 selezionare un intero gruppo contrassegnando la casella di controllo prima del gruppo, oppure cliccare sul pulsante &#8220;+&#8221; per espandere il gruppo e vedere quali oggetti ne fanno parte. Per chiudere il gruppo, l&#8217;utente deve cliccare sul pulsante &#8220;-&#8220;. <strong>\u00c8 possibile selezionare singoli oggetti da un gruppo<\/strong>. \u00c8 importante notare che se viene selezionato un oggetto presente in pi\u00f9 gruppi, questo verr\u00e0 evidenziato in tutti i gruppi, come mostrato nell&#8217;immagine sottostante. Se \u00e8 selezionato un intero gruppo, la casella di controllo sar\u00e0 blu con un segno di spunta bianco. Se \u00e8 selezionata solo una parte del gruppo, il gruppo avr\u00e0 un quadrato blu nella casella di controllo. (come mostrato nell&#8217;immagine sottostante). L&#8217;utente pu\u00f2 anche utilizzare la ricerca per scorrere rapidamente un ampio elenco di oggetti e gruppi. Tutti i gruppi possono essere selezionati\/deselezionati selezionando la casella di controllo accanto a &#8220;Seleziona tutti i gruppi&#8221;. Il numero di oggetti selezionati e di oggetti totali viene visualizzato nell&#8217;angolo superiore destro dell&#8217;elenco.         <\/p>\n\n<figure class=\"wp-block-image\"><a href=\"https:\/\/www.fmsdocumentation.com\/wp-content\/uploads\/2018\/12\/281.png\"><img loading=\"lazy\" decoding=\"async\" width=\"549\" height=\"297\" src=\"https:\/\/www.fmsdocumentation.com\/wp-content\/uploads\/2018\/12\/281.png\" alt=\"\" class=\"wp-image-6727\" srcset=\"https:\/\/www.fmsdocumentation.com\/wp-content\/uploads\/2018\/12\/281.png 549w, https:\/\/www.fmsdocumentation.com\/wp-content\/uploads\/2018\/12\/281-300x162.png 300w\" sizes=\"auto, (max-width: 549px) 100vw, 549px\" \/><\/a><\/figure>\n\n<p>Se si seleziona <em>Driver<\/em>, i driver verranno visualizzati nell&#8217;elenco a discesa. Per selezionare un driver, l&#8217;utente deve selezionare la casella di controllo accanto al driver. Selezionando la casella di controllo accanto a <strong>Seleziona tutto<\/strong>, verranno selezionati\/deselezionati tutti i driver. L&#8217;elenco viene aggiornato automaticamente con ogni simbolo digitato nella barra di ricerca. Il numero di driver selezionati e il totale dei driver viene visualizzato nell&#8217;angolo superiore destro dell&#8217;elenco.    <\/p>\n\n<figure class=\"wp-block-image\"><a href=\"https:\/\/www.fmsdocumentation.com\/wp-content\/uploads\/2018\/12\/340.png\"><img loading=\"lazy\" decoding=\"async\" width=\"549\" height=\"295\" src=\"https:\/\/www.fmsdocumentation.com\/wp-content\/uploads\/2018\/12\/340.png\" alt=\"\" class=\"wp-image-6718\" srcset=\"https:\/\/www.fmsdocumentation.com\/wp-content\/uploads\/2018\/12\/340.png 549w, https:\/\/www.fmsdocumentation.com\/wp-content\/uploads\/2018\/12\/340-300x161.png 300w\" sizes=\"auto, (max-width: 549px) 100vw, 549px\" \/><\/a><\/figure>\n\n<p><strong>Geozones<\/strong> &#8211; permette di selezionare quali geozones devono essere incluse nel report. Ci\u00f2 significa che solo gli eventi che si sono verificati all&#8217;interno delle geozone definite saranno visibili nel report. Puoi selezionare gruppi di geozone o sceglierle singolarmente. \u00c8 possibile selezionare un massimo di 500 geozone per il report. Questo processo \u00e8 identico a quello della selezione degli Oggetti\/Driver.    <\/p>\n\n<p><strong>Raggruppa per<\/strong> &#8211; permette di definire in base a cosa verr\u00e0 raggruppato il report; per questo report \u00e8 disponibile la seguente selezione:<\/p>\n\n<ul class=\"wp-block-list\"><li>Autista<\/li><li>Geozone<\/li><li>Oggetto<\/li><\/ul>\n\n<p><strong>Versione ridotta del rapporto<\/strong> &#8211; disattivata per impostazione predefinita. Abilitando questa opzione, tutti i dati della geozona di un oggetto\/autista verranno riuniti in un&#8217;unica tabella di riepilogo e di dettagli, invece di tabelle separate per ogni giorno selezionato nel report. L&#8217;attivazione di questa opzione disabilita anche l&#8217;opzione <strong>Mostra riepilogo del report<\/strong>.  <\/p>\n\n<p>Successivamente, l&#8217;utente deve configurare l&#8217;<strong>elenco delle colonne<\/strong>. Questo report includer\u00e0 i seguenti parametri selezionati per impostazione predefinita: <\/p>\n\n<ul class=\"wp-block-list\"><li>Ora di ingresso &#8211; la data e l&#8217;ora in cui il conducente\/veicolo \u00e8 entrato in una geozona predefinita. Non pu\u00f2 essere deselezionato. <\/li><li>Ora di uscita &#8211; la data e l&#8217;ora in cui il conducente\/veicolo ha lasciato una geozona predefinita. Non pu\u00f2 essere deselezionato. <\/li><li>Nome della geozona &#8211; il nome della geozona inserita\/lasciata<\/li><\/ul>\n\n<p>Altri parametri opzionali che possono essere selezionati nell&#8217;<strong>elenco delle colonne<\/strong>:<\/p>\n\n<ul class=\"wp-block-list\"><li>Consumo medio di carburante: il consumo medio di carburante all&#8217;interno della geozona.<\/li><li>DIN X (dove X = 1~4) Orario di lavoro &#8211; visualizzer\u00e0 l&#8217;orario di lavoro del veicolo (se l&#8217;accensione \u00e8 stata impostata sul DIN 1~4 selezionato)<\/li><li>Nome del driver: il nome del driver<\/li><li>Tempo di guida &#8211; il tempo durante il quale l&#8217;accensione \u00e8 stata attiva<\/li><li>Posizione finale: l&#8217;indirizzo della posizione in cui l&#8217;unit\u00e0\/oggetto ha lasciato la geozona.<\/li><li>Carburante consumato: il carburante consumato in litri all&#8217;interno della geozona.<\/li><li>Chilometri all&#8217;inizio &#8211; il chilometraggio al momento dell&#8217;ingresso in una geozona<\/li><li>Chilometraggio finale &#8211; il chilometraggio al momento dell&#8217;uscita da una geozona<\/li><li>Chilometraggio percorso: il chilometraggio totale percorso all&#8217;interno della geozona durante il giorno.<\/li><li>Localit\u00e0 di partenza: l&#8217;indirizzo della localit\u00e0 in cui il conducente\/oggetto \u00e8 entrato nella geozona.<\/li><li>Tempo di sosta: l&#8217;ora in cui il veicolo si \u00e8 fermato<\/li><li>Tempo di visita: il tempo totale trascorso nella geozona durante il giorno.<\/li><\/ul>\n\n<p><strong>Mostra riepilogo del report <\/strong>&#8211; attivata per impostazione predefinita, questa opzione include una sezione di riepilogo nel report. In questo modo verranno riepilogate tutte le informazioni contenute nel rapporto e le <strong>colonne<\/strong> precedentemente selezionate verranno inserite <strong>in un riepilogo.<\/strong> <\/p>\n\n<p>Le seguenti colonne saranno presenti nel <strong>riepilogo <\/strong>per impostazione predefinita:<\/p>\n\n<ul class=\"wp-block-list\"><li>Veicolo &#8211; il nome del veicolo. Non pu\u00f2 essere deselezionato. <\/li><\/ul>\n\n<p>Altri parametri opzionali che possono essere selezionati nell&#8217;<strong>elenco delle colonne di riepilogo<\/strong>:<\/p>\n\n<ul class=\"wp-block-list\"><li>Tempo di guida &#8211; il tempo durante il quale l&#8217;accensione \u00e8 stata attiva<\/li><li>Entrata in geozona: il numero di volte in cui il conducente\/veicolo \u00e8 entrato in geozone predefinite.<\/li><li>Carburante consumato: la quantit\u00e0 totale di carburante consumato<\/li><li>Chilometraggio percorso: il chilometraggio totale percorso all&#8217;interno della geozona durante il giorno.<\/li><li>Tempo di sosta: l&#8217;ora in cui il veicolo si \u00e8 fermato<\/li><li>Tempo di visita: il tempo totale trascorso nella geozona durante il giorno.<\/li><\/ul>\n\n<p>Dopo aver selezionato i parametri nelle colonne, l&#8217;utente deve selezionare le <strong>geozone<\/strong> per le quali verr\u00e0 generato il report; in questo modo, solo gli eventi collegati alle geozone selezionate verranno visualizzati nel report. La selezione \u00e8 identica a quella dei conducenti\/oggetti. <\/p>\n\n<figure class=\"wp-block-image\"><a href=\"https:\/\/www.fmsdocumentation.com\/wp-content\/uploads\/2020\/09\/222.png\"><img loading=\"lazy\" decoding=\"async\" width=\"1024\" height=\"430\" src=\"https:\/\/www.fmsdocumentation.com\/wp-content\/uploads\/2020\/09\/222-1024x430.png\" alt=\"\" class=\"wp-image-9919\" srcset=\"https:\/\/www.fmsdocumentation.com\/wp-content\/uploads\/2020\/09\/222-1024x430.png 1024w, https:\/\/www.fmsdocumentation.com\/wp-content\/uploads\/2020\/09\/222-300x126.png 300w, https:\/\/www.fmsdocumentation.com\/wp-content\/uploads\/2020\/09\/222-768x322.png 768w, https:\/\/www.fmsdocumentation.com\/wp-content\/uploads\/2020\/09\/222.png 1489w\" sizes=\"auto, (max-width: 1024px) 100vw, 1024px\" \/><\/a><\/figure>\n\n<p>Per finalizzare e generare il report, l&#8217;utente deve cliccare sul pulsante <strong>Genera <\/strong>. Per annullare la creazione di un report, l&#8217;utente deve cliccare sul pulsante <strong>Annulla<\/strong>. <\/p>\n\n<figure class=\"wp-block-image\"><a href=\"https:\/\/www.fmsdocumentation.com\/wp-content\/uploads\/2017\/04\/202.png\"><img loading=\"lazy\" decoding=\"async\" width=\"569\" height=\"79\" src=\"https:\/\/www.fmsdocumentation.com\/wp-content\/uploads\/2017\/04\/202.png\" alt=\"\" class=\"wp-image-398\" srcset=\"https:\/\/www.fmsdocumentation.com\/wp-content\/uploads\/2017\/04\/202.png 569w, https:\/\/www.fmsdocumentation.com\/wp-content\/uploads\/2017\/04\/202-300x42.png 300w\" sizes=\"auto, (max-width: 569px) 100vw, 569px\" \/><\/a><\/figure>\n\n<hr class=\"wp-block-separator\"\/>\n\n<p><div class=\"alignleft\"><a href=\"https:\/\/www.fmsdocumentation.com\/it\/rapporto-sul-serbatoio-del-carburante\/\" title=\"Rapporto sul serbatoio del carburante\"><span class=\"arrow\">\u2039 &nbsp <\/span> Rapporto sul serbatoio del carburante <\/a><\/div> <div class=\"alignright\"><a href=\"https:\/\/www.fmsdocumentation.com\/it\/rapporto-sui-parametri-di-superamento-del-limite\/\" title=\"Rapporto sui parametri di superamento del limite\">Rapporto sui parametri di superamento del limite <span class=\"arrow\"> &nbsp\u203a <\/span> <\/a><\/div><\/p>\n","protected":false},"excerpt":{"rendered":"<p>Rapporto sulle Geozones &#8211; questo tipo di rapporto si concentra principalmente sull&#8217;attivit\u00e0 intorno e all&#8217;interno di determinate geozones. Le zone geografiche vengono impostate dall&#8217;utente nel menu delle zone geografiche . La prima cosa che l&#8217;utente deve selezionare \u00e8 l&#8217;intervallo di date per il quale verr\u00e0 generato il report. Intervallo di date &#8211; per selezionare una &hellip; <a href=\"https:\/\/www.fmsdocumentation.com\/it\/rapporto-sulle-geozones\/\" class=\"more-link\">Continua a leggere <span class=\"screen-reader-text\">Rapporto sulle Geozones<\/span><\/a><\/p>\n","protected":false},"author":1,"featured_media":0,"parent":0,"menu_order":9,"comment_status":"closed","ping_status":"closed","template":"","meta":{"footnotes":""},"class_list":["post-13956","page","type-page","status-publish","hentry"],"_links":{"self":[{"href":"https:\/\/www.fmsdocumentation.com\/it\/wp-json\/wp\/v2\/pages\/13956","targetHints":{"allow":["GET"]}}],"collection":[{"href":"https:\/\/www.fmsdocumentation.com\/it\/wp-json\/wp\/v2\/pages"}],"about":[{"href":"https:\/\/www.fmsdocumentation.com\/it\/wp-json\/wp\/v2\/types\/page"}],"author":[{"embeddable":true,"href":"https:\/\/www.fmsdocumentation.com\/it\/wp-json\/wp\/v2\/users\/1"}],"replies":[{"embeddable":true,"href":"https:\/\/www.fmsdocumentation.com\/it\/wp-json\/wp\/v2\/comments?post=13956"}],"version-history":[{"count":1,"href":"https:\/\/www.fmsdocumentation.com\/it\/wp-json\/wp\/v2\/pages\/13956\/revisions"}],"predecessor-version":[{"id":13958,"href":"https:\/\/www.fmsdocumentation.com\/it\/wp-json\/wp\/v2\/pages\/13956\/revisions\/13958"}],"wp:attachment":[{"href":"https:\/\/www.fmsdocumentation.com\/it\/wp-json\/wp\/v2\/media?parent=13956"}],"curies":[{"name":"wp","href":"https:\/\/api.w.org\/{rel}","templated":true}]}}