{"id":13959,"date":"2025-05-07T16:37:59","date_gmt":"2025-05-07T13:37:59","guid":{"rendered":"https:\/\/www.fmsdocumentation.com\/abbonamenti-ai-report\/"},"modified":"2025-05-07T16:37:59","modified_gmt":"2025-05-07T13:37:59","slug":"abbonamenti-ai-report","status":"publish","type":"page","link":"https:\/\/www.fmsdocumentation.com\/it\/abbonamenti-ai-report\/","title":{"rendered":"Abbonamenti ai report"},"content":{"rendered":"<p>Per accedere alla sezione delle sottoscrizioni ai report, l&#8217;utente deve cliccare sulla scheda <strong>Sottoscrizioni<\/strong>. Qui l&#8217;utente pu\u00f2 vedere le sottoscrizioni di report esistenti, modificarle, cancellarle o crearne di nuove. Gli abbonamenti ai report generano costantemente un report del tipo impostato, mentre un report standard crea solo un report una tantum per la data specificata. Gli abbonamenti ai report possono essere impostati per essere generati a vari intervalli di tempo e contenere una certa quantit\u00e0 di informazioni per un periodo selezionato. In generale, la sottoscrizione di un report \u00e8 per lo pi\u00f9 identica alla creazione di un report standard, tranne per l&#8217;aggiunta di campi per i periodi di tempo e le opzioni di notifica. Le istruzioni per la configurazione dei vari report sono descritte nelle pagine successive; in questa pagina verranno trattate solo le impostazioni dell&#8217;abbonamento ai report.     <\/p>\n<p>Per creare un nuovo abbonamento, l&#8217;utente deve prima cliccare sul pulsante <strong>+ Nuovo abbonamento<\/strong> situato in alto a destra della finestra.<\/p>\n<p><a href=\"https:\/\/www.fmsdocumentation.com\/wp-content\/uploads\/2018\/12\/269.png\"><img loading=\"lazy\" decoding=\"async\" class=\"alignnone size-large wp-image-6758\" src=\"https:\/\/www.fmsdocumentation.com\/wp-content\/uploads\/2018\/12\/269-1024x500.png\" alt=\"\" width=\"660\" height=\"322\" srcset=\"https:\/\/www.fmsdocumentation.com\/wp-content\/uploads\/2018\/12\/269-1024x500.png 1024w, https:\/\/www.fmsdocumentation.com\/wp-content\/uploads\/2018\/12\/269-300x147.png 300w, https:\/\/www.fmsdocumentation.com\/wp-content\/uploads\/2018\/12\/269-768x375.png 768w, https:\/\/www.fmsdocumentation.com\/wp-content\/uploads\/2018\/12\/269.png 1920w\" sizes=\"auto, (max-width: 660px) 100vw, 660px\" \/><\/a><\/p>\n<hr>\n<h3>Creazione di un abbonamento da zero<\/h3>\n<p>Se l&#8217;utente decide di creare un nuovo abbonamento da zero, si aprir\u00e0 una finestra di creazione di un nuovo abbonamento. \u00c8 in gran parte identica alla finestra di creazione di un nuovo rapporto. Tutte le impostazioni dell&#8217;abbonamento si trovano nella parte destra dello schermo. Queste impostazioni includono:   <\/p>\n<p><strong>Periodo<\/strong> &#8211; un periodo di tempo prestabilito per le informazioni che saranno incluse in ogni rapporto; questa impostazione ha un selettore a discesa con un input numerico aggiuntivo; si possono selezionare le seguenti opzioni:<\/p>\n<ul>\n<li>Giorni;<\/li>\n<li>Settimane;<\/li>\n<li>Mesi.<\/li>\n<\/ul>\n<p><a href=\"https:\/\/www.fmsdocumentation.com\/wp-content\/uploads\/2017\/08\/270-1.png\"><img loading=\"lazy\" decoding=\"async\" class=\"alignnone wp-image-905 size-large\" src=\"https:\/\/www.fmsdocumentation.com\/wp-content\/uploads\/2017\/08\/270-1-1024x507.png\" alt=\"\" width=\"660\" height=\"327\" srcset=\"https:\/\/www.fmsdocumentation.com\/wp-content\/uploads\/2017\/08\/270-1-1024x507.png 1024w, https:\/\/www.fmsdocumentation.com\/wp-content\/uploads\/2017\/08\/270-1-300x148.png 300w, https:\/\/www.fmsdocumentation.com\/wp-content\/uploads\/2017\/08\/270-1-768x380.png 768w, https:\/\/www.fmsdocumentation.com\/wp-content\/uploads\/2017\/08\/270-1.png 1920w\" sizes=\"auto, (max-width: 660px) 100vw, 660px\" \/><\/a><\/p>\n<p><strong>Ripeti<\/strong> &#8211; questa impostazione stabilisce la frequenza con cui viene generato un report. Questa impostazione offre anche un selettore a discesa con un ulteriore input numerico (o un selettore di data) a seconda della selezione. \u00c8 possibile selezionare le seguenti opzioni:  <\/p>\n<ul>\n<li>Ogni (giorni);<\/li>\n<li>Ogni settimana su;<\/li>\n<li>Lo stesso giorno di ogni mese;<\/li>\n<li>Il primo giorno del mese.<\/li>\n<\/ul>\n<p><a href=\"https:\/\/www.fmsdocumentation.com\/wp-content\/uploads\/2018\/12\/271.png\"><img loading=\"lazy\" decoding=\"async\" class=\"alignnone size-full wp-image-6761\" src=\"https:\/\/www.fmsdocumentation.com\/wp-content\/uploads\/2018\/12\/271.png\" alt=\"\" width=\"557\" height=\"272\" srcset=\"https:\/\/www.fmsdocumentation.com\/wp-content\/uploads\/2018\/12\/271.png 557w, https:\/\/www.fmsdocumentation.com\/wp-content\/uploads\/2018\/12\/271-300x146.png 300w\" sizes=\"auto, (max-width: 557px) 100vw, 557px\" \/><\/a><\/p>\n<p><strong>Periodo<\/strong> e<strong> Ripetizione<\/strong> funzionano insieme con la seguente logica: ad esempio, l&#8217;utente imposta il periodo a 7 giorni e la ripetizione a 2 giorni. Il sistema generer\u00e0 un report ogni 2 giorni per gli ultimi 7 giorni dal momento in cui viene generato un nuovo report. Ci\u00f2 significa che alcuni giorni si sovrapporranno nei report.  <\/p>\n<p>Infine, l&#8217;utente pu\u00f2 impostare le notifiche via e-mail. Per farlo, l&#8217;utente deve semplicemente inserire gli indirizzi e-mail che riceveranno le notifiche. \u00c8 possibile inserire pi\u00f9 indirizzi e-mail alla volta. Ogni e-mail deve essere separata dal simbolo della virgola &#8220;,&#8221; oppure dopo ogni indirizzo e-mail inserito, deve essere premuto il tasto <strong>Invio<\/strong>.   <\/p>\n<p><a href=\"https:\/\/www.fmsdocumentation.com\/wp-content\/uploads\/2017\/08\/272.png\"><img loading=\"lazy\" decoding=\"async\" class=\"alignnone wp-image-910 size-full\" src=\"https:\/\/www.fmsdocumentation.com\/wp-content\/uploads\/2017\/08\/272.png\" alt=\"\" width=\"576\" height=\"104\" srcset=\"https:\/\/www.fmsdocumentation.com\/wp-content\/uploads\/2017\/08\/272.png 576w, https:\/\/www.fmsdocumentation.com\/wp-content\/uploads\/2017\/08\/272-300x54.png 300w\" sizes=\"auto, (max-width: 576px) 100vw, 576px\" \/><\/a><\/p>\n<p>Se le impostazioni del report sono gi\u00e0 state impostate, l&#8217;utente pu\u00f2 cliccare sul pulsante <strong>Crea<\/strong>. Le impostazioni dei report per ogni tipo sono descritte separatamente nelle pagine successive. <\/p>\n<hr>\n<h3>Creazione di abbonamenti da modelli<\/h3>\n<p>Se l&#8217;utente decide di creare un nuovo abbonamento utilizzando un modello esistente, si aprir\u00e0 una finestra di selezione del modello. \u00c8 presente una barra di ricerca e l&#8217;elenco viene aggiornato automaticamente ad ogni simbolo inserito. I modelli possono essere filtrati anche in base al tipo di rapporto. Per selezionare un modello, l&#8217;utente deve fare clic su di esso e cliccare sul pulsante <strong>Fine<\/strong>.<br \/>\n<p class=\"note\">Nota<br \/>\nLa creazione di sottoscrizioni da modelli non sar\u00e0 disponibile se non ci sono modelli disponibili.<\/p><\/p>\n<p><a href=\"https:\/\/www.fmsdocumentation.com\/wp-content\/uploads\/2018\/11\/380.png\"><img loading=\"lazy\" decoding=\"async\" class=\"alignnone size-full wp-image-6240\" src=\"https:\/\/www.fmsdocumentation.com\/wp-content\/uploads\/2018\/11\/380.png\" alt=\"\" width=\"750\" height=\"750\" srcset=\"https:\/\/www.fmsdocumentation.com\/wp-content\/uploads\/2018\/11\/380.png 750w, https:\/\/www.fmsdocumentation.com\/wp-content\/uploads\/2018\/11\/380-150x150.png 150w, https:\/\/www.fmsdocumentation.com\/wp-content\/uploads\/2018\/11\/380-300x300.png 300w\" sizes=\"auto, (max-width: 750px) 100vw, 750px\" \/><\/a><\/p>\n<p>Si aprir\u00e0 una nuova finestra di creazione dell&#8217;abbonamento; tutti i campi e le impostazioni saranno copiati dal modello, tranne il periodo e la frequenza di ripetizione. Tuttavia, inizialmente verranno visualizzati solo alcuni campi. L&#8217;utente pu\u00f2 cliccare su <strong>Mostra tutte le impostazioni<\/strong> per visualizzare tutti i campi.  <\/p>\n<p><a href=\"https:\/\/www.fmsdocumentation.com\/wp-content\/uploads\/2019\/02\/390.png\"><img loading=\"lazy\" decoding=\"async\" class=\"alignnone size-full wp-image-7259\" src=\"https:\/\/www.fmsdocumentation.com\/wp-content\/uploads\/2019\/02\/390.png\" alt=\"\" width=\"607\" height=\"689\" srcset=\"https:\/\/www.fmsdocumentation.com\/wp-content\/uploads\/2019\/02\/390.png 607w, https:\/\/www.fmsdocumentation.com\/wp-content\/uploads\/2019\/02\/390-264x300.png 264w\" sizes=\"auto, (max-width: 607px) 100vw, 607px\" \/><\/a><\/p>\n<hr>\n<p><div class=\"alignleft\"><a href=\"https:\/\/www.fmsdocumentation.com\/it\/documento-di-trasporto\/\" title=\"Documento di trasporto\"><span class=\"arrow\">\u2039 &nbsp <\/span> Documento di trasporto <\/a><\/div> <div class=\"alignright\"><a href=\"https:\/\/www.fmsdocumentation.com\/it\/\" title=\"Guida F.M.S.\">Guida F.M.S. <span class=\"arrow\"> &nbsp\u203a <\/span> <\/a><\/div><\/p>\n<p>&nbsp;<\/p>\n","protected":false},"excerpt":{"rendered":"<p>Per accedere alla sezione delle sottoscrizioni ai report, l&#8217;utente deve cliccare sulla scheda Sottoscrizioni. Qui l&#8217;utente pu\u00f2 vedere le sottoscrizioni di report esistenti, modificarle, cancellarle o crearne di nuove. Gli abbonamenti ai report generano costantemente un report del tipo impostato, mentre un report standard crea solo un report una tantum per la data specificata. Gli &hellip; <a href=\"https:\/\/www.fmsdocumentation.com\/it\/abbonamenti-ai-report\/\" class=\"more-link\">Continua a leggere <span class=\"screen-reader-text\">Abbonamenti ai report<\/span><\/a><\/p>\n","protected":false},"author":1,"featured_media":0,"parent":0,"menu_order":2,"comment_status":"closed","ping_status":"closed","template":"","meta":{"footnotes":""},"class_list":["post-13959","page","type-page","status-publish","hentry"],"_links":{"self":[{"href":"https:\/\/www.fmsdocumentation.com\/it\/wp-json\/wp\/v2\/pages\/13959","targetHints":{"allow":["GET"]}}],"collection":[{"href":"https:\/\/www.fmsdocumentation.com\/it\/wp-json\/wp\/v2\/pages"}],"about":[{"href":"https:\/\/www.fmsdocumentation.com\/it\/wp-json\/wp\/v2\/types\/page"}],"author":[{"embeddable":true,"href":"https:\/\/www.fmsdocumentation.com\/it\/wp-json\/wp\/v2\/users\/1"}],"replies":[{"embeddable":true,"href":"https:\/\/www.fmsdocumentation.com\/it\/wp-json\/wp\/v2\/comments?post=13959"}],"version-history":[{"count":0,"href":"https:\/\/www.fmsdocumentation.com\/it\/wp-json\/wp\/v2\/pages\/13959\/revisions"}],"wp:attachment":[{"href":"https:\/\/www.fmsdocumentation.com\/it\/wp-json\/wp\/v2\/media?parent=13959"}],"curies":[{"name":"wp","href":"https:\/\/api.w.org\/{rel}","templated":true}]}}