{"id":13977,"date":"2025-05-08T09:34:23","date_gmt":"2025-05-08T06:34:23","guid":{"rendered":"https:\/\/www.fmsdocumentation.com\/rapporto-sugli-stati\/"},"modified":"2025-05-08T09:34:24","modified_gmt":"2025-05-08T06:34:24","slug":"rapporto-sugli-stati","status":"publish","type":"page","link":"https:\/\/www.fmsdocumentation.com\/it\/rapporto-sugli-stati\/","title":{"rendered":"Rapporto sugli Stati"},"content":{"rendered":"\n<p><p class=\"note\"><strong>Nota<\/strong><br\/>Questi rapporti sono disponibili solo per gli utenti con i piani BASIC USA e STANDARD USA.<br\/><\/p><\/p>\n\n<p><p class=\"note\"><strong>Nota<\/strong><br\/>L&#8217;Alaska, le Hawaii e il Distretto di Columbia non sono inclusi nel report.<br\/><\/p><\/p>\n\n<p><strong>Rapporto sugli Stati<\/strong> &#8211; questo tipo di rapporto fornisce informazioni sull&#8217;attivit\u00e0 dei veicoli negli Stati degli Stati Uniti o del Canada.<\/p>\n\n<p><strong>Oggetti &#8211;<\/strong>seleziona gli oggetti dall&#8217;elenco a discesa per i quali verr\u00e0 generato il report.<\/p>\n\n<p>L&#8217;elenco contiene anche <strong>gruppi<\/strong> di oggetti. L&#8217;utente pu\u00f2 selezionare un intero gruppo contrassegnando la casella di controllo prima del gruppo o cliccare sul <strong> pulsante + <\/strong>per espandere il gruppo e vedere quali oggetti ne fanno parte. Per chiudere il gruppo, l&#8217;utente deve cliccare sul pulsante -. <strong>\u00c8 possibile selezionare singoli oggetti da un gruppo<\/strong>. \u00c8 importante notare che se viene selezionato un oggetto presente in pi\u00f9 gruppi, questo verr\u00e0 evidenziato in tutti i gruppi, come mostrato nell&#8217;immagine sottostante. Se \u00e8 selezionato un intero gruppo, la casella di controllo sar\u00e0 blu con un segno di spunta bianco. Se \u00e8 selezionata solo una parte del gruppo, il gruppo avr\u00e0 un quadrato blu nella casella di controllo. L&#8217;utente pu\u00f2 anche utilizzare la barra di ricerca per scorrere rapidamente un ampio elenco di oggetti e gruppi. Tutti i gruppi possono essere selezionati\/deselezionati selezionando la casella di controllo accanto a <strong>Seleziona tutti i gruppi<\/strong>. Il numero di oggetti selezionati e di oggetti totali viene visualizzato nell&#8217;angolo superiore destro dell&#8217;elenco.        <\/p>\n\n<figure class=\"wp-block-image is-resized\"><a href=\"https:\/\/www.fmsdocumentation.com\/wp-content\/uploads\/2018\/12\/281.png\"><img loading=\"lazy\" decoding=\"async\" src=\"https:\/\/www.fmsdocumentation.com\/wp-content\/uploads\/2018\/12\/281.png\" alt=\"\" class=\"wp-image-6727\" width=\"532\" height=\"288\" srcset=\"https:\/\/www.fmsdocumentation.com\/wp-content\/uploads\/2018\/12\/281.png 549w, https:\/\/www.fmsdocumentation.com\/wp-content\/uploads\/2018\/12\/281-300x162.png 300w\" sizes=\"auto, (max-width: 532px) 100vw, 532px\" \/><\/a><\/figure>\n\n<p>\u00c8 possibile selezionare fino a 100 oggetti alla volta.<\/p>\n\n<p><strong>Intervallo di date<\/strong> &#8211; per selezionare una data l&#8217;utente deve cliccare su <strong>Scegli intervallo di date<\/strong> che aprir\u00e0 il pannello del calendario. Per selezionare una data di inizio\/fine, l&#8217;utente deve semplicemente cliccare sulla data desiderata e poi sulla data opposta. I giorni selezionati saranno evidenziati in blu. Il giorno corrente \u00e8 evidenziato da un piccolo triangolo blu in alto a sinistra. Se il giorno corrente \u00e8 selezionato (evidenziato), il triangolo sar\u00e0 invertito in bianco. Successivamente, l&#8217;utente pu\u00f2 specificare da quale ora della data di inizio fino a quale ora della data di fine visualizzare lo storico. Per applicare le modifiche, clicca su <strong>Applica<\/strong>.      <\/p>\n\n<figure class=\"wp-block-image is-resized\"><a href=\"https:\/\/www.fmsdocumentation.com\/wp-content\/uploads\/2017\/04\/136-9.png\"><img loading=\"lazy\" decoding=\"async\" src=\"https:\/\/www.fmsdocumentation.com\/wp-content\/uploads\/2017\/04\/136-9.png\" alt=\"\" class=\"wp-image-1170\" width=\"487\" height=\"468\" srcset=\"https:\/\/www.fmsdocumentation.com\/wp-content\/uploads\/2017\/04\/136-9.png 503w, https:\/\/www.fmsdocumentation.com\/wp-content\/uploads\/2017\/04\/136-9-300x288.png 300w\" sizes=\"auto, (max-width: 487px) 100vw, 487px\" \/><\/a><\/figure>\n\n<p>Il periodo minimo \u00e8 di un giorno. Per selezionare un giorno \u00e8 sufficiente fare doppio clic con il tasto sinistro del mouse sul giorno desiderato per selezionarlo.<br\/>Il periodo massimo \u00e8 di tre mesi (90 giorni). Non \u00e8 possibile selezionare un periodo pi\u00f9 lungo.  <\/p>\n\n<p>Successivamente, l&#8217;utente deve configurare l&#8217;<strong>elenco delle colonne<\/strong>. Questo report includer\u00e0 i seguenti parametri selezionati per impostazione predefinita: <\/p>\n\n<ul class=\"wp-block-list\"><li>Inserisci l&#8217;ora &#8211; ora e data in cui il veicolo \u00e8 entrato in uno stato<\/li><li>Nome dello Stato &#8211; il nome dello Stato degli Stati Uniti\/Canada<\/li><li>Chilometraggio &#8211; chilometraggio totale percorso<\/li><\/ul>\n\n<p>Altri parametri opzionali che possono essere selezionati nell&#8217;<strong>elenco delle colonne<\/strong>:<\/p>\n\n<ul class=\"wp-block-list\"><li>Ora di uscita &#8211; ora e data in cui il veicolo \u00e8 uscito da uno stato<\/li><li>Inserisci le coordinate: le coordinate da cui \u00e8 stato inserito lo stato<\/li><li>Coordinate di uscita &#8211; coordinate da cui lo stato \u00e8 stato lasciato<\/li><li>Entrata da &#8211; il nome dello stato da cui \u00e8 entrato il veicolo<\/li><li>Uscito verso &#8211; il nome dello stato da cui il veicolo \u00e8 uscito<\/li><li>Durata del lavoro &#8211; tempo trascorso a lavorare in uno stato<\/li><li>Durata del funzionamento al minimo &#8211; tempo trascorso al minimo in uno stato<\/li><li>Durata dell&#8217;arresto &#8211; tempo trascorso in uno stato di arresto<\/li><li>Carburante consumato: la quantit\u00e0 di carburante consumato in litri.<\/li><li>Driver &#8211; il nome del driver<\/li><li>Inserisci localit\u00e0 &#8211; l&#8217;indirizzo da cui \u00e8 stato inserito uno stato<\/li><li>Luogo di uscita: l&#8217;indirizzo da cui \u00e8 stato effettuato l&#8217;esodo da uno stato.<\/li><li>Codice dello Stato &#8211; il codice dello Stato (ad esempio, Alabama &#8211; AL, Florida &#8211; FL, ecc.)<\/li><\/ul>\n\n<figure class=\"wp-block-image\"><a href=\"https:\/\/www.fmsdocumentation.com\/wp-content\/uploads\/2020\/12\/456.png\"><img loading=\"lazy\" decoding=\"async\" class=\"alignnone wp-image-10522 \" src=\"https:\/\/www.fmsdocumentation.com\/wp-content\/uploads\/2020\/12\/456-1024x294.png\" alt=\"\" width=\"657\" height=\"188\" srcset=\"https:\/\/www.fmsdocumentation.com\/wp-content\/uploads\/2020\/12\/456-1024x294.png 1024w, https:\/\/www.fmsdocumentation.com\/wp-content\/uploads\/2020\/12\/456-300x86.png 300w, https:\/\/www.fmsdocumentation.com\/wp-content\/uploads\/2020\/12\/456-768x221.png 768w, https:\/\/www.fmsdocumentation.com\/wp-content\/uploads\/2020\/12\/456.png 1217w\" sizes=\"auto, (max-width: 657px) 100vw, 657px\" \/><\/a><\/figure>\n\n<p>Per finalizzare e generare il report, l&#8217;utente deve cliccare sul pulsante <strong>Genera<\/strong>. Per annullare la creazione di un report, l&#8217;utente deve cliccare sul pulsante <strong>Annulla<\/strong>. <\/p>\n\n<figure class=\"wp-block-image\"><a href=\"https:\/\/www.fmsdocumentation.com\/wp-content\/uploads\/2017\/04\/202.png\"><img loading=\"lazy\" decoding=\"async\" width=\"569\" height=\"79\" src=\"https:\/\/www.fmsdocumentation.com\/wp-content\/uploads\/2017\/04\/202.png\" alt=\"\" class=\"wp-image-398\" srcset=\"https:\/\/www.fmsdocumentation.com\/wp-content\/uploads\/2017\/04\/202.png 569w, https:\/\/www.fmsdocumentation.com\/wp-content\/uploads\/2017\/04\/202-300x42.png 300w\" sizes=\"auto, (max-width: 569px) 100vw, 569px\" \/><\/a><\/figure>\n\n<hr class=\"wp-block-separator\"\/>\n\n<p><div class=\"alignleft\"><a href=\"https:\/\/www.fmsdocumentation.com\/it\/rapporto-sui-parametri-di-superamento-del-limite\/\" title=\"Rapporto sui parametri di superamento del limite\"><span class=\"arrow\">\u2039 &nbsp <\/span> Rapporto sui parametri di superamento del limite <\/a><\/div> <div class=\"alignright\"><a href=\"https:\/\/www.fmsdocumentation.com\/it\/rapporto-sulle-temperature\/\" title=\"Rapporto sulle temperature\">Rapporto sulle temperature <span class=\"arrow\"> &nbsp\u203a <\/span> <\/a><\/div><\/p>\n","protected":false},"excerpt":{"rendered":"<p>NotaQuesti rapporti sono disponibili solo per gli utenti con i piani BASIC USA e STANDARD USA. NotaL&#8217;Alaska, le Hawaii e il Distretto di Columbia non sono inclusi nel report. Rapporto sugli Stati &#8211; questo tipo di rapporto fornisce informazioni sull&#8217;attivit\u00e0 dei veicoli negli Stati degli Stati Uniti o del Canada. Oggetti &#8211;seleziona gli oggetti dall&#8217;elenco &hellip; <a href=\"https:\/\/www.fmsdocumentation.com\/it\/rapporto-sugli-stati\/\" class=\"more-link\">Continua a leggere <span class=\"screen-reader-text\">Rapporto sugli Stati<\/span><\/a><\/p>\n","protected":false},"author":13,"featured_media":0,"parent":0,"menu_order":10,"comment_status":"closed","ping_status":"closed","template":"","meta":{"footnotes":""},"class_list":["post-13977","page","type-page","status-publish","hentry"],"_links":{"self":[{"href":"https:\/\/www.fmsdocumentation.com\/it\/wp-json\/wp\/v2\/pages\/13977","targetHints":{"allow":["GET"]}}],"collection":[{"href":"https:\/\/www.fmsdocumentation.com\/it\/wp-json\/wp\/v2\/pages"}],"about":[{"href":"https:\/\/www.fmsdocumentation.com\/it\/wp-json\/wp\/v2\/types\/page"}],"author":[{"embeddable":true,"href":"https:\/\/www.fmsdocumentation.com\/it\/wp-json\/wp\/v2\/users\/13"}],"replies":[{"embeddable":true,"href":"https:\/\/www.fmsdocumentation.com\/it\/wp-json\/wp\/v2\/comments?post=13977"}],"version-history":[{"count":1,"href":"https:\/\/www.fmsdocumentation.com\/it\/wp-json\/wp\/v2\/pages\/13977\/revisions"}],"predecessor-version":[{"id":13989,"href":"https:\/\/www.fmsdocumentation.com\/it\/wp-json\/wp\/v2\/pages\/13977\/revisions\/13989"}],"wp:attachment":[{"href":"https:\/\/www.fmsdocumentation.com\/it\/wp-json\/wp\/v2\/media?parent=13977"}],"curies":[{"name":"wp","href":"https:\/\/api.w.org\/{rel}","templated":true}]}}