{"id":14036,"date":"2025-05-08T09:35:33","date_gmt":"2025-05-08T06:35:33","guid":{"rendered":"https:\/\/www.fmsdocumentation.com\/menu-comunicazioni\/"},"modified":"2025-05-08T09:35:33","modified_gmt":"2025-05-08T06:35:33","slug":"menu-comunicazioni","status":"publish","type":"page","link":"https:\/\/www.fmsdocumentation.com\/it\/menu-comunicazioni\/","title":{"rendered":"Menu Comunicazioni"},"content":{"rendered":"<p>Il pannello di comunicazione ti permette di comunicare con gli autisti che utilizzano l&#8217;<a href=\"https:\/\/www.fmsdocumentation.com\/ontrack-app\/\">app OnTrack<\/a>. Per accedere al pannello di comunicazione, fai clic sull&#8217;icona corrispondente nel pannello di navigazione. <\/p>\n<p><a href=\"https:\/\/www.fmsdocumentation.com\/wp-content\/uploads\/2017\/04\/67-2.png\"><img loading=\"lazy\" decoding=\"async\" class=\"alignnone wp-image-1140 size-large\" src=\"https:\/\/www.fmsdocumentation.com\/wp-content\/uploads\/2017\/04\/67-2-1024x506.png\" alt=\"\" width=\"660\" height=\"326\" srcset=\"https:\/\/www.fmsdocumentation.com\/wp-content\/uploads\/2017\/04\/67-2-1024x506.png 1024w, https:\/\/www.fmsdocumentation.com\/wp-content\/uploads\/2017\/04\/67-2-300x148.png 300w, https:\/\/www.fmsdocumentation.com\/wp-content\/uploads\/2017\/04\/67-2-768x380.png 768w, https:\/\/www.fmsdocumentation.com\/wp-content\/uploads\/2017\/04\/67-2.png 1920w\" sizes=\"auto, (max-width: 660px) 100vw, 660px\" \/><\/a><\/p>\n<p>Cliccando sull&#8217;icona si aprir\u00e0 il pannello di comunicazione. Puoi comunicare solo con gli autisti con un account esistente e solo con quelli della tua flotta. In questo pannello puoi fare due cose:  <\/p>\n<ul>\n<li>Invia un messaggio a tutti o a pi\u00f9 autisti contemporaneamente;<\/li>\n<li>Comunicare con i singoli autisti.<\/li>\n<\/ul>\n<p>Per inviare un messaggio a pi\u00f9 conducenti, clicca sul campo <strong>+ Nuovo messaggio<\/strong> situato nella parte superiore del pannello.<\/p>\n<p><a href=\"https:\/\/www.fmsdocumentation.com\/wp-content\/uploads\/2017\/04\/68.png\"><img loading=\"lazy\" decoding=\"async\" class=\"alignnone wp-image-133 size-full\" src=\"https:\/\/www.fmsdocumentation.com\/wp-content\/uploads\/2017\/04\/68.png\" alt=\"\" width=\"360\" height=\"286\" srcset=\"https:\/\/www.fmsdocumentation.com\/wp-content\/uploads\/2017\/04\/68.png 360w, https:\/\/www.fmsdocumentation.com\/wp-content\/uploads\/2017\/04\/68-300x238.png 300w\" sizes=\"auto, (max-width: 360px) 100vw, 360px\" \/><\/a><\/p>\n<p>Cliccando sul campo si aprir\u00e0 la finestra del nuovo messaggio. Qui puoi selezionare i conducenti a cui inviare il messaggio cliccando sul campo di ricerca. Cliccando sul campo di ricerca puoi cercare i conducenti per nome o semplicemente selezionarli da un elenco a discesa. Se decidi di inviare il messaggio a tutti i conducenti, clicca sul pulsante <strong>+ Aggiungi tutti<\/strong> situato a destra del campo di ricerca.   <\/p>\n<p>Sotto la selezione del conducente c&#8217;\u00e8 il campo del messaggio, dove puoi inserire il messaggio desiderato. Il numero massimo di caratteri per un messaggio \u00e8 500. \u00c8 possibile aggiungere un singolo file al messaggio; la dimensione massima del file \u00e8 di 10 MB. Dopo aver completato il messaggio, clicca su <strong>Invia<\/strong> per inviarlo. Per scartare il messaggio, clicca su <strong>Annulla<\/strong> o su un punto qualsiasi della finestra <strong>Nuovo messaggio<\/strong>.    <\/p>\n<p><a href=\"https:\/\/www.fmsdocumentation.com\/wp-content\/uploads\/2017\/04\/69.png\"><img loading=\"lazy\" decoding=\"async\" class=\"alignnone wp-image-134 size-full\" src=\"https:\/\/www.fmsdocumentation.com\/wp-content\/uploads\/2017\/04\/69.png\" alt=\"\" width=\"750\" height=\"540\" srcset=\"https:\/\/www.fmsdocumentation.com\/wp-content\/uploads\/2017\/04\/69.png 750w, https:\/\/www.fmsdocumentation.com\/wp-content\/uploads\/2017\/04\/69-300x216.png 300w\" sizes=\"auto, (max-width: 750px) 100vw, 750px\" \/><\/a><\/p>\n<p>Dopo aver inviato un messaggio, verrai reindirizzato al pannello precedente. L&#8217;elenco dei conducenti si trova sotto il campo <strong>+ Nuovo messaggio<\/strong>. Usa la barra di ricerca per filtrare i conducenti. Cliccando su un autista nell&#8217;elenco si aprir\u00e0 un pannello di conversazione con quell&#8217;autista.   <\/p>\n<p><a href=\"https:\/\/www.fmsdocumentation.com\/wp-content\/uploads\/2017\/04\/70.png\"><img loading=\"lazy\" decoding=\"async\" class=\"alignnone wp-image-135 size-full\" src=\"https:\/\/www.fmsdocumentation.com\/wp-content\/uploads\/2017\/04\/70.png\" alt=\"\" width=\"396\" height=\"314\" srcset=\"https:\/\/www.fmsdocumentation.com\/wp-content\/uploads\/2017\/04\/70.png 396w, https:\/\/www.fmsdocumentation.com\/wp-content\/uploads\/2017\/04\/70-300x238.png 300w\" sizes=\"auto, (max-width: 396px) 100vw, 396px\" \/><\/a><\/p>\n<p>Il pannello di conversazione \u00e8 piuttosto autoesplicativo ed \u00e8 molto simile a quello di molte altre applicazioni di messaggistica. Il campo di inserimento del testo si trova in basso, mentre a sinistra c&#8217;\u00e8 l&#8217;icona dell&#8217;allegato, utilizzata per inviare gli allegati. <\/p>\n<p><a href=\"https:\/\/www.fmsdocumentation.com\/wp-content\/uploads\/2020\/05\/72.png\"><img loading=\"lazy\" decoding=\"async\" class=\"alignnone size-full wp-image-9157\" src=\"https:\/\/www.fmsdocumentation.com\/wp-content\/uploads\/2020\/05\/72.png\" alt=\"\" width=\"720\" height=\"877\" srcset=\"https:\/\/www.fmsdocumentation.com\/wp-content\/uploads\/2020\/05\/72.png 720w, https:\/\/www.fmsdocumentation.com\/wp-content\/uploads\/2020\/05\/72-246x300.png 246w\" sizes=\"auto, (max-width: 720px) 100vw, 720px\" \/><\/a><\/p>\n<p>I messaggi del conducente vengono visualizzati dal lato sinistro, mentre i messaggi dell&#8217;utente vengono visualizzati dal lato destro. Le bolle iniziali sono ricavate dalle iniziali del nome del conducente e del nome di accesso dell&#8217;utente. <\/p>\n<hr>\n<p><div class=\"alignleft\"><a href=\"https:\/\/www.fmsdocumentation.com\/it\/menu-dei-driver\/gestione-dei-driver\/\" title=\"Gestione dei driver\"><span class=\"arrow\">\u2039 &nbsp <\/span> Gestione dei driver <\/a><\/div> <div class=\"alignright\"><a href=\"https:\/\/www.fmsdocumentation.com\/it\/menu-geozones\/\" title=\"Menu Geozones\">Menu Geozones <span class=\"arrow\"> &nbsp\u203a <\/span> <\/a><\/div><\/p>\n<p>&nbsp;<\/p>\n<p>&nbsp;<\/p>\n","protected":false},"excerpt":{"rendered":"<p>Il pannello di comunicazione ti permette di comunicare con gli autisti che utilizzano l&#8217;app OnTrack. Per accedere al pannello di comunicazione, fai clic sull&#8217;icona corrispondente nel pannello di navigazione. Cliccando sull&#8217;icona si aprir\u00e0 il pannello di comunicazione. Puoi comunicare solo con gli autisti con un account esistente e solo con quelli della tua flotta. In &hellip; <a href=\"https:\/\/www.fmsdocumentation.com\/it\/menu-comunicazioni\/\" class=\"more-link\">Continua a leggere <span class=\"screen-reader-text\">Menu Comunicazioni<\/span><\/a><\/p>\n","protected":false},"author":1,"featured_media":0,"parent":0,"menu_order":45,"comment_status":"closed","ping_status":"closed","template":"","meta":{"footnotes":""},"class_list":["post-14036","page","type-page","status-publish","hentry"],"_links":{"self":[{"href":"https:\/\/www.fmsdocumentation.com\/it\/wp-json\/wp\/v2\/pages\/14036","targetHints":{"allow":["GET"]}}],"collection":[{"href":"https:\/\/www.fmsdocumentation.com\/it\/wp-json\/wp\/v2\/pages"}],"about":[{"href":"https:\/\/www.fmsdocumentation.com\/it\/wp-json\/wp\/v2\/types\/page"}],"author":[{"embeddable":true,"href":"https:\/\/www.fmsdocumentation.com\/it\/wp-json\/wp\/v2\/users\/1"}],"replies":[{"embeddable":true,"href":"https:\/\/www.fmsdocumentation.com\/it\/wp-json\/wp\/v2\/comments?post=14036"}],"version-history":[{"count":0,"href":"https:\/\/www.fmsdocumentation.com\/it\/wp-json\/wp\/v2\/pages\/14036\/revisions"}],"wp:attachment":[{"href":"https:\/\/www.fmsdocumentation.com\/it\/wp-json\/wp\/v2\/media?parent=14036"}],"curies":[{"name":"wp","href":"https:\/\/api.w.org\/{rel}","templated":true}]}}