{"id":14040,"date":"2025-05-08T09:35:33","date_gmt":"2025-05-08T06:35:33","guid":{"rendered":"https:\/\/www.fmsdocumentation.com\/panoramica-del-carburante\/"},"modified":"2025-05-08T09:38:52","modified_gmt":"2025-05-08T06:38:52","slug":"panoramica-del-carburante","status":"publish","type":"page","link":"https:\/\/www.fmsdocumentation.com\/it\/menu-stato-della-flotta\/panoramica-del-carburante\/","title":{"rendered":"Panoramica del carburante"},"content":{"rendered":"<p>Il TAB carburante visualizza le informazioni sul carburante del veicolo selezionato. Queste informazioni includono i seguenti dati: <\/p>\n<ul>\n<li>Periodo della data;<\/li>\n<li>Selettore della fonte del livello del carburante &#8211; viene visualizzato solo se \u00e8 disponibile pi\u00f9 di una fonte di dati del livello del carburante;<\/li>\n<li>Grafico del livello del carburante;<\/li>\n<li>Riassunto del rifornimento e del drenaggio;<\/li>\n<li>Panoramica dettagliata di tutti gli scarichi e le ricariche;<\/li>\n<li>Mappa con dettagli.<\/li>\n<\/ul>\n<p><a href=\"https:\/\/www.fmsdocumentation.com\/wp-content\/uploads\/2017\/04\/45.png\"><img loading=\"lazy\" decoding=\"async\" class=\"alignnone wp-image-100 size-large\" src=\"https:\/\/www.fmsdocumentation.com\/wp-content\/uploads\/2017\/04\/45-1024x497.png\" alt=\"\" width=\"660\" height=\"320\" srcset=\"https:\/\/www.fmsdocumentation.com\/wp-content\/uploads\/2017\/04\/45-1024x497.png 1024w, https:\/\/www.fmsdocumentation.com\/wp-content\/uploads\/2017\/04\/45-300x146.png 300w, https:\/\/www.fmsdocumentation.com\/wp-content\/uploads\/2017\/04\/45-768x373.png 768w, https:\/\/www.fmsdocumentation.com\/wp-content\/uploads\/2017\/04\/45.png 1500w\" sizes=\"auto, (max-width: 660px) 100vw, 660px\" \/><\/a><\/p>\n<p><strong>Data<\/strong> &#8211; definisce il periodo di tempo per il quale visualizzare il rapporto sul carburante. Per impostazione predefinita sono selezionati gli ultimi 7 giorni completi. Questa impostazione pu\u00f2 essere modificata cliccando sui tre puntini a destra della data visualizzata. Il metodo di selezione della data \u00e8 lo stesso descritto nelle sezioni precedenti. La lunghezza massima del periodo di tempo \u00e8 di 1 mese.    <\/p>\n<p><strong>Selettore della fonte del livello del carburante <\/strong>&#8211; questo selettore permette di scegliere varie fonti (se configurate) per le informazioni sul carburante. Ad esempio, se su un veicolo sono installati e configurati diversi sensori di livello del carburante, l&#8217;utente pu\u00f2 selezionare i dati da visualizzare. I nomi dei sensori del carburante possono essere personalizzati; per maggiori informazioni, contatta il tuo fornitore di servizi. Per impostazione predefinita, questo selettore \u00e8 impostato su &#8220;Riepilogo&#8221;, il che significa che mostra il valore medio di tutte le fonti disponibili. Questo selettore viene visualizzato solo se \u00e8 disponibile pi\u00f9 di una fonte di dati per il livello del carburante.    <\/p>\n<p><a href=\"https:\/\/www.fmsdocumentation.com\/wp-content\/uploads\/2018\/08\/363.png\"><img loading=\"lazy\" decoding=\"async\" class=\"alignnone size-full wp-image-5714\" src=\"https:\/\/www.fmsdocumentation.com\/wp-content\/uploads\/2018\/08\/363.png\" alt=\"\" width=\"360\" height=\"161\" srcset=\"https:\/\/www.fmsdocumentation.com\/wp-content\/uploads\/2018\/08\/363.png 360w, https:\/\/www.fmsdocumentation.com\/wp-content\/uploads\/2018\/08\/363-300x134.png 300w\" sizes=\"auto, (max-width: 360px) 100vw, 360px\" \/><\/a><\/p>\n<p><strong>Grafico<\/strong> &#8211; Visualizza i livelli di carburante durante il periodo di tempo selezionato. La scala del grafico \u00e8 formattata automaticamente in base al periodo di tempo selezionato. Gli eventi di rifornimento sono contrassegnati in verde, mentre gli eventi di scarico sono contrassegnati in rosso. Spostando il puntatore del mouse sul grafico, verranno visualizzate informazioni aggiuntive sopra il grafico per il punto specifico in cui si trova il puntatore del mouse. Verranno visualizzati la data, l&#8217;ora e il livello di carburante per quel punto specifico. Il grafico pu\u00f2 essere nascosto\/non nascosto cliccando sull&#8217;icona della freccia, situata sotto il grafico.     <\/p>\n<p><a href=\"https:\/\/www.fmsdocumentation.com\/wp-content\/uploads\/2017\/04\/46.png\"><img loading=\"lazy\" decoding=\"async\" class=\"alignnone wp-image-101 size-full\" src=\"https:\/\/www.fmsdocumentation.com\/wp-content\/uploads\/2017\/04\/46.png\" alt=\"\" width=\"396\" height=\"276\" srcset=\"https:\/\/www.fmsdocumentation.com\/wp-content\/uploads\/2017\/04\/46.png 396w, https:\/\/www.fmsdocumentation.com\/wp-content\/uploads\/2017\/04\/46-300x209.png 300w\" sizes=\"auto, (max-width: 396px) 100vw, 396px\" \/><\/a><\/p>\n<p>Il mouse del computer pu\u00f2 essere utilizzato per navigare nel grafico. Utilizzando la rotellina del mouse, l&#8217;utente pu\u00f2 ingrandire o ridurre il grafico. Quando lo zoom \u00e8 attivo, l&#8217;utente pu\u00f2 spostare il grafico da un lato all&#8217;altro cliccando e trascinando il grafico con il tasto sinistro del mouse. Cliccando sull&#8217;area verde\/rossa contrassegnata nel grafico, la mappa si sposta sull&#8217;evento selezionato.   <\/p>\n<p><strong>Riepilogo rifornimento e scarico<\/strong> &#8211; visualizza la quantit\u00e0 totale di carburante rifornito\/scaricato e il numero di eventi di rifornimento\/scarico nel periodo di tempo selezionato.<\/p>\n<p><strong>Panoramica dettagliata di tutti gli scarichi e i rifornimenti<\/strong> &#8211; Visualizza tutti gli eventi di scarico\/rifornimento in ordine cronologico. Ogni evento \u00e8 contrassegnato come Rifornimento<em>(con una freccia verde rivolta verso l&#8217;alto<\/em>) o come Scarico<em>(con una freccia rossa rivolta verso il basso<\/em>). Ogni evento \u00e8 contrassegnato con la data e l&#8217;ora esatta dell&#8217;evento. Cliccando su un evento di scarico\/rifornimento dall&#8217;elenco, la mappa si sposter\u00e0 automaticamente nella posizione esatta in cui si \u00e8 verificato l&#8217;evento e aggiorner\u00e0 automaticamente il grafico al periodo in cui si \u00e8 verificato l&#8217;evento.   <\/p>\n<p><a href=\"https:\/\/www.fmsdocumentation.com\/wp-content\/uploads\/2017\/04\/47.png\"><img loading=\"lazy\" decoding=\"async\" class=\"alignnone wp-image-102 size-full\" src=\"https:\/\/www.fmsdocumentation.com\/wp-content\/uploads\/2017\/04\/47.png\" alt=\"\" width=\"360\" height=\"470\" srcset=\"https:\/\/www.fmsdocumentation.com\/wp-content\/uploads\/2017\/04\/47.png 360w, https:\/\/www.fmsdocumentation.com\/wp-content\/uploads\/2017\/04\/47-230x300.png 230w\" sizes=\"auto, (max-width: 360px) 100vw, 360px\" \/><\/a><\/p>\n<p><strong>Mappa con dettagli<\/strong> &#8211; la mappa mostra il viaggio per il periodo di tempo selezionato per la panoramica del carburante. Oltre al viaggio, sulla mappa vengono visualizzati gli eventi di scarico e di rifornimento. L&#8217;utente pu\u00f2 cliccare su un&#8217;icona per ottenere ulteriori informazioni.  <\/p>\n<p><a href=\"https:\/\/www.fmsdocumentation.com\/wp-content\/uploads\/2017\/04\/212.png\"><img loading=\"lazy\" decoding=\"async\" class=\"alignnone wp-image-357 size-full\" src=\"https:\/\/www.fmsdocumentation.com\/wp-content\/uploads\/2017\/04\/212.png\" alt=\"\" width=\"741\" height=\"370\" srcset=\"https:\/\/www.fmsdocumentation.com\/wp-content\/uploads\/2017\/04\/212.png 741w, https:\/\/www.fmsdocumentation.com\/wp-content\/uploads\/2017\/04\/212-300x150.png 300w\" sizes=\"auto, (max-width: 741px) 100vw, 741px\" \/><\/a><\/p>\n<hr>\n<p><div class=\"alignleft\"><a href=\"https:\/\/www.fmsdocumentation.com\/it\/menu-stato-della-flotta\/panoramica-degli-eventi\/\" title=\"Panoramica degli eventi\"><span class=\"arrow\">\u2039 &nbsp <\/span> Panoramica degli eventi <\/a><\/div> <div class=\"alignright\"><a href=\"https:\/\/www.fmsdocumentation.com\/it\/menu-stato-della-flotta\/panoramica-sulla-manutenzione\/\" title=\"Panoramica sulla manutenzione\">Panoramica sulla manutenzione <span class=\"arrow\"> &nbsp\u203a <\/span> <\/a><\/div><\/p>\n","protected":false},"excerpt":{"rendered":"<p>Il TAB carburante visualizza le informazioni sul carburante del veicolo selezionato. Queste informazioni includono i seguenti dati: Periodo della data; Selettore della fonte del livello del carburante &#8211; viene visualizzato solo se \u00e8 disponibile pi\u00f9 di una fonte di dati del livello del carburante; Grafico del livello del carburante; Riassunto del rifornimento e del drenaggio; &hellip; <a href=\"https:\/\/www.fmsdocumentation.com\/it\/menu-stato-della-flotta\/panoramica-del-carburante\/\" class=\"more-link\">Continua a leggere <span class=\"screen-reader-text\">Panoramica del carburante<\/span><\/a><\/p>\n","protected":false},"author":1,"featured_media":0,"parent":14183,"menu_order":5,"comment_status":"closed","ping_status":"closed","template":"","meta":{"footnotes":""},"class_list":["post-14040","page","type-page","status-publish","hentry"],"_links":{"self":[{"href":"https:\/\/www.fmsdocumentation.com\/it\/wp-json\/wp\/v2\/pages\/14040","targetHints":{"allow":["GET"]}}],"collection":[{"href":"https:\/\/www.fmsdocumentation.com\/it\/wp-json\/wp\/v2\/pages"}],"about":[{"href":"https:\/\/www.fmsdocumentation.com\/it\/wp-json\/wp\/v2\/types\/page"}],"author":[{"embeddable":true,"href":"https:\/\/www.fmsdocumentation.com\/it\/wp-json\/wp\/v2\/users\/1"}],"replies":[{"embeddable":true,"href":"https:\/\/www.fmsdocumentation.com\/it\/wp-json\/wp\/v2\/comments?post=14040"}],"version-history":[{"count":1,"href":"https:\/\/www.fmsdocumentation.com\/it\/wp-json\/wp\/v2\/pages\/14040\/revisions"}],"predecessor-version":[{"id":14196,"href":"https:\/\/www.fmsdocumentation.com\/it\/wp-json\/wp\/v2\/pages\/14040\/revisions\/14196"}],"up":[{"embeddable":true,"href":"https:\/\/www.fmsdocumentation.com\/it\/wp-json\/wp\/v2\/pages\/14183"}],"wp:attachment":[{"href":"https:\/\/www.fmsdocumentation.com\/it\/wp-json\/wp\/v2\/media?parent=14040"}],"curies":[{"name":"wp","href":"https:\/\/api.w.org\/{rel}","templated":true}]}}