{"id":14060,"date":"2025-05-08T09:35:34","date_gmt":"2025-05-08T06:35:34","guid":{"rendered":"https:\/\/www.fmsdocumentation.com\/gestione-dei-driver\/"},"modified":"2025-05-08T09:35:38","modified_gmt":"2025-05-08T06:35:38","slug":"gestione-dei-driver","status":"publish","type":"page","link":"https:\/\/www.fmsdocumentation.com\/it\/menu-dei-driver\/gestione-dei-driver\/","title":{"rendered":"Gestione dei driver"},"content":{"rendered":"<p>Per assegnare un veicolo o modificare\/eliminare qualsiasi informazione sul conducente, l&#8217;utente deve selezionare un conducente nell&#8217;elenco. Una volta selezionato un autista, si aprir\u00e0 un altro pannello con le sue informazioni. Le informazioni dei conducenti possono essere modificate cliccando sul pulsante &#8220;Modifica&#8221; nella parte inferiore dello schermo. Premendo questo pulsante si aprir\u00e0 una finestra identica a quella di &#8220;Aggiungi un nuovo conducente&#8221; con i campi gi\u00e0 riempiti con le informazioni del conducente. Dopo qualsiasi modifica, \u00e8 necessario cliccare sul pulsante &#8220;Salva&#8221;. Se l&#8217;utente decide di eliminare un conducente dall&#8217;elenco, deve semplicemente cliccare sul pulsante &#8220;Elimina&#8221;. Si aprir\u00e0 una finestra di conferma<em>(nel caso in cui il pulsante sia stato premuto per sbaglio<\/em>) in cui l&#8217;utente dovr\u00e0 confermare di voler veramente eliminare il driver. Se l&#8217;utente ha cliccato per sbaglio su &#8220;Elimina&#8221;, deve semplicemente cliccare sul pulsante &#8220;Annulla&#8221; nel menu di conferma.       <\/p>\n<p>&nbsp;<\/p>\n<p><img loading=\"lazy\" decoding=\"async\" class=\"alignnone wp-image-11089 size-full\" src=\"https:\/\/www.fmsdocumentation.com\/wp-content\/uploads\/2022\/06\/12444.jpg\" alt=\"\" width=\"876\" height=\"806\" srcset=\"https:\/\/www.fmsdocumentation.com\/wp-content\/uploads\/2022\/06\/12444.jpg 876w, https:\/\/www.fmsdocumentation.com\/wp-content\/uploads\/2022\/06\/12444-300x276.jpg 300w, https:\/\/www.fmsdocumentation.com\/wp-content\/uploads\/2022\/06\/12444-768x707.jpg 768w\" sizes=\"auto, (max-width: 876px) 100vw, 876px\" \/><\/p>\n<p>Per assegnare un veicolo l&#8217;utente deve cliccare sul campo &#8220;Assegna veicolo +&#8221;.<\/p>\n<p><a href=\"https:\/\/www.fmsdocumentation.com\/wp-content\/uploads\/2017\/04\/60.png\"><img loading=\"lazy\" decoding=\"async\" class=\"alignnone wp-image-123 size-full\" src=\"https:\/\/www.fmsdocumentation.com\/wp-content\/uploads\/2017\/04\/60.png\" alt=\"\" width=\"365\" height=\"211\" srcset=\"https:\/\/www.fmsdocumentation.com\/wp-content\/uploads\/2017\/04\/60.png 365w, https:\/\/www.fmsdocumentation.com\/wp-content\/uploads\/2017\/04\/60-300x173.png 300w\" sizes=\"auto, (max-width: 365px) 100vw, 365px\" \/><\/a><\/p>\n<p>Cliccando sul campo &#8220;Assegna veicolo +&#8221; si aprir\u00e0 una nuova finestra con una barra di ricerca. Cliccando sulla barra di ricerca si aprir\u00e0 un elenco a discesa di veicoli suggeriti per filtrare i suggerimenti, basta inserire il nome del veicolo desiderato; l&#8217;elenco si aggiorner\u00e0 automaticamente ad ogni lettera inserita. <\/p>\n<p><a href=\"https:\/\/www.fmsdocumentation.com\/wp-content\/uploads\/2017\/04\/61.png\"><img loading=\"lazy\" decoding=\"async\" class=\"alignnone wp-image-124 size-full\" src=\"https:\/\/www.fmsdocumentation.com\/wp-content\/uploads\/2017\/04\/61.png\" alt=\"\" width=\"750\" height=\"390\" srcset=\"https:\/\/www.fmsdocumentation.com\/wp-content\/uploads\/2017\/04\/61.png 750w, https:\/\/www.fmsdocumentation.com\/wp-content\/uploads\/2017\/04\/61-300x156.png 300w\" sizes=\"auto, (max-width: 750px) 100vw, 750px\" \/><\/a><br \/>\n<p class=\"note\">Nota<br \/>\nI veicoli che sono attualmente in prova non possono essere assegnati a un conducente.<\/p><\/p>\n<p>Dopo aver scelto un veicolo, l&#8217;utente deve cliccare su &#8220;Assegna&#8221; per assegnare il veicolo all&#8217;utente; se l&#8217;utente cambia idea, il veicolo archiviato pu\u00f2 essere modificato nuovamente. Se l&#8217;utente decide di non assegnare alcun veicolo, deve cliccare sul pulsante &#8220;Chiudi&#8221; o semplicemente cliccare in un punto qualsiasi della finestra &#8220;Assegna veicolo&#8221;. Dopo l&#8217;assegnazione del veicolo, il campo del veicolo nel menu del conducente verr\u00e0 aggiornato con il veicolo selezionato.  <\/p>\n<p><a href=\"https:\/\/www.fmsdocumentation.com\/wp-content\/uploads\/2017\/04\/62.png\"><img loading=\"lazy\" decoding=\"async\" class=\"alignnone wp-image-125 size-full\" src=\"https:\/\/www.fmsdocumentation.com\/wp-content\/uploads\/2017\/04\/62.png\" alt=\"\" width=\"750\" height=\"333\" srcset=\"https:\/\/www.fmsdocumentation.com\/wp-content\/uploads\/2017\/04\/62.png 750w, https:\/\/www.fmsdocumentation.com\/wp-content\/uploads\/2017\/04\/62-300x133.png 300w\" sizes=\"auto, (max-width: 750px) 100vw, 750px\" \/><\/a><\/p>\n<p>Per rimuovere il veicolo assegnato, l&#8217;utente deve semplicemente cliccare sull&#8217;icona del segno meno situata a destra del campo del veicolo. Non c&#8217;\u00e8 una finestra di conferma per la rimozione di un veicolo, dopo un solo clic il veicolo viene disassegnato. <\/p>\n<p>&nbsp;<\/p>\n<p><img loading=\"lazy\" decoding=\"async\" class=\"alignnone wp-image-11091 size-full\" src=\"https:\/\/www.fmsdocumentation.com\/wp-content\/uploads\/2022\/06\/1687.jpg\" alt=\"\" width=\"567\" height=\"226\" srcset=\"https:\/\/www.fmsdocumentation.com\/wp-content\/uploads\/2022\/06\/1687.jpg 567w, https:\/\/www.fmsdocumentation.com\/wp-content\/uploads\/2022\/06\/1687-300x120.jpg 300w\" sizes=\"auto, (max-width: 567px) 100vw, 567px\" \/><\/p>\n<p>L&#8217;utente pu\u00f2 vedere l&#8217;ultimo oggetto assegnato a un conducente nel campo &#8220;Ultimo veicolo&#8221;.<\/p>\n<p><img loading=\"lazy\" decoding=\"async\" class=\"alignnone wp-image-11095 size-full\" src=\"https:\/\/www.fmsdocumentation.com\/wp-content\/uploads\/2022\/06\/887.jpg\" alt=\"\" width=\"541\" height=\"228\" srcset=\"https:\/\/www.fmsdocumentation.com\/wp-content\/uploads\/2022\/06\/887.jpg 541w, https:\/\/www.fmsdocumentation.com\/wp-content\/uploads\/2022\/06\/887-300x126.jpg 300w\" sizes=\"auto, (max-width: 541px) 100vw, 541px\" \/><\/p>\n<p>Nei casi di veicoli assegnati automaticamente, ci possono essere tre tipi di assegnazioni:<\/p>\n<ul>\n<li>Assegnato da iButton o RFID;<\/li>\n<li>Assegnato da Wireless;<\/li>\n<li>Assegnato dal tachigrafo.<\/li>\n<\/ul>\n<p>In ogni caso, se il veicolo viene assegnato automaticamente, non pu\u00f2 essere disassegnato dall&#8217;FMS. L&#8217;assegnazione verr\u00e0 rimossa solo quando il conducente si canceller\u00e0 o il sistema creer\u00e0 una nuova assegnazione per il conducente a un veicolo diverso. Questo pu\u00f2 accadere in situazioni in cui i dati non vengono temporaneamente ricevuti da un veicolo, ma vengono ricevuti da un altro veicolo, al quale il conducente si \u00e8 trasferito. Di seguito \u00e8 riportato un esempio di assegnazione di un tachigrafo.   <\/p>\n<p><a href=\"https:\/\/www.fmsdocumentation.com\/wp-content\/uploads\/2017\/04\/249.png\"><img loading=\"lazy\" decoding=\"async\" class=\"alignnone wp-image-742 size-full\" src=\"https:\/\/www.fmsdocumentation.com\/wp-content\/uploads\/2017\/04\/249.png\" alt=\"\" width=\"641\" height=\"536\" srcset=\"https:\/\/www.fmsdocumentation.com\/wp-content\/uploads\/2017\/04\/249.png 641w, https:\/\/www.fmsdocumentation.com\/wp-content\/uploads\/2017\/04\/249-300x251.png 300w\" sizes=\"auto, (max-width: 641px) 100vw, 641px\" \/><\/a><\/p>\n<p>Nel caso di un&#8217;assegnazione wireless, questa \u00e8 valida finch\u00e9 l&#8217;autista \u00e8 connesso tramite l&#8217;<a href=\"https:\/\/www.fmsdocumentation.com\/ontrack-app\/\">app OnTrack<\/a>. Mentre l&#8217;autista \u00e8 assegnato a un veicolo tramite il metodo wireless, non pu\u00f2 essere disassegnato manualmente. Se il conducente si collega a un altro veicolo mentre l&#8217;assegnazione precedente \u00e8 ancora valida, questa verr\u00e0 sovrascritta con la nuova assegnazione.<br \/>\n<p class=\"note\">Nota<br \/>\nOgni veicolo pu\u00f2 essere assegnato a un solo conducente. Se un veicolo era gi\u00e0 stato assegnato a un altro conducente e ora viene assegnato a un nuovo conducente, si disassegner\u00e0 automaticamente dal conducente precedente. <\/p><\/p>\n<p><p class=\"note\">Nota<br \/>\nIn caso di assegnazione del tachigrafo, \u00e8 possibile assegnare due conducenti a un solo veicolo. Questo vale solo per l&#8217;assegnazione del tachigrafo e non pu\u00f2 essere assegnata in nessun altro modo. Le assegnazioni vengono rimosse se le carte conducente vengono rimosse dal tachigrafo o se le carte conducente vengono registrate in un altro veicolo. Le doppie assegnazioni possono essere visualizzate nel<a href=\"https:\/\/www.fmsdocumentation.com\/overview-menu\/summary-overview\/\">&#8220;Riepilogo<\/a>&#8220;.   <\/p><\/p>\n<p>Se un veicolo \u00e8 stato assegnato a un conducente tramite i metodi precedentemente menzionati, nel pannello del conducente saranno presenti ulteriori informazioni, come il codice iButton o RFID utilizzato per la registrazione o il nome del conducente dalla carta.<\/p>\n<p>Per assegnare le credenziali di accesso all&#8217;app a un autista, l&#8217;utente deve cliccare sul campo utente autista.<\/p>\n<p>&nbsp;<\/p>\n<p><img loading=\"lazy\" decoding=\"async\" class=\"alignnone wp-image-11092 size-full\" src=\"https:\/\/www.fmsdocumentation.com\/wp-content\/uploads\/2022\/06\/156.jpg\" alt=\"\" width=\"551\" height=\"113\" srcset=\"https:\/\/www.fmsdocumentation.com\/wp-content\/uploads\/2022\/06\/156.jpg 551w, https:\/\/www.fmsdocumentation.com\/wp-content\/uploads\/2022\/06\/156-300x62.jpg 300w\" sizes=\"auto, (max-width: 551px) 100vw, 551px\" \/><\/p>\n<p>Si aprir\u00e0 la finestra &#8220;Crea account del driver&#8221; in cui l&#8217;utente dovr\u00e0 inserire le seguenti credenziali per creare un account per il driver:<\/p>\n<ul>\n<li>Nome utente;<\/li>\n<li>Password.<\/li>\n<\/ul>\n<p><a href=\"https:\/\/www.fmsdocumentation.com\/wp-content\/uploads\/2017\/04\/65.png\"><img loading=\"lazy\" decoding=\"async\" class=\"alignnone wp-image-128 size-full\" src=\"https:\/\/www.fmsdocumentation.com\/wp-content\/uploads\/2017\/04\/65.png\" alt=\"\" width=\"825\" height=\"534\" srcset=\"https:\/\/www.fmsdocumentation.com\/wp-content\/uploads\/2017\/04\/65.png 825w, https:\/\/www.fmsdocumentation.com\/wp-content\/uploads\/2017\/04\/65-300x194.png 300w, https:\/\/www.fmsdocumentation.com\/wp-content\/uploads\/2017\/04\/65-768x497.png 768w\" sizes=\"auto, (max-width: 825px) 100vw, 825px\" \/><\/a><\/p>\n<p>Dopo aver inserito tutte le informazioni, l&#8217;utente deve cliccare sul pulsante &#8220;Salva&#8221;, altrimenti le credenziali non verranno salvate. Se l&#8217;utente decide di non creare l&#8217;account, deve semplicemente cliccare sul pulsante &#8220;Chiudi&#8221;. Dopo aver creato un account, l&#8217;utente pu\u00f2 modificare le credenziali cliccando sull&#8217;icona della matita. Si aprir\u00e0 una finestra identica a quella delle &#8220;Credenziali del conducente&#8221; in cui l&#8217;utente potr\u00e0 modificare le credenziali. Per eliminare un account del conducente, l&#8217;utente deve semplicemente cliccare sull&#8217;icona del cestino.    <\/p>\n<p><a href=\"https:\/\/www.fmsdocumentation.com\/wp-content\/uploads\/2017\/04\/66.png\"><img loading=\"lazy\" decoding=\"async\" class=\"alignnone wp-image-129 size-full\" src=\"https:\/\/www.fmsdocumentation.com\/wp-content\/uploads\/2017\/04\/66.png\" alt=\"\" width=\"396\" height=\"78\" srcset=\"https:\/\/www.fmsdocumentation.com\/wp-content\/uploads\/2017\/04\/66.png 396w, https:\/\/www.fmsdocumentation.com\/wp-content\/uploads\/2017\/04\/66-300x59.png 300w\" sizes=\"auto, (max-width: 396px) 100vw, 396px\" \/><\/a><\/p>\n<p>Dopo l&#8217;assegnazione delle credenziali, l&#8217;utente pu\u00f2 spostare il mouse sul nome di accesso all&#8217;applicazione drive. In questo modo verranno evidenziati il numero di ID cliente e il nome di accesso. <\/p>\n<p><a href=\"https:\/\/www.fmsdocumentation.com\/wp-content\/uploads\/2017\/04\/199.png\"><img loading=\"lazy\" decoding=\"async\" class=\"alignnone wp-image-362 size-full\" src=\"https:\/\/www.fmsdocumentation.com\/wp-content\/uploads\/2017\/04\/199.png\" alt=\"\" width=\"433\" height=\"138\" srcset=\"https:\/\/www.fmsdocumentation.com\/wp-content\/uploads\/2017\/04\/199.png 433w, https:\/\/www.fmsdocumentation.com\/wp-content\/uploads\/2017\/04\/199-300x96.png 300w\" sizes=\"auto, (max-width: 433px) 100vw, 433px\" \/><\/a><\/p>\n<p>L&#8217;utente pu\u00f2 aggiungere la data di scadenza della patente di un conducente cliccando sull&#8217;icona della matita situata in alto a destra nel campo &#8220;Data di scadenza della patente di guida&#8221;.<br \/>\n<img loading=\"lazy\" decoding=\"async\" class=\"alignnone wp-image-11093 size-full\" src=\"https:\/\/www.fmsdocumentation.com\/wp-content\/uploads\/2022\/06\/1799.jpg\" alt=\"\" width=\"551\" height=\"225\" srcset=\"https:\/\/www.fmsdocumentation.com\/wp-content\/uploads\/2022\/06\/1799.jpg 551w, https:\/\/www.fmsdocumentation.com\/wp-content\/uploads\/2022\/06\/1799-300x123.jpg 300w\" sizes=\"auto, (max-width: 551px) 100vw, 551px\" \/><\/p>\n<p>Verr\u00e0 visualizzata un&#8217;ulteriore scheda in cui l&#8217;utente potr\u00e0 inserire le informazioni richieste. Dopo aver inserito tutte le informazioni, l&#8217;utente deve cliccare sul pulsante &#8220;Salva&#8221;.<br \/>\n<img loading=\"lazy\" decoding=\"async\" class=\"alignnone wp-image-11094 size-full\" src=\"https:\/\/www.fmsdocumentation.com\/wp-content\/uploads\/2022\/06\/8789.jpg\" alt=\"\" width=\"811\" height=\"500\" srcset=\"https:\/\/www.fmsdocumentation.com\/wp-content\/uploads\/2022\/06\/8789.jpg 811w, https:\/\/www.fmsdocumentation.com\/wp-content\/uploads\/2022\/06\/8789-300x185.jpg 300w, https:\/\/www.fmsdocumentation.com\/wp-content\/uploads\/2022\/06\/8789-768x473.jpg 768w\" sizes=\"auto, (max-width: 811px) 100vw, 811px\" \/><\/p>\n<hr>\n<p><div class=\"alignleft\"><a href=\"https:\/\/www.fmsdocumentation.com\/it\/menu-dei-driver\/elenco-dei-driver\/\" title=\"Elenco dei driver\"><span class=\"arrow\">\u2039 &nbsp <\/span> Elenco dei driver <\/a><\/div> <div class=\"alignright\"><a href=\"https:\/\/www.fmsdocumentation.com\/it\/menu-comunicazioni\/\" title=\"Menu Comunicazioni\">Menu Comunicazioni <span class=\"arrow\"> &nbsp\u203a <\/span> <\/a><\/div><\/p>\n","protected":false},"excerpt":{"rendered":"<p>Per assegnare un veicolo o modificare\/eliminare qualsiasi informazione sul conducente, l&#8217;utente deve selezionare un conducente nell&#8217;elenco. Una volta selezionato un autista, si aprir\u00e0 un altro pannello con le sue informazioni. Le informazioni dei conducenti possono essere modificate cliccando sul pulsante &#8220;Modifica&#8221; nella parte inferiore dello schermo. Premendo questo pulsante si aprir\u00e0 una finestra identica a &hellip; <a href=\"https:\/\/www.fmsdocumentation.com\/it\/menu-dei-driver\/gestione-dei-driver\/\" class=\"more-link\">Continua a leggere <span class=\"screen-reader-text\">Gestione dei driver<\/span><\/a><\/p>\n","protected":false},"author":1,"featured_media":0,"parent":14084,"menu_order":2,"comment_status":"closed","ping_status":"closed","template":"","meta":{"footnotes":""},"class_list":["post-14060","page","type-page","status-publish","hentry"],"_links":{"self":[{"href":"https:\/\/www.fmsdocumentation.com\/it\/wp-json\/wp\/v2\/pages\/14060","targetHints":{"allow":["GET"]}}],"collection":[{"href":"https:\/\/www.fmsdocumentation.com\/it\/wp-json\/wp\/v2\/pages"}],"about":[{"href":"https:\/\/www.fmsdocumentation.com\/it\/wp-json\/wp\/v2\/types\/page"}],"author":[{"embeddable":true,"href":"https:\/\/www.fmsdocumentation.com\/it\/wp-json\/wp\/v2\/users\/1"}],"replies":[{"embeddable":true,"href":"https:\/\/www.fmsdocumentation.com\/it\/wp-json\/wp\/v2\/comments?post=14060"}],"version-history":[{"count":1,"href":"https:\/\/www.fmsdocumentation.com\/it\/wp-json\/wp\/v2\/pages\/14060\/revisions"}],"predecessor-version":[{"id":14097,"href":"https:\/\/www.fmsdocumentation.com\/it\/wp-json\/wp\/v2\/pages\/14060\/revisions\/14097"}],"up":[{"embeddable":true,"href":"https:\/\/www.fmsdocumentation.com\/it\/wp-json\/wp\/v2\/pages\/14084"}],"wp:attachment":[{"href":"https:\/\/www.fmsdocumentation.com\/it\/wp-json\/wp\/v2\/media?parent=14060"}],"curies":[{"name":"wp","href":"https:\/\/api.w.org\/{rel}","templated":true}]}}