{"id":14072,"date":"2025-05-08T09:35:36","date_gmt":"2025-05-08T06:35:36","guid":{"rendered":"https:\/\/www.fmsdocumentation.com\/elenco-dei-driver\/"},"modified":"2025-05-08T09:35:38","modified_gmt":"2025-05-08T06:35:38","slug":"elenco-dei-driver","status":"publish","type":"page","link":"https:\/\/www.fmsdocumentation.com\/it\/menu-dei-driver\/elenco-dei-driver\/","title":{"rendered":"Elenco dei driver"},"content":{"rendered":"<p>Cliccando sull&#8217;icona corrispondente nel pannello di navigazione, si aprir\u00e0 il pannello dei driver, con un elenco di tutti i driver esistenti per l&#8217;utente web corrente. \u00c8 presente una barra di ricerca per cercare rapidamente i driver; l&#8217;elenco viene aggiornato automaticamente a ogni lettera inserita.<br \/>\n<p class=\"note\">Il sistema di gestione della flotta utilizza uno strumento integrato di creazione e assegnazione automatica dei conducenti. Questo strumento crea automaticamente nuovi conducenti a partire dalle carte conducente o dagli iButton ID registrati. Per ogni ID ricevuto, viene creato un solo conducente (lo strumento non creer\u00e0 un nuovo conducente se la stessa carta o lo stesso iButton vengono utilizzati pi\u00f9 volte). Lo strumento utilizza il nome del driver della carta o dell&#8217;ID iButton come nome del driver. Inoltre, il sistema assegna automaticamente il driver all&#8217;oggetto da cui \u00e8 stata ricevuta la lettura. Questa funzione \u00e8 descritta nella prossima sezione<a href=\"https:\/\/www.fmsdocumentation.com\/drivers-menu\/drivers-management\/\">&#8220;Gestione dei driver<\/a>&#8220;.     <\/p><\/p>\n<p>I conducenti sono ordinati in ordine alfabetico. A sinistra del nome dell&#8217;autista, c&#8217;\u00e8 un cerchio grigio con le iniziali dell&#8217;autista al suo interno; questo serve per facilitare la navigazione nell&#8217;elenco degli autisti. Se un autista ha un veicolo assegnato, questo verr\u00e0 visualizzato in grigio sotto il nome dell&#8217;autista, mentre se non \u00e8 stato assegnato alcun veicolo, verr\u00e0 indicato &#8220;Veicolo non assegnato&#8221;.  <\/p>\n<p><a href=\"https:\/\/www.fmsdocumentation.com\/wp-content\/uploads\/2017\/04\/55.png\"><img loading=\"lazy\" decoding=\"async\" class=\"alignnone wp-image-116 size-full\" src=\"https:\/\/www.fmsdocumentation.com\/wp-content\/uploads\/2017\/04\/55.png\" alt=\"\" width=\"343\" height=\"142\" srcset=\"https:\/\/www.fmsdocumentation.com\/wp-content\/uploads\/2017\/04\/55.png 343w, https:\/\/www.fmsdocumentation.com\/wp-content\/uploads\/2017\/04\/55-300x124.png 300w\" sizes=\"auto, (max-width: 343px) 100vw, 343px\" \/><\/a><\/p>\n<p>L&#8217;elenco dei conducenti pu\u00f2 essere filtrato in base a tre criteri:<\/p>\n<ul>\n<li>Mostra tutti;<\/li>\n<li>Con assegnazione;<\/li>\n<li>Senza assegnazione;<\/li>\n<li>Creato automaticamente.<\/li>\n<\/ul>\n<p>Per cambiare il filtro l&#8217;utente deve cliccare sul campo &#8220;Mostra driver&#8221; che aprir\u00e0 un elenco a discesa di filtri. In questo elenco seleziona il filtro desiderato. Il filtro attualmente selezionato sar\u00e0 evidenziato con una leggera sfumatura di grigio scuro e una barra blu a destra del nome del filtro.  <\/p>\n<p><a href=\"https:\/\/www.fmsdocumentation.com\/wp-content\/uploads\/2017\/04\/56-1.png\"><img loading=\"lazy\" decoding=\"async\" class=\"alignnone wp-image-738 size-full\" src=\"https:\/\/www.fmsdocumentation.com\/wp-content\/uploads\/2017\/04\/56-1.png\" alt=\"\" width=\"397\" height=\"223\" srcset=\"https:\/\/www.fmsdocumentation.com\/wp-content\/uploads\/2017\/04\/56-1.png 397w, https:\/\/www.fmsdocumentation.com\/wp-content\/uploads\/2017\/04\/56-1-300x169.png 300w\" sizes=\"auto, (max-width: 397px) 100vw, 397px\" \/><\/a><\/p>\n<p><p class=\"note\">Nota<br \/>\nInoltre, oltre agli stati standard di assegnato\/non assegnato per i conducenti, l&#8217;utente pu\u00f2 talvolta imbattersi nello stato &#8220;Occupato&#8221;. Questo stato esiste nei casi in cui il conducente \u00e8 assegnato a un veicolo che non \u00e8 visualizzato (limitato) per l&#8217;utente corrente. Quando questo stato \u00e8 attivo, l&#8217;utente non pu\u00f2 assegnare il conducente a nessun veicolo. Un esempio \u00e8 mostrato di seguito.   <\/p><\/p>\n<p><a href=\"https:\/\/www.fmsdocumentation.com\/wp-content\/uploads\/2017\/04\/266.png\"><img loading=\"lazy\" decoding=\"async\" class=\"alignnone wp-image-814 size-full\" src=\"https:\/\/www.fmsdocumentation.com\/wp-content\/uploads\/2017\/04\/266.png\" alt=\"\" width=\"344\" height=\"351\" srcset=\"https:\/\/www.fmsdocumentation.com\/wp-content\/uploads\/2017\/04\/266.png 344w, https:\/\/www.fmsdocumentation.com\/wp-content\/uploads\/2017\/04\/266-294x300.png 294w\" sizes=\"auto, (max-width: 344px) 100vw, 344px\" \/><\/a><\/p>\n<p>Per aggiungere nuovi driver all&#8217;elenco, l&#8217;utente deve cliccare sul campo &#8220;+ Nuovi driver&#8221;.<\/p>\n<p><a href=\"https:\/\/www.fmsdocumentation.com\/wp-content\/uploads\/2018\/07\/57.png\"><img loading=\"lazy\" decoding=\"async\" class=\"alignnone size-full wp-image-5338\" src=\"https:\/\/www.fmsdocumentation.com\/wp-content\/uploads\/2018\/07\/57.png\" alt=\"\" width=\"360\" height=\"380\" srcset=\"https:\/\/www.fmsdocumentation.com\/wp-content\/uploads\/2018\/07\/57.png 360w, https:\/\/www.fmsdocumentation.com\/wp-content\/uploads\/2018\/07\/57-284x300.png 284w\" sizes=\"auto, (max-width: 360px) 100vw, 360px\" \/><\/a><\/p>\n<p>Si aprir\u00e0 una nuova finestra chiamata &#8220;Aggiungi nuovo driver&#8221;. In questa finestra l&#8217;utente deve inserire le informazioni relative al conducente. Solo un campo \u00e8 obbligatorio:  <\/p>\n<ul>\n<li>Nome.<\/li>\n<\/ul>\n<p>Gli altri campi sono facoltativi e vengono compilati solo se l&#8217;utente decide di farlo. Dopo aver compilato i campi obbligatori<em>(e facoltativi<\/em>), l&#8217;utente deve cliccare sul pulsante &#8220;Salva&#8221; per aggiungere il nuovo conducente all&#8217;elenco dei conducenti. Se l&#8217;utente decide di non salvare il nuovo driver nell&#8217;elenco, deve semplicemente cliccare sul pulsante &#8220;Chiudi&#8221; o cliccare in un punto qualsiasi al di fuori della finestra &#8220;Aggiungi nuovo driver&#8221;.  <\/p>\n<p><a href=\"https:\/\/www.fmsdocumentation.com\/wp-content\/uploads\/2018\/07\/58.png\"><img loading=\"lazy\" decoding=\"async\" class=\"alignnone size-full wp-image-5339\" src=\"https:\/\/www.fmsdocumentation.com\/wp-content\/uploads\/2018\/07\/58.png\" alt=\"\" width=\"750\" height=\"757\" srcset=\"https:\/\/www.fmsdocumentation.com\/wp-content\/uploads\/2018\/07\/58.png 750w, https:\/\/www.fmsdocumentation.com\/wp-content\/uploads\/2018\/07\/58-150x150.png 150w, https:\/\/www.fmsdocumentation.com\/wp-content\/uploads\/2018\/07\/58-297x300.png 297w\" sizes=\"auto, (max-width: 750px) 100vw, 750px\" \/><\/a><\/p>\n<p>Dopo aver cliccato sul pulsante &#8220;Salva&#8221;, l&#8217;elenco si aggiorner\u00e0 automaticamente in ordine alfabetico e il nuovo conducente verr\u00e0 aggiunto all&#8217;elenco con la dicitura &#8220;Veicolo non assegnato&#8221;.<\/p>\n<hr>\n<p><div class=\"alignleft\"><a href=\"https:\/\/www.fmsdocumentation.com\/it\/menu-dei-driver\/\" title=\"Menu dei driver\"><span class=\"arrow\">\u2039 &nbsp <\/span> Menu dei driver <\/a><\/div> <div class=\"alignright\"><a href=\"https:\/\/www.fmsdocumentation.com\/it\/menu-dei-driver\/gestione-dei-driver\/\" title=\"Gestione dei driver\">Gestione dei driver <span class=\"arrow\"> &nbsp\u203a <\/span> <\/a><\/div><\/p>\n<p>&nbsp;<\/p>\n","protected":false},"excerpt":{"rendered":"<p>Cliccando sull&#8217;icona corrispondente nel pannello di navigazione, si aprir\u00e0 il pannello dei driver, con un elenco di tutti i driver esistenti per l&#8217;utente web corrente. \u00c8 presente una barra di ricerca per cercare rapidamente i driver; l&#8217;elenco viene aggiornato automaticamente a ogni lettera inserita. Il sistema di gestione della flotta utilizza uno strumento integrato di &hellip; <a href=\"https:\/\/www.fmsdocumentation.com\/it\/menu-dei-driver\/elenco-dei-driver\/\" class=\"more-link\">Continua a leggere <span class=\"screen-reader-text\">Elenco dei driver<\/span><\/a><\/p>\n","protected":false},"author":1,"featured_media":0,"parent":14084,"menu_order":1,"comment_status":"closed","ping_status":"closed","template":"","meta":{"footnotes":""},"class_list":["post-14072","page","type-page","status-publish","hentry"],"_links":{"self":[{"href":"https:\/\/www.fmsdocumentation.com\/it\/wp-json\/wp\/v2\/pages\/14072","targetHints":{"allow":["GET"]}}],"collection":[{"href":"https:\/\/www.fmsdocumentation.com\/it\/wp-json\/wp\/v2\/pages"}],"about":[{"href":"https:\/\/www.fmsdocumentation.com\/it\/wp-json\/wp\/v2\/types\/page"}],"author":[{"embeddable":true,"href":"https:\/\/www.fmsdocumentation.com\/it\/wp-json\/wp\/v2\/users\/1"}],"replies":[{"embeddable":true,"href":"https:\/\/www.fmsdocumentation.com\/it\/wp-json\/wp\/v2\/comments?post=14072"}],"version-history":[{"count":1,"href":"https:\/\/www.fmsdocumentation.com\/it\/wp-json\/wp\/v2\/pages\/14072\/revisions"}],"predecessor-version":[{"id":14096,"href":"https:\/\/www.fmsdocumentation.com\/it\/wp-json\/wp\/v2\/pages\/14072\/revisions\/14096"}],"up":[{"embeddable":true,"href":"https:\/\/www.fmsdocumentation.com\/it\/wp-json\/wp\/v2\/pages\/14084"}],"wp:attachment":[{"href":"https:\/\/www.fmsdocumentation.com\/it\/wp-json\/wp\/v2\/media?parent=14072"}],"curies":[{"name":"wp","href":"https:\/\/api.w.org\/{rel}","templated":true}]}}