{"id":14098,"date":"2025-05-08T09:35:39","date_gmt":"2025-05-08T06:35:39","guid":{"rendered":"https:\/\/www.fmsdocumentation.com\/panoramica-sulla-manutenzione\/"},"modified":"2025-05-08T09:38:53","modified_gmt":"2025-05-08T06:38:53","slug":"panoramica-sulla-manutenzione","status":"publish","type":"page","link":"https:\/\/www.fmsdocumentation.com\/it\/menu-stato-della-flotta\/panoramica-sulla-manutenzione\/","title":{"rendered":"Panoramica sulla manutenzione"},"content":{"rendered":"<p>La scheda manutenzione consente all&#8217;utente di visualizzare le attivit\u00e0 di manutenzione assegnate a un veicolo, di assegnarne di nuove, di modificare quelle vecchie e di contrassegnare le attivit\u00e0 di manutenzione completate. Dopo aver cliccato sulla scheda Panoramica della manutenzione, l&#8217;utente avr\u00e0 a disposizione due parti principali del modulo di manutenzione: <\/p>\n<ul>\n<li>Aggiungi un&#8217;attivit\u00e0 di manutenzione;<\/li>\n<li>Elenco delle attivit\u00e0 assegnate.<\/li>\n<\/ul>\n<p><a href=\"https:\/\/www.fmsdocumentation.com\/wp-content\/uploads\/2017\/04\/48.png\"><img loading=\"lazy\" decoding=\"async\" class=\"alignnone wp-image-105 size-full\" src=\"https:\/\/www.fmsdocumentation.com\/wp-content\/uploads\/2017\/04\/48.png\" alt=\"\" width=\"361\" height=\"425\" srcset=\"https:\/\/www.fmsdocumentation.com\/wp-content\/uploads\/2017\/04\/48.png 361w, https:\/\/www.fmsdocumentation.com\/wp-content\/uploads\/2017\/04\/48-255x300.png 255w\" sizes=\"auto, (max-width: 361px) 100vw, 361px\" \/><\/a><\/p>\n<p>Cliccando sul pulsante &#8220;<strong>Aggiungi attivit\u00e0 di manutenzione&#8221; <\/strong>si aprir\u00e0 una nuova finestra chiamata &#8220;crea attivit\u00e0 di manutenzione per &lt;nome_dell&#8217;oggetto_selezionato&gt;&#8221;.<\/p>\n<p><a href=\"https:\/\/www.fmsdocumentation.com\/wp-content\/uploads\/2017\/04\/49.png\"><img loading=\"lazy\" decoding=\"async\" class=\"alignnone wp-image-106 size-full\" src=\"https:\/\/www.fmsdocumentation.com\/wp-content\/uploads\/2017\/04\/49.png\" alt=\"\" width=\"550\" height=\"760\" srcset=\"https:\/\/www.fmsdocumentation.com\/wp-content\/uploads\/2017\/04\/49.png 550w, https:\/\/www.fmsdocumentation.com\/wp-content\/uploads\/2017\/04\/49-217x300.png 217w\" sizes=\"auto, (max-width: 550px) 100vw, 550px\" \/><\/a><\/p>\n<p>Questa finestra permette anche di assegnare all&#8217;oggetto attivit\u00e0 di manutenzione gi\u00e0 esistenti.<\/p>\n<p>Per <strong>creare una nuova attivit\u00e0 di manutenzione<\/strong>, l&#8217;utente deve prima scegliere questa opzione nel selettore. L&#8217;opzione attualmente selezionata \u00e8 evidenziata da un cerchio blu (per impostazione predefinita \u00e8 selezionata l&#8217;opzione &#8220;assegna attivit\u00e0 esistente&#8221;). <\/p>\n<p><a href=\"https:\/\/www.fmsdocumentation.com\/wp-content\/uploads\/2017\/04\/50.png\"><img loading=\"lazy\" decoding=\"async\" class=\"alignnone wp-image-107 size-full\" src=\"https:\/\/www.fmsdocumentation.com\/wp-content\/uploads\/2017\/04\/50.png\" alt=\"\" width=\"430\" height=\"81\" srcset=\"https:\/\/www.fmsdocumentation.com\/wp-content\/uploads\/2017\/04\/50.png 430w, https:\/\/www.fmsdocumentation.com\/wp-content\/uploads\/2017\/04\/50-300x57.png 300w\" sizes=\"auto, (max-width: 430px) 100vw, 430px\" \/><\/a><\/p>\n<p>Successivamente l&#8217;utente pu\u00f2 inserire le informazioni necessarie per creare una nuova attivit\u00e0 di manutenzione. Devono essere inserite le seguenti informazioni: <\/p>\n<ol>\n<li><strong>Titolo<\/strong> &#8211; nome visualizzato per l&#8217;attivit\u00e0 di manutenzione;<\/li>\n<li><strong>Tipo di parametro<\/strong> &#8211; definisce quale parametro verr\u00e0 utilizzato per impostare un periodo di manutenzione. Cliccando sulla piccola freccia si aprir\u00e0 un elenco a discesa di tutte le selezioni disponibili:\n<ul>\n<li><strong>Chilometraggio<\/strong> &#8211; questo parametro \u00e8 impostato di default e stabilisce il periodo di manutenzione in chilometri (ad esempio: Cambio olio ogni 7000 km).<\/li>\n<li><strong>Data<\/strong> &#8211; questo parametro imposta il periodo di tempo; l&#8217;utente pu\u00f2 inserire un valore numerico e selezionare un raggruppamento (giorni, settimane, mesi, anni) (ad esempio: cambio olio ogni 3 mesi o 90 giorni).<\/li>\n<li><strong>Orario di lavoro &#8211; <\/strong>questo parametro imposta il periodo in ore di lavoro; questo parametro pu\u00f2 essere selezionato solo per i veicoli che sono configurati (DIN1, DIN2, DIN3 o DIN4) per inviare i dati sull&#8217;orario di lavoro al sistema di gestione della flotta (sotto il &#8220;Tipo di parametro&#8221; appare un selettore di input in cui l&#8217;utente pu\u00f2 selezionare il DIN che invier\u00e0 i dati). Il periodo \u00e8 calcolato in ore. (Ad esempio: cambio olio ogni 450 ore lavorative).<\/li>\n<\/ul>\n<\/li>\n<li><strong>Aggiungi descrizione &#8211; <\/strong>cliccando su questo pulsante si aprir\u00e0 una casella di testo di descrizione in cui l&#8217;utente potr\u00e0 aggiungere una descrizione dell&#8217;attivit\u00e0 di manutenzione. Questa descrizione pu\u00f2 essere visualizzata quando si clicca su un&#8217;attivit\u00e0 di manutenzione nell&#8217;elenco. La descrizione sar\u00e0 visualizzata anche quando si modifica un&#8217;attivit\u00e0.  <\/li>\n<li><strong>Ingresso &#8211;<\/strong> disponibile solo se il tipo di parametro \u00e8 impostato su &#8220;Orario di lavoro&#8221;. Consente di selezionare da quale ingresso vengono ricevuti i dati relativi all&#8217;orario di lavoro; questo deve essere selezionato in base alla configurazione del dispositivo FM su ogni singolo veicolo. <\/li>\n<li><strong>Inserisci l&#8217;ultimo chilometraggio\/data\/ore di lavoro &#8211; <\/strong>Cliccando su questa casella di controllo si crea un campo di testo in cui l&#8217;utente pu\u00f2 inserire il chilometraggio\/data\/ore di lavoro dell&#8217;ultima manutenzione (il periodo inizier\u00e0 a contare da questo chilometraggio\/data\/ore di lavoro).<\/li>\n<li><strong>Ripeti attivit\u00e0 dopo &#8211; <\/strong>consente di inserire il periodo desiderato (ogni XX giorni, XXXX chilometri, XX ore di lavoro) per la manutenzione in base alla selezione dei parametri (ore di lavoro\/data\/chilometri).<\/li>\n<li><strong>Chilometraggio attuale\/data\/ore di lavoro &#8211; <\/strong>visualizza il valore attuale dei parametri degli oggetti in base all&#8217;input selezionato.<\/li>\n<li><strong>Conferma dell&#8217;attivit\u00e0: <\/strong>consente all&#8217;utente di selezionare una delle due opzioni per la conferma dell&#8217;attivit\u00e0, che definir\u00e0 quando inizia un nuovo periodo di manutenzione. \u00c8 possibile selezionare solo una delle due opzioni:\n<ul>\n<li><strong>Confermare manualmente questa attivit\u00e0 ogni volta per iniziare un nuovo ciclo di attivit\u00e0 &#8211; <\/strong>questo significa che un nuovo periodo di manutenzione inizia solo dopo che l&#8217;utente conferma che la manutenzione precedente \u00e8 stata completata <strong>;<\/strong><\/li>\n<li><strong>Conferma automaticamente questa attivit\u00e0 per iniziare un nuovo ciclo di attivit\u00e0 &#8211; <\/strong>Questo significa che un nuovo periodo di manutenzione inizia subito dopo la fine di quello precedente senza che l&#8217;utente debba confermare che la manutenzione \u00e8 stata completata<strong>; <\/strong> <\/li>\n<\/ul>\n<\/li>\n<li><strong>Casella di controllo delle notifiche via e-mail &#8211; <\/strong>attivando questa casella di controllo \u00e8 possibile ricevere notifiche via e-mail sulle attivit\u00e0 di manutenzione imminenti. \u00c8 possibile inserire pi\u00f9 di un&#8217;e-mail digitando il simbolo della virgola &#8220;,&#8221; dopo ogni e-mail. Un&#8217;e-mail pu\u00f2 essere rimossa cliccando sulla piccola x accanto all&#8217;indirizzo.  <\/li>\n<li><strong>Avviso prima &#8211;<\/strong> questo campo viene visualizzato solo se la casella di controllo della notifica via e-mail \u00e8 attivata e definisce quando inviare le e-mail di notifica. (ad esempio: prima di 500 km fino alla scadenza della manutenzione) (le unit\u00e0 di misura prima (km\/tempo) dipendono dal tipo di parametro selezionato); <\/li>\n<li><strong>Salva &#8211; <\/strong>Questo pulsante deve essere cliccato per creare una nuova attivit\u00e0 di manutenzione o assegnare un&#8217;attivit\u00e0 esistente;<\/li>\n<li><strong>Chiudi &#8211; <\/strong>Questo pulsante deve essere cliccato per annullare la creazione di una nuova attivit\u00e0 di manutenzione\/assegnazione di attivit\u00e0, oppure l&#8217;utente pu\u00f2 semplicemente cliccare su un punto qualsiasi al di fuori della finestra delle impostazioni per chiuderla.<\/li>\n<\/ol>\n<p><a href=\"https:\/\/www.fmsdocumentation.com\/wp-content\/uploads\/2017\/04\/51.png\"><img loading=\"lazy\" decoding=\"async\" class=\"alignnone wp-image-108 size-large\" src=\"https:\/\/www.fmsdocumentation.com\/wp-content\/uploads\/2017\/04\/51-438x1024.png\" alt=\"\" width=\"438\" height=\"1024\" srcset=\"https:\/\/www.fmsdocumentation.com\/wp-content\/uploads\/2017\/04\/51-438x1024.png 438w, https:\/\/www.fmsdocumentation.com\/wp-content\/uploads\/2017\/04\/51-128x300.png 128w, https:\/\/www.fmsdocumentation.com\/wp-content\/uploads\/2017\/04\/51.png 550w\" sizes=\"auto, (max-width: 438px) 100vw, 438px\" \/><\/a><\/p>\n<p>Per <strong>assegnare un&#8217;attivit\u00e0 di manutenzione esistente<\/strong>, l&#8217;utente deve prima scegliere questa opzione nel selettore. L&#8217;opzione attualmente selezionata \u00e8 evidenziata da un cerchio blu (per impostazione predefinita \u00e8 selezionata l&#8217;opzione &#8220;assegna attivit\u00e0 esistente&#8221;). In seguito, il processo \u00e8 simile a quello della creazione di un nuovo compito, con l&#8217;eccezione di alcune parti.  <\/p>\n<p>In questo caso il campo &#8220;Titolo&#8221; funziona come un elenco a discesa contenente tutte le attivit\u00e0 di manutenzione esistenti, l&#8217;utente deve semplicemente selezionare quella che desidera.<\/p>\n<p><a href=\"https:\/\/www.fmsdocumentation.com\/wp-content\/uploads\/2017\/04\/52.png\"><img loading=\"lazy\" decoding=\"async\" class=\"alignnone wp-image-109 size-full\" src=\"https:\/\/www.fmsdocumentation.com\/wp-content\/uploads\/2017\/04\/52.png\" alt=\"\" width=\"536\" height=\"293\" srcset=\"https:\/\/www.fmsdocumentation.com\/wp-content\/uploads\/2017\/04\/52.png 536w, https:\/\/www.fmsdocumentation.com\/wp-content\/uploads\/2017\/04\/52-300x164.png 300w\" sizes=\"auto, (max-width: 536px) 100vw, 536px\" \/><\/a><\/p>\n<p>Dopo aver selezionato l&#8217;attivit\u00e0 di manutenzione, l&#8217;utente deve compilare i seguenti campi in modo identico alla creazione di una nuova attivit\u00e0:<\/p>\n<ul>\n<li><strong>Descrizione;<\/strong><\/li>\n<li><strong>Inserisci il chilometraggio dell&#8217;ultimo servizio;<\/strong><\/li>\n<li><strong>Ripeti dopo;<\/strong><\/li>\n<li><strong>Conferma dell&#8217;attivit\u00e0;<\/strong><\/li>\n<li><strong>Notifiche via e-mail.<\/strong><\/li>\n<\/ul>\n<p>Tutti gli altri campi sono presenti e non possono essere modificati.<\/p>\n<p><strong>Elenco delle attivit\u00e0 assegnate<\/strong>: visualizza tutte le attivit\u00e0 assegnate a un veicolo. L&#8217;utente pu\u00f2 cliccare su un&#8217;attivit\u00e0 per visualizzare ulteriori informazioni sull&#8217;attivit\u00e0 di manutenzione. <\/p>\n<p><a href=\"https:\/\/www.fmsdocumentation.com\/wp-content\/uploads\/2017\/04\/53.png\"><img loading=\"lazy\" decoding=\"async\" class=\"alignnone wp-image-110 size-full\" src=\"https:\/\/www.fmsdocumentation.com\/wp-content\/uploads\/2017\/04\/53.png\" alt=\"\" width=\"360\" height=\"250\" srcset=\"https:\/\/www.fmsdocumentation.com\/wp-content\/uploads\/2017\/04\/53.png 360w, https:\/\/www.fmsdocumentation.com\/wp-content\/uploads\/2017\/04\/53-300x208.png 300w\" sizes=\"auto, (max-width: 360px) 100vw, 360px\" \/><\/a><\/p>\n<p>Le seguenti informazioni sono presenti in ogni attivit\u00e0:<\/p>\n<ul>\n<li><strong>Nome dell&#8217;attivit\u00e0 di manutenzione;<\/strong><\/li>\n<li><strong>Frequenza di manutenzione;<\/strong><\/li>\n<li><strong>Tempo\/distanza rimanente fino alla manutenzione + Cerchio di indicazione &#8211; si<\/strong> riempie man mano che si avvicina il momento della manutenzione; maggiori dettagli sono disponibili nella descrizione del pannello delle attivit\u00e0 di manutenzione.<\/li>\n<li><strong>Data\/chilometraggio attuale<\/strong> e <strong>data\/chilometraggio del prossimo tagliando;<\/strong><\/li>\n<\/ul>\n<p>In fondo all&#8217;attivit\u00e0 ci sono tre pulsanti:<\/p>\n<ul>\n<li>Modifica l&#8217;attivit\u00e0 assegnata &#8211; simile alla creazione di una nuova attivit\u00e0;<\/li>\n<li>Disassegna l&#8217;attivit\u00e0;<\/li>\n<li>Completa manutenzione &#8211; azzera il periodo di manutenzione (pu\u00f2 essere cliccato solo se il periodo rimanente \u00e8 inferiore al 20% del valore iniziale).<\/li>\n<\/ul>\n<p>Maggiori informazioni sono disponibili nella descrizione del <a href=\"https:\/\/www.fmsdocumentation.com\/maintenance-tasks-menu\/\">pannello delle attivit\u00e0 di manutenzione<\/a>.<\/p>\n<hr>\n<p><div class=\"alignleft\"><a href=\"https:\/\/www.fmsdocumentation.com\/it\/menu-stato-della-flotta\/panoramica-del-carburante\/\" title=\"Panoramica del carburante\"><span class=\"arrow\">\u2039 &nbsp <\/span> Panoramica del carburante <\/a><\/div> <div class=\"alignright\"><a href=\"https:\/\/www.fmsdocumentation.com\/it\/menu-stato-della-flotta\/panoramica-dellanalisi-temporale\/\" title=\"Panoramica dell&#8217;analisi temporale\">Panoramica dell&#8217;analisi temporale <span class=\"arrow\"> &nbsp\u203a <\/span> <\/a><\/div><\/p>\n","protected":false},"excerpt":{"rendered":"<p>La scheda manutenzione consente all&#8217;utente di visualizzare le attivit\u00e0 di manutenzione assegnate a un veicolo, di assegnarne di nuove, di modificare quelle vecchie e di contrassegnare le attivit\u00e0 di manutenzione completate. Dopo aver cliccato sulla scheda Panoramica della manutenzione, l&#8217;utente avr\u00e0 a disposizione due parti principali del modulo di manutenzione: Aggiungi un&#8217;attivit\u00e0 di manutenzione; Elenco &hellip; <a href=\"https:\/\/www.fmsdocumentation.com\/it\/menu-stato-della-flotta\/panoramica-sulla-manutenzione\/\" class=\"more-link\">Continua a leggere <span class=\"screen-reader-text\">Panoramica sulla manutenzione<\/span><\/a><\/p>\n","protected":false},"author":1,"featured_media":0,"parent":14183,"menu_order":6,"comment_status":"closed","ping_status":"closed","template":"","meta":{"footnotes":""},"class_list":["post-14098","page","type-page","status-publish","hentry"],"_links":{"self":[{"href":"https:\/\/www.fmsdocumentation.com\/it\/wp-json\/wp\/v2\/pages\/14098","targetHints":{"allow":["GET"]}}],"collection":[{"href":"https:\/\/www.fmsdocumentation.com\/it\/wp-json\/wp\/v2\/pages"}],"about":[{"href":"https:\/\/www.fmsdocumentation.com\/it\/wp-json\/wp\/v2\/types\/page"}],"author":[{"embeddable":true,"href":"https:\/\/www.fmsdocumentation.com\/it\/wp-json\/wp\/v2\/users\/1"}],"replies":[{"embeddable":true,"href":"https:\/\/www.fmsdocumentation.com\/it\/wp-json\/wp\/v2\/comments?post=14098"}],"version-history":[{"count":1,"href":"https:\/\/www.fmsdocumentation.com\/it\/wp-json\/wp\/v2\/pages\/14098\/revisions"}],"predecessor-version":[{"id":14197,"href":"https:\/\/www.fmsdocumentation.com\/it\/wp-json\/wp\/v2\/pages\/14098\/revisions\/14197"}],"up":[{"embeddable":true,"href":"https:\/\/www.fmsdocumentation.com\/it\/wp-json\/wp\/v2\/pages\/14183"}],"wp:attachment":[{"href":"https:\/\/www.fmsdocumentation.com\/it\/wp-json\/wp\/v2\/media?parent=14098"}],"curies":[{"name":"wp","href":"https:\/\/api.w.org\/{rel}","templated":true}]}}