{"id":14110,"date":"2025-05-08T09:36:12","date_gmt":"2025-05-08T06:36:12","guid":{"rendered":"https:\/\/www.fmsdocumentation.com\/menu-geozones\/"},"modified":"2025-05-08T09:36:12","modified_gmt":"2025-05-08T06:36:12","slug":"menu-geozones","status":"publish","type":"page","link":"https:\/\/www.fmsdocumentation.com\/it\/menu-geozones\/","title":{"rendered":"Menu Geozones"},"content":{"rendered":"<p>Per accedere al pannello delle geozone, l&#8217;utente deve cliccare sull&#8217;icona corrispondente nel pannello di navigazione situato sul lato sinistro dello schermo.<\/p>\n<p><a href=\"https:\/\/www.fmsdocumentation.com\/wp-content\/uploads\/2018\/05\/283.png\"><img loading=\"lazy\" decoding=\"async\" class=\"alignnone size-large wp-image-5028\" src=\"https:\/\/www.fmsdocumentation.com\/wp-content\/uploads\/2018\/05\/283-1024x506.png\" alt=\"\" width=\"660\" height=\"326\" srcset=\"https:\/\/www.fmsdocumentation.com\/wp-content\/uploads\/2018\/05\/283-1024x506.png 1024w, https:\/\/www.fmsdocumentation.com\/wp-content\/uploads\/2018\/05\/283-300x148.png 300w, https:\/\/www.fmsdocumentation.com\/wp-content\/uploads\/2018\/05\/283-768x380.png 768w, https:\/\/www.fmsdocumentation.com\/wp-content\/uploads\/2018\/05\/283.png 1920w\" sizes=\"auto, (max-width: 660px) 100vw, 660px\" \/><\/a><\/p>\n<p>Questo pannello permette all&#8217;utente di cercare tra le geozone esistenti, modificarle e crearne di nuove.<\/p>\n<p>Nella parte superiore della pagina, l&#8217;utente pu\u00f2 accedere al menu di raggruppamento delle geozone. L&#8217;elenco a discesa mostrer\u00e0 i gruppi esistenti, con un colore assegnato e un numero di geozone in quel gruppo specifico. L&#8217;utente pu\u00f2 selezionare il gruppo di geozone da visualizzare. In alternativa, l&#8217;utente pu\u00f2 creare un nuovo gruppo cliccando sui tre puntini vicino all&#8217;elenco a discesa, che estender\u00e0 un selettore.   <\/p>\n<p><a href=\"https:\/\/www.fmsdocumentation.com\/wp-content\/uploads\/2017\/04\/278.png\"><img loading=\"lazy\" decoding=\"async\" class=\"alignnone wp-image-958 size-full\" src=\"https:\/\/www.fmsdocumentation.com\/wp-content\/uploads\/2017\/04\/278.png\" alt=\"\" width=\"534\" height=\"475\" srcset=\"https:\/\/www.fmsdocumentation.com\/wp-content\/uploads\/2017\/04\/278.png 534w, https:\/\/www.fmsdocumentation.com\/wp-content\/uploads\/2017\/04\/278-300x267.png 300w\" sizes=\"auto, (max-width: 534px) 100vw, 534px\" \/><\/a><\/p>\n<p>Cliccando su &#8220;Crea nuovo gruppo&#8221; si aprir\u00e0 la sezione di creazione del gruppo. Qui l&#8217;utente deve creare un nome per il gruppo, quindi selezionare un colore per il gruppo e scegliere quali geozones aggiungere al gruppo. Tutte le geozone vengono visualizzate nell&#8217;elenco. L&#8217;utente pu\u00f2 utilizzare la barra di ricerca per cercare rapidamente tra le geozone o attivare un filtro per mostrare solo le geozone o i POI (punti di interesse). Al termine, l&#8217;utente deve cliccare sul pulsante &#8220;Salva&#8221; per salvare il nuovo gruppo.    <\/p>\n<p><a href=\"https:\/\/www.fmsdocumentation.com\/wp-content\/uploads\/2017\/04\/279.png\"><img loading=\"lazy\" decoding=\"async\" class=\"alignnone wp-image-959 size-full\" src=\"https:\/\/www.fmsdocumentation.com\/wp-content\/uploads\/2017\/04\/279.png\" alt=\"\" width=\"359\" height=\"458\" srcset=\"https:\/\/www.fmsdocumentation.com\/wp-content\/uploads\/2017\/04\/279.png 359w, https:\/\/www.fmsdocumentation.com\/wp-content\/uploads\/2017\/04\/279-235x300.png 235w\" sizes=\"auto, (max-width: 359px) 100vw, 359px\" \/><\/a><\/p>\n<p>Per modificare o eliminare un gruppo, l&#8217;utente deve prima selezionare un gruppo di geozones dall&#8217;elenco e poi cliccare sui tre puntini. A questo punto saranno disponibili le opzioni &#8220;Modifica&#8221; e &#8220;Elimina&#8221;, oltre all&#8217;opzione &#8220;Modifica la privacy delle geozones&#8221; (solo per gli amministratori). <\/p>\n<p><a href=\"https:\/\/www.fmsdocumentation.com\/wp-content\/uploads\/2018\/05\/280.png\"><img loading=\"lazy\" decoding=\"async\" class=\"alignnone size-full wp-image-5032\" src=\"https:\/\/www.fmsdocumentation.com\/wp-content\/uploads\/2018\/05\/280.png\" alt=\"\" width=\"579\" height=\"250\" srcset=\"https:\/\/www.fmsdocumentation.com\/wp-content\/uploads\/2018\/05\/280.png 579w, https:\/\/www.fmsdocumentation.com\/wp-content\/uploads\/2018\/05\/280-300x130.png 300w\" sizes=\"auto, (max-width: 579px) 100vw, 579px\" \/><\/a><\/p>\n<p>Cliccando su &#8220;Modifica la privacy delle geozone&#8221; si aprir\u00e0 una nuova finestra in cui l&#8217;utente potr\u00e0 selezionare le impostazioni di privacy da applicare all&#8217;<strong>intero<\/strong> gruppo. Sono disponibili le seguenti impostazioni di privacy: <\/p>\n<ul>\n<li>Solo tu puoi <strong>visualizzare<\/strong> e <strong>modificare<\/strong> &#8211; solo l&#8217;utente corrente con diritti di amministratore potr\u00e0 visualizzare e modificare il gruppo di geozone selezionato;<\/li>\n<li>Chiunque pu\u00f2 <strong>visualizzare<\/strong> &#8211; tutti gli utenti possono visualizzare il gruppo di geozone selezionato;<\/li>\n<li>Chiunque pu\u00f2 <strong>visualizzare<\/strong> e <strong>modificare<\/strong> &#8211; tutti gli utenti possono visualizzare e modificare il gruppo di geozone selezionato.<\/li>\n<\/ul>\n<p>Dopo aver selezionato le impostazioni sulla privacy, l&#8217;utente deve cliccare sul pulsante &#8220;Salva&#8221;, altrimenti le modifiche non verranno salvate.<\/p>\n<p><a href=\"https:\/\/www.fmsdocumentation.com\/wp-content\/uploads\/2018\/05\/346.png\"><img loading=\"lazy\" decoding=\"async\" class=\"alignnone size-full wp-image-5033\" src=\"https:\/\/www.fmsdocumentation.com\/wp-content\/uploads\/2018\/05\/346.png\" alt=\"\" width=\"750\" height=\"349\" srcset=\"https:\/\/www.fmsdocumentation.com\/wp-content\/uploads\/2018\/05\/346.png 750w, https:\/\/www.fmsdocumentation.com\/wp-content\/uploads\/2018\/05\/346-300x140.png 300w\" sizes=\"auto, (max-width: 750px) 100vw, 750px\" \/><\/a><\/p>\n<p>Per creare una nuova Geozona, l&#8217;utente deve cliccare sul pulsante &#8220;+ Nuova Geozona&#8221;.<\/p>\n<p><a href=\"https:\/\/www.fmsdocumentation.com\/wp-content\/uploads\/2018\/05\/93.png\"><img loading=\"lazy\" decoding=\"async\" class=\"alignnone size-large wp-image-5031\" src=\"https:\/\/www.fmsdocumentation.com\/wp-content\/uploads\/2018\/05\/93-1024x506.png\" alt=\"\" width=\"660\" height=\"326\" srcset=\"https:\/\/www.fmsdocumentation.com\/wp-content\/uploads\/2018\/05\/93-1024x506.png 1024w, https:\/\/www.fmsdocumentation.com\/wp-content\/uploads\/2018\/05\/93-300x148.png 300w, https:\/\/www.fmsdocumentation.com\/wp-content\/uploads\/2018\/05\/93-768x380.png 768w, https:\/\/www.fmsdocumentation.com\/wp-content\/uploads\/2018\/05\/93.png 1920w\" sizes=\"auto, (max-width: 660px) 100vw, 660px\" \/><\/a><\/p>\n<p>Cliccando sul pulsante &#8220;+ Nuova Geozona&#8221; si aprir\u00e0 un nuovo pannello con i tipi di geozone. Sono disponibili solo due schede: <strong>Nuovo punto di interesse<\/strong> e <strong>Nuova geozona<\/strong>. <\/p>\n<p><strong>Nuovo punto di interesse<\/strong><b> <\/b>&#8211; Dopo aver cliccato sul pulsante &#8220;+ Nuova Geozona&#8221;, l&#8217;utente ha due modi per creare un POI.<\/p>\n<p><a href=\"https:\/\/www.fmsdocumentation.com\/wp-content\/uploads\/2018\/05\/94.png\"><img loading=\"lazy\" decoding=\"async\" class=\"alignnone wp-image-5034 size-full\" src=\"https:\/\/www.fmsdocumentation.com\/wp-content\/uploads\/2018\/05\/94.png\" alt=\"\" width=\"360\" height=\"130\" srcset=\"https:\/\/www.fmsdocumentation.com\/wp-content\/uploads\/2018\/05\/94.png 360w, https:\/\/www.fmsdocumentation.com\/wp-content\/uploads\/2018\/05\/94-300x108.png 300w\" sizes=\"auto, (max-width: 360px) 100vw, 360px\" \/><\/a><\/p>\n<p>Il primo modo \u00e8 quello di cliccare semplicemente sul POI desiderato sulla mappa, che riempir\u00e0 automaticamente il campo dell&#8217;indirizzo e del raggio; in questo modo l&#8217;utente dovr\u00e0 solo dare un nome al POI, selezionare le impostazioni di privacy e aggiungere note se necessario.<\/p>\n<p>Il secondo modo consiste nell&#8217;inserire tutte le informazioni a mano. L&#8217;utente dovr\u00e0 compilare i seguenti campi: <\/p>\n<ul>\n<li>Nome &#8211; il nome del POI, che serve principalmente per la navigazione dell&#8217;utente (questo campo \u00e8 obbligatorio);<\/li>\n<li>Indirizzo &#8211; l&#8217;indirizzo del PDI; questo campo funziona come una barra di ricerca e suggerisce automaticamente gli indirizzi ad ogni carattere inserito (questo campo \u00e8 obbligatorio);<\/li>\n<li>Raggio &#8211; il raggio intorno all&#8217;indirizzo selezionato che sar\u00e0 incluso nella geozona. I valori vanno da 5 a 50000 metri. (questo campo \u00e8 obbligatorio);  <\/li>\n<li>Tipo &#8211; chi pu\u00f2 visualizzare e modificare il POI, come descritto in precedenza nelle impostazioni sulla privacy (solo per gli amministratori);<\/li>\n<li>Note &#8211; note generali che l&#8217;utente potrebbe decidere di allegare al POI (questo campo \u00e8 facoltativo).<\/li>\n<\/ul>\n<p><a href=\"https:\/\/www.fmsdocumentation.com\/wp-content\/uploads\/2018\/05\/95.png\"><img loading=\"lazy\" decoding=\"async\" class=\"alignnone wp-image-5035 size-full\" src=\"https:\/\/www.fmsdocumentation.com\/wp-content\/uploads\/2018\/05\/95.png\" alt=\"\" width=\"360\" height=\"819\" srcset=\"https:\/\/www.fmsdocumentation.com\/wp-content\/uploads\/2018\/05\/95.png 360w, https:\/\/www.fmsdocumentation.com\/wp-content\/uploads\/2018\/05\/95-132x300.png 132w\" sizes=\"auto, (max-width: 360px) 100vw, 360px\" \/><\/a><\/p>\n<p>Dopo aver compilato tutti i campi, \u00e8 necessario cliccare sul pulsante &#8220;Salva&#8221;, altrimenti la geozona non verr\u00e0 salvata.<\/p>\n<p><strong>Nuova Geozona<\/strong> &#8211; permette di marcare un territorio sulla mappa segnando punti collegati in modo consequenziale su tutta la mappa.<\/p>\n<p><a href=\"https:\/\/www.fmsdocumentation.com\/wp-content\/uploads\/2018\/05\/96.png\"><img loading=\"lazy\" decoding=\"async\" class=\"alignnone size-full wp-image-5036\" src=\"https:\/\/www.fmsdocumentation.com\/wp-content\/uploads\/2018\/05\/96.png\" alt=\"\" width=\"360\" height=\"130\" srcset=\"https:\/\/www.fmsdocumentation.com\/wp-content\/uploads\/2018\/05\/96.png 360w, https:\/\/www.fmsdocumentation.com\/wp-content\/uploads\/2018\/05\/96-300x108.png 300w\" sizes=\"auto, (max-width: 360px) 100vw, 360px\" \/><\/a><\/p>\n<p>Esiste un solo modo per creare una geozona. Dopo aver fatto clic sulla scheda &#8220;Nuova geozona&#8221;, saranno disponibili solo tre campi da riempire: <\/p>\n<ul>\n<li>Nome &#8211; il nome della geozona, che serve principalmente per la navigazione dell&#8217;utente (questo campo \u00e8 obbligatorio);<\/li>\n<li>Tipo &#8211; chi pu\u00f2 visualizzare e modificare la geozona, come descritto in precedenza nelle impostazioni sulla privacy;<\/li>\n<li>Note &#8211; note generali che l&#8217;utente potrebbe decidere di allegare al POI (questo campo \u00e8 facoltativo).<\/li>\n<\/ul>\n<p>Dopo aver compilato i campi<em>(o prima, la sequenza dei passaggi non ha alcun impatto sul risultato finale<\/em>) l&#8217;utente deve marcare la geozona sulla mappa. Per iniziare, l&#8217;utente deve posizionare il primo punto cliccando sulla mappa e poi cliccare su diversi punti intorno all&#8217;area che desidera marcare. Ogni punto sar\u00e0 collegato al punto precedente e a quello successivo. Per terminare la creazione di una geozona, l&#8217;ultimo e il primo punto devono essere collegati. Dopo aver collegato gli ultimi punti, l&#8217;area contrassegnata sar\u00e0 evidenziata in blu.    <\/p>\n<p><a href=\"https:\/\/www.fmsdocumentation.com\/wp-content\/uploads\/2018\/05\/97.png\"><img loading=\"lazy\" decoding=\"async\" class=\"alignnone size-large wp-image-5037\" src=\"https:\/\/www.fmsdocumentation.com\/wp-content\/uploads\/2018\/05\/97-1024x607.png\" alt=\"\" width=\"660\" height=\"391\" srcset=\"https:\/\/www.fmsdocumentation.com\/wp-content\/uploads\/2018\/05\/97-1024x607.png 1024w, https:\/\/www.fmsdocumentation.com\/wp-content\/uploads\/2018\/05\/97-300x178.png 300w, https:\/\/www.fmsdocumentation.com\/wp-content\/uploads\/2018\/05\/97-768x455.png 768w, https:\/\/www.fmsdocumentation.com\/wp-content\/uploads\/2018\/05\/97.png 1500w\" sizes=\"auto, (max-width: 660px) 100vw, 660px\" \/><\/a><\/p>\n<p>Dopo aver compilato tutti i campi e contrassegnato la geozona, l&#8217;utente deve cliccare sul pulsante &#8220;Salva&#8221; per salvare la geozona.<br \/>\n<p class=\"note\">Nota<br \/>\nLa geozona pu\u00f2 essere modificata dopo che l&#8217;ultimo punto \u00e8 stato collegato; per farlo \u00e8 sufficiente cliccare e trascinare i punti della geozona esistenti sulla mappa. Man mano che la geozona si estende, vengono creati altri punti per semplificare la creazione della geozona. Dopo ogni spostamento di un punto, appare l&#8217;icona &#8220;Annulla&#8221; che permette di riportare il punto spostato nella sua posizione precedente. Questo vale solo per l&#8217;ultimo punto spostato.   <\/p><\/p>\n<p>Inoltre, invece di creare POI\/geozone a mano, l&#8217;utente pu\u00f2 importare un file con i dati dei punti cliccando sull&#8217;icona del file come mostrato di seguito. In questo modo \u00e8 possibile creare POI\/geozones in blocco. <\/p>\n<p><a href=\"https:\/\/www.fmsdocumentation.com\/wp-content\/uploads\/2018\/05\/347.png\"><img loading=\"lazy\" decoding=\"async\" class=\"alignnone size-full wp-image-5040\" src=\"https:\/\/www.fmsdocumentation.com\/wp-content\/uploads\/2018\/05\/347.png\" alt=\"\" width=\"390\" height=\"180\" srcset=\"https:\/\/www.fmsdocumentation.com\/wp-content\/uploads\/2018\/05\/347.png 390w, https:\/\/www.fmsdocumentation.com\/wp-content\/uploads\/2018\/05\/347-300x138.png 300w\" sizes=\"auto, (max-width: 390px) 100vw, 390px\" \/><\/a><\/p>\n<p>Cliccando sull&#8217;icona del file si aprir\u00e0 una nuova finestra &#8220;Importa geozone&#8221;. Per prima cosa, l&#8217;utente deve selezionare uno o pi\u00f9 gruppi di geozone a cui verranno aggiunte le geozone importate. \u00c8 presente una barra di ricerca che si aggiorna automaticamente ad ogni lettera inserita. Per selezionare\/deselezionare un gruppo di geozone, l&#8217;utente deve marcare\/deselezionare la casella di controllo accanto ad esso. Se il campo viene lasciato vuoto, le geozone importate non verranno assegnate ad alcun gruppo. In alternativa, l&#8217;utente pu\u00f2 creare un nuovo gruppo direttamente nella finestra &#8220;Importa geozone&#8221; selezionando &#8220;Crea gruppo di geozone&#8221;.     <\/p>\n<p>Dopo aver selezionato il gruppo, l&#8217;utente deve scegliere il tipo di autorizzazione (solo amministratori) e caricare un file con i dati della geozona<strong>(sono accettati solo file .kml e .csv!<\/strong>). Un file di esempio pu\u00f2 essere scaricato cliccando su &#8220;Scarica un modulo CSV di esempio&#8221;. Passando il mouse sull&#8217;icona delle informazioni accanto ad essa, verr\u00e0 visualizzata una spiegazione del contenuto del file. L&#8217;utente deve cliccare sul pulsante &#8220;Importa&#8221;, altrimenti il file non verr\u00e0 caricato.   <\/p>\n<p><a href=\"https:\/\/www.fmsdocumentation.com\/wp-content\/uploads\/2018\/05\/348.png\"><img loading=\"lazy\" decoding=\"async\" class=\"alignnone size-full wp-image-5041\" src=\"https:\/\/www.fmsdocumentation.com\/wp-content\/uploads\/2018\/05\/348.png\" alt=\"\" width=\"850\" height=\"543\" srcset=\"https:\/\/www.fmsdocumentation.com\/wp-content\/uploads\/2018\/05\/348.png 850w, https:\/\/www.fmsdocumentation.com\/wp-content\/uploads\/2018\/05\/348-300x192.png 300w, https:\/\/www.fmsdocumentation.com\/wp-content\/uploads\/2018\/05\/348-768x491.png 768w\" sizes=\"auto, (max-width: 850px) 100vw, 850px\" \/><\/a><\/p>\n<p><p class=\"note\">Nota<br \/>\nTutti i POI\/geozone creati o caricati da un utente regolare sono visibili e modificabili solo dall&#8217;utente stesso. Gli amministratori e gli altri utenti non possono vederli o modificarli. <\/p><\/p>\n<p><strong>Elenco delle geozone <\/strong>&#8211; visualizza tutte le geozone visibili per un utente web specifico. L&#8217;elenco delle geozone pu\u00f2 essere filtrato cliccando sul campo &#8220;Mostra geozone&#8221; che aprir\u00e0 un elenco a discesa con i filtri disponibili. <\/p>\n<p><a href=\"https:\/\/www.fmsdocumentation.com\/wp-content\/uploads\/2018\/05\/98.png\"><img loading=\"lazy\" decoding=\"async\" class=\"alignnone size-full wp-image-5039\" src=\"https:\/\/www.fmsdocumentation.com\/wp-content\/uploads\/2018\/05\/98.png\" alt=\"\" width=\"360\" height=\"162\" srcset=\"https:\/\/www.fmsdocumentation.com\/wp-content\/uploads\/2018\/05\/98.png 360w, https:\/\/www.fmsdocumentation.com\/wp-content\/uploads\/2018\/05\/98-300x135.png 300w\" sizes=\"auto, (max-width: 360px) 100vw, 360px\" \/><\/a><\/p>\n<p>Il filtro attualmente selezionato \u00e8 evidenziato in una tonalit\u00e0 di grigio pi\u00f9 scura ed \u00e8 contrassegnato da una barra blu a destra del nome del filtro. Dopo aver selezionato un filtro, l&#8217;elenco verr\u00e0 aggiornato automaticamente con i parametri del filtro. Ogni geozona \u00e8 contrassegnata da un&#8217;icona corrispondente. Accanto all&#8217;icona c&#8217;\u00e8 il nome della geozona e sotto l&#8217;indirizzo. Le geozone visibili e modificabili da altri utenti avranno un&#8217;icona sul lato destro.    <\/p>\n<p><a href=\"https:\/\/www.fmsdocumentation.com\/wp-content\/uploads\/2018\/05\/349.png\"><img loading=\"lazy\" decoding=\"async\" class=\"alignnone size-full wp-image-5045\" src=\"https:\/\/www.fmsdocumentation.com\/wp-content\/uploads\/2018\/05\/349.png\" alt=\"\" width=\"352\" height=\"71\" srcset=\"https:\/\/www.fmsdocumentation.com\/wp-content\/uploads\/2018\/05\/349.png 352w, https:\/\/www.fmsdocumentation.com\/wp-content\/uploads\/2018\/05\/349-300x61.png 300w\" sizes=\"auto, (max-width: 352px) 100vw, 352px\" \/><\/a><\/p>\n<p>Cliccando sulla geozona, questa verr\u00e0 visualizzata sulla mappa e si aprir\u00e0 un pannello con le informazioni sulla geozona. Le coordinate della geozona possono essere copiate dal pannello cliccando su di esse. Inoltre, l&#8217;utente pu\u00f2 modificare o eliminare la geozona cliccando sui rispettivi pulsanti.  <\/p>\n<p><a href=\"https:\/\/www.fmsdocumentation.com\/wp-content\/uploads\/2019\/06\/102.png\"><img loading=\"lazy\" decoding=\"async\" class=\"alignnone size-full wp-image-8039\" src=\"https:\/\/www.fmsdocumentation.com\/wp-content\/uploads\/2019\/06\/102.png\" alt=\"\" width=\"722\" height=\"490\" srcset=\"https:\/\/www.fmsdocumentation.com\/wp-content\/uploads\/2019\/06\/102.png 722w, https:\/\/www.fmsdocumentation.com\/wp-content\/uploads\/2019\/06\/102-300x204.png 300w\" sizes=\"auto, (max-width: 722px) 100vw, 722px\" \/><\/a><\/p>\n<p><strong>Modifica <\/strong>&#8211; si aprir\u00e0 una finestra identica a quella di &#8220;Nuova geozona&#8221;; qui \u00e8 possibile apportare modifiche alla geozona. La descrizione e la posizione sulla mappa possono essere modificate. Dopo qualsiasi modifica, \u00e8 necessario cliccare sul pulsante &#8220;Salva&#8221;, altrimenti le modifiche verranno annullate. Se l&#8217;utente non vuole salvare le modifiche, deve cliccare sul pulsante &#8220;Annulla&#8221;.   <\/p>\n<p><strong>Elimina<\/strong> &#8211; cliccando su questo pulsante si aprir\u00e0 una nuova finestra di conferma nel caso in cui l&#8217;utente abbia cliccato per sbaglio su questo pulsante. Qui l&#8217;utente pu\u00f2 confermare l&#8217;azione di cancellazione o annullarla. Le geozone possono essere eliminate solo dall&#8217;utente che le ha create.  <\/p>\n<p>&nbsp;<\/p>\n<hr>\n<p><div class=\"alignleft\"><a href=\"https:\/\/www.fmsdocumentation.com\/it\/menu-comunicazioni\/\" title=\"Menu Comunicazioni\"><span class=\"arrow\">\u2039 &nbsp <\/span> Menu Comunicazioni <\/a><\/div> <div class=\"alignright\"><a href=\"https:\/\/www.fmsdocumentation.com\/it\/menu-eventi\/\" title=\"Menu Eventi\">Menu Eventi <span class=\"arrow\"> &nbsp\u203a <\/span> <\/a><\/div><\/p>\n","protected":false},"excerpt":{"rendered":"<p>Per accedere al pannello delle geozone, l&#8217;utente deve cliccare sull&#8217;icona corrispondente nel pannello di navigazione situato sul lato sinistro dello schermo. Questo pannello permette all&#8217;utente di cercare tra le geozone esistenti, modificarle e crearne di nuove. Nella parte superiore della pagina, l&#8217;utente pu\u00f2 accedere al menu di raggruppamento delle geozone. L&#8217;elenco a discesa mostrer\u00e0 i &hellip; <a href=\"https:\/\/www.fmsdocumentation.com\/it\/menu-geozones\/\" class=\"more-link\">Continua a leggere <span class=\"screen-reader-text\">Menu Geozones<\/span><\/a><\/p>\n","protected":false},"author":1,"featured_media":0,"parent":0,"menu_order":53,"comment_status":"closed","ping_status":"closed","template":"","meta":{"footnotes":""},"class_list":["post-14110","page","type-page","status-publish","hentry"],"_links":{"self":[{"href":"https:\/\/www.fmsdocumentation.com\/it\/wp-json\/wp\/v2\/pages\/14110","targetHints":{"allow":["GET"]}}],"collection":[{"href":"https:\/\/www.fmsdocumentation.com\/it\/wp-json\/wp\/v2\/pages"}],"about":[{"href":"https:\/\/www.fmsdocumentation.com\/it\/wp-json\/wp\/v2\/types\/page"}],"author":[{"embeddable":true,"href":"https:\/\/www.fmsdocumentation.com\/it\/wp-json\/wp\/v2\/users\/1"}],"replies":[{"embeddable":true,"href":"https:\/\/www.fmsdocumentation.com\/it\/wp-json\/wp\/v2\/comments?post=14110"}],"version-history":[{"count":0,"href":"https:\/\/www.fmsdocumentation.com\/it\/wp-json\/wp\/v2\/pages\/14110\/revisions"}],"wp:attachment":[{"href":"https:\/\/www.fmsdocumentation.com\/it\/wp-json\/wp\/v2\/media?parent=14110"}],"curies":[{"name":"wp","href":"https:\/\/api.w.org\/{rel}","templated":true}]}}