{"id":14122,"date":"2025-05-08T09:37:32","date_gmt":"2025-05-08T06:37:32","guid":{"rendered":"https:\/\/www.fmsdocumentation.com\/panoramica-degli-eventi\/"},"modified":"2025-05-08T09:38:52","modified_gmt":"2025-05-08T06:38:52","slug":"panoramica-degli-eventi","status":"publish","type":"page","link":"https:\/\/www.fmsdocumentation.com\/it\/menu-stato-della-flotta\/panoramica-degli-eventi\/","title":{"rendered":"Panoramica degli eventi"},"content":{"rendered":"<p>Questa scheda serve per gestire e rivedere gli eventi attivati assegnati all&#8217;oggetto selezionato. Gli eventi assegnati sono visualizzati nell&#8217;elenco situato nella parte inferiore del pannello. Per modificare gli eventi assegnati, l&#8217;utente deve cliccare sul campo &#8220;Gestisci eventi&#8221; che aprir\u00e0 una nuova finestra con un elenco di tutti gli eventi registrati per l&#8217;utente web corrente.  <\/p>\n<p><a href=\"https:\/\/www.fmsdocumentation.com\/wp-content\/uploads\/2017\/04\/40.png\"><img loading=\"lazy\" decoding=\"async\" class=\"alignnone wp-image-93 size-full\" src=\"https:\/\/www.fmsdocumentation.com\/wp-content\/uploads\/2017\/04\/40.png\" alt=\"\" width=\"360\" height=\"130\" srcset=\"https:\/\/www.fmsdocumentation.com\/wp-content\/uploads\/2017\/04\/40.png 360w, https:\/\/www.fmsdocumentation.com\/wp-content\/uploads\/2017\/04\/40-300x108.png 300w\" sizes=\"auto, (max-width: 360px) 100vw, 360px\" \/><\/a><\/p>\n<p>Gli eventi abilitati saranno contrassegnati da un segno di spunta evidenziato prima del nome dell&#8217;evento. Se l&#8217;evento ha dei parametri che non sono supportati dal veicolo, l&#8217;evento viene nascosto nell&#8217;elenco. Per trovare rapidamente l&#8217;evento necessario, \u00e8 presente una barra di ricerca. L&#8217;elenco si aggiorna automaticamente ad ogni lettera digitata. Al termine della selezione degli eventi, \u00e8 necessario premere il pulsante &#8220;Applica&#8221; per salvare le modifiche apportate.    <\/p>\n<p><a href=\"https:\/\/www.fmsdocumentation.com\/wp-content\/uploads\/2018\/12\/41.png\"><img loading=\"lazy\" decoding=\"async\" class=\"alignnone wp-image-6881 size-full\" src=\"https:\/\/www.fmsdocumentation.com\/wp-content\/uploads\/2018\/12\/41.png\" alt=\"\" width=\"675\" height=\"492\" srcset=\"https:\/\/www.fmsdocumentation.com\/wp-content\/uploads\/2018\/12\/41.png 675w, https:\/\/www.fmsdocumentation.com\/wp-content\/uploads\/2018\/12\/41-300x219.png 300w\" sizes=\"auto, (max-width: 675px) 100vw, 675px\" \/><\/a><\/p>\n<p>Sotto il pulsante &#8220;Gestisci eventi&#8221; \u00e8 disponibile un filtro per gli eventi. Questo filtro permette di selezionare i seguenti elementi: <\/p>\n<ul>\n<li>Mostra tutti gli eventi;<\/li>\n<li>Mostra solo gli eventi non visti;<\/li>\n<li>Mostra solo gli eventi visti.<\/li>\n<\/ul>\n<p><a href=\"https:\/\/www.fmsdocumentation.com\/wp-content\/uploads\/2017\/04\/42.png\"><img loading=\"lazy\" decoding=\"async\" class=\"alignnone wp-image-95 size-full\" src=\"https:\/\/www.fmsdocumentation.com\/wp-content\/uploads\/2017\/04\/42.png\" alt=\"\" width=\"360\" height=\"170\" srcset=\"https:\/\/www.fmsdocumentation.com\/wp-content\/uploads\/2017\/04\/42.png 360w, https:\/\/www.fmsdocumentation.com\/wp-content\/uploads\/2017\/04\/42-300x142.png 300w\" sizes=\"auto, (max-width: 360px) 100vw, 360px\" \/><\/a><\/p>\n<p>Al di sotto del filtro eventi si trova l&#8217;elenco degli eventi attivati. Questo elenco \u00e8 formattato automaticamente in ordine cronologico + filtro applicato. Gli eventi attivati sono evidenziati in <strong>grassetto<\/strong> (non visti). Se l&#8217;icona dell&#8217;evento ha un punto esclamativo rosso accanto, significa che l&#8217;evento \u00e8 <strong>ad alta priorit\u00e0<\/strong>. Dopo che l&#8217;evento \u00e8 stato visto (cliccato) dall&#8217;utente, il carattere uniforme torner\u00e0 normale, a meno che non si tratti di un evento ad alta priorit\u00e0; in questo caso l&#8217;utente dovr\u00e0 cliccare sul pulsante &#8220;Conferma&#8221; per contrassegnare l&#8217;evento come visto. Cliccando su un evento lo si espande per visualizzare ulteriori informazioni sull&#8217;evento stesso.     <\/p>\n<p><a href=\"https:\/\/www.fmsdocumentation.com\/wp-content\/uploads\/2018\/01\/43.png\"><img loading=\"lazy\" decoding=\"async\" class=\"alignnone size-full wp-image-4282\" src=\"https:\/\/www.fmsdocumentation.com\/wp-content\/uploads\/2018\/01\/43.png\" alt=\"\" width=\"360\" height=\"646\" srcset=\"https:\/\/www.fmsdocumentation.com\/wp-content\/uploads\/2018\/01\/43.png 360w, https:\/\/www.fmsdocumentation.com\/wp-content\/uploads\/2018\/01\/43-167x300.png 167w\" sizes=\"auto, (max-width: 360px) 100vw, 360px\" \/><\/a><\/p>\n<p>Cliccando su un evento nell&#8217;elenco, la mappa verr\u00e0 ingrandita automaticamente fino al punto in cui \u00e8 stato attivato l&#8217;allarme. Il punto in cui \u00e8 scattato l&#8217;evento sar\u00e0 contrassegnato da un&#8217;icona a forma di campana rossa e sopra di essa verranno visualizzate ulteriori informazioni. Queste informazioni riguardano la data di attivazione dell&#8217;evento, la velocit\u00e0 del veicolo, il chilometraggio, la direzione e il livello di carburante.  <\/p>\n<p><a href=\"https:\/\/www.fmsdocumentation.com\/wp-content\/uploads\/2018\/01\/44.png\"><img loading=\"lazy\" decoding=\"async\" class=\"alignnone size-full wp-image-4283\" src=\"https:\/\/www.fmsdocumentation.com\/wp-content\/uploads\/2018\/01\/44.png\" alt=\"\" width=\"817\" height=\"720\" srcset=\"https:\/\/www.fmsdocumentation.com\/wp-content\/uploads\/2018\/01\/44.png 817w, https:\/\/www.fmsdocumentation.com\/wp-content\/uploads\/2018\/01\/44-300x264.png 300w, https:\/\/www.fmsdocumentation.com\/wp-content\/uploads\/2018\/01\/44-768x677.png 768w\" sizes=\"auto, (max-width: 817px) 100vw, 817px\" \/><\/a><\/p>\n<p>La creazione di nuovi &#8220;Eventi&#8221; \u00e8 descritta nel capitolo<a href=\"https:\/\/www.fmsdocumentation.com\/events-menu\/\">&#8220;Menu Eventi<\/a>&#8220;.<\/p>\n<p><p class=\"note\">Nota<br \/>\nLa scheda eventi funziona in correlazione con il pannello degli allarmi descritto in precedenza<a href=\"https:\/\/www.fmsdocumentation.com\/main-tms-window\/alerts-from-objects\/\">(Avvisi dagli oggetti<\/a>). Ci\u00f2 significa che gli eventi contrassegnati come visti saranno visualizzati in modo identico nella scheda eventi e nel pannello allarmi. <\/p><\/p>\n<hr>\n<p><div class=\"alignleft\"><a href=\"https:\/\/www.fmsdocumentation.com\/it\/menu-stato-della-flotta\/panoramica-della-storia\/\" title=\"Panoramica della storia\"><span class=\"arrow\">\u2039 &nbsp <\/span> Panoramica della storia <\/a><\/div> <div class=\"alignright\"><a href=\"https:\/\/www.fmsdocumentation.com\/it\/menu-stato-della-flotta\/panoramica-del-carburante\/\" title=\"Panoramica del carburante\">Panoramica del carburante <span class=\"arrow\"> &nbsp\u203a <\/span> <\/a><\/div><\/p>\n","protected":false},"excerpt":{"rendered":"<p>Questa scheda serve per gestire e rivedere gli eventi attivati assegnati all&#8217;oggetto selezionato. Gli eventi assegnati sono visualizzati nell&#8217;elenco situato nella parte inferiore del pannello. Per modificare gli eventi assegnati, l&#8217;utente deve cliccare sul campo &#8220;Gestisci eventi&#8221; che aprir\u00e0 una nuova finestra con un elenco di tutti gli eventi registrati per l&#8217;utente web corrente. Gli &hellip; <a href=\"https:\/\/www.fmsdocumentation.com\/it\/menu-stato-della-flotta\/panoramica-degli-eventi\/\" class=\"more-link\">Continua a leggere <span class=\"screen-reader-text\">Panoramica degli eventi<\/span><\/a><\/p>\n","protected":false},"author":1,"featured_media":0,"parent":14183,"menu_order":4,"comment_status":"closed","ping_status":"closed","template":"","meta":{"footnotes":""},"class_list":["post-14122","page","type-page","status-publish","hentry"],"_links":{"self":[{"href":"https:\/\/www.fmsdocumentation.com\/it\/wp-json\/wp\/v2\/pages\/14122","targetHints":{"allow":["GET"]}}],"collection":[{"href":"https:\/\/www.fmsdocumentation.com\/it\/wp-json\/wp\/v2\/pages"}],"about":[{"href":"https:\/\/www.fmsdocumentation.com\/it\/wp-json\/wp\/v2\/types\/page"}],"author":[{"embeddable":true,"href":"https:\/\/www.fmsdocumentation.com\/it\/wp-json\/wp\/v2\/users\/1"}],"replies":[{"embeddable":true,"href":"https:\/\/www.fmsdocumentation.com\/it\/wp-json\/wp\/v2\/comments?post=14122"}],"version-history":[{"count":1,"href":"https:\/\/www.fmsdocumentation.com\/it\/wp-json\/wp\/v2\/pages\/14122\/revisions"}],"predecessor-version":[{"id":14195,"href":"https:\/\/www.fmsdocumentation.com\/it\/wp-json\/wp\/v2\/pages\/14122\/revisions\/14195"}],"up":[{"embeddable":true,"href":"https:\/\/www.fmsdocumentation.com\/it\/wp-json\/wp\/v2\/pages\/14183"}],"wp:attachment":[{"href":"https:\/\/www.fmsdocumentation.com\/it\/wp-json\/wp\/v2\/media?parent=14122"}],"curies":[{"name":"wp","href":"https:\/\/api.w.org\/{rel}","templated":true}]}}