{"id":14134,"date":"2025-05-08T09:38:23","date_gmt":"2025-05-08T06:38:23","guid":{"rendered":"https:\/\/www.fmsdocumentation.com\/caratteristiche-e-strumenti-della-mappa\/"},"modified":"2025-05-08T09:42:36","modified_gmt":"2025-05-08T06:42:36","slug":"caratteristiche-e-strumenti-della-mappa","status":"publish","type":"page","link":"https:\/\/www.fmsdocumentation.com\/it\/finestra-principale-dellfms\/caratteristiche-e-strumenti-della-mappa\/","title":{"rendered":"Caratteristiche e strumenti della mappa"},"content":{"rendered":"<p>Attualmente \u00e8 disponibile una selezione di due fonti di mappe. Pu\u00f2 trattarsi della mappa del mondo &#8220;OSM&#8221;<em>(opzione predefinita<\/em>) o della mappa del mondo di Google. Passare da una all&#8217;altra \u00e8 facile, basta cliccare sulle mappe sovrapposte in basso a destra della mappa. La mappa attualmente visualizzata verr\u00e0 mostrata in alto. L&#8217;utente pu\u00f2 scegliere tra quattro tipi di mappe:    <\/p>\n<ul>\n<li>OSM &#8211; Mappa stradale aperta;<\/li>\n<li>Satellite &#8211; Visualizza la mappa satellitare di Google senza segnare le strade;<\/li>\n<li>Ibrido &#8211; Visualizza la mappa satellitare di Google con l&#8217;aggiunta delle indicazioni stradali della cartografia stradale;<\/li>\n<li>Street &#8211; Visualizza la cartografia stradale di Google senza immagini satellitari.<\/li>\n<\/ul>\n\n<table id=\"tablepress-3\" class=\"tablepress tablepress-id-3\">\n<thead>\n<tr class=\"row-1\">\n\t<th class=\"column-1\">Icon<\/th><th class=\"column-2\">Description<\/th>\n<\/tr>\n<\/thead>\n<tbody>\n<tr class=\"row-2\">\n\t<td class=\"column-1\"><img loading=\"lazy\" decoding=\"async\" src=\"http:\/\/www.fmsdocumentation.com\/wp-content\/uploads\/2017\/04\/18.png\" alt=\"\" width=\"36\" height=\"63\" class=\"aligncenter size-full wp-image-252\" \/><\/td><td class=\"column-2\">Buttons to \"zoom in\" or \"zoom out\" of the map.<\/td>\n<\/tr>\n<tr class=\"row-3\">\n\t<td class=\"column-1\"><img loading=\"lazy\" decoding=\"async\" src=\"http:\/\/www.fmsdocumentation.com\/wp-content\/uploads\/2017\/04\/19.png\" alt=\"\" width=\"34\" height=\"33\" class=\"aligncenter size-full wp-image-253\" \/><\/td><td class=\"column-2\">Google \u201eStreet View\u201c. (Works on all maps, except OSM). To use Google Street View, click and hold this icon and then frag the icon to the street you want to observe. To exit Google Street View, the user must click the grey arrow located at the top right side of the screen.<\/td>\n<\/tr>\n<tr class=\"row-4\">\n\t<td class=\"column-1\"><img loading=\"lazy\" decoding=\"async\" src=\"http:\/\/www.fmsdocumentation.com\/wp-content\/uploads\/2017\/04\/20.png\" alt=\"\" width=\"32\" height=\"31\" class=\"aligncenter size-full wp-image-254\" \/><\/td><td class=\"column-2\">Traffic information. To activate this function, simply click the icon (This function works only on the Hybrid or the Street map). This function display traffic intensity  (in places where this information is available) by displaying colored lines on the map. Green and similar colors indicate low traffic intensity, while Red and darker colors indicate high traffic intensity. <\/td>\n<\/tr>\n<tr class=\"row-5\">\n\t<td class=\"column-1\"><img loading=\"lazy\" decoding=\"async\" src=\"http:\/\/www.fmsdocumentation.com\/wp-content\/uploads\/2017\/04\/21.png\" alt=\"\" width=\"32\" height=\"32\" class=\"aligncenter size-full wp-image-24\" \/><\/td><td class=\"column-2\">Routing &amp; Tasks. Clicking this icon will open the routing &amp; tasks menu on the left side of the screen. Routing &amp; Tasks menu is described in a <a href=\"https:\/\/www.fmsdocumentation.com\/routing-tasks-menu\/\">separate section<\/a>. <\/td>\n<\/tr>\n<tr class=\"row-6\">\n\t<td class=\"column-1\"><img loading=\"lazy\" decoding=\"async\" src=\"http:\/\/www.fmsdocumentation.com\/wp-content\/uploads\/2017\/04\/188.png\" alt=\"\" width=\"32\" height=\"32\" class=\"aligncenter size-full wp-image-24\" \/><\/td><td class=\"column-2\">Measure area. Clicking this icon activates the measuring tool. While it is activated, the user can mark a territory on the map (similar to how geozones are marked), by connecting several dots. Once the dots are connected, the covered territory is highlighted and additional perimeter dots appear. The user can move these dots (click &amp; drag) to change the measuring area (After moving a dot, a \"Undo\" button appears, clicking which allows to return the dot to the previous position). Moving the mouse over the highlighted area will display its size. An example is shown below.<\/td>\n<\/tr>\n<tr class=\"row-7\">\n\t<td class=\"column-1\"><img loading=\"lazy\" decoding=\"async\" src=\"http:\/\/www.fmsdocumentation.com\/wp-content\/uploads\/2017\/07\/267.png\" alt=\"\" width=\"32\" height=\"32\" class=\"aligncenter size-full wp-image-24\" \/><\/td><td class=\"column-2\">Geozones. Clicking this icon will expand the right side of the screen, where a list of all existing geozones for the current user is located. An example with a description is provided further below.<\/td>\n<\/tr>\n<\/tbody>\n<\/table>\n<!-- #tablepress-3 from cache -->\n<p><a href=\"https:\/\/www.fmsdocumentation.com\/wp-content\/uploads\/2017\/04\/189.png\"><img loading=\"lazy\" decoding=\"async\" class=\"alignnone wp-image-339 size-full\" src=\"https:\/\/www.fmsdocumentation.com\/wp-content\/uploads\/2017\/04\/189.png\" alt=\"\" width=\"765\" height=\"536\" srcset=\"https:\/\/www.fmsdocumentation.com\/wp-content\/uploads\/2017\/04\/189.png 765w, https:\/\/www.fmsdocumentation.com\/wp-content\/uploads\/2017\/04\/189-300x210.png 300w\" sizes=\"auto, (max-width: 765px) 100vw, 765px\" \/><\/a><\/p>\n<p>Come indicato nella tabella precedente, cliccando sul pulsante &#8220;Geozones&#8221; si aprir\u00e0 una finestra laterale come mostrato di seguito.<\/p>\n<p><a href=\"https:\/\/www.fmsdocumentation.com\/wp-content\/uploads\/2017\/04\/268-2.png\"><img loading=\"lazy\" decoding=\"async\" class=\"alignnone wp-image-1133 size-large\" src=\"https:\/\/www.fmsdocumentation.com\/wp-content\/uploads\/2017\/04\/268-2-1024x506.png\" alt=\"\" width=\"660\" height=\"326\" srcset=\"https:\/\/www.fmsdocumentation.com\/wp-content\/uploads\/2017\/04\/268-2-1024x506.png 1024w, https:\/\/www.fmsdocumentation.com\/wp-content\/uploads\/2017\/04\/268-2-300x148.png 300w, https:\/\/www.fmsdocumentation.com\/wp-content\/uploads\/2017\/04\/268-2-768x380.png 768w, https:\/\/www.fmsdocumentation.com\/wp-content\/uploads\/2017\/04\/268-2.png 1920w\" sizes=\"auto, (max-width: 660px) 100vw, 660px\" \/><\/a><\/p>\n<p>Qui l&#8217;utente pu\u00f2 scegliere di mostrare o nascondere una qualsiasi delle Geozones disponibili sulla mappa. Una volta selezionate, le geozones saranno visualizzate sulla mappa, indipendentemente dal fatto che il pannello delle geozones sia aperto o meno. Le gezone sono contrassegnate da marcatori blu; quelle a forma di palloncino sono POI, mentre gli esagoni sono gezone poligonali.  <\/p>\n<p><a href=\"https:\/\/www.fmsdocumentation.com\/wp-content\/uploads\/2017\/12\/301RU.png\"><img loading=\"lazy\" decoding=\"async\" class=\"alignnone size-full wp-image-4063\" src=\"https:\/\/www.fmsdocumentation.com\/wp-content\/uploads\/2017\/12\/301RU.png\" alt=\"\" width=\"483\" height=\"420\" srcset=\"https:\/\/www.fmsdocumentation.com\/wp-content\/uploads\/2017\/12\/301RU.png 483w, https:\/\/www.fmsdocumentation.com\/wp-content\/uploads\/2017\/12\/301RU-300x261.png 300w\" sizes=\"auto, (max-width: 483px) 100vw, 483px\" \/><\/a><\/p>\n<p>Quando l&#8217;utente seleziona una geozona dal pannello laterale, la mappa si ingrandisce automaticamente per adattarsi a tutte le geozone selezionate sullo schermo. Facendo clic sul marcatore di una geozona, viene visualizzata un&#8217;icona informativa sulla geozona stessa. Il tooltip contiene le seguenti informazioni:  <\/p>\n<ul>\n<li>Nome;<\/li>\n<li>Posizione;<\/li>\n<li>Coordinate &#8211; possono essere copiate cliccando su di esse;<\/li>\n<li>Raggio o area;<\/li>\n<li>Note (se aggiunte).<\/li>\n<\/ul>\n<p>Cliccando su &#8220;Dettagli geozona&#8221; si aprir\u00e0 il pannello Geozones con informazioni dettagliate sulla geozona.<\/p>\n<p><a href=\"https:\/\/www.fmsdocumentation.com\/wp-content\/uploads\/2019\/06\/319.png\"><img loading=\"lazy\" decoding=\"async\" class=\"alignnone size-full wp-image-8033\" src=\"https:\/\/www.fmsdocumentation.com\/wp-content\/uploads\/2019\/06\/319.png\" alt=\"\" width=\"473\" height=\"358\" srcset=\"https:\/\/www.fmsdocumentation.com\/wp-content\/uploads\/2019\/06\/319.png 473w, https:\/\/www.fmsdocumentation.com\/wp-content\/uploads\/2019\/06\/319-300x227.png 300w\" sizes=\"auto, (max-width: 473px) 100vw, 473px\" \/><\/a><\/p>\n<p>Cliccando con il tasto destro del mouse su qualsiasi punto della mappa si aprir\u00e0 un pop-up con le coordinate esatte di quel punto. L&#8217;utente pu\u00f2 copiare le coordinate cliccando su di esse o aggiungerle a un <a href=\"https:\/\/www.fmsdocumentation.com\/?page_id=204\">percorso<\/a> cliccando su &#8220;Aggiungi punto al percorso&#8221;. <\/p>\n<p><a href=\"https:\/\/www.fmsdocumentation.com\/wp-content\/uploads\/2018\/11\/379.png\"><img loading=\"lazy\" decoding=\"async\" class=\"alignnone wp-image-6236 size-full\" src=\"https:\/\/www.fmsdocumentation.com\/wp-content\/uploads\/2018\/11\/379.png\" alt=\"\" width=\"264\" height=\"124\"><\/a><\/p>\n<hr>\n<p><div class=\"alignleft\"><a href=\"https:\/\/www.fmsdocumentation.com\/it\/finestra-principale-dellfms\/avvisi-da-oggetti\/\" title=\"Avvisi da oggetti\"><span class=\"arrow\">\u2039 &nbsp <\/span> Avvisi da oggetti <\/a><\/div> <div class=\"alignright\"><a href=\"https:\/\/www.fmsdocumentation.com\/it\/finestra-principale-dellfms\/pannello-di-amministrazione-degli-utenti-web\/\" title=\"Pannello di amministrazione degli utenti web\">Pannello di amministrazione degli utenti web <span class=\"arrow\"> &nbsp\u203a <\/span> <\/a><\/div><\/p>\n","protected":false},"excerpt":{"rendered":"<p>Attualmente \u00e8 disponibile una selezione di due fonti di mappe. Pu\u00f2 trattarsi della mappa del mondo &#8220;OSM&#8221;(opzione predefinita) o della mappa del mondo di Google. Passare da una all&#8217;altra \u00e8 facile, basta cliccare sulle mappe sovrapposte in basso a destra della mappa. La mappa attualmente visualizzata verr\u00e0 mostrata in alto. L&#8217;utente pu\u00f2 scegliere tra quattro &hellip; <a href=\"https:\/\/www.fmsdocumentation.com\/it\/finestra-principale-dellfms\/caratteristiche-e-strumenti-della-mappa\/\" class=\"more-link\">Continua a leggere <span class=\"screen-reader-text\">Caratteristiche e strumenti della mappa<\/span><\/a><\/p>\n","protected":false},"author":1,"featured_media":0,"parent":14211,"menu_order":6,"comment_status":"closed","ping_status":"closed","template":"","meta":{"footnotes":""},"class_list":["post-14134","page","type-page","status-publish","hentry"],"_links":{"self":[{"href":"https:\/\/www.fmsdocumentation.com\/it\/wp-json\/wp\/v2\/pages\/14134","targetHints":{"allow":["GET"]}}],"collection":[{"href":"https:\/\/www.fmsdocumentation.com\/it\/wp-json\/wp\/v2\/pages"}],"about":[{"href":"https:\/\/www.fmsdocumentation.com\/it\/wp-json\/wp\/v2\/types\/page"}],"author":[{"embeddable":true,"href":"https:\/\/www.fmsdocumentation.com\/it\/wp-json\/wp\/v2\/users\/1"}],"replies":[{"embeddable":true,"href":"https:\/\/www.fmsdocumentation.com\/it\/wp-json\/wp\/v2\/comments?post=14134"}],"version-history":[{"count":1,"href":"https:\/\/www.fmsdocumentation.com\/it\/wp-json\/wp\/v2\/pages\/14134\/revisions"}],"predecessor-version":[{"id":14226,"href":"https:\/\/www.fmsdocumentation.com\/it\/wp-json\/wp\/v2\/pages\/14134\/revisions\/14226"}],"up":[{"embeddable":true,"href":"https:\/\/www.fmsdocumentation.com\/it\/wp-json\/wp\/v2\/pages\/14211"}],"wp:attachment":[{"href":"https:\/\/www.fmsdocumentation.com\/it\/wp-json\/wp\/v2\/media?parent=14134"}],"curies":[{"name":"wp","href":"https:\/\/api.w.org\/{rel}","templated":true}]}}