{"id":14146,"date":"2025-05-08T09:38:25","date_gmt":"2025-05-08T06:38:25","guid":{"rendered":"https:\/\/www.fmsdocumentation.com\/avvisi-da-oggetti\/"},"modified":"2025-05-08T09:42:36","modified_gmt":"2025-05-08T06:42:36","slug":"avvisi-da-oggetti","status":"publish","type":"page","link":"https:\/\/www.fmsdocumentation.com\/it\/finestra-principale-dellfms\/avvisi-da-oggetti\/","title":{"rendered":"Avvisi da oggetti"},"content":{"rendered":"<p>L&#8217;icona degli avvisi si trova in alto a destra dello schermo. Questa icona mostra il numero di avvisi non letti per tutti gli oggetti dell&#8217;utente attualmente connesso. Il numero nell&#8217;angolo in basso a destra dell&#8217;icona indica il numero di avvisi non letti attualmente presenti.  <\/p>\n<p><a href=\"https:\/\/www.fmsdocumentation.com\/wp-content\/uploads\/2017\/04\/11-1.png\"><img loading=\"lazy\" decoding=\"async\" class=\"alignnone size-full wp-image-3467\" src=\"https:\/\/www.fmsdocumentation.com\/wp-content\/uploads\/2017\/04\/11-1.png\" alt=\"\" width=\"1920\" height=\"170\" srcset=\"https:\/\/www.fmsdocumentation.com\/wp-content\/uploads\/2017\/04\/11-1.png 1920w, https:\/\/www.fmsdocumentation.com\/wp-content\/uploads\/2017\/04\/11-1-300x27.png 300w, https:\/\/www.fmsdocumentation.com\/wp-content\/uploads\/2017\/04\/11-1-768x68.png 768w, https:\/\/www.fmsdocumentation.com\/wp-content\/uploads\/2017\/04\/11-1-1024x91.png 1024w\" sizes=\"auto, (max-width: 1920px) 100vw, 1920px\" \/><\/a><\/p>\n<p>Cliccando sull&#8217;icona si apre il pannello degli avvisi. Questo pannello mostra quale oggetto ha attivato un evento, quale evento \u00e8 stato attivato e quando \u00e8 stato attivato. \u00c8 possibile ordinare gli avvisi in tre gruppi:  <\/p>\n<ul>\n<li>Tutti &#8211; Visualizza tutti gli avvisi;<\/li>\n<li>Leggi &#8211; Visualizza solo gli avvisi di lettura;<\/li>\n<li>Non letti &#8211; Visualizza solo gli avvisi non letti.<\/li>\n<\/ul>\n<p><a href=\"https:\/\/www.fmsdocumentation.com\/wp-content\/uploads\/2017\/04\/12.png\"><img loading=\"lazy\" decoding=\"async\" class=\"alignnone wp-image-57 size-full\" src=\"https:\/\/www.fmsdocumentation.com\/wp-content\/uploads\/2017\/04\/12.png\" alt=\"\" width=\"385\" height=\"411\" srcset=\"https:\/\/www.fmsdocumentation.com\/wp-content\/uploads\/2017\/04\/12.png 385w, https:\/\/www.fmsdocumentation.com\/wp-content\/uploads\/2017\/04\/12-281x300.png 281w\" sizes=\"auto, (max-width: 385px) 100vw, 385px\" \/><\/a><\/p>\n<p>Il pulsante &#8220;Segna tutto come letto&#8221; \u00e8 presente a destra dei filtri.<\/p>\n<hr>\n<h3>Codici colore degli avvisi<\/h3>\n<p>Per separare gli allarmi in due gruppi si utilizzano codici colore diversi.<\/p>\n\n<table id=\"tablepress-2\" class=\"tablepress tablepress-id-2\">\n<thead>\n<tr class=\"row-1\">\n\t<th class=\"column-1\">Color code<\/th><th class=\"column-2\">Alert condition<\/th>\n<\/tr>\n<\/thead>\n<tbody>\n<tr class=\"row-2\">\n\t<td class=\"column-1\"><img loading=\"lazy\" decoding=\"async\" src=\"http:\/\/www.fmsdocumentation.com\/wp-content\/uploads\/2017\/04\/13.png\" alt=\"\" width=\"28\" height=\"28\" class=\"aligncenter size-full wp-image-247\" \/><\/td><td class=\"column-2\">Unread alerts<\/td>\n<\/tr>\n<tr class=\"row-3\">\n\t<td class=\"column-1\"><img loading=\"lazy\" decoding=\"async\" src=\"http:\/\/www.fmsdocumentation.com\/wp-content\/uploads\/2017\/04\/14.png\" alt=\"\" width=\"28\" height=\"28\" class=\"aligncenter size-full wp-image-248\" \/><\/td><td class=\"column-2\">Read alerts<\/td>\n<\/tr>\n<\/tbody>\n<\/table>\n<!-- #tablepress-2 from cache -->\n<p>Cliccando su un evento, questo verr\u00e0 contrassegnato come &#8220;Letto&#8221; e si verificher\u00e0 quanto segue:<\/p>\n<ul>\n<li>Il pannello degli eventi si aprir\u00e0 per l&#8217;oggetto che ha scatenato l&#8217;evento;<\/li>\n<li>La mappa si ingrandir\u00e0 nel punto in cui \u00e8 stato attivato l&#8217;evento.<\/li>\n<\/ul>\n<p>Il pannello degli eventi \u00e8 descritto in dettaglio nella sezione<a href=\"https:\/\/www.fmsdocumentation.com\/events-menu\/\">&#8220;Menu Eventi<\/a>&#8220;.<\/p>\n<hr>\n<p><div class=\"alignleft\"><a href=\"https:\/\/www.fmsdocumentation.com\/it\/finestra-principale-dellfms\/oggetti-individuali\/\" title=\"Oggetti individuali\"><span class=\"arrow\">\u2039 &nbsp <\/span> Oggetti individuali <\/a><\/div> <div class=\"alignright\"><a href=\"https:\/\/www.fmsdocumentation.com\/it\/finestra-principale-dellfms\/caratteristiche-e-strumenti-della-mappa\/\" title=\"Caratteristiche e strumenti della mappa\">Caratteristiche e strumenti della mappa <span class=\"arrow\"> &nbsp\u203a <\/span> <\/a><\/div><\/p>\n","protected":false},"excerpt":{"rendered":"<p>L&#8217;icona degli avvisi si trova in alto a destra dello schermo. Questa icona mostra il numero di avvisi non letti per tutti gli oggetti dell&#8217;utente attualmente connesso. Il numero nell&#8217;angolo in basso a destra dell&#8217;icona indica il numero di avvisi non letti attualmente presenti. Cliccando sull&#8217;icona si apre il pannello degli avvisi. Questo pannello mostra &hellip; <a href=\"https:\/\/www.fmsdocumentation.com\/it\/finestra-principale-dellfms\/avvisi-da-oggetti\/\" class=\"more-link\">Continua a leggere <span class=\"screen-reader-text\">Avvisi da oggetti<\/span><\/a><\/p>\n","protected":false},"author":1,"featured_media":0,"parent":14211,"menu_order":5,"comment_status":"closed","ping_status":"closed","template":"","meta":{"footnotes":""},"class_list":["post-14146","page","type-page","status-publish","hentry"],"_links":{"self":[{"href":"https:\/\/www.fmsdocumentation.com\/it\/wp-json\/wp\/v2\/pages\/14146","targetHints":{"allow":["GET"]}}],"collection":[{"href":"https:\/\/www.fmsdocumentation.com\/it\/wp-json\/wp\/v2\/pages"}],"about":[{"href":"https:\/\/www.fmsdocumentation.com\/it\/wp-json\/wp\/v2\/types\/page"}],"author":[{"embeddable":true,"href":"https:\/\/www.fmsdocumentation.com\/it\/wp-json\/wp\/v2\/users\/1"}],"replies":[{"embeddable":true,"href":"https:\/\/www.fmsdocumentation.com\/it\/wp-json\/wp\/v2\/comments?post=14146"}],"version-history":[{"count":1,"href":"https:\/\/www.fmsdocumentation.com\/it\/wp-json\/wp\/v2\/pages\/14146\/revisions"}],"predecessor-version":[{"id":14225,"href":"https:\/\/www.fmsdocumentation.com\/it\/wp-json\/wp\/v2\/pages\/14146\/revisions\/14225"}],"up":[{"embeddable":true,"href":"https:\/\/www.fmsdocumentation.com\/it\/wp-json\/wp\/v2\/pages\/14211"}],"wp:attachment":[{"href":"https:\/\/www.fmsdocumentation.com\/it\/wp-json\/wp\/v2\/media?parent=14146"}],"curies":[{"name":"wp","href":"https:\/\/api.w.org\/{rel}","templated":true}]}}